{"id":816,"date":"2021-07-13T11:30:17","date_gmt":"2021-07-13T11:30:17","guid":{"rendered":"https:\/\/idecesos.com\/seguros\/?page_id=816"},"modified":"2022-01-03T12:31:51","modified_gmt":"2022-01-03T12:31:51","slug":"accidentes","status":"publish","type":"page","link":"https:\/\/idecesos.com\/seguros\/companias\/santa-lucia\/accidentes\/","title":{"rendered":"Seguro de Decesos y accidente Santa Luc\u00eda"},"content":{"rendered":"\r\n\r\n<p>En Seguros Santaluc\u00eda trabajan para brindar a sus clientes la m\u00e1xima tranquilidad, especialmente en los momentos m\u00e1s dif\u00edciles. Es una compa\u00f1\u00eda que ha evolucionado y se ha adaptado a las nuevas necesidades de las familias.<\/p>\r\n\r\n\r\n\r\n<p>Por dicho motivo, sus seguros de decesos y asistencia incorporan amplias coberturas y garant\u00edas para que tenga una mayor protecci\u00f3n en todas las situaciones de su vida. Lo mejor de los seguros combinados de decesos y accidentes de Santaluc\u00eda es que las coberturas que incluyen est\u00e1n pensadas tanto para el presente como para el futuro de toda su familia.<\/p>\r\n<div class=\"colorf \"  ><div class=\"container clearfix\"><div class=\"col-md-7\"><\/p>\r\n\r\n\r\n\r\n<p>Las personas que adquieran su seguro combinado de decesos y accidentes en Santaluc\u00eda podr\u00e1n disfrutar de la asistencia desde el primer d\u00eda. Gracias a sus seguros no tendr\u00e1 que volver a preocuparse, debido a que dispondr\u00e1 de prestaciones como la asistencia en viaje, la protecci\u00f3n jur\u00eddica o el servicio m\u00e9dico asistencial para cuidar de sus salud y de la de sus hijos.<\/p>\r\n\r\n\r\n\r\n<p>Asimismo, la compa\u00f1\u00eda Santaluc\u00eda Seguros tambi\u00e9n se encargar\u00e1 de cuidar de sus hijos menores gracias al plan de Peque Asistencia, que ofrece coberturas como el premio de natalidad, el psicodiagn\u00f3stico en caso de fracaso escolar, la asistencia m\u00e9dica en caso de haber contratado la cobertura M\u00e9dico-Asistencial y la conexi\u00f3n asistencial con profesionales que le pueden ayudar en el adecuado desarrollo de sus hijos.<\/p>\r\n<p><\/div><\/div><\/div>\r\n\r\n\r\n\r\n<p>En este sentido, las personas de 65 a\u00f1os o m\u00e1s tambi\u00e9n disfrutar\u00e1n de una serie de garant\u00edas a trav\u00e9s de la Asistencia Senior, que incluye un completo servicio de teleasistencia, el acceso a complejos residenciales durante 10 d\u00edas al a\u00f1o en centros Ballesol y la asistencia m\u00e9dica si contrata la cobertura M\u00e9dico-Asistencial, que tambi\u00e9n le cubrir\u00e1 la ampliaci\u00f3n post-hospitalaria.<\/p>\r\n\r\n\r\n\r\n<p>De este modo, podr\u00e1 elegir entre los seguros combinados de decesos y accidentes de Santaluc\u00eda Seguros que m\u00e1s se ajuste a usted. Destaca el seguro de decesos Asistencia Familiar Plus, uno de los seguros m\u00e1s completos del mercado que presenta un precio constante que s\u00f3lo se ver\u00e1 modificado debido al incremento por costes de servicio. Tambi\u00e9n podr\u00e1 optar por el seguro de decesos Asistencia Familiar iPlus, con el que pagar\u00e1 menos al principio y se ir\u00e1 ajustando a las diferentes etapas de su vida. Sin embargo, adem\u00e1s de estos dos seguros existen otras muchas modalidades de contrataci\u00f3n en Seguros Santaluc\u00eda.<\/p>\r\n\r\n<h3>P\u00e1ginas relacionadas<\/h3><div class=\"enlazado\"><ul> <li><a href=\"https:\/\/idecesos.com\/seguros\/companias\/santa-lucia\/accidentes\/\">Santa Lucia accidentes<\/a><\/li> <li><a href=\"https:\/\/idecesos.com\/seguros\/companias\/santa-lucia\/coberturas\/\">Santa Lucia coberturas<\/a><\/li> <li><a href=\"https:\/\/idecesos.com\/seguros\/companias\/santa-lucia\/dentista\/\">Seguro Dental Santa Luc\u00eda<\/a><\/li> <li><a href=\"https:\/\/idecesos.com\/seguros\/companias\/santa-lucia\/hacienda\/\">Santa Lucia Hacienda<\/a><\/li> <li><a href=\"https:\/\/idecesos.com\/seguros\/companias\/santa-lucia\/opiniones\/\">Opiniones Santa Lucia<\/a><\/li> <li><a href=\"https:\/\/idecesos.com\/seguros\/companias\/santa-lucia\/precio\/\">Precio seguro Santa Lucia<\/a><\/li> <li><a href=\"https:\/\/idecesos.com\/seguros\/companias\/santa-lucia\/prima-mixta\/\">Santa Lucia Prima Mixta<\/a><\/li> <li><a href=\"https:\/\/idecesos.com\/seguros\/companias\/santa-lucia\/prima-natural\/\">Santa Lucia Prima Natural<\/a><\/li> <li><a href=\"https:\/\/idecesos.com\/seguros\/companias\/santa-lucia\/prima-nivelada\/\">Santa Lucia Prima Nivelada<\/a><\/li> <li><a href=\"https:\/\/idecesos.com\/seguros\/companias\/santa-lucia\/prima-unica\/\">Santa Lucia Prima \u00danica<\/a><\/li> <li><a href=\"https:\/\/idecesos.com\/seguros\/companias\/santa-lucia\/repatriacion\/\">Santa Lucia Repatriaci\u00f3n<\/a><\/li> <li><a href=\"https:\/\/idecesos.com\/seguros\/companias\/santa-lucia\/telefono\/\">Tel\u00e9fono Gratuito Santa Lucia<\/a><\/li> <li><a href=\"https:\/\/idecesos.com\/seguros\/companias\/santa-lucia\/ventajas\/\">Ventajas Santa Lucia <\/a><\/li>                                                                                                                                                                                                                                                                                                                                                                                                                                                                                                                                                                                                                                                                                                                                                                                                                                                                                                                                                                                                                                                                                                                                                                                                                                                                                                                                                                                                                                                                                                                                                                                                                                                                                                                                                                                                                                                                                                                                                                                                                                                                                                                                                                                                                                                                                                                                                                                                                                                                                                                                                                                                                                                                                                                                                                                                                                                                                                                                                                                                                                                                                                                         <\/ul><\/div>","protected":false},"excerpt":{"rendered":"<p>En Seguros Santaluc\u00eda trabajan para brindar a sus clientes la m\u00e1xima tranquilidad, especialmente en los momentos m\u00e1s dif\u00edciles. Es una compa\u00f1\u00eda que ha evolucionado y se ha adaptado a las nuevas necesidades de las familias. Por dicho motivo, sus seguros de decesos y asistencia incorporan amplias coberturas y garant\u00edas para que tenga una mayor protecci\u00f3n&hellip; <\/p>\n","protected":false},"author":2,"featured_media":0,"parent":801,"menu_order":0,"comment_status":"closed","ping_status":"closed","template":"single.php","meta":{"footnotes":""},"class_list":["post-816","page","type-page","status-publish","hentry"],"yoast_head":"<!-- This site is optimized with the Yoast SEO plugin v27.5 - https:\/\/yoast.com\/product\/yoast-seo-wordpress\/ -->\n<title>Seguro de Decesos y accidente Santa Luc\u00eda -<\/title>\n<meta name=\"robots\" content=\"index, follow, max-snippet:-1, max-image-preview:large, max-video-preview:-1\" \/>\n<link rel=\"canonical\" href=\"https:\/\/idecesos.com\/seguros\/companias\/santa-lucia\/accidentes\/\" \/>\n<meta property=\"og:locale\" content=\"es_ES\" \/>\n<meta property=\"og:type\" content=\"article\" \/>\n<meta property=\"og:title\" content=\"Seguro de Decesos y accidente Santa Luc\u00eda -\" \/>\n<meta property=\"og:description\" content=\"En Seguros Santaluc\u00eda trabajan para brindar a sus clientes la m\u00e1xima tranquilidad, especialmente en los momentos m\u00e1s dif\u00edciles. Es una compa\u00f1\u00eda que ha evolucionado y se ha adaptado a las nuevas necesidades de las familias. Por dicho motivo, sus seguros de decesos y asistencia incorporan amplias coberturas y garant\u00edas para que tenga una mayor protecci\u00f3n&hellip;\" \/>\n<meta property=\"og:url\" content=\"https:\/\/idecesos.com\/seguros\/companias\/santa-lucia\/accidentes\/\" \/>\n<meta property=\"article:modified_time\" content=\"2022-01-03T12:31:51+00:00\" \/>\n<meta name=\"twitter:card\" content=\"summary_large_image\" \/>\n<meta name=\"twitter:label1\" content=\"Tiempo de lectura\" \/>\n\t<meta name=\"twitter:data1\" content=\"2 minutos\" \/>\n<script type=\"application\/ld+json\" class=\"yoast-schema-graph\">{\"@context\":\"https:\\\/\\\/schema.org\",\"@graph\":[{\"@type\":\"WebPage\",\"@id\":\"https:\\\/\\\/idecesos.com\\\/seguros\\\/companias\\\/santa-lucia\\\/accidentes\\\/\",\"url\":\"https:\\\/\\\/idecesos.com\\\/seguros\\\/companias\\\/santa-lucia\\\/accidentes\\\/\",\"name\":\"Seguro de Decesos y accidente Santa Luc\u00eda -\",\"isPartOf\":{\"@id\":\"https:\\\/\\\/idecesos.com\\\/seguros\\\/#website\"},\"datePublished\":\"2021-07-13T11:30:17+00:00\",\"dateModified\":\"2022-01-03T12:31:51+00:00\",\"breadcrumb\":{\"@id\":\"https:\\\/\\\/idecesos.com\\\/seguros\\\/companias\\\/santa-lucia\\\/accidentes\\\/#breadcrumb\"},\"inLanguage\":\"es\",\"potentialAction\":[{\"@type\":\"ReadAction\",\"target\":[\"https:\\\/\\\/idecesos.com\\\/seguros\\\/companias\\\/santa-lucia\\\/accidentes\\\/\"]}]},{\"@type\":\"BreadcrumbList\",\"@id\":\"https:\\\/\\\/idecesos.com\\\/seguros\\\/companias\\\/santa-lucia\\\/accidentes\\\/#breadcrumb\",\"itemListElement\":[{\"@type\":\"ListItem\",\"position\":1,\"name\":\"Portada\",\"item\":\"https:\\\/\\\/idecesos.com\\\/seguros\\\/\"},{\"@type\":\"ListItem\",\"position\":2,\"name\":\"Compa\u00f1\u00edas de Seguros de Decesos en Espa\u00f1a\",\"item\":\"https:\\\/\\\/idecesos.com\\\/seguros\\\/companias\\\/\"},{\"@type\":\"ListItem\",\"position\":3,\"name\":\"Seguro de Decesos Santa Luc\u00eda\",\"item\":\"https:\\\/\\\/idecesos.com\\\/seguros\\\/companias\\\/santa-lucia\\\/\"},{\"@type\":\"ListItem\",\"position\":4,\"name\":\"Seguro de Decesos y accidente Santa Luc\u00eda\"}]},{\"@type\":\"WebSite\",\"@id\":\"https:\\\/\\\/idecesos.com\\\/seguros\\\/#website\",\"url\":\"https:\\\/\\\/idecesos.com\\\/seguros\\\/\",\"name\":\"\",\"description\":\"\",\"potentialAction\":[{\"@type\":\"SearchAction\",\"target\":{\"@type\":\"EntryPoint\",\"urlTemplate\":\"https:\\\/\\\/idecesos.com\\\/seguros\\\/?s={search_term_string}\"},\"query-input\":{\"@type\":\"PropertyValueSpecification\",\"valueRequired\":true,\"valueName\":\"search_term_string\"}}],\"inLanguage\":\"es\"}]}<\/script>\n<!-- \/ Yoast SEO plugin. -->","yoast_head_json":{"title":"Seguro de Decesos y accidente Santa Luc\u00eda -","robots":{"index":"index","follow":"follow","max-snippet":"max-snippet:-1","max-image-preview":"max-image-preview:large","max-video-preview":"max-video-preview:-1"},"canonical":"https:\/\/idecesos.com\/seguros\/companias\/santa-lucia\/accidentes\/","og_locale":"es_ES","og_type":"article","og_title":"Seguro de Decesos y accidente Santa Luc\u00eda -","og_description":"En Seguros Santaluc\u00eda trabajan para brindar a sus clientes la m\u00e1xima tranquilidad, especialmente en los momentos m\u00e1s dif\u00edciles. Es una compa\u00f1\u00eda que ha evolucionado y se ha adaptado a las nuevas necesidades de las familias. Por dicho motivo, sus seguros de decesos y asistencia incorporan amplias coberturas y garant\u00edas para que tenga una mayor protecci\u00f3n&hellip;","og_url":"https:\/\/idecesos.com\/seguros\/companias\/santa-lucia\/accidentes\/","article_modified_time":"2022-01-03T12:31:51+00:00","twitter_card":"summary_large_image","twitter_misc":{"Tiempo de lectura":"2 minutos"},"schema":{"@context":"https:\/\/schema.org","@graph":[{"@type":"WebPage","@id":"https:\/\/idecesos.com\/seguros\/companias\/santa-lucia\/accidentes\/","url":"https:\/\/idecesos.com\/seguros\/companias\/santa-lucia\/accidentes\/","name":"Seguro de Decesos y accidente Santa Luc\u00eda -","isPartOf":{"@id":"https:\/\/idecesos.com\/seguros\/#website"},"datePublished":"2021-07-13T11:30:17+00:00","dateModified":"2022-01-03T12:31:51+00:00","breadcrumb":{"@id":"https:\/\/idecesos.com\/seguros\/companias\/santa-lucia\/accidentes\/#breadcrumb"},"inLanguage":"es","potentialAction":[{"@type":"ReadAction","target":["https:\/\/idecesos.com\/seguros\/companias\/santa-lucia\/accidentes\/"]}]},{"@type":"BreadcrumbList","@id":"https:\/\/idecesos.com\/seguros\/companias\/santa-lucia\/accidentes\/#breadcrumb","itemListElement":[{"@type":"ListItem","position":1,"name":"Portada","item":"https:\/\/idecesos.com\/seguros\/"},{"@type":"ListItem","position":2,"name":"Compa\u00f1\u00edas de Seguros de Decesos en Espa\u00f1a","item":"https:\/\/idecesos.com\/seguros\/companias\/"},{"@type":"ListItem","position":3,"name":"Seguro de Decesos Santa Luc\u00eda","item":"https:\/\/idecesos.com\/seguros\/companias\/santa-lucia\/"},{"@type":"ListItem","position":4,"name":"Seguro de Decesos y accidente Santa Luc\u00eda"}]},{"@type":"WebSite","@id":"https:\/\/idecesos.com\/seguros\/#website","url":"https:\/\/idecesos.com\/seguros\/","name":"","description":"","potentialAction":[{"@type":"SearchAction","target":{"@type":"EntryPoint","urlTemplate":"https:\/\/idecesos.com\/seguros\/?s={search_term_string}"},"query-input":{"@type":"PropertyValueSpecification","valueRequired":true,"valueName":"search_term_string"}}],"inLanguage":"es"}]}},"_links":{"self":[{"href":"https:\/\/idecesos.com\/seguros\/wp-json\/wp\/v2\/pages\/816","targetHints":{"allow":["GET"]}}],"collection":[{"href":"https:\/\/idecesos.com\/seguros\/wp-json\/wp\/v2\/pages"}],"about":[{"href":"https:\/\/idecesos.com\/seguros\/wp-json\/wp\/v2\/types\/page"}],"author":[{"embeddable":true,"href":"https:\/\/idecesos.com\/seguros\/wp-json\/wp\/v2\/users\/2"}],"replies":[{"embeddable":true,"href":"https:\/\/idecesos.com\/seguros\/wp-json\/wp\/v2\/comments?post=816"}],"version-history":[{"count":6,"href":"https:\/\/idecesos.com\/seguros\/wp-json\/wp\/v2\/pages\/816\/revisions"}],"predecessor-version":[{"id":11947,"href":"https:\/\/idecesos.com\/seguros\/wp-json\/wp\/v2\/pages\/816\/revisions\/11947"}],"up":[{"embeddable":true,"href":"https:\/\/idecesos.com\/seguros\/wp-json\/wp\/v2\/pages\/801"}],"wp:attachment":[{"href":"https:\/\/idecesos.com\/seguros\/wp-json\/wp\/v2\/media?parent=816"}],"curies":[{"name":"wp","href":"https:\/\/api.w.org\/{rel}","templated":true}]}}