{"id":818,"date":"2021-07-13T11:36:06","date_gmt":"2021-07-13T11:36:06","guid":{"rendered":"https:\/\/idecesos.com\/seguros\/?page_id=818"},"modified":"2024-12-11T13:38:22","modified_gmt":"2024-12-11T12:38:22","slug":"coberturas","status":"publish","type":"page","link":"https:\/\/idecesos.com\/seguros\/companias\/santa-lucia\/coberturas\/","title":{"rendered":"Coberturas Seguro de Decesos Santa Luc\u00eda"},"content":{"rendered":"\r\n\r\n<p>Las principales coberturas son desde la gesti\u00f3n integral del servicio f\u00fanebre, con repatriaci\u00f3n mundial, y asistencia en el duelo por un psic\u00f3logo si fuese necesario. Asimismo, garant\u00edas complementarias como descuentos hospitalarios en cientos de centros a lo largo de Espa\u00f1a, primeras consultas gratuitas en diferentes especialidades m\u00e9dicas entre otras.<\/p>\r\n\r\n\r\n\r\n<p>La compa\u00f1\u00eda de seguros Santa Lucia, fundada en 1922 en A Coru\u00f1a, se presenta sus clientes con la misi\u00f3n de proteger a aquellas personas o empresas que depositen su confianza en ellos. Adem\u00e1s buscan ser una compa\u00f1\u00eda fiable, eficiente e innovadora que busca garantizar la tranquilidad de sus clientes ante cualquier problema que le pueda surgir. Esta compa\u00f1\u00eda ofrece a sus clientes coberturas en hogar, salud, vida, ahorro y jubilaci\u00f3n. Sin embargo, en los \u00faltimos a\u00f1os, Seguros Santa Luc\u00eda se ha especializado en seguros de decesos.<\/p>\r\n\r\n\r\n\r\n<p>Desde esta compa\u00f1\u00eda se ofrece una amplia gama de coberturas basada principalmente en cubrir los gastos del sepelio, as\u00ed como, de llevar a cabo los tr\u00e1mites burocr\u00e1ticos que puedan surgir tras el fallecimiento del asegurado. De esta manera se busca garantizar la tranquilidad de aquellas personas que sufren la p\u00e9rdida de un familiar o un ser querido.<\/p>\r\n\r\n\r\n\r\n<p>En concreto se oferta hasta cuatro modalidades que buscan adaptarse lo m\u00e1ximo posible a aquellas necesidades o situaciones que pueda presentar el asegurado. La primera, conocida como Asistencia Familiar Plus, se basa en la mejor de las coberturas en cuanto a decesos, cobertura econ\u00f3mica que evita aumentos significativos en la plusval\u00eda a medida que avanza la edad, asistencia de viajes, protecci\u00f3n a los menores a trav\u00e9s de la Peque Asistencia, cobertura en caso de accidente y la posibilidad de completar el seguro mediante coberturas adicionales.<\/p>\r\n\r\n\r\n\r\n<p>En segundo lugar se presenta, la Asistencia Familiar IPlus, basado en unas coberturas similares a la anterior modalidad pero con la diferencia de que la p\u00f3liza se adapta a medida que avanza el tiempo, se comienza pagando cuotas m\u00e1s reducidas y van aumentando conforme aumenta la edad del asegurado.<\/p>\r\n\r\n\r\n\r\n<p>En tercer lugar se ofrece una p\u00f3liza pensada para aquellas personas extranjeras que residen en Espa\u00f1a. En concreto se dedica solucionar aquellos problemas burocr\u00e1ticos que puedan surgir en este caso y ofrecer un amplio servicio de decesos. Todo ello a trav\u00e9s de profesionales con una amplia experiencia en el sector.<\/p>\r\n\r\n\r\n\r\n<p>Por \u00faltimo, buscando adaptarse a todo tipo de clientes, encontramos Decesos Colectivo. Esta modalidad basa su servicio en cubrir todos los gastos que pueda surgir tras el fallecimiento y de solucionar los problemas burocr\u00e1ticos, siempre pensado para un grupo de personas. Esta modalidad ofrece mejores precios para todos aquellos que pertenezcan al colectivo contratador.<\/p>\r\n\r\n\r\n\r\n<p>A trav\u00e9s de todas estas coberturas, Santa Luc\u00eda Seguros, se consolida como una de las compa\u00f1\u00edas con mayor amplitud en las coberturas. Adem\u00e1s esta amplitud supone una adaptaci\u00f3n total a aquellas necesidades que demanda el cliente.<\/p>\r\n\r\n\r\n\r\n<p><strong>SEGURO DECESOS SANTA LUCIA QUE CUBRE<\/strong><\/p>\r\n\r\n\r\n\r\n<p>Santaluc\u00eda Seguros es una de las principales compa\u00f1\u00edas aseguradoras de Espa\u00f1a. A pesar de ampl\u00eda oferta de servicio, destacan sus completos seguros de decesos y la diversas variedad que pueden contratar sus clientes.<\/p>\r\n\r\n\r\n\r\n<p>Los seguros de decesos de Santaluc\u00eda Seguros incluyen el servicio f\u00fanebre, servicios complementarios como atenci\u00f3n psicol\u00f3gica o asistencia jur\u00eddica y le otorga una garant\u00eda v\u00e1lida en cualquier pa\u00eds del mundo donde se produzca el fallecimiento. Asimismo, esta compa\u00f1\u00eda otorga amplias garant\u00edas de asistencia familiar.\u00a0<\/p>\r\n\r\n\r\n\r\n<p>En funci\u00f3n de necesidad de los clientes, esta entidad ofrece una gama de modalidades de contrataci\u00f3n para adaptarse y satisfacer a sus asegurados. Santaluc\u00eda te ofrece la mejor oferta del mercado a trav\u00e9s del Seguro de Decesos-Asistencia Familiar Plus, que brinda un gran apoyo a sus usuarios y familiares en los momentos m\u00e1s dif\u00edciles y que otorga la tranquilidad de disponer de garant\u00edas de Asistencia en viaje y de estar protegido ante cualquier accidente. Adem\u00e1s, esta modalidad incluye una serie de garant\u00edas para los hijos menores gracias a la Peque Asistencia y garantiza una gran seguridad tambi\u00e9n cuando cumpla 65 a\u00f1os mediante la Asistencia Senior.<\/p>\r\n\r\n\r\n\r\n<p>Santaluc\u00eda Seguros tambi\u00e9n ofrece ciertas garant\u00edas opcionales a sus clientes para completar su p\u00f3liza de seguros, como el programa SOS Salud y Bienestar que pone a disposici\u00f3n de los asegurados la mejor medicina privada a precio reducido.<\/p>\r\n\r\n\r\n\r\n<p>Para aquellos que prefieran disponer de un seguro m\u00e1s completo pueden optar por el Seguro de Decesos-Asistencia Familiar iPlus, que adem\u00e1s de incluir todas las prestaciones del anterior, tambi\u00e9n incluye el plan SOS Salud y Bienestar.<\/p>\r\n\r\n\r\n\r\n<p>Del mismo modo, las personas que pertenezcan a alg\u00fan colectivo tambi\u00e9n pueden beneficiarse de la calma que les proporciona dicha aseguradora a trav\u00e9s de sus seguros de Decesos y Asistencia Plus, y Decesos y Asistencia iPlus. Ambos tipos realizan un descuento en la prima en funci\u00f3n del n\u00famero de personas que compongan el colectivo que los contraten, para que sus usuarios se beneficien de m\u00e1s ventajas.<\/p>\r\n\r\n\r\n\r\n<p>Adem\u00e1s, al contratar su seguro de decesos con Santaluc\u00eda Seguros no tendr\u00e1 que preocuparse de su lugar de origen ya que estar\u00e1 protegido gracias a su plan de Asistencia Sin Fronteras, un seguro pensado para cubrir las necesidades de personas procedentes de otros pa\u00edses, y que incluye el mejor conjunto de coberturas b\u00e1sicas de decesos para extranjeros. Dicho seguro presenta la posibilidad de completarlo mediante la contrataci\u00f3n de \u00fatiles garant\u00edas opcionales como pueden ser la Peque Asistencia o la Asistencia Senior, entre otros aspectos.<\/p>\r\n\r\n\r\n\r\n<p>Santaluc\u00eda Seguros otorga la posibilidad de contratar un seguro personalizado. Este seguro de decesos y asistencia personalizado est\u00e1 destinado a aquellas personas mayores de 70 a\u00f1os que no hab\u00edan cubierto todas sus necesidades hasta el momento, a partir de la contrataci\u00f3n de otras garant\u00edas opcionales. Este modelo tambi\u00e9n se caracteriza por una c\u00f3moda modalidad de pago en forma de prima \u00fanica y asistencia por parte de un equipo de profesionales especialistas a su disposici\u00f3n las 24 horas del d\u00eda, los 365 d\u00edas del a\u00f1o.<\/p>\r\n\r\n\r\n\r\n<p>&nbsp;<\/p>\r\n\r\n<h3>P\u00e1ginas relacionadas<\/h3><div class=\"enlazado\"><ul> <li><a href=\"https:\/\/idecesos.com\/seguros\/companias\/santa-lucia\/accidentes\/\">Santa Lucia accidentes<\/a><\/li> <li><a href=\"https:\/\/idecesos.com\/seguros\/companias\/santa-lucia\/coberturas\/\">Santa Lucia coberturas<\/a><\/li> <li><a href=\"https:\/\/idecesos.com\/seguros\/companias\/santa-lucia\/dentista\/\">Seguro Dental Santa Luc\u00eda<\/a><\/li> <li><a href=\"https:\/\/idecesos.com\/seguros\/companias\/santa-lucia\/hacienda\/\">Santa Lucia Hacienda<\/a><\/li> <li><a href=\"https:\/\/idecesos.com\/seguros\/companias\/santa-lucia\/opiniones\/\">Opiniones Santa Lucia<\/a><\/li> <li><a href=\"https:\/\/idecesos.com\/seguros\/companias\/santa-lucia\/precio\/\">Precio seguro Santa Lucia<\/a><\/li> <li><a href=\"https:\/\/idecesos.com\/seguros\/companias\/santa-lucia\/prima-mixta\/\">Santa Lucia Prima Mixta<\/a><\/li> <li><a href=\"https:\/\/idecesos.com\/seguros\/companias\/santa-lucia\/prima-natural\/\">Santa Lucia Prima Natural<\/a><\/li> <li><a href=\"https:\/\/idecesos.com\/seguros\/companias\/santa-lucia\/prima-nivelada\/\">Santa Lucia Prima Nivelada<\/a><\/li> <li><a href=\"https:\/\/idecesos.com\/seguros\/companias\/santa-lucia\/prima-unica\/\">Santa Lucia Prima \u00danica<\/a><\/li> <li><a href=\"https:\/\/idecesos.com\/seguros\/companias\/santa-lucia\/repatriacion\/\">Santa Lucia Repatriaci\u00f3n<\/a><\/li> <li><a href=\"https:\/\/idecesos.com\/seguros\/companias\/santa-lucia\/telefono\/\">Tel\u00e9fono Gratuito Santa Lucia<\/a><\/li> <li><a href=\"https:\/\/idecesos.com\/seguros\/companias\/santa-lucia\/ventajas\/\">Ventajas Santa Lucia <\/a><\/li>                                                                                                                                                                                                                                                                                                                                                                                                                                                                                                                                                                                                                                                                                                                                                                                                                                                                                                                                                                                                                                                                                                                                                                                                                                                                                                                                                                                                                                                                                                                                                                                                                                                                                                                                                                                                                                                                                                                                                                                                                                                                                                                                                                                                                                                                                                                                                                                                                                                                                                                                                                                                                                                                                                                                                                                                                                                                                                                                                                                                                                                                                                                         <\/ul><\/div>","protected":false},"excerpt":{"rendered":"<p>Las principales coberturas son desde la gesti\u00f3n integral del servicio f\u00fanebre, con repatriaci\u00f3n mundial, y asistencia en el duelo por un psic\u00f3logo si fuese necesario. Asimismo, garant\u00edas complementarias como descuentos hospitalarios en cientos de centros a lo largo de Espa\u00f1a, primeras consultas gratuitas en diferentes especialidades m\u00e9dicas entre otras. La compa\u00f1\u00eda de seguros Santa Lucia,&hellip; <\/p>\n","protected":false},"author":2,"featured_media":0,"parent":801,"menu_order":0,"comment_status":"closed","ping_status":"closed","template":"single.php","meta":{"footnotes":""},"class_list":["post-818","page","type-page","status-publish","hentry"],"yoast_head":"<!-- This site is optimized with the Yoast SEO plugin v27.5 - https:\/\/yoast.com\/product\/yoast-seo-wordpress\/ -->\n<title>Coberturas Seguro de Decesos Santa Luc\u00eda | Gu\u00eda 2026<\/title>\n<meta name=\"description\" content=\"Consulta gratis las coberturas y servicios del Seguro de Decesos Santa Luc\u00eda Informaci\u00f3n actualizada en 2026. Coberturas verificadas por iDecesos.\" \/>\n<meta name=\"robots\" content=\"index, follow, max-snippet:-1, max-image-preview:large, max-video-preview:-1\" \/>\n<link rel=\"canonical\" href=\"https:\/\/idecesos.com\/seguros\/companias\/santa-lucia\/coberturas\/\" \/>\n<meta property=\"og:locale\" content=\"es_ES\" \/>\n<meta property=\"og:type\" content=\"article\" \/>\n<meta property=\"og:title\" content=\"Coberturas Seguro de Decesos Santa Luc\u00eda | Gu\u00eda 2026\" \/>\n<meta property=\"og:description\" content=\"Consulta gratis las coberturas y servicios del Seguro de Decesos Santa Luc\u00eda Informaci\u00f3n actualizada en 2026. Coberturas verificadas por iDecesos.\" \/>\n<meta property=\"og:url\" content=\"https:\/\/idecesos.com\/seguros\/companias\/santa-lucia\/coberturas\/\" \/>\n<meta property=\"article:modified_time\" content=\"2024-12-11T12:38:22+00:00\" \/>\n<meta name=\"twitter:card\" content=\"summary_large_image\" \/>\n<meta name=\"twitter:label1\" content=\"Tiempo de lectura\" \/>\n\t<meta name=\"twitter:data1\" content=\"5 minutos\" \/>\n<script type=\"application\/ld+json\" class=\"yoast-schema-graph\">{\"@context\":\"https:\\\/\\\/schema.org\",\"@graph\":[{\"@type\":\"WebPage\",\"@id\":\"https:\\\/\\\/idecesos.com\\\/seguros\\\/companias\\\/santa-lucia\\\/coberturas\\\/\",\"url\":\"https:\\\/\\\/idecesos.com\\\/seguros\\\/companias\\\/santa-lucia\\\/coberturas\\\/\",\"name\":\"Coberturas Seguro de Decesos Santa Luc\u00eda | Gu\u00eda 2026\",\"isPartOf\":{\"@id\":\"https:\\\/\\\/idecesos.com\\\/seguros\\\/#website\"},\"datePublished\":\"2021-07-13T11:36:06+00:00\",\"dateModified\":\"2024-12-11T12:38:22+00:00\",\"description\":\"Consulta gratis las coberturas y servicios del Seguro de Decesos Santa Luc\u00eda Informaci\u00f3n actualizada en 2026. Coberturas verificadas por iDecesos.\",\"breadcrumb\":{\"@id\":\"https:\\\/\\\/idecesos.com\\\/seguros\\\/companias\\\/santa-lucia\\\/coberturas\\\/#breadcrumb\"},\"inLanguage\":\"es\",\"potentialAction\":[{\"@type\":\"ReadAction\",\"target\":[\"https:\\\/\\\/idecesos.com\\\/seguros\\\/companias\\\/santa-lucia\\\/coberturas\\\/\"]}]},{\"@type\":\"BreadcrumbList\",\"@id\":\"https:\\\/\\\/idecesos.com\\\/seguros\\\/companias\\\/santa-lucia\\\/coberturas\\\/#breadcrumb\",\"itemListElement\":[{\"@type\":\"ListItem\",\"position\":1,\"name\":\"Portada\",\"item\":\"https:\\\/\\\/idecesos.com\\\/seguros\\\/\"},{\"@type\":\"ListItem\",\"position\":2,\"name\":\"Compa\u00f1\u00edas de Seguros de Decesos en Espa\u00f1a\",\"item\":\"https:\\\/\\\/idecesos.com\\\/seguros\\\/companias\\\/\"},{\"@type\":\"ListItem\",\"position\":3,\"name\":\"Seguro de Decesos Santa Luc\u00eda\",\"item\":\"https:\\\/\\\/idecesos.com\\\/seguros\\\/companias\\\/santa-lucia\\\/\"},{\"@type\":\"ListItem\",\"position\":4,\"name\":\"Coberturas Seguro de Decesos Santa Luc\u00eda\"}]},{\"@type\":\"WebSite\",\"@id\":\"https:\\\/\\\/idecesos.com\\\/seguros\\\/#website\",\"url\":\"https:\\\/\\\/idecesos.com\\\/seguros\\\/\",\"name\":\"\",\"description\":\"\",\"potentialAction\":[{\"@type\":\"SearchAction\",\"target\":{\"@type\":\"EntryPoint\",\"urlTemplate\":\"https:\\\/\\\/idecesos.com\\\/seguros\\\/?s={search_term_string}\"},\"query-input\":{\"@type\":\"PropertyValueSpecification\",\"valueRequired\":true,\"valueName\":\"search_term_string\"}}],\"inLanguage\":\"es\"}]}<\/script>\n<!-- \/ Yoast SEO plugin. -->","yoast_head_json":{"title":"Coberturas Seguro de Decesos Santa Luc\u00eda | Gu\u00eda 2026","description":"Consulta gratis las coberturas y servicios del Seguro de Decesos Santa Luc\u00eda Informaci\u00f3n actualizada en 2026. Coberturas verificadas por iDecesos.","robots":{"index":"index","follow":"follow","max-snippet":"max-snippet:-1","max-image-preview":"max-image-preview:large","max-video-preview":"max-video-preview:-1"},"canonical":"https:\/\/idecesos.com\/seguros\/companias\/santa-lucia\/coberturas\/","og_locale":"es_ES","og_type":"article","og_title":"Coberturas Seguro de Decesos Santa Luc\u00eda | Gu\u00eda 2026","og_description":"Consulta gratis las coberturas y servicios del Seguro de Decesos Santa Luc\u00eda Informaci\u00f3n actualizada en 2026. Coberturas verificadas por iDecesos.","og_url":"https:\/\/idecesos.com\/seguros\/companias\/santa-lucia\/coberturas\/","article_modified_time":"2024-12-11T12:38:22+00:00","twitter_card":"summary_large_image","twitter_misc":{"Tiempo de lectura":"5 minutos"},"schema":{"@context":"https:\/\/schema.org","@graph":[{"@type":"WebPage","@id":"https:\/\/idecesos.com\/seguros\/companias\/santa-lucia\/coberturas\/","url":"https:\/\/idecesos.com\/seguros\/companias\/santa-lucia\/coberturas\/","name":"Coberturas Seguro de Decesos Santa Luc\u00eda | Gu\u00eda 2026","isPartOf":{"@id":"https:\/\/idecesos.com\/seguros\/#website"},"datePublished":"2021-07-13T11:36:06+00:00","dateModified":"2024-12-11T12:38:22+00:00","description":"Consulta gratis las coberturas y servicios del Seguro de Decesos Santa Luc\u00eda Informaci\u00f3n actualizada en 2026. Coberturas verificadas por iDecesos.","breadcrumb":{"@id":"https:\/\/idecesos.com\/seguros\/companias\/santa-lucia\/coberturas\/#breadcrumb"},"inLanguage":"es","potentialAction":[{"@type":"ReadAction","target":["https:\/\/idecesos.com\/seguros\/companias\/santa-lucia\/coberturas\/"]}]},{"@type":"BreadcrumbList","@id":"https:\/\/idecesos.com\/seguros\/companias\/santa-lucia\/coberturas\/#breadcrumb","itemListElement":[{"@type":"ListItem","position":1,"name":"Portada","item":"https:\/\/idecesos.com\/seguros\/"},{"@type":"ListItem","position":2,"name":"Compa\u00f1\u00edas de Seguros de Decesos en Espa\u00f1a","item":"https:\/\/idecesos.com\/seguros\/companias\/"},{"@type":"ListItem","position":3,"name":"Seguro de Decesos Santa Luc\u00eda","item":"https:\/\/idecesos.com\/seguros\/companias\/santa-lucia\/"},{"@type":"ListItem","position":4,"name":"Coberturas Seguro de Decesos Santa Luc\u00eda"}]},{"@type":"WebSite","@id":"https:\/\/idecesos.com\/seguros\/#website","url":"https:\/\/idecesos.com\/seguros\/","name":"","description":"","potentialAction":[{"@type":"SearchAction","target":{"@type":"EntryPoint","urlTemplate":"https:\/\/idecesos.com\/seguros\/?s={search_term_string}"},"query-input":{"@type":"PropertyValueSpecification","valueRequired":true,"valueName":"search_term_string"}}],"inLanguage":"es"}]}},"_links":{"self":[{"href":"https:\/\/idecesos.com\/seguros\/wp-json\/wp\/v2\/pages\/818","targetHints":{"allow":["GET"]}}],"collection":[{"href":"https:\/\/idecesos.com\/seguros\/wp-json\/wp\/v2\/pages"}],"about":[{"href":"https:\/\/idecesos.com\/seguros\/wp-json\/wp\/v2\/types\/page"}],"author":[{"embeddable":true,"href":"https:\/\/idecesos.com\/seguros\/wp-json\/wp\/v2\/users\/2"}],"replies":[{"embeddable":true,"href":"https:\/\/idecesos.com\/seguros\/wp-json\/wp\/v2\/comments?post=818"}],"version-history":[{"count":5,"href":"https:\/\/idecesos.com\/seguros\/wp-json\/wp\/v2\/pages\/818\/revisions"}],"predecessor-version":[{"id":22139,"href":"https:\/\/idecesos.com\/seguros\/wp-json\/wp\/v2\/pages\/818\/revisions\/22139"}],"up":[{"embeddable":true,"href":"https:\/\/idecesos.com\/seguros\/wp-json\/wp\/v2\/pages\/801"}],"wp:attachment":[{"href":"https:\/\/idecesos.com\/seguros\/wp-json\/wp\/v2\/media?parent=818"}],"curies":[{"name":"wp","href":"https:\/\/api.w.org\/{rel}","templated":true}]}}