{"id":820,"date":"2021-07-13T11:41:55","date_gmt":"2021-07-13T11:41:55","guid":{"rendered":"https:\/\/idecesos.com\/seguros\/?page_id=820"},"modified":"2022-01-03T12:32:57","modified_gmt":"2022-01-03T12:32:57","slug":"dentista","status":"publish","type":"page","link":"https:\/\/idecesos.com\/seguros\/companias\/santa-lucia\/dentista\/","title":{"rendered":"Seguro Dental Santa Luc\u00eda"},"content":{"rendered":"<div id=\"ez-toc-container\" class=\"ez-toc-v2_0_82_2 ez-toc-wrap-center counter-hierarchy ez-toc-counter ez-toc-custom ez-toc-container-direction\">\n<div class=\"ez-toc-title-container\">\n<p class=\"ez-toc-title\" style=\"cursor:inherit\">Tabla de Contenido<\/p>\n<span class=\"ez-toc-title-toggle\"><a href=\"#\" class=\"ez-toc-pull-right ez-toc-btn ez-toc-btn-xs ez-toc-btn-default ez-toc-toggle\" aria-label=\"Alternar tabla de contenidos\"><span class=\"ez-toc-js-icon-con\"><span class=\"\"><span class=\"eztoc-hide\" style=\"display:none;\">Toggle<\/span><span class=\"ez-toc-icon-toggle-span\"><svg style=\"fill: #db6415;color:#db6415\" xmlns=\"http:\/\/www.w3.org\/2000\/svg\" class=\"list-377408\" width=\"20px\" height=\"20px\" viewBox=\"0 0 24 24\" fill=\"none\"><path d=\"M6 6H4v2h2V6zm14 0H8v2h12V6zM4 11h2v2H4v-2zm16 0H8v2h12v-2zM4 16h2v2H4v-2zm16 0H8v2h12v-2z\" fill=\"currentColor\"><\/path><\/svg><svg style=\"fill: #db6415;color:#db6415\" class=\"arrow-unsorted-368013\" xmlns=\"http:\/\/www.w3.org\/2000\/svg\" width=\"10px\" height=\"10px\" viewBox=\"0 0 24 24\" version=\"1.2\" baseProfile=\"tiny\"><path d=\"M18.2 9.3l-6.2-6.3-6.2 6.3c-.2.2-.3.4-.3.7s.1.5.3.7c.2.2.4.3.7.3h11c.3 0 .5-.1.7-.3.2-.2.3-.5.3-.7s-.1-.5-.3-.7zM5.8 14.7l6.2 6.3 6.2-6.3c.2-.2.3-.5.3-.7s-.1-.5-.3-.7c-.2-.2-.4-.3-.7-.3h-11c-.3 0-.5.1-.7.3-.2.2-.3.5-.3.7s.1.5.3.7z\"\/><\/svg><\/span><\/span><\/span><\/a><\/span><\/div>\n<nav><ul class='ez-toc-list ez-toc-list-level-1 ' ><li class='ez-toc-page-1 ez-toc-heading-level-2'><a class=\"ez-toc-link ez-toc-heading-1\" href=\"https:\/\/idecesos.com\/seguros\/companias\/santa-lucia\/dentista\/#Tratamientos_y_servicios_Dentales\" >Tratamientos y servicios Dentales<\/a><\/li><li class='ez-toc-page-1 ez-toc-heading-level-2'><a class=\"ez-toc-link ez-toc-heading-2\" href=\"https:\/\/idecesos.com\/seguros\/companias\/santa-lucia\/dentista\/#Ventajas_Seguro_Dental_con_Decesos\" >Ventajas Seguro Dental con Decesos<\/a><\/li><li class='ez-toc-page-1 ez-toc-heading-level-2'><a class=\"ez-toc-link ez-toc-heading-3\" href=\"https:\/\/idecesos.com\/seguros\/companias\/santa-lucia\/dentista\/#Dentista_y_Seguro_de_Decesos\" >Dentista y Seguro de Decesos<\/a><ul class='ez-toc-list-level-3' ><li class='ez-toc-heading-level-3'><a class=\"ez-toc-link ez-toc-heading-4\" href=\"https:\/\/idecesos.com\/seguros\/companias\/santa-lucia\/dentista\/#Paginas_relacionadas\" >P\u00e1ginas relacionadas<\/a><\/li><\/ul><\/li><\/ul><\/nav><\/div>\n\r\n\r\n<p>La compa\u00f1\u00eda Santa Luc\u00eda, con su seguro de Salud Dental, ofrece una <strong>amplia gama de productos y servicios, totalmente gratuitos<\/strong>, para que puedas disfrutar y cuidar de tu salud buco-dental. En todo momento, obtendr\u00e1s la mejor atenci\u00f3n por parte de los profesionales para tratar sus problemas odontol\u00f3gicos y la prevenci\u00f3n de estos.<\/p>\r\n<h2><span class=\"ez-toc-section\" id=\"Tratamientos_y_servicios_Dentales\"><\/span><strong>Tratamientos y servicios Dentales<\/strong><span class=\"ez-toc-section-end\"><\/span><\/h2>\r\n<p>Es muy importante mantener unos h\u00e1bitos saludables para as\u00ed, poder evitar enfermedades e infecciones en la boca y, por consecuencia, en nuestro organismo. Para ello, su seguro dental dispone de<strong> m\u00e1s de 60 tratamientos,<\/strong> sin ning\u00fan tipo de coste adicional:<\/p>\r\n<p>En las primeras visitas se le realizar\u00e1 un examen oral y de diagn\u00f3stico inicial, adem\u00e1s de un examen de urgencia. Tambi\u00e9n ser\u00e1 totalmente gratuita la consulta profesional y las revisiones.<\/p>\r\n<p>Para poder ser precavido sobre futuras infecciones, la compa\u00f1\u00eda <strong>tiene a su disposici\u00f3n un programa de odontolog\u00eda preventiva<\/strong>, en el cual podr\u00e1s obtener una limpieza dental cada a\u00f1o, ense\u00f1anzas de c\u00f3mo debe realizar el cepillado y su higiene oral, etc.<\/p>\r\n<p>Tendr\u00e1 acceso a tratamientos como la implantolog\u00eda, cirug\u00eda oral, pr\u00f3tesis removible (odontolog\u00eda prot\u00e9sica), ortodoncia, periodoncia (lucha contra las enfermedades periodontales), obturaciones (reparaci\u00f3n de dientes) y radiolog\u00eda, entre otros.<\/p>\r\n<p>Hay disponibles <strong>servicios adicionales para los menores de 15 a\u00f1os asegurados<\/strong>, como: apicoformaci\u00f3n (por sesi\u00f3n), corona prefabricada pedi\u00e1trica, obturaci\u00f3n simple, apertura del drenaje pulpar, protecci\u00f3n pulpar (recubrimiento) y recemendado del mantenedor.<\/p>\r\n<h2><span class=\"ez-toc-section\" id=\"Ventajas_Seguro_Dental_con_Decesos\"><\/span><strong>Ventajas Seguro Dental con Decesos<\/strong><span class=\"ez-toc-section-end\"><\/span><\/h2>\r\n<p>La principal y fundamental ventaja es, que p<strong>uedes hacer uso de todos estos servicios desde el primer instante que contrata su seguro<\/strong>. Y, debes saber que, su contrataci\u00f3n no tiene l\u00edmite de edad.<\/p>\r\n<p>Debido a la importancia que tiene la salud bucodental de los m\u00e1s peque\u00f1os, <strong>para los asegurados de edades comprendidas entre 0 y 15 a\u00f1os, hay diferentes descuentos para su seguro<\/strong>. Se ha creado este apartado para ellos, aunque pueda parecer extra\u00f1o, por el estr\u00e9s al que est\u00e1n sometidos diariamente, como actividades deportivas o extraescolares, clases particulares, etc. Deriva a un cuadro de ansiedad, que puede conllevar al mayor consumo de alimentos azucarados o bruxismo (rechinan los dientes) y esto provoca consecuencias como dolores de cabeza y cuello, entre otros muchos m\u00e1s. Es de notable consideraci\u00f3n que <strong>acudan peri\u00f3dicamente a revisiones en su cl\u00ednica dental asignada y as\u00ed, prever patolog\u00edas en la madurez.<\/strong><\/p>\r\n<p>Todas las personas aseguradas <strong>podr\u00e1n disfrutar del 40% de descuento en las ofertas disponibles para sus servicios.<\/strong> Adem\u00e1s, para facilitar el pago, podr\u00e1s fraccionarlo en per\u00edodos semestrales.<\/p>\r\n<p>Si prefieres el contacto directo con los profesionales y expertos para una conversaci\u00f3n m\u00e1s fluida y cercana, <strong>podr\u00e1s acudir a los centros concertados<\/strong>, en el que se le explicar\u00e1 todo lo que quiera saber acerca del tema y sea conocedor sobre la inexistencia de los periodos de carencia y limitaci\u00f3n por preexistencia.<\/p>\r\n<p><strong>Cl\u00ednicas dentales asociadas <\/strong><\/p>\r\n<p>Para ser conocedor de los centros m\u00e9dicos asociados y los especialistas disponibles en su localidad, dependiendo del seguro dental que tengas contratado, tendr\u00e1s acceso a un cuadro m\u00e9dico u otro.<\/p>\r\n<p>Existen tres cuadros m\u00e9dicos: SOS Seguros de Decesos y Vida, Seguros de Salud (Sanitas) y Seguro Salud Dental.<\/p>\r\n<p>En la p\u00e1gina web oficial de Seguros Santa Luc\u00eda, <strong>encontrar\u00e1s un acceso disponible al cuadro m\u00e9dico<\/strong>, con un enlace directo, d\u00f3nde podr\u00e1s ver qu\u00e9 dentista se adapta de mejor manera a tus necesidades.<\/p>\r\n<p>Para un correcto acceso, debes tener en cuenta que, existe un <strong>servicio de Orientaci\u00f3n Asistencial. <\/strong>Puedes elegir a uno de los profesionales disponibles en el cuadro y, este, se pondr\u00e1 en contacto mediante una llamada telef\u00f3nica para concertar una cita. Debes <strong>presentar el DNI siempre que acuda a su centro m\u00e9dico dental<\/strong> y estar al corriente, en todo momento, de las fechas estimadas de los pagos.<\/p>\r\n<p>Deber\u00e1s poner su provincia, localidad o c\u00f3digo postal, el tipo de seguro contratado y su especialidad y, por \u00faltimo el nombre del m\u00e9dico o del centro. M\u00e1s de 1.800 cl\u00ednicas odontol\u00f3gicas puedes encontrar a nivel nacional.<\/p>\r\n<h2><span class=\"ez-toc-section\" id=\"Dentista_y_Seguro_de_Decesos\"><\/span><strong>Dentista y Seguro de Decesos <\/strong><span class=\"ez-toc-section-end\"><\/span><\/h2>\r\n<p>Santa Luc\u00eda es conocedora de la importancia de la salud buco-dental y, es por ello que ofrece, contratando tu seguro de decesos y de vida, una <strong>gran y amplia cantidad de servicios odontol\u00f3gicos totalmente gratuitos.<\/strong> Esto solo ser\u00e1 posible si tienes contratada la garant\u00eda m\u00e9dico-asistencial.<\/p>\r\n<p>Las prestaciones gratuitas que brindan son las siguientes:<\/p>\r\n<ul>\r\n<li>Revisi\u00f3n dental cada a\u00f1o, que incluye un diagn\u00f3stico cl\u00ednico y el presupuesto del coste del tratamiento.<\/li>\r\n<li>Un tratamiento de fluoraci\u00f3n.<\/li>\r\n<li>Pulido de amalgama (proceso de finalizaci\u00f3n de una restauraci\u00f3n de amalgama).<\/li>\r\n<li>Periodoncia: tanto el diagn\u00f3stico como el sondaje.<\/li>\r\n<li>Una limpieza bucal cada a\u00f1o, por cada persona asegurada, en piezas dentales que se encuentren sobre enc\u00edas sanas.<\/li>\r\n<li>La retirada de puntos debido a una sutura bucal.<\/li>\r\n<li>Radiograf\u00edas (intra bucales de dientes individuales).<\/li>\r\n<li>Un estudio implantol\u00f3gico.<\/li>\r\n<li>M\u00e9todos de estudio sobre la higiene bucal.<\/li>\r\n<\/ul>\r\n<p>Antes de la contrataci\u00f3n de su seguro, <strong>todas las condiciones<\/strong>, generales y particulares, ser\u00e1n informadas por parte de los profesionales que, adem\u00e1s, <strong>estar\u00e1n expuestas en notas informativas que se le facilitar\u00e1n<\/strong>. Las cuestiones sobre c\u00f3mo y cu\u00e1ndo efectuar los pagos, cu\u00e1ndo es el comienzo y final de la cobertura, c\u00f3mo se puede finalizar el contrato, cu\u00e1les son sus obligaciones y, otros muchos m\u00e1s aspectos, ser\u00e1n aclarados y explicados, de manera clara y concisa, para que quede totalmente satisfecho con cada una de las condiciones y, por supuesto, el trato dado por los expertos.<\/p>\r\n\r\n<h3><span class=\"ez-toc-section\" id=\"Paginas_relacionadas\"><\/span>P\u00e1ginas relacionadas<span class=\"ez-toc-section-end\"><\/span><\/h3><div class=\"enlazado\"><ul> <li><a href=\"https:\/\/idecesos.com\/seguros\/companias\/santa-lucia\/accidentes\/\">Santa Lucia accidentes<\/a><\/li> <li><a href=\"https:\/\/idecesos.com\/seguros\/companias\/santa-lucia\/coberturas\/\">Santa Lucia coberturas<\/a><\/li> <li><a href=\"https:\/\/idecesos.com\/seguros\/companias\/santa-lucia\/dentista\/\">Seguro Dental Santa Luc\u00eda<\/a><\/li> <li><a href=\"https:\/\/idecesos.com\/seguros\/companias\/santa-lucia\/hacienda\/\">Santa Lucia Hacienda<\/a><\/li> <li><a href=\"https:\/\/idecesos.com\/seguros\/companias\/santa-lucia\/opiniones\/\">Opiniones Santa Lucia<\/a><\/li> <li><a href=\"https:\/\/idecesos.com\/seguros\/companias\/santa-lucia\/precio\/\">Precio seguro Santa Lucia<\/a><\/li> <li><a href=\"https:\/\/idecesos.com\/seguros\/companias\/santa-lucia\/prima-mixta\/\">Santa Lucia Prima Mixta<\/a><\/li> <li><a href=\"https:\/\/idecesos.com\/seguros\/companias\/santa-lucia\/prima-natural\/\">Santa Lucia Prima Natural<\/a><\/li> <li><a href=\"https:\/\/idecesos.com\/seguros\/companias\/santa-lucia\/prima-nivelada\/\">Santa Lucia Prima Nivelada<\/a><\/li> <li><a href=\"https:\/\/idecesos.com\/seguros\/companias\/santa-lucia\/prima-unica\/\">Santa Lucia Prima \u00danica<\/a><\/li> <li><a href=\"https:\/\/idecesos.com\/seguros\/companias\/santa-lucia\/repatriacion\/\">Santa Lucia Repatriaci\u00f3n<\/a><\/li> <li><a href=\"https:\/\/idecesos.com\/seguros\/companias\/santa-lucia\/telefono\/\">Tel\u00e9fono Gratuito Santa Lucia<\/a><\/li> <li><a href=\"https:\/\/idecesos.com\/seguros\/companias\/santa-lucia\/ventajas\/\">Ventajas Santa Lucia <\/a><\/li>                                                                                                                                                                                                                                                                                                                                                                                                                                                                                                                                                                                                                                                                                                                                                                                                                                                                                                                                                                                                                                                                                                                                                                                                                                                                                                                                                                                                                                                                                                                                                                                                                                                                                                                                                                                                                                                                                                                                                                                                                                                                                                                                                                                                                                                                                                                                                                                                                                                                                                                                                                                                                                                                                                                                                                                                                                                                                                                                                                                                                                                                                                                         <\/ul><\/div>","protected":false},"excerpt":{"rendered":"<p>La compa\u00f1\u00eda Santa Luc\u00eda, con su seguro de Salud Dental, ofrece una amplia gama de productos y servicios, totalmente gratuitos, para que puedas disfrutar y cuidar de tu salud buco-dental. En todo momento, obtendr\u00e1s la mejor atenci\u00f3n por parte de los profesionales para tratar sus problemas odontol\u00f3gicos y la prevenci\u00f3n de estos. Tratamientos y servicios&hellip; <\/p>\n","protected":false},"author":2,"featured_media":0,"parent":801,"menu_order":0,"comment_status":"closed","ping_status":"closed","template":"single.php","meta":{"footnotes":""},"class_list":["post-820","page","type-page","status-publish","hentry"],"yoast_head":"<!-- This site is optimized with the Yoast SEO plugin v27.3 - https:\/\/yoast.com\/product\/yoast-seo-wordpress\/ -->\n<title>Seguro Dental Santa Luc\u00eda -<\/title>\n<meta name=\"robots\" content=\"index, follow, max-snippet:-1, max-image-preview:large, max-video-preview:-1\" \/>\n<link rel=\"canonical\" href=\"https:\/\/idecesos.com\/seguros\/companias\/santa-lucia\/dentista\/\" \/>\n<meta property=\"og:locale\" content=\"es_ES\" \/>\n<meta property=\"og:type\" content=\"article\" \/>\n<meta property=\"og:title\" content=\"Seguro Dental Santa Luc\u00eda -\" \/>\n<meta property=\"og:description\" content=\"La compa\u00f1\u00eda Santa Luc\u00eda, con su seguro de Salud Dental, ofrece una amplia gama de productos y servicios, totalmente gratuitos, para que puedas disfrutar y cuidar de tu salud buco-dental. En todo momento, obtendr\u00e1s la mejor atenci\u00f3n por parte de los profesionales para tratar sus problemas odontol\u00f3gicos y la prevenci\u00f3n de estos. Tratamientos y servicios&hellip;\" \/>\n<meta property=\"og:url\" content=\"https:\/\/idecesos.com\/seguros\/companias\/santa-lucia\/dentista\/\" \/>\n<meta property=\"article:modified_time\" content=\"2022-01-03T12:32:57+00:00\" \/>\n<meta name=\"twitter:card\" content=\"summary_large_image\" \/>\n<meta name=\"twitter:label1\" content=\"Tiempo de lectura\" \/>\n\t<meta name=\"twitter:data1\" content=\"4 minutos\" \/>\n<script type=\"application\/ld+json\" class=\"yoast-schema-graph\">{\"@context\":\"https:\\\/\\\/schema.org\",\"@graph\":[{\"@type\":\"WebPage\",\"@id\":\"https:\\\/\\\/idecesos.com\\\/seguros\\\/companias\\\/santa-lucia\\\/dentista\\\/\",\"url\":\"https:\\\/\\\/idecesos.com\\\/seguros\\\/companias\\\/santa-lucia\\\/dentista\\\/\",\"name\":\"Seguro Dental Santa Luc\u00eda -\",\"isPartOf\":{\"@id\":\"https:\\\/\\\/idecesos.com\\\/seguros\\\/#website\"},\"datePublished\":\"2021-07-13T11:41:55+00:00\",\"dateModified\":\"2022-01-03T12:32:57+00:00\",\"breadcrumb\":{\"@id\":\"https:\\\/\\\/idecesos.com\\\/seguros\\\/companias\\\/santa-lucia\\\/dentista\\\/#breadcrumb\"},\"inLanguage\":\"es\",\"potentialAction\":[{\"@type\":\"ReadAction\",\"target\":[\"https:\\\/\\\/idecesos.com\\\/seguros\\\/companias\\\/santa-lucia\\\/dentista\\\/\"]}]},{\"@type\":\"BreadcrumbList\",\"@id\":\"https:\\\/\\\/idecesos.com\\\/seguros\\\/companias\\\/santa-lucia\\\/dentista\\\/#breadcrumb\",\"itemListElement\":[{\"@type\":\"ListItem\",\"position\":1,\"name\":\"Portada\",\"item\":\"https:\\\/\\\/idecesos.com\\\/seguros\\\/\"},{\"@type\":\"ListItem\",\"position\":2,\"name\":\"Compa\u00f1\u00edas de Seguros de Decesos en Espa\u00f1a\",\"item\":\"https:\\\/\\\/idecesos.com\\\/seguros\\\/companias\\\/\"},{\"@type\":\"ListItem\",\"position\":3,\"name\":\"Seguro de Decesos Santa Luc\u00eda\",\"item\":\"https:\\\/\\\/idecesos.com\\\/seguros\\\/companias\\\/santa-lucia\\\/\"},{\"@type\":\"ListItem\",\"position\":4,\"name\":\"Seguro Dental Santa Luc\u00eda\"}]},{\"@type\":\"WebSite\",\"@id\":\"https:\\\/\\\/idecesos.com\\\/seguros\\\/#website\",\"url\":\"https:\\\/\\\/idecesos.com\\\/seguros\\\/\",\"name\":\"\",\"description\":\"\",\"potentialAction\":[{\"@type\":\"SearchAction\",\"target\":{\"@type\":\"EntryPoint\",\"urlTemplate\":\"https:\\\/\\\/idecesos.com\\\/seguros\\\/?s={search_term_string}\"},\"query-input\":{\"@type\":\"PropertyValueSpecification\",\"valueRequired\":true,\"valueName\":\"search_term_string\"}}],\"inLanguage\":\"es\"}]}<\/script>\n<!-- \/ Yoast SEO plugin. -->","yoast_head_json":{"title":"Seguro Dental Santa Luc\u00eda -","robots":{"index":"index","follow":"follow","max-snippet":"max-snippet:-1","max-image-preview":"max-image-preview:large","max-video-preview":"max-video-preview:-1"},"canonical":"https:\/\/idecesos.com\/seguros\/companias\/santa-lucia\/dentista\/","og_locale":"es_ES","og_type":"article","og_title":"Seguro Dental Santa Luc\u00eda -","og_description":"La compa\u00f1\u00eda Santa Luc\u00eda, con su seguro de Salud Dental, ofrece una amplia gama de productos y servicios, totalmente gratuitos, para que puedas disfrutar y cuidar de tu salud buco-dental. En todo momento, obtendr\u00e1s la mejor atenci\u00f3n por parte de los profesionales para tratar sus problemas odontol\u00f3gicos y la prevenci\u00f3n de estos. Tratamientos y servicios&hellip;","og_url":"https:\/\/idecesos.com\/seguros\/companias\/santa-lucia\/dentista\/","article_modified_time":"2022-01-03T12:32:57+00:00","twitter_card":"summary_large_image","twitter_misc":{"Tiempo de lectura":"4 minutos"},"schema":{"@context":"https:\/\/schema.org","@graph":[{"@type":"WebPage","@id":"https:\/\/idecesos.com\/seguros\/companias\/santa-lucia\/dentista\/","url":"https:\/\/idecesos.com\/seguros\/companias\/santa-lucia\/dentista\/","name":"Seguro Dental Santa Luc\u00eda -","isPartOf":{"@id":"https:\/\/idecesos.com\/seguros\/#website"},"datePublished":"2021-07-13T11:41:55+00:00","dateModified":"2022-01-03T12:32:57+00:00","breadcrumb":{"@id":"https:\/\/idecesos.com\/seguros\/companias\/santa-lucia\/dentista\/#breadcrumb"},"inLanguage":"es","potentialAction":[{"@type":"ReadAction","target":["https:\/\/idecesos.com\/seguros\/companias\/santa-lucia\/dentista\/"]}]},{"@type":"BreadcrumbList","@id":"https:\/\/idecesos.com\/seguros\/companias\/santa-lucia\/dentista\/#breadcrumb","itemListElement":[{"@type":"ListItem","position":1,"name":"Portada","item":"https:\/\/idecesos.com\/seguros\/"},{"@type":"ListItem","position":2,"name":"Compa\u00f1\u00edas de Seguros de Decesos en Espa\u00f1a","item":"https:\/\/idecesos.com\/seguros\/companias\/"},{"@type":"ListItem","position":3,"name":"Seguro de Decesos Santa Luc\u00eda","item":"https:\/\/idecesos.com\/seguros\/companias\/santa-lucia\/"},{"@type":"ListItem","position":4,"name":"Seguro Dental Santa Luc\u00eda"}]},{"@type":"WebSite","@id":"https:\/\/idecesos.com\/seguros\/#website","url":"https:\/\/idecesos.com\/seguros\/","name":"","description":"","potentialAction":[{"@type":"SearchAction","target":{"@type":"EntryPoint","urlTemplate":"https:\/\/idecesos.com\/seguros\/?s={search_term_string}"},"query-input":{"@type":"PropertyValueSpecification","valueRequired":true,"valueName":"search_term_string"}}],"inLanguage":"es"}]}},"_links":{"self":[{"href":"https:\/\/idecesos.com\/seguros\/wp-json\/wp\/v2\/pages\/820","targetHints":{"allow":["GET"]}}],"collection":[{"href":"https:\/\/idecesos.com\/seguros\/wp-json\/wp\/v2\/pages"}],"about":[{"href":"https:\/\/idecesos.com\/seguros\/wp-json\/wp\/v2\/types\/page"}],"author":[{"embeddable":true,"href":"https:\/\/idecesos.com\/seguros\/wp-json\/wp\/v2\/users\/2"}],"replies":[{"embeddable":true,"href":"https:\/\/idecesos.com\/seguros\/wp-json\/wp\/v2\/comments?post=820"}],"version-history":[{"count":8,"href":"https:\/\/idecesos.com\/seguros\/wp-json\/wp\/v2\/pages\/820\/revisions"}],"predecessor-version":[{"id":14563,"href":"https:\/\/idecesos.com\/seguros\/wp-json\/wp\/v2\/pages\/820\/revisions\/14563"}],"up":[{"embeddable":true,"href":"https:\/\/idecesos.com\/seguros\/wp-json\/wp\/v2\/pages\/801"}],"wp:attachment":[{"href":"https:\/\/idecesos.com\/seguros\/wp-json\/wp\/v2\/media?parent=820"}],"curies":[{"name":"wp","href":"https:\/\/api.w.org\/{rel}","templated":true}]}}