{"id":830,"date":"2021-10-28T00:00:00","date_gmt":"2021-07-13T14:48:20","guid":{"rendered":"https:\/\/idecesos.com\/seguros\/?page_id=830"},"modified":"2022-01-03T12:31:46","modified_gmt":"2022-01-03T12:31:46","slug":"prima-unica","status":"publish","type":"page","link":"https:\/\/idecesos.com\/seguros\/companias\/santa-lucia\/prima-unica\/","title":{"rendered":"Seguro de decesos Santa Lucia Prima \u00danica"},"content":{"rendered":"<div id=\"ez-toc-container\" class=\"ez-toc-v2_0_82_2 ez-toc-wrap-center counter-hierarchy ez-toc-counter ez-toc-custom ez-toc-container-direction\">\n<div class=\"ez-toc-title-container\">\n<p class=\"ez-toc-title\" style=\"cursor:inherit\">Tabla de Contenido<\/p>\n<span class=\"ez-toc-title-toggle\"><a href=\"#\" class=\"ez-toc-pull-right ez-toc-btn ez-toc-btn-xs ez-toc-btn-default ez-toc-toggle\" aria-label=\"Alternar tabla de contenidos\"><span class=\"ez-toc-js-icon-con\"><span class=\"\"><span class=\"eztoc-hide\" style=\"display:none;\">Toggle<\/span><span class=\"ez-toc-icon-toggle-span\"><svg style=\"fill: #db6415;color:#db6415\" xmlns=\"http:\/\/www.w3.org\/2000\/svg\" class=\"list-377408\" width=\"20px\" height=\"20px\" viewBox=\"0 0 24 24\" fill=\"none\"><path d=\"M6 6H4v2h2V6zm14 0H8v2h12V6zM4 11h2v2H4v-2zm16 0H8v2h12v-2zM4 16h2v2H4v-2zm16 0H8v2h12v-2z\" fill=\"currentColor\"><\/path><\/svg><svg style=\"fill: #db6415;color:#db6415\" class=\"arrow-unsorted-368013\" xmlns=\"http:\/\/www.w3.org\/2000\/svg\" width=\"10px\" height=\"10px\" viewBox=\"0 0 24 24\" version=\"1.2\" baseProfile=\"tiny\"><path d=\"M18.2 9.3l-6.2-6.3-6.2 6.3c-.2.2-.3.4-.3.7s.1.5.3.7c.2.2.4.3.7.3h11c.3 0 .5-.1.7-.3.2-.2.3-.5.3-.7s-.1-.5-.3-.7zM5.8 14.7l6.2 6.3 6.2-6.3c.2-.2.3-.5.3-.7s-.1-.5-.3-.7c-.2-.2-.4-.3-.7-.3h-11c-.3 0-.5.1-.7.3-.2.2-.3.5-.3.7s.1.5.3.7z\"\/><\/svg><\/span><\/span><\/span><\/a><\/span><\/div>\n<nav><ul class='ez-toc-list ez-toc-list-level-1 ' ><li class='ez-toc-page-1 ez-toc-heading-level-2'><a class=\"ez-toc-link ez-toc-heading-1\" href=\"https:\/\/idecesos.com\/seguros\/companias\/santa-lucia\/prima-unica\/#Coberturas_seguro_Prima_Unica_Santa_Lucia\" >Coberturas seguro Prima \u00danica Santa Lucia<\/a><ul class='ez-toc-list-level-3' ><li class='ez-toc-heading-level-3'><a class=\"ez-toc-link ez-toc-heading-2\" href=\"https:\/\/idecesos.com\/seguros\/companias\/santa-lucia\/prima-unica\/#%C2%BFA_quien_va_dirigido_el_seguro_de_decesos_Prima_Unica_de_Santa_Lucia\" >\u00bfA qui\u00e9n va dirigido el seguro de decesos Prima \u00danica de Santa Lucia?<\/a><\/li><\/ul><\/li><li class='ez-toc-page-1 ez-toc-heading-level-2'><a class=\"ez-toc-link ez-toc-heading-3\" href=\"https:\/\/idecesos.com\/seguros\/companias\/santa-lucia\/prima-unica\/#Precio_de_seguro_de_decesos_Prima_Unica_Santa_Lucia\" >Precio de seguro de decesos Prima \u00danica Santa Lucia<\/a><\/li><li class='ez-toc-page-1 ez-toc-heading-level-2'><a class=\"ez-toc-link ez-toc-heading-4\" href=\"https:\/\/idecesos.com\/seguros\/companias\/santa-lucia\/prima-unica\/#Productos_Prima_Unica_Santa_Lucia\" >Productos Prima \u00danica Santa Lucia<\/a><\/li><li class='ez-toc-page-1 ez-toc-heading-level-2'><a class=\"ez-toc-link ez-toc-heading-5\" href=\"https:\/\/idecesos.com\/seguros\/companias\/santa-lucia\/prima-unica\/#Opiniones_del_seguro_de_decesos_de_Prima_Unica_de_Santa_Lucia\" >Opiniones del seguro de decesos de Prima \u00danica de Santa Lucia<\/a><ul class='ez-toc-list-level-3' ><li class='ez-toc-heading-level-3'><a class=\"ez-toc-link ez-toc-heading-6\" href=\"https:\/\/idecesos.com\/seguros\/companias\/santa-lucia\/prima-unica\/#Paginas_relacionadas\" >P\u00e1ginas relacionadas<\/a><\/li><\/ul><\/li><\/ul><\/nav><\/div>\n<p><br \/>\nSanta Lucia el seguro de prima \u00fanica o pago \u00fanico es aquella p\u00f3liza que se realiza toda la tramitaci\u00f3n oportuna del sepelio de forma completa realizando un solo pago de la prima. Cuando charlamos del seguro de prima \u00fanica su duraci\u00f3n es indefinida de Santa Lucia por lo que no se puede anular. Cuando ocurre el fallecimiento todos y cada uno de los familiares desean contar con una calma con lo que optan contratar el seguro de decesos de prima \u00fanica de Santa Lucia en tanto que ellos solventar\u00e1 todos los problemas que se pueden generar en ese momento o bien adecuar la situaci\u00f3n de manera que los familiares cuenten con serenidad. <\/p>\n<p>Leer m\u00e1s: <a href=\"https:\/\/idecesos.com\/seguros\/tipo\/prima-unica\/\">Seguro de decesos Prima \u00danica<\/a><br \/>\n<div class=\"colorf \"  ><div class=\"container clearfix\"><div class=\"col-md-7\"><\/p>\n<h2><span class=\"ez-toc-section\" id=\"Coberturas_seguro_Prima_Unica_Santa_Lucia\"><\/span>Coberturas seguro Prima \u00danica Santa Lucia<span class=\"ez-toc-section-end\"><\/span><\/h2>\n<p>El seguro de decesos de prima \u00fanica de Santa Lucia destaca por las coberturas que da en todo el proceso, aparte de que administra toda la documentaci\u00f3n pertinente al fallecido. La administraci\u00f3n del sepelio garantiza desde el traslado, tanatorio, acto religioso, velatorio, flores, funeraria, esquela, camposanto, tambi\u00e9n la libre elecci\u00f3n de inhumaci\u00f3n o crematorio. Por otra parte, el servicio de asistencia de Santa Lucia efectuar\u00e1 la administraci\u00f3n del certificado m\u00e9dico de defunci\u00f3n, pago de tributos, inscripci\u00f3n en el Registro Civil del fallecido y dem\u00e1s burocracia. Las coberturas est\u00e1n perfectamente dise\u00f1adas a fin de que en el momento que se llame al tel\u00e9fono de asistencia de Santa Lucia cubran todo y cada uno de ellos de los actos de un deceso y con la mayor dignidad posible. Para obtener toda la informaci\u00f3n de forma m\u00e1s precisa de todas y cada una de las condiciones que contiene la p\u00f3liza de prima \u00fanica de Santa Lucia en la que indicar\u00e1 todo en mayor precisi\u00f3n y m\u00e1s en detalle.<br \/>\n<\/div><\/div><\/div><\/p>\n<h3><span class=\"ez-toc-section\" id=\"%C2%BFA_quien_va_dirigido_el_seguro_de_decesos_Prima_Unica_de_Santa_Lucia\"><\/span>\u00bfA qui\u00e9n va dirigido el seguro de decesos Prima \u00danica de Santa Lucia?<span class=\"ez-toc-section-end\"><\/span><\/h3>\n<p>La alternativa perfecta para las personas mayores de 70 a\u00f1os es el seguro de prima \u00fanica de Santa Lucia en tanto que pagando una sola vez la prima del seguro, dejan todo previsto para sus familiares en el momento que  falten. El seguro de pago \u00fanico de Santa Lucia, est\u00e1 ideado para que den las coberturas necesarias del sepelio dejando todo cubierto y ahorrando dolores de cabeza a los familiares, dejando que ellos se encarguen de todos los tr\u00e1mites que se deban realizar en esa situaci\u00f3n. El seguro de prima \u00fanica de Santa Lucia es la soluci\u00f3n m\u00e1s adecuada en ese momento en tanto que acudiendo a ellos de forma telef\u00f3nica, se hacen cargo de administrarlo todo con inmediatez. Por otro lado, si no dispones de posibilidades econ\u00f3micas el seguro de prima \u00fanica de Santa Lucia ayuda a los familiares de reunir de forma adelantada entre todos los familiares la suma de la prima y dejarlo contratado, para que llegado el instante del fallecimiento del asegurado no deban buscar funeraria y negociar en un instante tan doloroso y con tanto desamparo.<br \/>\n<div class=\"colorf \"  ><div class=\"container clearfix\"><div class=\"col-md-7\"><\/p>\n<h2><span class=\"ez-toc-section\" id=\"Precio_de_seguro_de_decesos_Prima_Unica_Santa_Lucia\"><\/span>Precio de seguro de decesos Prima \u00danica Santa Lucia<span class=\"ez-toc-section-end\"><\/span><\/h2>\n<p>El seguro de prima \u00fanica de Santa Lucia su precio es desde 3100 euros grosso modo, se ha tomado como puntos referentes la edad y la localidad de la persona asegurada. Para muchos de los clientes del servicio de Santa Lucia les sigue resultando incre\u00edble el coste que dan, adem\u00e1s de ello es destacado por dar estas ventajas. Por esta raz\u00f3n cada usuario lo aconseja ya que es un precio muy atinado en estos tiempos.<br \/>\n<\/div><\/div><\/div><\/p>\n<h2><span class=\"ez-toc-section\" id=\"Productos_Prima_Unica_Santa_Lucia\"><\/span>Productos Prima \u00danica Santa Lucia<span class=\"ez-toc-section-end\"><\/span><\/h2>\n<div class=\"colorf\"><div class=\"container clearfix\"><div class=\"col-md-7\"><div class=\"opiniones\">\n<h2><span class=\"ez-toc-section\" id=\"Opiniones_del_seguro_de_decesos_de_Prima_Unica_de_Santa_Lucia\"><\/span>Opiniones del seguro de decesos de Prima \u00danica de Santa Lucia<span class=\"ez-toc-section-end\"><\/span><\/h2>\n<div class=\"opinion \"  >\n\t\t\t<div class=\"cabecera_opinion\">\n\t\t\t\t<div class=\"avatar\">I S <\/div>\n\t\t\t\t<div class=\"datos_opinion\">\n\t\t\t\t\t<div class=\"nombre_opinion\">Isa\u00edas Sans<\/div>\n\t\t\t\t\t<div class=\"info_opinion\">\t\t\t\t\t\t\n\t\t\t\t\t\t<div class=\"cuenta_opinion\"><i class=\"fas fa-pencil-alt\"><\/i><!--span class=\"dashicons dashicons-edit\" style=\"font-size:20px\"><\/span--><span>1 Opini\u00f3n<\/span><\/div>\t\t\t\t\t\t\n\t\t\t\t\t\t<div class=\"localizacion_opinion\">\n\t\t\t\t\t\t\t<i class=\"fas fa-map-marker-alt\"><\/i><!--span class=\"dashicons dashicons-location\" style=\"font-size:20px\"><\/span-->\n\t\t\t\t\t\t\t<span>ES<\/span>\n\t\t\t\t\t\t<\/div>\t\n\t\t\t\t\t<\/div>\n\t\t\t\t<\/div>\n\t\t\t<\/div><div class=\"texto_opinion\"><\/p>\n<p>Para todas y cada una de las personas que tengan duda, os aseguro que el seguro de prima \u00fanica de Santa Lucia es el mejor, ya que se ocupar\u00e1 de todas y cada una de las gestiones de sepelio, como de la misa si lo requiere y de mucho m\u00e1s.<\/p>\n<p><\/div><\/div>\n<div class=\"opinion \"  >\n\t\t\t<div class=\"cabecera_opinion\">\n\t\t\t\t<div class=\"avatar\">S D <\/div>\n\t\t\t\t<div class=\"datos_opinion\">\n\t\t\t\t\t<div class=\"nombre_opinion\">Sabas del<\/div>\n\t\t\t\t\t<div class=\"info_opinion\">\t\t\t\t\t\t\n\t\t\t\t\t\t<div class=\"cuenta_opinion\"><i class=\"fas fa-pencil-alt\"><\/i><!--span class=\"dashicons dashicons-edit\" style=\"font-size:20px\"><\/span--><span>1 Opini\u00f3n<\/span><\/div>\t\t\t\t\t\t\n\t\t\t\t\t\t<div class=\"localizacion_opinion\">\n\t\t\t\t\t\t\t<i class=\"fas fa-map-marker-alt\"><\/i><!--span class=\"dashicons dashicons-location\" style=\"font-size:20px\"><\/span-->\n\t\t\t\t\t\t\t<span>ES<\/span>\n\t\t\t\t\t\t<\/div>\t\n\t\t\t\t\t<\/div>\n\t\t\t\t<\/div>\n\t\t\t<\/div><div class=\"texto_opinion\"><\/p>\n<p>Es el mejor seguro de pago \u00fanico de Santa Lucia es la m\u00e1s conveniente ya que brindan el mejor servicio en todo momento, aparte de tener un precio accesible.<br \/>\n<\/div><\/div>\n<div class=\"opinion \"  >\n\t\t\t<div class=\"cabecera_opinion\">\n\t\t\t\t<div class=\"avatar\">F M <\/div>\n\t\t\t\t<div class=\"datos_opinion\">\n\t\t\t\t\t<div class=\"nombre_opinion\">Felipe Mari\u00f1o<\/div>\n\t\t\t\t\t<div class=\"info_opinion\">\t\t\t\t\t\t\n\t\t\t\t\t\t<div class=\"cuenta_opinion\"><i class=\"fas fa-pencil-alt\"><\/i><!--span class=\"dashicons dashicons-edit\" style=\"font-size:20px\"><\/span--><span>1 Opini\u00f3n<\/span><\/div>\t\t\t\t\t\t\n\t\t\t\t\t\t<div class=\"localizacion_opinion\">\n\t\t\t\t\t\t\t<i class=\"fas fa-map-marker-alt\"><\/i><!--span class=\"dashicons dashicons-location\" style=\"font-size:20px\"><\/span-->\n\t\t\t\t\t\t\t<span>ES<\/span>\n\t\t\t\t\t\t<\/div>\t\n\t\t\t\t\t<\/div>\n\t\t\t\t<\/div>\n\t\t\t<\/div><div class=\"texto_opinion\"><\/p>\n<p>Puedo decir con total seguridad que Santa Lucia aparte de contar con las mejores coberturas del mercado, dan una atenci\u00f3n muy adaptada y delicada.<\/p>\n<p><\/div><\/div>\n<\/div><\/div><\/div><\/div>\n<p><div class=\"oficinas\"><br \/>\n<h3><span class=\"ez-toc-section\" id=\"Paginas_relacionadas\"><\/span>P\u00e1ginas relacionadas<span class=\"ez-toc-section-end\"><\/span><\/h3><div class=\"enlazado\"><ul> <li><a href=\"https:\/\/idecesos.com\/seguros\/companias\/santa-lucia\/accidentes\/\">Santa Lucia accidentes<\/a><\/li> <li><a href=\"https:\/\/idecesos.com\/seguros\/companias\/santa-lucia\/coberturas\/\">Santa Lucia coberturas<\/a><\/li> <li><a href=\"https:\/\/idecesos.com\/seguros\/companias\/santa-lucia\/dentista\/\">Seguro Dental Santa Luc\u00eda<\/a><\/li> <li><a href=\"https:\/\/idecesos.com\/seguros\/companias\/santa-lucia\/hacienda\/\">Santa Lucia Hacienda<\/a><\/li> <li><a href=\"https:\/\/idecesos.com\/seguros\/companias\/santa-lucia\/opiniones\/\">Opiniones Santa Lucia<\/a><\/li> <li><a href=\"https:\/\/idecesos.com\/seguros\/companias\/santa-lucia\/precio\/\">Precio seguro Santa Lucia<\/a><\/li> <li><a href=\"https:\/\/idecesos.com\/seguros\/companias\/santa-lucia\/prima-mixta\/\">Santa Lucia Prima Mixta<\/a><\/li> <li><a href=\"https:\/\/idecesos.com\/seguros\/companias\/santa-lucia\/prima-natural\/\">Santa Lucia Prima Natural<\/a><\/li> <li><a href=\"https:\/\/idecesos.com\/seguros\/companias\/santa-lucia\/prima-nivelada\/\">Santa Lucia Prima Nivelada<\/a><\/li> <li><a href=\"https:\/\/idecesos.com\/seguros\/companias\/santa-lucia\/prima-unica\/\">Santa Lucia Prima \u00danica<\/a><\/li> <li><a href=\"https:\/\/idecesos.com\/seguros\/companias\/santa-lucia\/repatriacion\/\">Santa Lucia Repatriaci\u00f3n<\/a><\/li> <li><a href=\"https:\/\/idecesos.com\/seguros\/companias\/santa-lucia\/telefono\/\">Tel\u00e9fono Gratuito Santa Lucia<\/a><\/li> <li><a href=\"https:\/\/idecesos.com\/seguros\/companias\/santa-lucia\/ventajas\/\">Ventajas Santa Lucia <\/a><\/li>                                                                                                                                                                                                                                                                                                                                                                                                                                                                                                                                                                                                                                                                                                                                                                                                                                                                                                                                                                                                                                                                                                                                                                                                                                                                                                                                                                                                                                                                                                                                                                                                                                                                                                                                                                                                                                                                                                                                                                                                                                                                                                                                                                                                                                                                                                                                                                                                                                                                                                                                                                                                                                                                                                                                                                                                                                                                                                                                                                                                                                                                                                                         <\/ul><\/div><\/p>\n<\/div>\n","protected":false},"excerpt":{"rendered":"<p>Santa Lucia el seguro de prima \u00fanica o pago \u00fanico es aquella p\u00f3liza que se realiza toda la tramitaci\u00f3n oportuna del sepelio de forma completa realizando un solo pago de la prima. Cuando charlamos del seguro de prima \u00fanica su duraci\u00f3n es indefinida de Santa Lucia por lo que no se puede anular. Cuando ocurre&hellip; <\/p>\n","protected":false},"author":3,"featured_media":0,"parent":801,"menu_order":0,"comment_status":"closed","ping_status":"closed","template":"single.php","meta":{"footnotes":""},"class_list":["post-830","page","type-page","status-publish","hentry"],"yoast_head":"<!-- This site is optimized with the Yoast SEO plugin v27.3 - https:\/\/yoast.com\/product\/yoast-seo-wordpress\/ -->\n<title>Seguro Decesos Santa Lucia Prima \u00danica \u25b7 Opiniones y Precio 2026<\/title>\n<meta name=\"description\" content=\"Click aqu\u00ed \u3010Seguro de Decesos Prima \u00danica Santa Lucia\u3011 Mejores precios Santa Lucia seguro de fallecidos Prima \u00danica \u2611\ufe0f Actualizado por iDecesos\u00ae\" \/>\n<meta name=\"robots\" content=\"index, follow, max-snippet:-1, max-image-preview:large, max-video-preview:-1\" \/>\n<link rel=\"canonical\" href=\"https:\/\/idecesos.com\/seguros\/companias\/santa-lucia\/prima-unica\/\" \/>\n<meta property=\"og:locale\" content=\"es_ES\" \/>\n<meta property=\"og:type\" content=\"article\" \/>\n<meta property=\"og:title\" content=\"Seguro Decesos Santa Lucia Prima \u00danica \u25b7 Opiniones y Precio 2026\" \/>\n<meta property=\"og:description\" content=\"Click aqu\u00ed \u3010Seguro de Decesos Prima \u00danica Santa Lucia\u3011 Mejores precios Santa Lucia seguro de fallecidos Prima \u00danica \u2611\ufe0f Actualizado por iDecesos\u00ae\" \/>\n<meta property=\"og:url\" content=\"https:\/\/idecesos.com\/seguros\/companias\/santa-lucia\/prima-unica\/\" \/>\n<meta property=\"article:modified_time\" content=\"2022-01-03T12:31:46+00:00\" \/>\n<meta name=\"twitter:card\" content=\"summary_large_image\" \/>\n<meta name=\"twitter:label1\" content=\"Tiempo de lectura\" \/>\n\t<meta name=\"twitter:data1\" content=\"60 minutos\" \/>\n<script type=\"application\/ld+json\" class=\"yoast-schema-graph\">{\"@context\":\"https:\\\/\\\/schema.org\",\"@graph\":[{\"@type\":\"WebPage\",\"@id\":\"https:\\\/\\\/idecesos.com\\\/seguros\\\/companias\\\/santa-lucia\\\/prima-unica\\\/\",\"url\":\"https:\\\/\\\/idecesos.com\\\/seguros\\\/companias\\\/santa-lucia\\\/prima-unica\\\/\",\"name\":\"Seguro Decesos Santa Lucia Prima \u00danica \u25b7 Opiniones y Precio 2026\",\"isPartOf\":{\"@id\":\"https:\\\/\\\/idecesos.com\\\/seguros\\\/#website\"},\"datePublished\":\"2021-07-13T14:48:20+00:00\",\"dateModified\":\"2022-01-03T12:31:46+00:00\",\"description\":\"Click aqu\u00ed \u3010Seguro de Decesos Prima \u00danica Santa Lucia\u3011 Mejores precios Santa Lucia seguro de fallecidos Prima \u00danica \u2611\ufe0f Actualizado por iDecesos\u00ae\",\"breadcrumb\":{\"@id\":\"https:\\\/\\\/idecesos.com\\\/seguros\\\/companias\\\/santa-lucia\\\/prima-unica\\\/#breadcrumb\"},\"inLanguage\":\"es\",\"potentialAction\":[{\"@type\":\"ReadAction\",\"target\":[\"https:\\\/\\\/idecesos.com\\\/seguros\\\/companias\\\/santa-lucia\\\/prima-unica\\\/\"]}]},{\"@type\":\"BreadcrumbList\",\"@id\":\"https:\\\/\\\/idecesos.com\\\/seguros\\\/companias\\\/santa-lucia\\\/prima-unica\\\/#breadcrumb\",\"itemListElement\":[{\"@type\":\"ListItem\",\"position\":1,\"name\":\"Portada\",\"item\":\"https:\\\/\\\/idecesos.com\\\/seguros\\\/\"},{\"@type\":\"ListItem\",\"position\":2,\"name\":\"Compa\u00f1\u00edas de Seguros de Decesos en Espa\u00f1a\",\"item\":\"https:\\\/\\\/idecesos.com\\\/seguros\\\/companias\\\/\"},{\"@type\":\"ListItem\",\"position\":3,\"name\":\"Seguro de Decesos Santa Luc\u00eda\",\"item\":\"https:\\\/\\\/idecesos.com\\\/seguros\\\/companias\\\/santa-lucia\\\/\"},{\"@type\":\"ListItem\",\"position\":4,\"name\":\"Seguro de decesos Santa Lucia Prima \u00danica\"}]},{\"@type\":\"WebSite\",\"@id\":\"https:\\\/\\\/idecesos.com\\\/seguros\\\/#website\",\"url\":\"https:\\\/\\\/idecesos.com\\\/seguros\\\/\",\"name\":\"\",\"description\":\"\",\"potentialAction\":[{\"@type\":\"SearchAction\",\"target\":{\"@type\":\"EntryPoint\",\"urlTemplate\":\"https:\\\/\\\/idecesos.com\\\/seguros\\\/?s={search_term_string}\"},\"query-input\":{\"@type\":\"PropertyValueSpecification\",\"valueRequired\":true,\"valueName\":\"search_term_string\"}}],\"inLanguage\":\"es\"}]}<\/script>\n<!-- \/ Yoast SEO plugin. -->","yoast_head_json":{"title":"Seguro Decesos Santa Lucia Prima \u00danica \u25b7 Opiniones y Precio 2026","description":"Click aqu\u00ed \u3010Seguro de Decesos Prima \u00danica Santa Lucia\u3011 Mejores precios Santa Lucia seguro de fallecidos Prima \u00danica \u2611\ufe0f Actualizado por iDecesos\u00ae","robots":{"index":"index","follow":"follow","max-snippet":"max-snippet:-1","max-image-preview":"max-image-preview:large","max-video-preview":"max-video-preview:-1"},"canonical":"https:\/\/idecesos.com\/seguros\/companias\/santa-lucia\/prima-unica\/","og_locale":"es_ES","og_type":"article","og_title":"Seguro Decesos Santa Lucia Prima \u00danica \u25b7 Opiniones y Precio 2026","og_description":"Click aqu\u00ed \u3010Seguro de Decesos Prima \u00danica Santa Lucia\u3011 Mejores precios Santa Lucia seguro de fallecidos Prima \u00danica \u2611\ufe0f Actualizado por iDecesos\u00ae","og_url":"https:\/\/idecesos.com\/seguros\/companias\/santa-lucia\/prima-unica\/","article_modified_time":"2022-01-03T12:31:46+00:00","twitter_card":"summary_large_image","twitter_misc":{"Tiempo de lectura":"60 minutos"},"schema":{"@context":"https:\/\/schema.org","@graph":[{"@type":"WebPage","@id":"https:\/\/idecesos.com\/seguros\/companias\/santa-lucia\/prima-unica\/","url":"https:\/\/idecesos.com\/seguros\/companias\/santa-lucia\/prima-unica\/","name":"Seguro Decesos Santa Lucia Prima \u00danica \u25b7 Opiniones y Precio 2026","isPartOf":{"@id":"https:\/\/idecesos.com\/seguros\/#website"},"datePublished":"2021-07-13T14:48:20+00:00","dateModified":"2022-01-03T12:31:46+00:00","description":"Click aqu\u00ed \u3010Seguro de Decesos Prima \u00danica Santa Lucia\u3011 Mejores precios Santa Lucia seguro de fallecidos Prima \u00danica \u2611\ufe0f Actualizado por iDecesos\u00ae","breadcrumb":{"@id":"https:\/\/idecesos.com\/seguros\/companias\/santa-lucia\/prima-unica\/#breadcrumb"},"inLanguage":"es","potentialAction":[{"@type":"ReadAction","target":["https:\/\/idecesos.com\/seguros\/companias\/santa-lucia\/prima-unica\/"]}]},{"@type":"BreadcrumbList","@id":"https:\/\/idecesos.com\/seguros\/companias\/santa-lucia\/prima-unica\/#breadcrumb","itemListElement":[{"@type":"ListItem","position":1,"name":"Portada","item":"https:\/\/idecesos.com\/seguros\/"},{"@type":"ListItem","position":2,"name":"Compa\u00f1\u00edas de Seguros de Decesos en Espa\u00f1a","item":"https:\/\/idecesos.com\/seguros\/companias\/"},{"@type":"ListItem","position":3,"name":"Seguro de Decesos Santa Luc\u00eda","item":"https:\/\/idecesos.com\/seguros\/companias\/santa-lucia\/"},{"@type":"ListItem","position":4,"name":"Seguro de decesos Santa Lucia Prima \u00danica"}]},{"@type":"WebSite","@id":"https:\/\/idecesos.com\/seguros\/#website","url":"https:\/\/idecesos.com\/seguros\/","name":"","description":"","potentialAction":[{"@type":"SearchAction","target":{"@type":"EntryPoint","urlTemplate":"https:\/\/idecesos.com\/seguros\/?s={search_term_string}"},"query-input":{"@type":"PropertyValueSpecification","valueRequired":true,"valueName":"search_term_string"}}],"inLanguage":"es"}]}},"_links":{"self":[{"href":"https:\/\/idecesos.com\/seguros\/wp-json\/wp\/v2\/pages\/830","targetHints":{"allow":["GET"]}}],"collection":[{"href":"https:\/\/idecesos.com\/seguros\/wp-json\/wp\/v2\/pages"}],"about":[{"href":"https:\/\/idecesos.com\/seguros\/wp-json\/wp\/v2\/types\/page"}],"author":[{"embeddable":true,"href":"https:\/\/idecesos.com\/seguros\/wp-json\/wp\/v2\/users\/3"}],"replies":[{"embeddable":true,"href":"https:\/\/idecesos.com\/seguros\/wp-json\/wp\/v2\/comments?post=830"}],"version-history":[{"count":7,"href":"https:\/\/idecesos.com\/seguros\/wp-json\/wp\/v2\/pages\/830\/revisions"}],"predecessor-version":[{"id":12764,"href":"https:\/\/idecesos.com\/seguros\/wp-json\/wp\/v2\/pages\/830\/revisions\/12764"}],"up":[{"embeddable":true,"href":"https:\/\/idecesos.com\/seguros\/wp-json\/wp\/v2\/pages\/801"}],"wp:attachment":[{"href":"https:\/\/idecesos.com\/seguros\/wp-json\/wp\/v2\/media?parent=830"}],"curies":[{"name":"wp","href":"https:\/\/api.w.org\/{rel}","templated":true}]}}