{"id":832,"date":"2021-07-13T14:55:30","date_gmt":"2021-07-13T14:55:30","guid":{"rendered":"https:\/\/idecesos.com\/seguros\/?page_id=832"},"modified":"2022-01-18T11:27:01","modified_gmt":"2022-01-18T11:27:01","slug":"ventajas","status":"publish","type":"page","link":"https:\/\/idecesos.com\/seguros\/companias\/santa-lucia\/ventajas\/","title":{"rendered":"Ventajas de los Seguros de Decesos Santa Lucia"},"content":{"rendered":"\r\n\r\n<p>La compa\u00f1\u00eda de seguros Santa Luc\u00eda lleva casi cien a\u00f1os protegiendo y dando seguridad a todos sus clientes. Naci\u00f3 en A Coru\u00f1a en 1922 y es una de las grandes empresas del sector de seguros. Se considera una compa\u00f1\u00eda moderna, \u00e9tica y socialmente responsable y orgullosa del reconocimiento de las sociedades con las que trabajan, al igual que de sus asegurados.<\/p>\r\n<p>El objetivo de trabajo de Seguros Santa Luc\u00eda es poder dar la mejor\u00a0y mayor protecci\u00f3n a sus clientes ofreci\u00e9ndoles una gama amplia de posibilidades de seguros a grandes precios muy competitivos en el mercado. Gracias a esto, se han convertido en uno de los seguros referentes en todo el mundo, destacando por su innovaci\u00f3n, eficiencia y confianza.<\/p>\r\n<p>Para estar seguro de que elige correctamente su seguro de decesos ideal, no dude en consultar nuestra web, iDecesos. Aqu\u00ed te ayudaremos a encontrar todo lo que buscas al mejor precio con tan solo rellenar el formulario que le pedimos. Trabajamos con un gran sector de los mejore seguros del pa\u00eds y te ayudaremos a buscar el que mejor se amolde a ti.<\/p>\r\n<p>La principal ventaja del seguro de decesos de Santa Luc\u00eda es la variedad que tiene en su oferta de p\u00f3lizas de seguro. Cuentan con una modalidad para cada tipo de persona, para cada etapa de la vida en la que el contratante se encuentre y para cada necesidad que pueda surgir en cualquier momento. En su cat\u00e1logo cuentan con una modalidad de asistencia familiar plus, la de asistencia familiar iplus, la de asistencia sin fronteras, la de asistencia senior prima \u00fanica y la de decesos colectivo. Un gran abanico que te explicaremos m\u00e1s afondo a continuaci\u00f3n.<\/p>\r\n<p>El seguro de asistencia familiar plus te da toda la tranquilidad que necesitas en tu d\u00eda a d\u00eda, puedes olvidarte de todo ya que Santa Luc\u00eda se encargar\u00e1 por ti. Tus familiares podr\u00e1n contar con el apoyo de los mejores profesionales del sector en los momentos m\u00e1s duros. Adem\u00e1s, este tipo de p\u00f3liza evita que se puedan producir aumentos que supongan un gran sobre coste en la prima seg\u00fan esta va creciendo y va aumentando su rango de edad.<\/p>\r\n<p>El seguro de decesos de asistencia familiar iplus. Es similar al anterior aunque cuenta con un plus a\u00f1adido. A parte de contar con todo el apoyo de los mejores profesionales, este tipo de p\u00f3liza se adapta a tu ritmo de vida, pagando primero unas cuotas m\u00e1s bajas que van ajust\u00e1ndose conforme pasa el tiempo aumentando con el paso del tiempo. Un plan adaptado a todas tus necesidades de gran flexibilidad, pudiendo contratar las coberturas y garant\u00edas que necesites.<\/p>\r\n<p>El seguro de decesos asistencia sin fronteras ha sido ideado para aquellas personas que est\u00e1n lejos de su lugar de origen para que se sienten con toda la tranquilidad del mundo, como si estuviesen en casa. Como bien indica su nombre esta p\u00f3liza cuenta con una asistencia sin fronteras, es decir, no va a haber ning\u00fan tipo de impedimento en el traslado ni en el transporte. Principalmente, est\u00e1 enfocado a personas que residen en Espa\u00f1a.<\/p>\r\n<p>Podr\u00e1 disponer del mejor conjunto de coberturas b\u00e1sicas, que ya se han mencionado en los otros dos tipos de p\u00f3liza de seguros. Ante cualquier tipo de accidente, tambi\u00e9n tendr\u00e1s todas las garant\u00edas por parte de la compa\u00f1\u00eda de seguros. Por otro lado, se ocupan de todas las gestiones y tr\u00e1mites que hay que hacer cuando una persona fallece. Por \u00faltimo, te dan la posibilidad de completar el seguro asistencia para extranjeros con la protecci\u00f3n de todos tus hijos que sean menores de edad con un servicio que se llama peque asistencia.\u00a0<\/p>\r\n<p>La asistencia senior \u00fanica se trata de un servicio que al cumplir los 65 a\u00f1os puedes elegir. Un seguro personal hecho para la persona interesada en contratar sus servicios.<\/p>\r\n<p>A parte de los seguros ya comentados, Seguros Santa Luc\u00eda cuenta con m\u00e1s servicios y m\u00e1s ofertas, por ejemplo los decesos colectivos abiertos que va a resultarte \u00fatil si perteneces a alg\u00fan colectivo.<\/p>\r\n<p>Sin lugar a dudas un seguro de decesos de los m\u00e1s completo con gran profesionalidad, experiencia y reconocimiento en el sector. Seguros Santa Luc\u00eda ha sabido hacerse con un hueco en el mercado y ya cuenta con m\u00e1s de 7&#8217;5 millones de clientes que conf\u00edan en sus servicios. Utiliza nuestra web de iDecesos para comparar y elegir la opci\u00f3n que m\u00e1s se ajuste a tus necesidades. No lo dejes pasar, \u00bfa qu\u00e9 esperas?<\/p>\r\n\r\n<h3>P\u00e1ginas relacionadas<\/h3><div class=\"enlazado\"><ul> <li><a href=\"https:\/\/idecesos.com\/seguros\/companias\/santa-lucia\/accidentes\/\">Santa Lucia accidentes<\/a><\/li> <li><a href=\"https:\/\/idecesos.com\/seguros\/companias\/santa-lucia\/coberturas\/\">Santa Lucia coberturas<\/a><\/li> <li><a href=\"https:\/\/idecesos.com\/seguros\/companias\/santa-lucia\/dentista\/\">Seguro Dental Santa Luc\u00eda<\/a><\/li> <li><a href=\"https:\/\/idecesos.com\/seguros\/companias\/santa-lucia\/hacienda\/\">Santa Lucia Hacienda<\/a><\/li> <li><a href=\"https:\/\/idecesos.com\/seguros\/companias\/santa-lucia\/opiniones\/\">Opiniones Santa Lucia<\/a><\/li> <li><a href=\"https:\/\/idecesos.com\/seguros\/companias\/santa-lucia\/precio\/\">Precio seguro Santa Lucia<\/a><\/li> <li><a href=\"https:\/\/idecesos.com\/seguros\/companias\/santa-lucia\/prima-mixta\/\">Santa Lucia Prima Mixta<\/a><\/li> <li><a href=\"https:\/\/idecesos.com\/seguros\/companias\/santa-lucia\/prima-natural\/\">Santa Lucia Prima Natural<\/a><\/li> <li><a href=\"https:\/\/idecesos.com\/seguros\/companias\/santa-lucia\/prima-nivelada\/\">Santa Lucia Prima Nivelada<\/a><\/li> <li><a href=\"https:\/\/idecesos.com\/seguros\/companias\/santa-lucia\/prima-unica\/\">Santa Lucia Prima \u00danica<\/a><\/li> <li><a href=\"https:\/\/idecesos.com\/seguros\/companias\/santa-lucia\/repatriacion\/\">Santa Lucia Repatriaci\u00f3n<\/a><\/li> <li><a href=\"https:\/\/idecesos.com\/seguros\/companias\/santa-lucia\/telefono\/\">Tel\u00e9fono Gratuito Santa Lucia<\/a><\/li> <li><a href=\"https:\/\/idecesos.com\/seguros\/companias\/santa-lucia\/ventajas\/\">Ventajas Santa Lucia <\/a><\/li>                                                                                                                                                                                                                                                                                                                                                                                                                                                                                                                                                                                                                                                                                                                                                                                                                                                                                                                                                                                                                                                                                                                                                                                                                                                                                                                                                                                                                                                                                                                                                                                                                                                                                                                                                                                                                                                                                                                                                                                                                                                                                                                                                                                                                                                                                                                                                                                                                                                                                                                                                                                                                                                                                                                                                                                                                                                                                                                                                                                                                                                                                                                         <\/ul><\/div>","protected":false},"excerpt":{"rendered":"<p>La compa\u00f1\u00eda de seguros Santa Luc\u00eda lleva casi cien a\u00f1os protegiendo y dando seguridad a todos sus clientes. Naci\u00f3 en A Coru\u00f1a en 1922 y es una de las grandes empresas del sector de seguros. Se considera una compa\u00f1\u00eda moderna, \u00e9tica y socialmente responsable y orgullosa del reconocimiento de las sociedades con las que trabajan,&hellip; <\/p>\n","protected":false},"author":2,"featured_media":0,"parent":801,"menu_order":0,"comment_status":"closed","ping_status":"closed","template":"single.php","meta":{"footnotes":""},"class_list":["post-832","page","type-page","status-publish","hentry"],"yoast_head":"<!-- This site is optimized with the Yoast SEO plugin v27.3 - https:\/\/yoast.com\/product\/yoast-seo-wordpress\/ -->\n<title>Ventajas de los Seguros de Decesos Santa Lucia -<\/title>\n<meta name=\"robots\" content=\"index, follow, max-snippet:-1, max-image-preview:large, max-video-preview:-1\" \/>\n<link rel=\"canonical\" href=\"https:\/\/idecesos.com\/seguros\/companias\/santa-lucia\/ventajas\/\" \/>\n<meta property=\"og:locale\" content=\"es_ES\" \/>\n<meta property=\"og:type\" content=\"article\" \/>\n<meta property=\"og:title\" content=\"Ventajas de los Seguros de Decesos Santa Lucia -\" \/>\n<meta property=\"og:description\" content=\"La compa\u00f1\u00eda de seguros Santa Luc\u00eda lleva casi cien a\u00f1os protegiendo y dando seguridad a todos sus clientes. Naci\u00f3 en A Coru\u00f1a en 1922 y es una de las grandes empresas del sector de seguros. Se considera una compa\u00f1\u00eda moderna, \u00e9tica y socialmente responsable y orgullosa del reconocimiento de las sociedades con las que trabajan,&hellip;\" \/>\n<meta property=\"og:url\" content=\"https:\/\/idecesos.com\/seguros\/companias\/santa-lucia\/ventajas\/\" \/>\n<meta property=\"article:modified_time\" content=\"2022-01-18T11:27:01+00:00\" \/>\n<meta name=\"twitter:card\" content=\"summary_large_image\" \/>\n<meta name=\"twitter:label1\" content=\"Tiempo de lectura\" \/>\n\t<meta name=\"twitter:data1\" content=\"4 minutos\" \/>\n<script type=\"application\/ld+json\" class=\"yoast-schema-graph\">{\"@context\":\"https:\\\/\\\/schema.org\",\"@graph\":[{\"@type\":\"WebPage\",\"@id\":\"https:\\\/\\\/idecesos.com\\\/seguros\\\/companias\\\/santa-lucia\\\/ventajas\\\/\",\"url\":\"https:\\\/\\\/idecesos.com\\\/seguros\\\/companias\\\/santa-lucia\\\/ventajas\\\/\",\"name\":\"Ventajas de los Seguros de Decesos Santa Lucia -\",\"isPartOf\":{\"@id\":\"https:\\\/\\\/idecesos.com\\\/seguros\\\/#website\"},\"datePublished\":\"2021-07-13T14:55:30+00:00\",\"dateModified\":\"2022-01-18T11:27:01+00:00\",\"breadcrumb\":{\"@id\":\"https:\\\/\\\/idecesos.com\\\/seguros\\\/companias\\\/santa-lucia\\\/ventajas\\\/#breadcrumb\"},\"inLanguage\":\"es\",\"potentialAction\":[{\"@type\":\"ReadAction\",\"target\":[\"https:\\\/\\\/idecesos.com\\\/seguros\\\/companias\\\/santa-lucia\\\/ventajas\\\/\"]}]},{\"@type\":\"BreadcrumbList\",\"@id\":\"https:\\\/\\\/idecesos.com\\\/seguros\\\/companias\\\/santa-lucia\\\/ventajas\\\/#breadcrumb\",\"itemListElement\":[{\"@type\":\"ListItem\",\"position\":1,\"name\":\"Portada\",\"item\":\"https:\\\/\\\/idecesos.com\\\/seguros\\\/\"},{\"@type\":\"ListItem\",\"position\":2,\"name\":\"Compa\u00f1\u00edas de Seguros de Decesos en Espa\u00f1a\",\"item\":\"https:\\\/\\\/idecesos.com\\\/seguros\\\/companias\\\/\"},{\"@type\":\"ListItem\",\"position\":3,\"name\":\"Seguro de Decesos Santa Luc\u00eda\",\"item\":\"https:\\\/\\\/idecesos.com\\\/seguros\\\/companias\\\/santa-lucia\\\/\"},{\"@type\":\"ListItem\",\"position\":4,\"name\":\"Ventajas de los Seguros de Decesos Santa Lucia\"}]},{\"@type\":\"WebSite\",\"@id\":\"https:\\\/\\\/idecesos.com\\\/seguros\\\/#website\",\"url\":\"https:\\\/\\\/idecesos.com\\\/seguros\\\/\",\"name\":\"\",\"description\":\"\",\"potentialAction\":[{\"@type\":\"SearchAction\",\"target\":{\"@type\":\"EntryPoint\",\"urlTemplate\":\"https:\\\/\\\/idecesos.com\\\/seguros\\\/?s={search_term_string}\"},\"query-input\":{\"@type\":\"PropertyValueSpecification\",\"valueRequired\":true,\"valueName\":\"search_term_string\"}}],\"inLanguage\":\"es\"}]}<\/script>\n<!-- \/ Yoast SEO plugin. -->","yoast_head_json":{"title":"Ventajas de los Seguros de Decesos Santa Lucia -","robots":{"index":"index","follow":"follow","max-snippet":"max-snippet:-1","max-image-preview":"max-image-preview:large","max-video-preview":"max-video-preview:-1"},"canonical":"https:\/\/idecesos.com\/seguros\/companias\/santa-lucia\/ventajas\/","og_locale":"es_ES","og_type":"article","og_title":"Ventajas de los Seguros de Decesos Santa Lucia -","og_description":"La compa\u00f1\u00eda de seguros Santa Luc\u00eda lleva casi cien a\u00f1os protegiendo y dando seguridad a todos sus clientes. Naci\u00f3 en A Coru\u00f1a en 1922 y es una de las grandes empresas del sector de seguros. Se considera una compa\u00f1\u00eda moderna, \u00e9tica y socialmente responsable y orgullosa del reconocimiento de las sociedades con las que trabajan,&hellip;","og_url":"https:\/\/idecesos.com\/seguros\/companias\/santa-lucia\/ventajas\/","article_modified_time":"2022-01-18T11:27:01+00:00","twitter_card":"summary_large_image","twitter_misc":{"Tiempo de lectura":"4 minutos"},"schema":{"@context":"https:\/\/schema.org","@graph":[{"@type":"WebPage","@id":"https:\/\/idecesos.com\/seguros\/companias\/santa-lucia\/ventajas\/","url":"https:\/\/idecesos.com\/seguros\/companias\/santa-lucia\/ventajas\/","name":"Ventajas de los Seguros de Decesos Santa Lucia -","isPartOf":{"@id":"https:\/\/idecesos.com\/seguros\/#website"},"datePublished":"2021-07-13T14:55:30+00:00","dateModified":"2022-01-18T11:27:01+00:00","breadcrumb":{"@id":"https:\/\/idecesos.com\/seguros\/companias\/santa-lucia\/ventajas\/#breadcrumb"},"inLanguage":"es","potentialAction":[{"@type":"ReadAction","target":["https:\/\/idecesos.com\/seguros\/companias\/santa-lucia\/ventajas\/"]}]},{"@type":"BreadcrumbList","@id":"https:\/\/idecesos.com\/seguros\/companias\/santa-lucia\/ventajas\/#breadcrumb","itemListElement":[{"@type":"ListItem","position":1,"name":"Portada","item":"https:\/\/idecesos.com\/seguros\/"},{"@type":"ListItem","position":2,"name":"Compa\u00f1\u00edas de Seguros de Decesos en Espa\u00f1a","item":"https:\/\/idecesos.com\/seguros\/companias\/"},{"@type":"ListItem","position":3,"name":"Seguro de Decesos Santa Luc\u00eda","item":"https:\/\/idecesos.com\/seguros\/companias\/santa-lucia\/"},{"@type":"ListItem","position":4,"name":"Ventajas de los Seguros de Decesos Santa Lucia"}]},{"@type":"WebSite","@id":"https:\/\/idecesos.com\/seguros\/#website","url":"https:\/\/idecesos.com\/seguros\/","name":"","description":"","potentialAction":[{"@type":"SearchAction","target":{"@type":"EntryPoint","urlTemplate":"https:\/\/idecesos.com\/seguros\/?s={search_term_string}"},"query-input":{"@type":"PropertyValueSpecification","valueRequired":true,"valueName":"search_term_string"}}],"inLanguage":"es"}]}},"_links":{"self":[{"href":"https:\/\/idecesos.com\/seguros\/wp-json\/wp\/v2\/pages\/832","targetHints":{"allow":["GET"]}}],"collection":[{"href":"https:\/\/idecesos.com\/seguros\/wp-json\/wp\/v2\/pages"}],"about":[{"href":"https:\/\/idecesos.com\/seguros\/wp-json\/wp\/v2\/types\/page"}],"author":[{"embeddable":true,"href":"https:\/\/idecesos.com\/seguros\/wp-json\/wp\/v2\/users\/2"}],"replies":[{"embeddable":true,"href":"https:\/\/idecesos.com\/seguros\/wp-json\/wp\/v2\/comments?post=832"}],"version-history":[{"count":9,"href":"https:\/\/idecesos.com\/seguros\/wp-json\/wp\/v2\/pages\/832\/revisions"}],"predecessor-version":[{"id":18845,"href":"https:\/\/idecesos.com\/seguros\/wp-json\/wp\/v2\/pages\/832\/revisions\/18845"}],"up":[{"embeddable":true,"href":"https:\/\/idecesos.com\/seguros\/wp-json\/wp\/v2\/pages\/801"}],"wp:attachment":[{"href":"https:\/\/idecesos.com\/seguros\/wp-json\/wp\/v2\/media?parent=832"}],"curies":[{"name":"wp","href":"https:\/\/api.w.org\/{rel}","templated":true}]}}