{"id":836,"date":"2021-07-13T15:02:51","date_gmt":"2021-07-13T15:02:51","guid":{"rendered":"https:\/\/idecesos.com\/seguros\/?page_id=836"},"modified":"2022-02-22T12:59:34","modified_gmt":"2022-02-22T12:59:34","slug":"coberturas","status":"publish","type":"page","link":"https:\/\/idecesos.com\/seguros\/companias\/santander\/coberturas\/","title":{"rendered":"Coberturas Seguro de Decesos Santander"},"content":{"rendered":"<div id=\"ez-toc-container\" class=\"ez-toc-v2_0_82_2 ez-toc-wrap-center counter-hierarchy ez-toc-counter ez-toc-custom ez-toc-container-direction\">\n<div class=\"ez-toc-title-container\">\n<p class=\"ez-toc-title\" style=\"cursor:inherit\">Tabla de Contenido<\/p>\n<span class=\"ez-toc-title-toggle\"><a href=\"#\" class=\"ez-toc-pull-right ez-toc-btn ez-toc-btn-xs ez-toc-btn-default ez-toc-toggle\" aria-label=\"Alternar tabla de contenidos\"><span class=\"ez-toc-js-icon-con\"><span class=\"\"><span class=\"eztoc-hide\" style=\"display:none;\">Toggle<\/span><span class=\"ez-toc-icon-toggle-span\"><svg style=\"fill: #db6415;color:#db6415\" xmlns=\"http:\/\/www.w3.org\/2000\/svg\" class=\"list-377408\" width=\"20px\" height=\"20px\" viewBox=\"0 0 24 24\" fill=\"none\"><path d=\"M6 6H4v2h2V6zm14 0H8v2h12V6zM4 11h2v2H4v-2zm16 0H8v2h12v-2zM4 16h2v2H4v-2zm16 0H8v2h12v-2z\" fill=\"currentColor\"><\/path><\/svg><svg style=\"fill: #db6415;color:#db6415\" class=\"arrow-unsorted-368013\" xmlns=\"http:\/\/www.w3.org\/2000\/svg\" width=\"10px\" height=\"10px\" viewBox=\"0 0 24 24\" version=\"1.2\" baseProfile=\"tiny\"><path d=\"M18.2 9.3l-6.2-6.3-6.2 6.3c-.2.2-.3.4-.3.7s.1.5.3.7c.2.2.4.3.7.3h11c.3 0 .5-.1.7-.3.2-.2.3-.5.3-.7s-.1-.5-.3-.7zM5.8 14.7l6.2 6.3 6.2-6.3c.2-.2.3-.5.3-.7s-.1-.5-.3-.7c-.2-.2-.4-.3-.7-.3h-11c-.3 0-.5.1-.7.3-.2.2-.3.5-.3.7s.1.5.3.7z\"\/><\/svg><\/span><\/span><\/span><\/a><\/span><\/div>\n<nav><ul class='ez-toc-list ez-toc-list-level-1 ' ><li class='ez-toc-page-1 ez-toc-heading-level-2'><a class=\"ez-toc-link ez-toc-heading-1\" href=\"https:\/\/idecesos.com\/seguros\/companias\/santander\/coberturas\/#Coberturas_del_Seguro_de_Decesos_Banco_Santander\" >Coberturas del Seguro de Decesos Banco Santander<\/a><\/li><li class='ez-toc-page-1 ez-toc-heading-level-2'><a class=\"ez-toc-link ez-toc-heading-2\" href=\"https:\/\/idecesos.com\/seguros\/companias\/santander\/coberturas\/#%C2%BFPor_que_es_importante_contar_con_un_seguro_de_decesos\" >\u00bfPor qu\u00e9 es importante contar con un seguro de decesos?<\/a><\/li><li class='ez-toc-page-1 ez-toc-heading-level-2'><a class=\"ez-toc-link ez-toc-heading-3\" href=\"https:\/\/idecesos.com\/seguros\/companias\/santander\/coberturas\/#%C2%BFCuales_son_las_ventajas_de_contratar_un_seguro_de_decesos_Banco_Santander\" >\u00bfCu\u00e1les son las ventajas de contratar un seguro de decesos Banco Santander?<\/a><\/li><li class='ez-toc-page-1 ez-toc-heading-level-2'><a class=\"ez-toc-link ez-toc-heading-4\" href=\"https:\/\/idecesos.com\/seguros\/companias\/santander\/coberturas\/#Comparador_de_seguros_de_decesos\" >Comparador de seguros de decesos<\/a><ul class='ez-toc-list-level-3' ><li class='ez-toc-heading-level-3'><a class=\"ez-toc-link ez-toc-heading-5\" href=\"https:\/\/idecesos.com\/seguros\/companias\/santander\/coberturas\/#Paginas_relacionadas\" >P\u00e1ginas relacionadas<\/a><\/li><\/ul><\/li><\/ul><\/nav><\/div>\n\n<div class=\"colorf \"  ><div class=\"container clearfix\"><div class=\"col-md-7\"><\/p>\n<p><strong>Banco Santander<\/strong> es una entidad espa\u00f1ola que surgi\u00f3 en 1857. Siendo uno de los bancos referencia a nivel mundial, cuenta actualmente con m\u00e1s de 11.000 oficinas repartidas por todo el mundo.<\/p>\n<p>Al igual que otras entidades bancarias, el Banco Santander tambi\u00e9n nos ofrece una diversa gama de seguros que podemos contratar si somos clientes suyos, adem\u00e1s del Seguro de Decesos nos ofrece seguros de\u00a0<strong>Vida, Hogar, Salud, Coches y Motos.<\/strong><\/p>\n<p>E<strong>l Banco Santander adem\u00e1s firm\u00f3 en 2019 un hist\u00f3rico acuerdo con Mapfre.<\/strong> Su alianza \u00a0les permiti\u00f3 ofrecer una gama m\u00e1s variada de seguros de coche, aut\u00f3nomos y empresas. Tambi\u00e9n se adquiri\u00f3 mas conocimiento y recursos en el mundo de los seguros.<\/p>\n<p>Algo caracter\u00edstico del Seguro de Decesos del Banco Santander es que no ofrece diversas modalidades de primas, en este caso concreto <strong>la prima es siempre \u00fanica<\/strong><strong>.<\/strong><\/p>\n<p>Adem\u00e1s, <strong>ofrecen un sistema de gesti\u00f3n de nuestros seguros contratados f\u00e1cil, r\u00e1pida y de manera digital.<\/strong> De esta forma podremos solucionar problemas con nuestros seguros desde cualquier parte y cualquier hora.<\/p>\n<p>En este art\u00edculo, conocer\u00e1s cu\u00e1les son sus coberturas, sus caracter\u00edsticas y por qu\u00e9 es importante contratar un seguro de decesos.<\/p>\n<p><\/div><\/div><\/div>\n<h2><span class=\"ez-toc-section\" id=\"Coberturas_del_Seguro_de_Decesos_Banco_Santander\"><\/span><strong>Coberturas del Seguro de Decesos Banco Santander<\/strong><span class=\"ez-toc-section-end\"><\/span><\/h2>\n<p>El seguro de decesos Banco Santander a <strong>Prima \u00danica<\/strong> est\u00e1 dise\u00f1ado para garantizar tu tranquilidad y la de tu familia ofreci\u00e9ndote las mejores coberturas.<\/p>\n<p>En el mercado de los seguros de decesos, podemos encontrar <strong>diferentes variedades de modalidades y de coberturas<\/strong>. Eso no significar\u00e1 que nos estemos encontrando con compa\u00f1\u00edas buenas o malas. Cada una de ellas tendr\u00e1 sus condiciones para que cada cliente se adapte a ellas.<\/p>\n<p>Cuando fallece un ser querido o un familiar, muchas familias tienen que <strong>hacer frente a costes elevados<\/strong> y a numerosos tr\u00e1mites si el Asegurado no ten\u00eda un seguro de decesos en cuesti\u00f3n.<\/p>\n<p>Con el seguro de decesos Banco Santander no tendr\u00e1s que preocuparte por nada y estar\u00e1s cubierto y asegurado <strong>antes del fallecimiento, durante y despu\u00e9s.<\/strong><\/p>\n<p>Este es un resumen en el que se pueden ver todas las coberturas que ofrece el seguro de decesos de la entidad bancaria.<\/p>\n<p><strong>Servicios Funerarios\u00a0<\/strong><\/p>\n<ul>\n<li><strong>Ser\u00e1 especificado en el momento de realizar el servicio<\/strong><\/li>\n<li><strong>Cubierta la inhumaci\u00f3n, con o sin unidad de enterramiento\u00a0<\/strong><\/li>\n<li><strong>Cubierta la incineraci\u00f3n\u00a0<\/strong><\/li>\n<li><strong>Se contemplan gastos extraordinarios como temas judiciales<\/strong><\/li>\n<li><strong>Plan de Asistencia Familiar con un gestor personal del Banco\u00a0<\/strong><b>Santander\u00a0<\/b><\/li>\n<\/ul>\n<p><strong>Traslado Nacional<\/strong><\/p>\n<ul>\n<li><strong>Garantizado el coste total del transporte del asegurado en Espa\u00f1a<\/strong><\/li>\n<li><strong>Gastos de transporte del acompa\u00f1ante del fallecido incluidos<\/strong><\/li>\n<\/ul>\n<p><strong>Traslado Internacional<\/strong><\/p>\n<ul>\n<li><strong>Garantizado el coste total del tranposrte internacional del asegurado<\/strong><\/li>\n<li><strong>Gastos de transporte internacional del acompa\u00f1ante del fallecido incluidos<\/strong><\/li>\n<\/ul>\n<p><strong>Asistencia Jur\u00eddica\u00a0<\/strong><\/p>\n<ul>\n<li><strong>Gastos de elaboraci\u00f3n del Testamento Notarial<\/strong><\/li>\n<li><strong>Asesoramientos jur\u00eddicos y extrajudiciales sobre las cuestiones relacionadas con el fallecimiento.<\/strong><\/li>\n<li><strong>Gestiones burocr\u00e1ticas a realizar despu\u00e9s del fallecimiento<\/strong><\/li>\n<li><strong>Gesti\u00f3n especializada en acabar con Vida Digital del fallecido<\/strong><\/li>\n<\/ul>\n<p><strong>Asistencia psicol\u00f3gica\u00a0<\/strong><\/p>\n<ul>\n<li><strong>Asistencia a la familia en el momento y lugar del fallecimiento<\/strong><\/li>\n<li><strong>Sesiones de consulta sobre temas\u00a0<\/strong><b>psicol\u00f3gicos a los familiares<\/b><\/li>\n<\/ul>\n<p>Hay que recordar que todas las coberturas citadas anteriormente son <strong>\u00fanicamente aplicables en Espa\u00f1a.<\/strong> Exepto, claro est\u00e1, <strong>el Servicio de Transporte Internacional, que es aplicable en cualquier pa\u00eds del mundo.<\/strong><\/p>\n<div class=\"colorf \"  ><div class=\"container clearfix\"><div class=\"col-md-7\"><\/p>\n<h2><span class=\"ez-toc-section\" id=\"%C2%BFPor_que_es_importante_contar_con_un_seguro_de_decesos\"><\/span>\u00bfPor qu\u00e9 es importante contar con un seguro de decesos?<span class=\"ez-toc-section-end\"><\/span><\/h2>\n<p>Gracias a los seguros de decesos, no solo t\u00fa estar\u00e1s m\u00e1s tranquilo. Tambi\u00e9n lo estar\u00e1 tu familia al saber que no <strong>habr\u00e1 que a\u00f1adir costes econ\u00f3micos<\/strong> al dolor emocional a\u00f1adido tras la defunci\u00f3n de un ser querido.<\/p>\n<p>Adem\u00e1s, con los <strong>seguros de decesos de Banco Santander<\/strong>, sabr\u00e1s que todo estar\u00e1 controlado en todo momento al haberse realizado el pago de una sola vez, o lo que se conoce como <strong>Prima \u00danica.<\/strong><\/p>\n<p>Con el seguro de decesos Banco Santander el coste del servicio funerario estar\u00e1 asumido. Adem\u00e1s, en la aseguradora, el asegurado podr\u00e1 elegir tanto si prefiere <strong>la incineraci\u00f3n, exhumaci\u00f3n, o si prefieres nicho o sepultura.<\/strong> Tambi\u00e9n es este caso tendr\u00edas garantizado una posible traslado internacional sin coste adicional alguno.<\/p>\n<p>No obstante y por si fuera poco, tus familiares contar\u00e1n con la ayuda de un Gestor Personal a trav\u00e9s de su Plan de Asistencia Familiar para la <strong>realizaci\u00f3n y agilizaci\u00f3n de los tr\u00e1mites burocr\u00e1ticos.<\/strong><\/p>\n<p><\/div><\/div><\/div>\n<h2><span class=\"ez-toc-section\" id=\"%C2%BFCuales_son_las_ventajas_de_contratar_un_seguro_de_decesos_Banco_Santander\"><\/span>\u00bfCu\u00e1les son las ventajas de contratar un seguro de decesos Banco Santander?<span class=\"ez-toc-section-end\"><\/span><\/h2>\n<p>Son muchas las ventajas que los clientes pueden obtener tras la contrataci\u00f3n de los seguros de decesos Banco Santander. En primer lugar, es un tipo de seguro a<strong> Prima \u00fanica<\/strong> en el que con la realizaci\u00f3n de un solo pago, todo el servicio f\u00fanebre quedar\u00e1 cubierto para que no tengas que preocuparte por nada.<\/p>\n<p>El Banco Santander elogia la<strong> calidad de su servicio y \u00a0la ayuda prestada<\/strong> en el momento de la defunci\u00f3n de un ser querido.<\/p>\n<p>Sin embargo, podemos nombrar otras ventajas de las que puedes beneficiarte:<\/p>\n<ul>\n<li><strong>Tranquilidad<\/strong> al saber que lo dejas todo atado.<\/li>\n<li><strong>P\u00f3liza familiar:<\/strong> puedes incluir a todos los miembros de tu misma unidad familiar en una p\u00f3liza. (7 por p\u00f3liza).<\/li>\n<li><strong>Contrataci\u00f3n f\u00e1cil y sencilla.<\/strong><\/li>\n<li><strong>Prima \u00fanica y sin sobresaltos.<\/strong><\/li>\n<li><strong>Buena relaci\u00f3n calidad\/precio.<\/strong><\/li>\n<li><strong>Cobertura los 365 d\u00edas al a\u00f1o, las 24 horas.<\/strong><\/li>\n<li><strong>Personalizaci\u00f3n del servicio funerario contratado.<\/strong><\/li>\n<\/ul>\n<p>Para contratar un Seguro de Decesos de Banco Santander se deben cumplir unos requisitos. <strong>El tomador del seguro debe ser mayor de 18 a\u00f1os, y algo importante, debe ser cliente del Banco Santander.<\/strong> Por otra parte, el asegurado debe superar los 65 a\u00f1os de edad y<strong> por el contrario, no tiene que ser un cliente de la entidad bancaria.<\/strong><\/p>\n<div class=\"colorf \"  ><div class=\"container clearfix\"><div class=\"col-md-7\"><\/p>\n<h2><span class=\"ez-toc-section\" id=\"Comparador_de_seguros_de_decesos\"><\/span>Comparador de seguros de decesos<span class=\"ez-toc-section-end\"><\/span><\/h2>\n<p>En internet podemos encontrar <strong>muchos comparadores de seguros<\/strong>. Es una de las formas m\u00e1s r\u00e1pidas y sencillas de encontrar el mejor seguro de decesos adaptado a ti. Con tan solo rellenar los datos, tendr\u00e1s acceso a un listado con las mejores aseguradoras del mercado.<\/p>\n<p><strong>En iDecesos somos l\u00edderes en comparadores de seguros de decesos,<\/strong> podr\u00e1s encontrar tu mejor seguro y al mejor precio garantizado en tan solo unos instantes.<\/p>\n<p>Adem\u00e1s, contamos con un tel\u00e9fono de asistencia <strong>951 127 403<\/strong> donde te atenderemos de manera personalizada para resolver todas tus dudas.<\/p>\n<p><\/div><\/div><\/div>\n<h3><span class=\"ez-toc-section\" id=\"Paginas_relacionadas\"><\/span>P\u00e1ginas relacionadas<span class=\"ez-toc-section-end\"><\/span><\/h3><div class=\"enlazado\"><ul> <li><a href=\"https:\/\/idecesos.com\/seguros\/companias\/santander\/coberturas\/\">Coberturas Santander<\/a><\/li> <li><a href=\"https:\/\/idecesos.com\/seguros\/companias\/santander\/opiniones\/\">Opiniones Santander<\/a><\/li> <li><a href=\"https:\/\/idecesos.com\/seguros\/companias\/santander\/precio\/\">Precio seguro Santander<\/a><\/li> <li><a href=\"https:\/\/idecesos.com\/seguros\/companias\/santander\/prima-mixta\/\">Santander Prima Mixta<\/a><\/li> <li><a href=\"https:\/\/idecesos.com\/seguros\/companias\/santander\/prima-natural\/\">Santander Prima Natural<\/a><\/li> <li><a href=\"https:\/\/idecesos.com\/seguros\/companias\/santander\/prima-nivelada\/\">Santander Prima Nivelada<\/a><\/li> <li><a href=\"https:\/\/idecesos.com\/seguros\/companias\/santander\/prima-unica\/\">Santander Prima \u00danica<\/a><\/li> <li><a href=\"https:\/\/idecesos.com\/seguros\/companias\/santander\/repatriacion\/\">Santander Repatriaci\u00f3n<\/a><\/li> <li><a href=\"https:\/\/idecesos.com\/seguros\/companias\/santander\/telefono\/\">Tel\u00e9fono Gratuito Santander<\/a><\/li>                                                                                                                                                                                                                                                                                                                                                                                                                                                                                                                                                                                                                                                                                                                                                                                                                                                                                                                                                                                                                                                                                                                                                                                                                                                                                                                                                                                                                                                                                                                                                                                                                                                                                                                                                                                                                                                                                                                                                                                                                                                                                                                                                                                                                                                                                                                                                                                                                                                                                                                                                                                                                                                                                                                                                                                                                                                                                                                                                                                                                                                                                                                             <\/ul><\/div>\n","protected":false},"excerpt":{"rendered":"<p>Coberturas del Seguro de Decesos Banco Santander El seguro de decesos Banco Santander a Prima \u00danica est\u00e1 dise\u00f1ado para garantizar tu tranquilidad y la de tu familia ofreci\u00e9ndote las mejores coberturas. En el mercado de los seguros de decesos, podemos encontrar diferentes variedades de modalidades y de coberturas. Eso no significar\u00e1 que nos estemos encontrando&hellip; <\/p>\n","protected":false},"author":2,"featured_media":0,"parent":834,"menu_order":0,"comment_status":"open","ping_status":"closed","template":"single.php","meta":{"footnotes":""},"class_list":["post-836","page","type-page","status-publish","hentry"],"yoast_head":"<!-- This site is optimized with the Yoast SEO plugin v27.3 - https:\/\/yoast.com\/product\/yoast-seo-wordpress\/ -->\n<title>Coberturas Seguro de Decesos Santander | Gu\u00eda 2026<\/title>\n<meta name=\"description\" content=\"Consulta gratis las coberturas y servicios del Seguro de Decesos Santander Informaci\u00f3n actualizada en 2026. Coberturas verificadas por iDecesos.\" \/>\n<meta name=\"robots\" content=\"index, follow, max-snippet:-1, max-image-preview:large, max-video-preview:-1\" \/>\n<link rel=\"canonical\" href=\"https:\/\/idecesos.com\/seguros\/companias\/santander\/coberturas\/\" \/>\n<meta property=\"og:locale\" content=\"es_ES\" \/>\n<meta property=\"og:type\" content=\"article\" \/>\n<meta property=\"og:title\" content=\"Coberturas Seguro de Decesos Santander | Gu\u00eda 2026\" \/>\n<meta property=\"og:description\" content=\"Consulta gratis las coberturas y servicios del Seguro de Decesos Santander Informaci\u00f3n actualizada en 2026. Coberturas verificadas por iDecesos.\" \/>\n<meta property=\"og:url\" content=\"https:\/\/idecesos.com\/seguros\/companias\/santander\/coberturas\/\" \/>\n<meta property=\"article:modified_time\" content=\"2022-02-22T12:59:34+00:00\" \/>\n<meta name=\"twitter:card\" content=\"summary_large_image\" \/>\n<meta name=\"twitter:label1\" content=\"Tiempo de lectura\" \/>\n\t<meta name=\"twitter:data1\" content=\"5 minutos\" \/>\n<script type=\"application\/ld+json\" class=\"yoast-schema-graph\">{\"@context\":\"https:\\\/\\\/schema.org\",\"@graph\":[{\"@type\":\"WebPage\",\"@id\":\"https:\\\/\\\/idecesos.com\\\/seguros\\\/companias\\\/santander\\\/coberturas\\\/\",\"url\":\"https:\\\/\\\/idecesos.com\\\/seguros\\\/companias\\\/santander\\\/coberturas\\\/\",\"name\":\"Coberturas Seguro de Decesos Santander | Gu\u00eda 2026\",\"isPartOf\":{\"@id\":\"https:\\\/\\\/idecesos.com\\\/seguros\\\/#website\"},\"datePublished\":\"2021-07-13T15:02:51+00:00\",\"dateModified\":\"2022-02-22T12:59:34+00:00\",\"description\":\"Consulta gratis las coberturas y servicios del Seguro de Decesos Santander Informaci\u00f3n actualizada en 2026. Coberturas verificadas por iDecesos.\",\"breadcrumb\":{\"@id\":\"https:\\\/\\\/idecesos.com\\\/seguros\\\/companias\\\/santander\\\/coberturas\\\/#breadcrumb\"},\"inLanguage\":\"es\",\"potentialAction\":[{\"@type\":\"ReadAction\",\"target\":[\"https:\\\/\\\/idecesos.com\\\/seguros\\\/companias\\\/santander\\\/coberturas\\\/\"]}]},{\"@type\":\"BreadcrumbList\",\"@id\":\"https:\\\/\\\/idecesos.com\\\/seguros\\\/companias\\\/santander\\\/coberturas\\\/#breadcrumb\",\"itemListElement\":[{\"@type\":\"ListItem\",\"position\":1,\"name\":\"Portada\",\"item\":\"https:\\\/\\\/idecesos.com\\\/seguros\\\/\"},{\"@type\":\"ListItem\",\"position\":2,\"name\":\"Compa\u00f1\u00edas de Seguros de Decesos en Espa\u00f1a\",\"item\":\"https:\\\/\\\/idecesos.com\\\/seguros\\\/companias\\\/\"},{\"@type\":\"ListItem\",\"position\":3,\"name\":\"Seguro de decesos Santander\",\"item\":\"https:\\\/\\\/idecesos.com\\\/seguros\\\/companias\\\/santander\\\/\"},{\"@type\":\"ListItem\",\"position\":4,\"name\":\"Coberturas Seguro de Decesos Santander\"}]},{\"@type\":\"WebSite\",\"@id\":\"https:\\\/\\\/idecesos.com\\\/seguros\\\/#website\",\"url\":\"https:\\\/\\\/idecesos.com\\\/seguros\\\/\",\"name\":\"\",\"description\":\"\",\"potentialAction\":[{\"@type\":\"SearchAction\",\"target\":{\"@type\":\"EntryPoint\",\"urlTemplate\":\"https:\\\/\\\/idecesos.com\\\/seguros\\\/?s={search_term_string}\"},\"query-input\":{\"@type\":\"PropertyValueSpecification\",\"valueRequired\":true,\"valueName\":\"search_term_string\"}}],\"inLanguage\":\"es\"}]}<\/script>\n<!-- \/ Yoast SEO plugin. -->","yoast_head_json":{"title":"Coberturas Seguro de Decesos Santander | Gu\u00eda 2026","description":"Consulta gratis las coberturas y servicios del Seguro de Decesos Santander Informaci\u00f3n actualizada en 2026. Coberturas verificadas por iDecesos.","robots":{"index":"index","follow":"follow","max-snippet":"max-snippet:-1","max-image-preview":"max-image-preview:large","max-video-preview":"max-video-preview:-1"},"canonical":"https:\/\/idecesos.com\/seguros\/companias\/santander\/coberturas\/","og_locale":"es_ES","og_type":"article","og_title":"Coberturas Seguro de Decesos Santander | Gu\u00eda 2026","og_description":"Consulta gratis las coberturas y servicios del Seguro de Decesos Santander Informaci\u00f3n actualizada en 2026. Coberturas verificadas por iDecesos.","og_url":"https:\/\/idecesos.com\/seguros\/companias\/santander\/coberturas\/","article_modified_time":"2022-02-22T12:59:34+00:00","twitter_card":"summary_large_image","twitter_misc":{"Tiempo de lectura":"5 minutos"},"schema":{"@context":"https:\/\/schema.org","@graph":[{"@type":"WebPage","@id":"https:\/\/idecesos.com\/seguros\/companias\/santander\/coberturas\/","url":"https:\/\/idecesos.com\/seguros\/companias\/santander\/coberturas\/","name":"Coberturas Seguro de Decesos Santander | Gu\u00eda 2026","isPartOf":{"@id":"https:\/\/idecesos.com\/seguros\/#website"},"datePublished":"2021-07-13T15:02:51+00:00","dateModified":"2022-02-22T12:59:34+00:00","description":"Consulta gratis las coberturas y servicios del Seguro de Decesos Santander Informaci\u00f3n actualizada en 2026. Coberturas verificadas por iDecesos.","breadcrumb":{"@id":"https:\/\/idecesos.com\/seguros\/companias\/santander\/coberturas\/#breadcrumb"},"inLanguage":"es","potentialAction":[{"@type":"ReadAction","target":["https:\/\/idecesos.com\/seguros\/companias\/santander\/coberturas\/"]}]},{"@type":"BreadcrumbList","@id":"https:\/\/idecesos.com\/seguros\/companias\/santander\/coberturas\/#breadcrumb","itemListElement":[{"@type":"ListItem","position":1,"name":"Portada","item":"https:\/\/idecesos.com\/seguros\/"},{"@type":"ListItem","position":2,"name":"Compa\u00f1\u00edas de Seguros de Decesos en Espa\u00f1a","item":"https:\/\/idecesos.com\/seguros\/companias\/"},{"@type":"ListItem","position":3,"name":"Seguro de decesos Santander","item":"https:\/\/idecesos.com\/seguros\/companias\/santander\/"},{"@type":"ListItem","position":4,"name":"Coberturas Seguro de Decesos Santander"}]},{"@type":"WebSite","@id":"https:\/\/idecesos.com\/seguros\/#website","url":"https:\/\/idecesos.com\/seguros\/","name":"","description":"","potentialAction":[{"@type":"SearchAction","target":{"@type":"EntryPoint","urlTemplate":"https:\/\/idecesos.com\/seguros\/?s={search_term_string}"},"query-input":{"@type":"PropertyValueSpecification","valueRequired":true,"valueName":"search_term_string"}}],"inLanguage":"es"}]}},"_links":{"self":[{"href":"https:\/\/idecesos.com\/seguros\/wp-json\/wp\/v2\/pages\/836","targetHints":{"allow":["GET"]}}],"collection":[{"href":"https:\/\/idecesos.com\/seguros\/wp-json\/wp\/v2\/pages"}],"about":[{"href":"https:\/\/idecesos.com\/seguros\/wp-json\/wp\/v2\/types\/page"}],"author":[{"embeddable":true,"href":"https:\/\/idecesos.com\/seguros\/wp-json\/wp\/v2\/users\/2"}],"replies":[{"embeddable":true,"href":"https:\/\/idecesos.com\/seguros\/wp-json\/wp\/v2\/comments?post=836"}],"version-history":[{"count":14,"href":"https:\/\/idecesos.com\/seguros\/wp-json\/wp\/v2\/pages\/836\/revisions"}],"predecessor-version":[{"id":19828,"href":"https:\/\/idecesos.com\/seguros\/wp-json\/wp\/v2\/pages\/836\/revisions\/19828"}],"up":[{"embeddable":true,"href":"https:\/\/idecesos.com\/seguros\/wp-json\/wp\/v2\/pages\/834"}],"wp:attachment":[{"href":"https:\/\/idecesos.com\/seguros\/wp-json\/wp\/v2\/media?parent=836"}],"curies":[{"name":"wp","href":"https:\/\/api.w.org\/{rel}","templated":true}]}}