{"id":8428,"date":"2021-09-22T22:28:27","date_gmt":"2021-09-22T22:27:36","guid":{"rendered":"https:\/\/idecesos.com\/seguros\/companias\/preventiva\/guipuzcoa\/"},"modified":"2021-09-22T22:28:27","modified_gmt":"2021-09-22T22:28:27","slug":"guipuzcoa","status":"publish","type":"page","link":"https:\/\/idecesos.com\/seguros\/companias\/preventiva\/guipuzcoa\/","title":{"rendered":"Oficinas seguros de decesos Preventiva en Guip\u00fazcoa"},"content":{"rendered":"<div id=\"ez-toc-container\" class=\"ez-toc-v2_0_82_2 ez-toc-wrap-center counter-hierarchy ez-toc-counter ez-toc-custom ez-toc-container-direction\">\n<div class=\"ez-toc-title-container\">\n<p class=\"ez-toc-title\" style=\"cursor:inherit\">Tabla de Contenido<\/p>\n<span class=\"ez-toc-title-toggle\"><a href=\"#\" class=\"ez-toc-pull-right ez-toc-btn ez-toc-btn-xs ez-toc-btn-default ez-toc-toggle\" aria-label=\"Alternar tabla de contenidos\"><span class=\"ez-toc-js-icon-con\"><span class=\"\"><span class=\"eztoc-hide\" style=\"display:none;\">Toggle<\/span><span class=\"ez-toc-icon-toggle-span\"><svg style=\"fill: #db6415;color:#db6415\" xmlns=\"http:\/\/www.w3.org\/2000\/svg\" class=\"list-377408\" width=\"20px\" height=\"20px\" viewBox=\"0 0 24 24\" fill=\"none\"><path d=\"M6 6H4v2h2V6zm14 0H8v2h12V6zM4 11h2v2H4v-2zm16 0H8v2h12v-2zM4 16h2v2H4v-2zm16 0H8v2h12v-2z\" fill=\"currentColor\"><\/path><\/svg><svg style=\"fill: #db6415;color:#db6415\" class=\"arrow-unsorted-368013\" xmlns=\"http:\/\/www.w3.org\/2000\/svg\" width=\"10px\" height=\"10px\" viewBox=\"0 0 24 24\" version=\"1.2\" baseProfile=\"tiny\"><path d=\"M18.2 9.3l-6.2-6.3-6.2 6.3c-.2.2-.3.4-.3.7s.1.5.3.7c.2.2.4.3.7.3h11c.3 0 .5-.1.7-.3.2-.2.3-.5.3-.7s-.1-.5-.3-.7zM5.8 14.7l6.2 6.3 6.2-6.3c.2-.2.3-.5.3-.7s-.1-.5-.3-.7c-.2-.2-.4-.3-.7-.3h-11c-.3 0-.5.1-.7.3-.2.2-.3.5-.3.7s.1.5.3.7z\"\/><\/svg><\/span><\/span><\/span><\/a><\/span><\/div>\n<nav><ul class='ez-toc-list ez-toc-list-level-1 ' ><li class='ez-toc-page-1 ez-toc-heading-level-2'><a class=\"ez-toc-link ez-toc-heading-1\" href=\"https:\/\/idecesos.com\/seguros\/companias\/preventiva\/guipuzcoa\/#Seguro_de_decesos_Preventiva_en_Guipuzcoa\" >Seguro de decesos Preventiva en Guip\u00fazcoa<\/a><\/li><li class='ez-toc-page-1 ez-toc-heading-level-2'><a class=\"ez-toc-link ez-toc-heading-2\" href=\"https:\/\/idecesos.com\/seguros\/companias\/preventiva\/guipuzcoa\/#Mapa_de_sucursales_de_seguros_Preventiva_en_Guipuzcoa\" >Mapa de sucursales de seguros Preventiva en Guip\u00fazcoa<\/a><\/li><li class='ez-toc-page-1 ez-toc-heading-level-2'><a class=\"ez-toc-link ez-toc-heading-3\" href=\"https:\/\/idecesos.com\/seguros\/companias\/preventiva\/guipuzcoa\/#Listado_de_agencias_Preventiva_en_Guipuzcoa\" >Listado de agencias Preventiva en Guip\u00fazcoa<\/a><\/li><li class='ez-toc-page-1 ez-toc-heading-level-2'><a class=\"ez-toc-link ez-toc-heading-4\" href=\"https:\/\/idecesos.com\/seguros\/companias\/preventiva\/guipuzcoa\/#Agencias_de_seguros_de_decesos_en_Guipuzcoa\" >Agencias de seguros de decesos en Guip\u00fazcoa<\/a><ul class='ez-toc-list-level-3' ><li class='ez-toc-heading-level-3'><a class=\"ez-toc-link ez-toc-heading-5\" href=\"https:\/\/idecesos.com\/seguros\/companias\/preventiva\/guipuzcoa\/#Listado_de_oficinas_Preventiva_en_Espana\" >Listado de oficinas Preventiva en Espa\u00f1a<\/a><\/li><\/ul><\/li><\/ul><\/nav><\/div>\n\n<p><a href=\"https:\/\/idecesos.com\/seguros\/companias\/preventiva\/\"><img decoding=\"async\" class=\" alignleft\" src=\"https:\/\/idecesos.com\/seguros\/wp-content\/uploads\/2021\/09\/preventiva-logo.png\" alt=\"Seguro de decesos Preventiva\" width=\"336\" height=\"103\" \/><\/a>Existen diferentes <strong>oficinas de Preventiva en Guip\u00fazcoa<\/strong> ponemos a tu alcance la que mejor se adapte a las carencias que surjan o dudas de su p\u00f3liza contratada. Cada sucursal tiene un horario diferente en todos y cada temporada del a\u00f1o. Es esencial contar con una sucursal de empresa de seguros, donde nos den verosimilitud, que cuenten con una atenci\u00f3n personal, contando que se halle dentro de una localizaci\u00f3n. <\/p>\n<p>Optamos por lo vers\u00e1til que resulta la <strong>b\u00fasqueda de oficinas de Preventiva en Guip\u00fazcoa<\/strong> tratasen todos los problemas que puedas ocurrir quedando resuelto sin ning\u00fan inconveniente de forma inmediata. Dando calidad al servicio cerca de ti en cualquier momento. Requiriendo este servicio de manera m\u00e1s eficiente y oportuna, siendo pertinente en cualquier circunstancia, sobre el trascurso de la compa\u00f1\u00eda, podr\u00e1n administrar la parte complicada sobre tu p\u00f3liza. <\/p>\n<p>Visita nuestra p\u00e1gina de <a href=\"https:\/\/idecesos.com\/seguros\/companias\/preventiva\/\">seguros de decesos Preventiva<\/a> para m\u00e1s informaci\u00f3n.<br \/>\n<div class=\"colorf \"  ><div class=\"container clearfix\"><div class=\"col-md-7\"><\/p>\n<h2><span class=\"ez-toc-section\" id=\"Seguro_de_decesos_Preventiva_en_Guipuzcoa\"><\/span>Seguro de decesos Preventiva en Guip\u00fazcoa<span class=\"ez-toc-section-end\"><\/span><\/h2>\n<p>Nos diferenciamos de las diferentes compa\u00f1\u00edas de seguros, contando con las diferentes aseguradoras de <a href=\"https:\/\/idecesos.com\/seguros\/ciudades\/guipuzcoa\/\"><strong>seguro decesos de Guip\u00fazcoa<\/strong><\/a>. De manera sin coste accede a tu presupuesto. Rara vez se han presentado la oportunidad de poder conocer tu presupuesto, cuentas con la gratuidad en todo momento. Sin necesidad de efectuar ning\u00fan tramite para lograrlo. <\/p>\n<p>Aparte de asegurarte y cubrir tus servicios m\u00e1s esenciales,<strong> te facilitamos que en Guip\u00fazcoa<\/strong> se adapten a ti, d\u00e1ndote la mejor calidad. Ahorras tiempo y inconvenientes, con la soluci\u00f3n que hemos amoldado a ti donde conseguir\u00e1s obtener tu cita al momento. \u00bfDudas de Preventiva? te la resolvemos al momento. Respecto a las distintas cuestiones, te traemos las respuestas a todas , recopiladas solamente para ti. <strong>M\u00e1s simple no te lo hemos podido poner<\/strong>, con este formulario conseguir\u00e1s tu cita o bien presupuesto, seg\u00fan lo que necesites. Sin necesidad de muchos tramites, darte la soluci\u00f3n no nos cuesta nada. <\/p>\n<p><\/div><\/div><\/div>\n\t\t<hr class=\"separador\">\n\t\t<div class=\"bloque-accion\">\n\t\t<p class=\"txt-accion\">Calcula el precio de tu seguro de decesos en menos de 1 minuto<\/p>\n\t\t<a class=\"btn-accion\" href=\"https:\/\/idecesos.com\/\">CALCULAR<\/a>\n\t\t<\/div>\n\t\t<hr class=\"separador\">\n\t\t<\/p>\n<h2><span class=\"ez-toc-section\" id=\"Mapa_de_sucursales_de_seguros_Preventiva_en_Guipuzcoa\"><\/span>Mapa de sucursales de seguros Preventiva en Guip\u00fazcoa<span class=\"ez-toc-section-end\"><\/span><\/h2>\n<p>Como puedes observar cuentas con un localizador de sucursales de Preventiva en Guip\u00fazcoa con toda la informaci\u00f3n precisa , incluyendo as\u00ed un mapa por cada Preventiva en Guip\u00fazcoa. Nos gusta solventar problemas de manera eficaz, danto en todo instante resultado en tu b\u00fasqueda. haciendo m\u00e1s entretenido el desarrollo de buscar. En menos de instante lo vas a tener a toda tu predisposici\u00f3n. Para una mejor ayuda o dudas, siempre y en todo momento cuestionamos cuales son las mejores alternativas a tu soluci\u00f3n. <\/p>\n<p><iframe class=\"page-generator-pro-map\" width=\"100%\" height=\"400\" frameborder=\"0\" style=\"border:0\" src=\"https:\/\/www.google.com\/maps\/embed\/v1\/place?q=Kolon+Pasealekua%2C+8%2C+20002+Donostia%2C+Gipuzkoa%2C+Espa%C3%B1a&#038;zoom=14&#038;maptype=roadmap&#038;key=AIzaSyCNTEOso0tZG6YMSJFoaJEY5Th1stEWrJI\" allowfullscreen><\/iframe><\/p>\n<p>&nbsp;<br \/>\n<div class=\"colorf\"><div class=\"container clearfix\"><div class=\"col-md-7\"><div class=\"empresas\"><\/p>\n<h2><span class=\"ez-toc-section\" id=\"Listado_de_agencias_Preventiva_en_Guipuzcoa\"><\/span>Listado de agencias Preventiva en Guip\u00fazcoa<span class=\"ez-toc-section-end\"><\/span><\/h2>\n<ul>\n<li><strong>Preventiva Seguros San Sebasti\u00e1n, Espa\u00f1a:<\/strong> Kolon Pasealekua, 8, 20002 Donostia, Gipuzkoa, Espa\u00f1a<\/li>\n<\/ul>\n<\/div><\/div><\/div><\/div>\n<h2><span class=\"ez-toc-section\" id=\"Agencias_de_seguros_de_decesos_en_Guipuzcoa\"><\/span>Agencias de seguros de decesos en Guip\u00fazcoa<span class=\"ez-toc-section-end\"><\/span><\/h2>\n<p>Con este cat\u00e1logo podr\u00e1s observar las diferentes opciones alternativas de empresas de seguros de <strong>decesos que encontraras en Guip\u00fazcoa<\/strong> consiguiendo todos y cada uno de los datos precisos a tu necesidad. Llev\u00e1ndolo acabo de una forma m\u00e1s \u00fatil. Te resultara tan \u00fatil que no vas a poder cre\u00e9rtelo, y lo funcional que resulta, donde ver\u00e1s toda la informaci\u00f3n valiosa al respecto. Teniendo una psique claro, descubres que lo tienes a tu predisposici\u00f3n en cualquier momento que m\u00e1s lo tengas que emplear. Siempre y en todo momento pensando en hacerte la busca m\u00e1s simple. Conocer\u00e1s las distintas compa\u00f1\u00edas que se sit\u00faen en tu zona. <\/p>\n<!-- Shortcode [preventiva] does not exist -->\n<div class=\"colorf\"><div class=\"container clearfix\"><div class=\"col-md-7\"><div class=\"empresas\">\n<h3><span class=\"ez-toc-section\" id=\"Listado_de_oficinas_Preventiva_en_Espana\"><\/span>Listado de oficinas Preventiva en Espa\u00f1a<span class=\"ez-toc-section-end\"><\/span><\/h3>\n<div class=\"enlazado\"><ul><li><a href=\"https:\/\/idecesos.com\/seguros\/companias\/preventiva\/coberturas\/\"><span>Coberturas Seguro de Decesos Preventiva<\/span><\/a><\/li><li><a href=\"https:\/\/idecesos.com\/seguros\/companias\/preventiva\/burgos\/\"><span>Oficinas seguros de decesos Preventiva en Burgos<\/span><\/a><\/li><li><a href=\"https:\/\/idecesos.com\/seguros\/companias\/preventiva\/cantabria\/\"><span>Oficinas seguros de decesos Preventiva en Cantabria<\/span><\/a><\/li><li><a href=\"https:\/\/idecesos.com\/seguros\/companias\/preventiva\/ciudad-real\/\"><span>Oficinas seguros de decesos Preventiva en Ciudad Real<\/span><\/a><\/li><li><a href=\"https:\/\/idecesos.com\/seguros\/companias\/preventiva\/cordoba\/\"><span>Oficinas seguros de decesos Preventiva en C\u00f3rdoba<\/span><\/a><\/li><li><a href=\"https:\/\/idecesos.com\/seguros\/companias\/preventiva\/huelva\/\"><span>Oficinas seguros de decesos Preventiva en Huelva<\/span><\/a><\/li><li><a href=\"https:\/\/idecesos.com\/seguros\/companias\/preventiva\/la-rioja\/\"><span>Oficinas seguros de decesos Preventiva en La Rioja<\/span><\/a><\/li><li><a href=\"https:\/\/idecesos.com\/seguros\/companias\/preventiva\/lugo\/\"><span>Oficinas seguros de decesos Preventiva en Lugo<\/span><\/a><\/li><li><a href=\"https:\/\/idecesos.com\/seguros\/companias\/preventiva\/madrid\/\"><span>Oficinas seguros de decesos Preventiva en Madrid<\/span><\/a><\/li><li><a href=\"https:\/\/idecesos.com\/seguros\/companias\/preventiva\/orense\/\"><span>Oficinas seguros de decesos Preventiva en Orense<\/span><\/a><\/li><li><a href=\"https:\/\/idecesos.com\/seguros\/companias\/preventiva\/pontevedra\/\"><span>Oficinas seguros de decesos Preventiva en Pontevedra<\/span><\/a><\/li><li><a href=\"https:\/\/idecesos.com\/seguros\/companias\/preventiva\/segovia\/\"><span>Oficinas seguros de decesos Preventiva en Segovia<\/span><\/a><\/li><li><a href=\"https:\/\/idecesos.com\/seguros\/companias\/preventiva\/sevilla\/\"><span>Oficinas seguros de decesos Preventiva en Sevilla<\/span><\/a><\/li><li><a href=\"https:\/\/idecesos.com\/seguros\/companias\/preventiva\/toledo\/\"><span>Oficinas seguros de decesos Preventiva en Toledo<\/span><\/a><\/li><li><a href=\"https:\/\/idecesos.com\/seguros\/companias\/preventiva\/prima-natural\/\"><span>Seguro de decesos Preventiva Prima Natural<\/span><\/a><\/li><li><a href=\"https:\/\/idecesos.com\/seguros\/companias\/preventiva\/dar-de-baja\/\"><span>\u00bfC\u00f3mo dar de baja seguro Preventiva?<\/span><\/a><\/li><\/ul><\/div>\n<\/div><\/div><\/div><\/div>\n","protected":false},"excerpt":{"rendered":"<p>Existen diferentes oficinas de Preventiva en Guip\u00fazcoa ponemos a tu alcance la que mejor se adapte a las carencias que surjan o dudas de su p\u00f3liza contratada. Cada sucursal tiene un horario diferente en todos y cada temporada del a\u00f1o. Es esencial contar con una sucursal de empresa de seguros, donde nos den verosimilitud, que&hellip; <\/p>\n","protected":false},"author":0,"featured_media":0,"parent":447,"menu_order":0,"comment_status":"closed","ping_status":"closed","template":"page-templates\/companies.php","meta":{"footnotes":""},"class_list":["post-8428","page","type-page","status-publish","hentry"],"yoast_head":"<!-- This site is optimized with the Yoast SEO plugin v27.3 - https:\/\/yoast.com\/product\/yoast-seo-wordpress\/ -->\n<title>Oficinas Preventiva en Guip\u00fazcoa | Tel\u00e9fonos, Horarios, Direcci\u00f3n<\/title>\n<meta name=\"description\" content=\"Lista completa de Oficinas Preventiva en Guip\u00fazcoa Horarios, \u2706 tel\u00e9fonos y direcciones actualizados en 2026 \u2714 Verificado por iDecesos.\" \/>\n<meta name=\"robots\" content=\"index, follow, max-snippet:-1, max-image-preview:large, max-video-preview:-1\" \/>\n<link rel=\"canonical\" href=\"https:\/\/idecesos.com\/seguros\/companias\/preventiva\/guipuzcoa\/\" \/>\n<meta property=\"og:locale\" content=\"es_ES\" \/>\n<meta property=\"og:type\" content=\"article\" \/>\n<meta property=\"og:title\" content=\"Oficinas Preventiva en Guip\u00fazcoa | Tel\u00e9fonos, Horarios, Direcci\u00f3n\" \/>\n<meta property=\"og:description\" content=\"Lista completa de Oficinas Preventiva en Guip\u00fazcoa Horarios, \u2706 tel\u00e9fonos y direcciones actualizados en 2026 \u2714 Verificado por iDecesos.\" \/>\n<meta property=\"og:url\" content=\"https:\/\/idecesos.com\/seguros\/companias\/preventiva\/guipuzcoa\/\" \/>\n<meta property=\"article:modified_time\" content=\"2021-09-22T22:28:27+00:00\" \/>\n<meta property=\"og:image\" content=\"https:\/\/idecesos.com\/seguros\/wp-content\/uploads\/2021\/09\/preventiva-logo.png\" \/>\n<meta name=\"twitter:card\" content=\"summary_large_image\" \/>\n<meta name=\"twitter:label1\" content=\"Tiempo de lectura\" \/>\n\t<meta name=\"twitter:data1\" content=\"39 minutos\" \/>\n<script type=\"application\/ld+json\" class=\"yoast-schema-graph\">{\"@context\":\"https:\\\/\\\/schema.org\",\"@graph\":[{\"@type\":\"WebPage\",\"@id\":\"https:\\\/\\\/idecesos.com\\\/seguros\\\/companias\\\/preventiva\\\/guipuzcoa\\\/\",\"url\":\"https:\\\/\\\/idecesos.com\\\/seguros\\\/companias\\\/preventiva\\\/guipuzcoa\\\/\",\"name\":\"Oficinas Preventiva en Guip\u00fazcoa | Tel\u00e9fonos, Horarios, Direcci\u00f3n\",\"isPartOf\":{\"@id\":\"https:\\\/\\\/idecesos.com\\\/seguros\\\/#website\"},\"primaryImageOfPage\":{\"@id\":\"https:\\\/\\\/idecesos.com\\\/seguros\\\/companias\\\/preventiva\\\/guipuzcoa\\\/#primaryimage\"},\"image\":{\"@id\":\"https:\\\/\\\/idecesos.com\\\/seguros\\\/companias\\\/preventiva\\\/guipuzcoa\\\/#primaryimage\"},\"thumbnailUrl\":\"https:\\\/\\\/idecesos.com\\\/seguros\\\/wp-content\\\/uploads\\\/2021\\\/09\\\/preventiva-logo.png\",\"datePublished\":\"2021-09-22T22:27:36+00:00\",\"dateModified\":\"2021-09-22T22:28:27+00:00\",\"description\":\"Lista completa de Oficinas Preventiva en Guip\u00fazcoa Horarios, \u2706 tel\u00e9fonos y direcciones actualizados en 2026 \u2714 Verificado por iDecesos.\",\"breadcrumb\":{\"@id\":\"https:\\\/\\\/idecesos.com\\\/seguros\\\/companias\\\/preventiva\\\/guipuzcoa\\\/#breadcrumb\"},\"inLanguage\":\"es\",\"potentialAction\":[{\"@type\":\"ReadAction\",\"target\":[\"https:\\\/\\\/idecesos.com\\\/seguros\\\/companias\\\/preventiva\\\/guipuzcoa\\\/\"]}]},{\"@type\":\"ImageObject\",\"inLanguage\":\"es\",\"@id\":\"https:\\\/\\\/idecesos.com\\\/seguros\\\/companias\\\/preventiva\\\/guipuzcoa\\\/#primaryimage\",\"url\":\"https:\\\/\\\/idecesos.com\\\/seguros\\\/wp-content\\\/uploads\\\/2021\\\/09\\\/preventiva-logo.png\",\"contentUrl\":\"https:\\\/\\\/idecesos.com\\\/seguros\\\/wp-content\\\/uploads\\\/2021\\\/09\\\/preventiva-logo.png\",\"width\":300,\"height\":122},{\"@type\":\"BreadcrumbList\",\"@id\":\"https:\\\/\\\/idecesos.com\\\/seguros\\\/companias\\\/preventiva\\\/guipuzcoa\\\/#breadcrumb\",\"itemListElement\":[{\"@type\":\"ListItem\",\"position\":1,\"name\":\"Portada\",\"item\":\"https:\\\/\\\/idecesos.com\\\/seguros\\\/\"},{\"@type\":\"ListItem\",\"position\":2,\"name\":\"Compa\u00f1\u00edas de Seguros de Decesos en Espa\u00f1a\",\"item\":\"https:\\\/\\\/idecesos.com\\\/seguros\\\/companias\\\/\"},{\"@type\":\"ListItem\",\"position\":3,\"name\":\"Seguro de decesos Preventiva\",\"item\":\"https:\\\/\\\/idecesos.com\\\/seguros\\\/companias\\\/preventiva\\\/\"},{\"@type\":\"ListItem\",\"position\":4,\"name\":\"Oficinas seguros de decesos Preventiva en Guip\u00fazcoa\"}]},{\"@type\":\"WebSite\",\"@id\":\"https:\\\/\\\/idecesos.com\\\/seguros\\\/#website\",\"url\":\"https:\\\/\\\/idecesos.com\\\/seguros\\\/\",\"name\":\"\",\"description\":\"\",\"potentialAction\":[{\"@type\":\"SearchAction\",\"target\":{\"@type\":\"EntryPoint\",\"urlTemplate\":\"https:\\\/\\\/idecesos.com\\\/seguros\\\/?s={search_term_string}\"},\"query-input\":{\"@type\":\"PropertyValueSpecification\",\"valueRequired\":true,\"valueName\":\"search_term_string\"}}],\"inLanguage\":\"es\"}]}<\/script>\n<!-- \/ Yoast SEO plugin. -->","yoast_head_json":{"title":"Oficinas Preventiva en Guip\u00fazcoa | Tel\u00e9fonos, Horarios, Direcci\u00f3n","description":"Lista completa de Oficinas Preventiva en Guip\u00fazcoa Horarios, \u2706 tel\u00e9fonos y direcciones actualizados en 2026 \u2714 Verificado por iDecesos.","robots":{"index":"index","follow":"follow","max-snippet":"max-snippet:-1","max-image-preview":"max-image-preview:large","max-video-preview":"max-video-preview:-1"},"canonical":"https:\/\/idecesos.com\/seguros\/companias\/preventiva\/guipuzcoa\/","og_locale":"es_ES","og_type":"article","og_title":"Oficinas Preventiva en Guip\u00fazcoa | Tel\u00e9fonos, Horarios, Direcci\u00f3n","og_description":"Lista completa de Oficinas Preventiva en Guip\u00fazcoa Horarios, \u2706 tel\u00e9fonos y direcciones actualizados en 2026 \u2714 Verificado por iDecesos.","og_url":"https:\/\/idecesos.com\/seguros\/companias\/preventiva\/guipuzcoa\/","article_modified_time":"2021-09-22T22:28:27+00:00","og_image":[{"url":"https:\/\/idecesos.com\/seguros\/wp-content\/uploads\/2021\/09\/preventiva-logo.png","type":"","width":"","height":""}],"twitter_card":"summary_large_image","twitter_misc":{"Tiempo de lectura":"39 minutos"},"schema":{"@context":"https:\/\/schema.org","@graph":[{"@type":"WebPage","@id":"https:\/\/idecesos.com\/seguros\/companias\/preventiva\/guipuzcoa\/","url":"https:\/\/idecesos.com\/seguros\/companias\/preventiva\/guipuzcoa\/","name":"Oficinas Preventiva en Guip\u00fazcoa | Tel\u00e9fonos, Horarios, Direcci\u00f3n","isPartOf":{"@id":"https:\/\/idecesos.com\/seguros\/#website"},"primaryImageOfPage":{"@id":"https:\/\/idecesos.com\/seguros\/companias\/preventiva\/guipuzcoa\/#primaryimage"},"image":{"@id":"https:\/\/idecesos.com\/seguros\/companias\/preventiva\/guipuzcoa\/#primaryimage"},"thumbnailUrl":"https:\/\/idecesos.com\/seguros\/wp-content\/uploads\/2021\/09\/preventiva-logo.png","datePublished":"2021-09-22T22:27:36+00:00","dateModified":"2021-09-22T22:28:27+00:00","description":"Lista completa de Oficinas Preventiva en Guip\u00fazcoa Horarios, \u2706 tel\u00e9fonos y direcciones actualizados en 2026 \u2714 Verificado por iDecesos.","breadcrumb":{"@id":"https:\/\/idecesos.com\/seguros\/companias\/preventiva\/guipuzcoa\/#breadcrumb"},"inLanguage":"es","potentialAction":[{"@type":"ReadAction","target":["https:\/\/idecesos.com\/seguros\/companias\/preventiva\/guipuzcoa\/"]}]},{"@type":"ImageObject","inLanguage":"es","@id":"https:\/\/idecesos.com\/seguros\/companias\/preventiva\/guipuzcoa\/#primaryimage","url":"https:\/\/idecesos.com\/seguros\/wp-content\/uploads\/2021\/09\/preventiva-logo.png","contentUrl":"https:\/\/idecesos.com\/seguros\/wp-content\/uploads\/2021\/09\/preventiva-logo.png","width":300,"height":122},{"@type":"BreadcrumbList","@id":"https:\/\/idecesos.com\/seguros\/companias\/preventiva\/guipuzcoa\/#breadcrumb","itemListElement":[{"@type":"ListItem","position":1,"name":"Portada","item":"https:\/\/idecesos.com\/seguros\/"},{"@type":"ListItem","position":2,"name":"Compa\u00f1\u00edas de Seguros de Decesos en Espa\u00f1a","item":"https:\/\/idecesos.com\/seguros\/companias\/"},{"@type":"ListItem","position":3,"name":"Seguro de decesos Preventiva","item":"https:\/\/idecesos.com\/seguros\/companias\/preventiva\/"},{"@type":"ListItem","position":4,"name":"Oficinas seguros de decesos Preventiva en Guip\u00fazcoa"}]},{"@type":"WebSite","@id":"https:\/\/idecesos.com\/seguros\/#website","url":"https:\/\/idecesos.com\/seguros\/","name":"","description":"","potentialAction":[{"@type":"SearchAction","target":{"@type":"EntryPoint","urlTemplate":"https:\/\/idecesos.com\/seguros\/?s={search_term_string}"},"query-input":{"@type":"PropertyValueSpecification","valueRequired":true,"valueName":"search_term_string"}}],"inLanguage":"es"}]}},"_links":{"self":[{"href":"https:\/\/idecesos.com\/seguros\/wp-json\/wp\/v2\/pages\/8428","targetHints":{"allow":["GET"]}}],"collection":[{"href":"https:\/\/idecesos.com\/seguros\/wp-json\/wp\/v2\/pages"}],"about":[{"href":"https:\/\/idecesos.com\/seguros\/wp-json\/wp\/v2\/types\/page"}],"replies":[{"embeddable":true,"href":"https:\/\/idecesos.com\/seguros\/wp-json\/wp\/v2\/comments?post=8428"}],"version-history":[{"count":1,"href":"https:\/\/idecesos.com\/seguros\/wp-json\/wp\/v2\/pages\/8428\/revisions"}],"predecessor-version":[{"id":8467,"href":"https:\/\/idecesos.com\/seguros\/wp-json\/wp\/v2\/pages\/8428\/revisions\/8467"}],"up":[{"embeddable":true,"href":"https:\/\/idecesos.com\/seguros\/wp-json\/wp\/v2\/pages\/447"}],"wp:attachment":[{"href":"https:\/\/idecesos.com\/seguros\/wp-json\/wp\/v2\/media?parent=8428"}],"curies":[{"name":"wp","href":"https:\/\/api.w.org\/{rel}","templated":true}]}}