{"id":8432,"date":"2021-09-22T22:28:29","date_gmt":"2021-09-22T22:27:38","guid":{"rendered":"https:\/\/idecesos.com\/seguros\/companias\/preventiva\/las-palmas\/"},"modified":"2021-09-22T22:28:29","modified_gmt":"2021-09-22T22:28:29","slug":"las-palmas","status":"publish","type":"page","link":"https:\/\/idecesos.com\/seguros\/companias\/preventiva\/las-palmas\/","title":{"rendered":"Oficinas seguros de decesos Preventiva en Las palmas"},"content":{"rendered":"<div id=\"ez-toc-container\" class=\"ez-toc-v2_0_82_2 ez-toc-wrap-center counter-hierarchy ez-toc-counter ez-toc-custom ez-toc-container-direction\">\n<div class=\"ez-toc-title-container\">\n<p class=\"ez-toc-title\" style=\"cursor:inherit\">Tabla de Contenido<\/p>\n<span class=\"ez-toc-title-toggle\"><a href=\"#\" class=\"ez-toc-pull-right ez-toc-btn ez-toc-btn-xs ez-toc-btn-default ez-toc-toggle\" aria-label=\"Alternar tabla de contenidos\"><span class=\"ez-toc-js-icon-con\"><span class=\"\"><span class=\"eztoc-hide\" style=\"display:none;\">Toggle<\/span><span class=\"ez-toc-icon-toggle-span\"><svg style=\"fill: #db6415;color:#db6415\" xmlns=\"http:\/\/www.w3.org\/2000\/svg\" class=\"list-377408\" width=\"20px\" height=\"20px\" viewBox=\"0 0 24 24\" fill=\"none\"><path d=\"M6 6H4v2h2V6zm14 0H8v2h12V6zM4 11h2v2H4v-2zm16 0H8v2h12v-2zM4 16h2v2H4v-2zm16 0H8v2h12v-2z\" fill=\"currentColor\"><\/path><\/svg><svg style=\"fill: #db6415;color:#db6415\" class=\"arrow-unsorted-368013\" xmlns=\"http:\/\/www.w3.org\/2000\/svg\" width=\"10px\" height=\"10px\" viewBox=\"0 0 24 24\" version=\"1.2\" baseProfile=\"tiny\"><path d=\"M18.2 9.3l-6.2-6.3-6.2 6.3c-.2.2-.3.4-.3.7s.1.5.3.7c.2.2.4.3.7.3h11c.3 0 .5-.1.7-.3.2-.2.3-.5.3-.7s-.1-.5-.3-.7zM5.8 14.7l6.2 6.3 6.2-6.3c.2-.2.3-.5.3-.7s-.1-.5-.3-.7c-.2-.2-.4-.3-.7-.3h-11c-.3 0-.5.1-.7.3-.2.2-.3.5-.3.7s.1.5.3.7z\"\/><\/svg><\/span><\/span><\/span><\/a><\/span><\/div>\n<nav><ul class='ez-toc-list ez-toc-list-level-1 ' ><li class='ez-toc-page-1 ez-toc-heading-level-2'><a class=\"ez-toc-link ez-toc-heading-1\" href=\"https:\/\/idecesos.com\/seguros\/companias\/preventiva\/las-palmas\/#Seguro_de_decesos_Preventiva_en_Las_palmas\" >Seguro de decesos Preventiva en Las palmas<\/a><\/li><li class='ez-toc-page-1 ez-toc-heading-level-2'><a class=\"ez-toc-link ez-toc-heading-2\" href=\"https:\/\/idecesos.com\/seguros\/companias\/preventiva\/las-palmas\/#Mapa_de_sucursales_de_seguros_Preventiva_en_Las_palmas\" >Mapa de sucursales de seguros Preventiva en Las palmas<\/a><\/li><li class='ez-toc-page-1 ez-toc-heading-level-2'><a class=\"ez-toc-link ez-toc-heading-3\" href=\"https:\/\/idecesos.com\/seguros\/companias\/preventiva\/las-palmas\/#Listado_de_oficinas_Preventiva_en_Las_palmas\" >Listado de oficinas Preventiva en Las palmas<\/a><\/li><li class='ez-toc-page-1 ez-toc-heading-level-2'><a class=\"ez-toc-link ez-toc-heading-4\" href=\"https:\/\/idecesos.com\/seguros\/companias\/preventiva\/las-palmas\/#Agencias_de_seguros_de_decesos_en_Las_palmas\" >Agencias de seguros de decesos en Las palmas<\/a><ul class='ez-toc-list-level-3' ><li class='ez-toc-heading-level-3'><a class=\"ez-toc-link ez-toc-heading-5\" href=\"https:\/\/idecesos.com\/seguros\/companias\/preventiva\/las-palmas\/#Listado_de_agencias_Preventiva_en_Espana\" >Listado de agencias Preventiva en Espa\u00f1a<\/a><\/li><\/ul><\/li><\/ul><\/nav><\/div>\n\n<p><a href=\"https:\/\/idecesos.com\/seguros\/companias\/preventiva\/\"><img decoding=\"async\" class=\" alignleft\" src=\"https:\/\/idecesos.com\/seguros\/wp-content\/uploads\/2021\/09\/preventiva-logo.png\" alt=\"Seguro de decesos Preventiva\" width=\"336\" height=\"103\" \/><\/a>Depende de las oficinas de Preventiva se hayan en cada sitio diferente, te damos el lujo de conocer las diferentes <strong>sucursales de Preventiva en Las palmas<\/strong> donde gestionaran tus problemas de la forma m\u00e1s eficaz y f\u00e1cil. La relevancia de contar con personas con experiencia notoria en sector, ayuda hacer el proceso m\u00e1s veloz. Contar\u00e1s en todo momento de nuestro total servicio, sin problemas a la hora de requerir de nosotros. Dentro de tu ubicaci\u00f3n encontrases las diferentes sucursales de Preventiva en Las palmas , donde aseguramos que llegues al final de tu trayectoria. <\/p>\n<p>Optamos por lo polivalente que resulta la <strong>busca de oficinas de Preventiva en Las palmas<\/strong> tratasen todos los inconvenientes que puedas acontecer quedando resuelto sin problema de manera inmediata. Dando calidad al servicio cerca de ti en cualquier instante. Para efectuar correctamente el transcurso del contrato de una p\u00f3liza, es donde puedes asistir a su oficina dentro del horario establecido. Ayudando en la grande perdida familiar. <\/p>\n<p>Visita nuestra p\u00e1gina de <a href=\"https:\/\/idecesos.com\/seguros\/companias\/preventiva\/\">seguros de decesos Preventiva<\/a> para m\u00e1s informaci\u00f3n.<br \/>\n<div class=\"colorf \"  ><div class=\"container clearfix\"><div class=\"col-md-7\"><\/p>\n<h2><span class=\"ez-toc-section\" id=\"Seguro_de_decesos_Preventiva_en_Las_palmas\"><\/span>Seguro de decesos Preventiva en Las palmas<span class=\"ez-toc-section-end\"><\/span><\/h2>\n<p>\u00bfQuieres obtener en menos de 1 minuto tu presupuesto? te damos la ventaja que lo puedes tener al instante, contando con los diferentes <a href=\"https:\/\/idecesos.com\/seguros\/ciudades\/las-palmas\/\"><strong>seguro de decesos de Las palmas<\/strong><\/a>. Hemos querido que puedas conseguir de forma sencilla y de forma c\u00f3moda, el presupuesto de tu seguro de manera flash, siendo esto tan simple, a fin de que no tengas ning\u00fan inconveniente en el momento de obtenerlo. \u00bfEs posible conseguirlo en menos de 1 minuto? Por supuesto adem\u00e1s de esto con todo el contenido para su mejor proceso de entendimiento donde vas a poder evaluar de una forma m\u00e1s substancial. <\/p>\n<p>La calidad que prestamos siempre y en todo momento es de las mas esenciales, teniendo presente nuestras oficinas de Preventiva en Las palmas, por esta raz\u00f3n hemos querido premiar a nuestros clientes con la obtenci\u00f3n de presupuesto en el momento. Te damos la calidad que quieres, con los fundamentos necesarios. Rellenar nuestro formulario, vas a ser de lo m\u00e1s simples puesto que no requiere de muchos procesos, mas conseguir\u00e1s todos los datos precisos. Jam\u00e1s hab\u00eda resultado tan f\u00e1cil procurarlo. <\/p>\n<p><\/div><\/div><\/div>\n\t\t<hr class=\"separador\">\n\t\t<div class=\"bloque-accion\">\n\t\t<p class=\"txt-accion\">Calcula el precio de tu seguro de decesos en menos de 1 minuto<\/p>\n\t\t<a class=\"btn-accion\" href=\"https:\/\/idecesos.com\/\">CALCULAR<\/a>\n\t\t<\/div>\n\t\t<hr class=\"separador\">\n\t\t<\/p>\n<h2><span class=\"ez-toc-section\" id=\"Mapa_de_sucursales_de_seguros_Preventiva_en_Las_palmas\"><\/span>Mapa de sucursales de seguros Preventiva en Las palmas<span class=\"ez-toc-section-end\"><\/span><\/h2>\n<p>Oficinas de mapa de Preventiva en Las palmas real\u00edzalo f\u00e1cilmente y en tan solo menos de 1 minuto. Con ello aprendemos ahorrar nuestro tiempo y gestionarlo de forma m\u00e1s eficiente a la hora de realizar la busca. Teniendo de ello diferentes opciones. En el momento de busca tendr\u00e1s los \u00f3ptimos servicios como seguridad cuando brota la b\u00fasqueda. <\/p>\n<p><iframe class=\"page-generator-pro-map\" width=\"100%\" height=\"400\" frameborder=\"0\" style=\"border:0\" src=\"https:\/\/www.google.com\/maps\/embed\/v1\/place?q=C.+Le%C3%B3n+y+Castillo%2C+373%2C+35006+Las+Palmas+de+Gran+Canaria%2C+Las+Palmas%2C+Espa%C3%B1a&#038;zoom=14&#038;maptype=roadmap&#038;key=AIzaSyCNTEOso0tZG6YMSJFoaJEY5Th1stEWrJI\" allowfullscreen><\/iframe><\/p>\n<p>&nbsp;<br \/>\n<div class=\"colorf\"><div class=\"container clearfix\"><div class=\"col-md-7\"><div class=\"empresas\"><\/p>\n<h2><span class=\"ez-toc-section\" id=\"Listado_de_oficinas_Preventiva_en_Las_palmas\"><\/span>Listado de oficinas Preventiva en Las palmas<span class=\"ez-toc-section-end\"><\/span><\/h2>\n<ul>\n<li><strong>Preventiva Seguros Las Palmas de Gran Canaria, Espa\u00f1a:<\/strong> C. Le\u00f3n y Castillo, 373, 35006 Las Palmas de Gran Canaria, Las Palmas, Espa\u00f1a<\/li>\n<\/ul>\n<\/div><\/div><\/div><\/div>\n<h2><span class=\"ez-toc-section\" id=\"Agencias_de_seguros_de_decesos_en_Las_palmas\"><\/span>Agencias de seguros de decesos en Las palmas<span class=\"ez-toc-section-end\"><\/span><\/h2>\n<p>Con este cat\u00e1logo podr\u00e1s observar las diferentes opciones alternativas de empresas aseguradoras de <strong>decesos que encontraras en Las palmas<\/strong> consiguiendo todos y cada uno de los datos necesarios a tu necesidad. Llev\u00e1ndolo acabo de una forma m\u00e1s \u00fatil. Funcional y eficaz, dando unos resultados incre\u00edble a la informaci\u00f3n que se necesite en el instante que se requiera. Evita cuestionarlo demasiado, opta por lo m\u00e1s r\u00e1pido y eficaz que se adapte a tus necesidades. Resolviendo tu busca de manera m\u00e1s eficaz y con resultados. Vas a conocer las diferentes compa\u00f1\u00edas que se sit\u00faen en tu zona. <\/p>\n<!-- Shortcode [preventiva] does not exist -->\n<div class=\"colorf\"><div class=\"container clearfix\"><div class=\"col-md-7\"><div class=\"empresas\">\n<h3><span class=\"ez-toc-section\" id=\"Listado_de_agencias_Preventiva_en_Espana\"><\/span>Listado de agencias Preventiva en Espa\u00f1a<span class=\"ez-toc-section-end\"><\/span><\/h3>\n<div class=\"enlazado\"><ul><li><a href=\"https:\/\/idecesos.com\/seguros\/companias\/preventiva\/telefono\/\"><span>Atenci\u00f3n al cliente Preventiva: telefono gratuito, e-mail<\/span><\/a><\/li><li><a href=\"https:\/\/idecesos.com\/seguros\/companias\/preventiva\/albacete\/\"><span>Oficinas seguros de decesos Preventiva en Albacete<\/span><\/a><\/li><li><a href=\"https:\/\/idecesos.com\/seguros\/companias\/preventiva\/badajoz\/\"><span>Oficinas seguros de decesos Preventiva en Badajoz<\/span><\/a><\/li><li><a href=\"https:\/\/idecesos.com\/seguros\/companias\/preventiva\/barcelona\/\"><span>Oficinas seguros de decesos Preventiva en Barcelona<\/span><\/a><\/li><li><a href=\"https:\/\/idecesos.com\/seguros\/companias\/preventiva\/cantabria\/\"><span>Oficinas seguros de decesos Preventiva en Cantabria<\/span><\/a><\/li><li><a href=\"https:\/\/idecesos.com\/seguros\/companias\/preventiva\/cuenca\/\"><span>Oficinas seguros de decesos Preventiva en Cuenca<\/span><\/a><\/li><li><a href=\"https:\/\/idecesos.com\/seguros\/companias\/preventiva\/cordoba\/\"><span>Oficinas seguros de decesos Preventiva en C\u00f3rdoba<\/span><\/a><\/li><li><a href=\"https:\/\/idecesos.com\/seguros\/companias\/preventiva\/granada\/\"><span>Oficinas seguros de decesos Preventiva en Granada<\/span><\/a><\/li><li><a href=\"https:\/\/idecesos.com\/seguros\/companias\/preventiva\/guipuzcoa\/\"><span>Oficinas seguros de decesos Preventiva en Guip\u00fazcoa<\/span><\/a><\/li><li><a href=\"https:\/\/idecesos.com\/seguros\/companias\/preventiva\/leon\/\"><span>Oficinas seguros de decesos Preventiva en Le\u00f3n<\/span><\/a><\/li><li><a href=\"https:\/\/idecesos.com\/seguros\/companias\/preventiva\/malaga\/\"><span>Oficinas seguros de decesos Preventiva en M\u00e1laga<\/span><\/a><\/li><li><a href=\"https:\/\/idecesos.com\/seguros\/companias\/preventiva\/pontevedra\/\"><span>Oficinas seguros de decesos Preventiva en Pontevedra<\/span><\/a><\/li><li><a href=\"https:\/\/idecesos.com\/seguros\/companias\/preventiva\/salamanca\/\"><span>Oficinas seguros de decesos Preventiva en Salamanca<\/span><\/a><\/li><li><a href=\"https:\/\/idecesos.com\/seguros\/companias\/preventiva\/valladolid\/\"><span>Oficinas seguros de decesos Preventiva en Valladolid<\/span><\/a><\/li><li><a href=\"https:\/\/idecesos.com\/seguros\/companias\/preventiva\/prima-nivelada\/\"><span>Seguro de decesos Preventiva Prima Nivelada<\/span><\/a><\/li><li><a href=\"https:\/\/idecesos.com\/seguros\/companias\/preventiva\/prima-unica\/\"><span>Seguro de decesos Preventiva Prima \u00danica<\/span><\/a><\/li><\/ul><\/div>\n<\/div><\/div><\/div><\/div>\n","protected":false},"excerpt":{"rendered":"<p>Depende de las oficinas de Preventiva se hayan en cada sitio diferente, te damos el lujo de conocer las diferentes sucursales de Preventiva en Las palmas donde gestionaran tus problemas de la forma m\u00e1s eficaz y f\u00e1cil. La relevancia de contar con personas con experiencia notoria en sector, ayuda hacer el proceso m\u00e1s veloz. Contar\u00e1s&hellip; <\/p>\n","protected":false},"author":0,"featured_media":0,"parent":447,"menu_order":0,"comment_status":"closed","ping_status":"closed","template":"page-templates\/companies.php","meta":{"footnotes":""},"class_list":["post-8432","page","type-page","status-publish","hentry"],"yoast_head":"<!-- This site is optimized with the Yoast SEO plugin v27.5 - https:\/\/yoast.com\/product\/yoast-seo-wordpress\/ -->\n<title>Oficinas Preventiva en Las palmas | Tel\u00e9fonos, Horarios, Direcci\u00f3n<\/title>\n<meta name=\"description\" content=\"Lista completa de Oficinas Preventiva en Las palmas Horarios, \u2706 tel\u00e9fonos y direcciones actualizados en 2026 \u2714 Verificado por iDecesos.\" \/>\n<meta name=\"robots\" content=\"index, follow, max-snippet:-1, max-image-preview:large, max-video-preview:-1\" \/>\n<link rel=\"canonical\" href=\"https:\/\/idecesos.com\/seguros\/companias\/preventiva\/las-palmas\/\" \/>\n<meta property=\"og:locale\" content=\"es_ES\" \/>\n<meta property=\"og:type\" content=\"article\" \/>\n<meta property=\"og:title\" content=\"Oficinas Preventiva en Las palmas | Tel\u00e9fonos, Horarios, Direcci\u00f3n\" \/>\n<meta property=\"og:description\" content=\"Lista completa de Oficinas Preventiva en Las palmas Horarios, \u2706 tel\u00e9fonos y direcciones actualizados en 2026 \u2714 Verificado por iDecesos.\" \/>\n<meta property=\"og:url\" content=\"https:\/\/idecesos.com\/seguros\/companias\/preventiva\/las-palmas\/\" \/>\n<meta property=\"article:modified_time\" content=\"2021-09-22T22:28:29+00:00\" \/>\n<meta property=\"og:image\" content=\"https:\/\/idecesos.com\/seguros\/wp-content\/uploads\/2021\/09\/preventiva-logo.png\" \/>\n<meta name=\"twitter:card\" content=\"summary_large_image\" \/>\n<meta name=\"twitter:label1\" content=\"Tiempo de lectura\" \/>\n\t<meta name=\"twitter:data1\" content=\"39 minutos\" \/>\n<script type=\"application\/ld+json\" class=\"yoast-schema-graph\">{\"@context\":\"https:\\\/\\\/schema.org\",\"@graph\":[{\"@type\":\"WebPage\",\"@id\":\"https:\\\/\\\/idecesos.com\\\/seguros\\\/companias\\\/preventiva\\\/las-palmas\\\/\",\"url\":\"https:\\\/\\\/idecesos.com\\\/seguros\\\/companias\\\/preventiva\\\/las-palmas\\\/\",\"name\":\"Oficinas Preventiva en Las palmas | Tel\u00e9fonos, Horarios, Direcci\u00f3n\",\"isPartOf\":{\"@id\":\"https:\\\/\\\/idecesos.com\\\/seguros\\\/#website\"},\"primaryImageOfPage\":{\"@id\":\"https:\\\/\\\/idecesos.com\\\/seguros\\\/companias\\\/preventiva\\\/las-palmas\\\/#primaryimage\"},\"image\":{\"@id\":\"https:\\\/\\\/idecesos.com\\\/seguros\\\/companias\\\/preventiva\\\/las-palmas\\\/#primaryimage\"},\"thumbnailUrl\":\"https:\\\/\\\/idecesos.com\\\/seguros\\\/wp-content\\\/uploads\\\/2021\\\/09\\\/preventiva-logo.png\",\"datePublished\":\"2021-09-22T22:27:38+00:00\",\"dateModified\":\"2021-09-22T22:28:29+00:00\",\"description\":\"Lista completa de Oficinas Preventiva en Las palmas Horarios, \u2706 tel\u00e9fonos y direcciones actualizados en 2026 \u2714 Verificado por iDecesos.\",\"breadcrumb\":{\"@id\":\"https:\\\/\\\/idecesos.com\\\/seguros\\\/companias\\\/preventiva\\\/las-palmas\\\/#breadcrumb\"},\"inLanguage\":\"es\",\"potentialAction\":[{\"@type\":\"ReadAction\",\"target\":[\"https:\\\/\\\/idecesos.com\\\/seguros\\\/companias\\\/preventiva\\\/las-palmas\\\/\"]}]},{\"@type\":\"ImageObject\",\"inLanguage\":\"es\",\"@id\":\"https:\\\/\\\/idecesos.com\\\/seguros\\\/companias\\\/preventiva\\\/las-palmas\\\/#primaryimage\",\"url\":\"https:\\\/\\\/idecesos.com\\\/seguros\\\/wp-content\\\/uploads\\\/2021\\\/09\\\/preventiva-logo.png\",\"contentUrl\":\"https:\\\/\\\/idecesos.com\\\/seguros\\\/wp-content\\\/uploads\\\/2021\\\/09\\\/preventiva-logo.png\",\"width\":300,\"height\":122},{\"@type\":\"BreadcrumbList\",\"@id\":\"https:\\\/\\\/idecesos.com\\\/seguros\\\/companias\\\/preventiva\\\/las-palmas\\\/#breadcrumb\",\"itemListElement\":[{\"@type\":\"ListItem\",\"position\":1,\"name\":\"Portada\",\"item\":\"https:\\\/\\\/idecesos.com\\\/seguros\\\/\"},{\"@type\":\"ListItem\",\"position\":2,\"name\":\"Compa\u00f1\u00edas de Seguros de Decesos en Espa\u00f1a\",\"item\":\"https:\\\/\\\/idecesos.com\\\/seguros\\\/companias\\\/\"},{\"@type\":\"ListItem\",\"position\":3,\"name\":\"Seguro de decesos Preventiva\",\"item\":\"https:\\\/\\\/idecesos.com\\\/seguros\\\/companias\\\/preventiva\\\/\"},{\"@type\":\"ListItem\",\"position\":4,\"name\":\"Oficinas seguros de decesos Preventiva en Las palmas\"}]},{\"@type\":\"WebSite\",\"@id\":\"https:\\\/\\\/idecesos.com\\\/seguros\\\/#website\",\"url\":\"https:\\\/\\\/idecesos.com\\\/seguros\\\/\",\"name\":\"\",\"description\":\"\",\"potentialAction\":[{\"@type\":\"SearchAction\",\"target\":{\"@type\":\"EntryPoint\",\"urlTemplate\":\"https:\\\/\\\/idecesos.com\\\/seguros\\\/?s={search_term_string}\"},\"query-input\":{\"@type\":\"PropertyValueSpecification\",\"valueRequired\":true,\"valueName\":\"search_term_string\"}}],\"inLanguage\":\"es\"}]}<\/script>\n<!-- \/ Yoast SEO plugin. -->","yoast_head_json":{"title":"Oficinas Preventiva en Las palmas | Tel\u00e9fonos, Horarios, Direcci\u00f3n","description":"Lista completa de Oficinas Preventiva en Las palmas Horarios, \u2706 tel\u00e9fonos y direcciones actualizados en 2026 \u2714 Verificado por iDecesos.","robots":{"index":"index","follow":"follow","max-snippet":"max-snippet:-1","max-image-preview":"max-image-preview:large","max-video-preview":"max-video-preview:-1"},"canonical":"https:\/\/idecesos.com\/seguros\/companias\/preventiva\/las-palmas\/","og_locale":"es_ES","og_type":"article","og_title":"Oficinas Preventiva en Las palmas | Tel\u00e9fonos, Horarios, Direcci\u00f3n","og_description":"Lista completa de Oficinas Preventiva en Las palmas Horarios, \u2706 tel\u00e9fonos y direcciones actualizados en 2026 \u2714 Verificado por iDecesos.","og_url":"https:\/\/idecesos.com\/seguros\/companias\/preventiva\/las-palmas\/","article_modified_time":"2021-09-22T22:28:29+00:00","og_image":[{"url":"https:\/\/idecesos.com\/seguros\/wp-content\/uploads\/2021\/09\/preventiva-logo.png","type":"","width":"","height":""}],"twitter_card":"summary_large_image","twitter_misc":{"Tiempo de lectura":"39 minutos"},"schema":{"@context":"https:\/\/schema.org","@graph":[{"@type":"WebPage","@id":"https:\/\/idecesos.com\/seguros\/companias\/preventiva\/las-palmas\/","url":"https:\/\/idecesos.com\/seguros\/companias\/preventiva\/las-palmas\/","name":"Oficinas Preventiva en Las palmas | Tel\u00e9fonos, Horarios, Direcci\u00f3n","isPartOf":{"@id":"https:\/\/idecesos.com\/seguros\/#website"},"primaryImageOfPage":{"@id":"https:\/\/idecesos.com\/seguros\/companias\/preventiva\/las-palmas\/#primaryimage"},"image":{"@id":"https:\/\/idecesos.com\/seguros\/companias\/preventiva\/las-palmas\/#primaryimage"},"thumbnailUrl":"https:\/\/idecesos.com\/seguros\/wp-content\/uploads\/2021\/09\/preventiva-logo.png","datePublished":"2021-09-22T22:27:38+00:00","dateModified":"2021-09-22T22:28:29+00:00","description":"Lista completa de Oficinas Preventiva en Las palmas Horarios, \u2706 tel\u00e9fonos y direcciones actualizados en 2026 \u2714 Verificado por iDecesos.","breadcrumb":{"@id":"https:\/\/idecesos.com\/seguros\/companias\/preventiva\/las-palmas\/#breadcrumb"},"inLanguage":"es","potentialAction":[{"@type":"ReadAction","target":["https:\/\/idecesos.com\/seguros\/companias\/preventiva\/las-palmas\/"]}]},{"@type":"ImageObject","inLanguage":"es","@id":"https:\/\/idecesos.com\/seguros\/companias\/preventiva\/las-palmas\/#primaryimage","url":"https:\/\/idecesos.com\/seguros\/wp-content\/uploads\/2021\/09\/preventiva-logo.png","contentUrl":"https:\/\/idecesos.com\/seguros\/wp-content\/uploads\/2021\/09\/preventiva-logo.png","width":300,"height":122},{"@type":"BreadcrumbList","@id":"https:\/\/idecesos.com\/seguros\/companias\/preventiva\/las-palmas\/#breadcrumb","itemListElement":[{"@type":"ListItem","position":1,"name":"Portada","item":"https:\/\/idecesos.com\/seguros\/"},{"@type":"ListItem","position":2,"name":"Compa\u00f1\u00edas de Seguros de Decesos en Espa\u00f1a","item":"https:\/\/idecesos.com\/seguros\/companias\/"},{"@type":"ListItem","position":3,"name":"Seguro de decesos Preventiva","item":"https:\/\/idecesos.com\/seguros\/companias\/preventiva\/"},{"@type":"ListItem","position":4,"name":"Oficinas seguros de decesos Preventiva en Las palmas"}]},{"@type":"WebSite","@id":"https:\/\/idecesos.com\/seguros\/#website","url":"https:\/\/idecesos.com\/seguros\/","name":"","description":"","potentialAction":[{"@type":"SearchAction","target":{"@type":"EntryPoint","urlTemplate":"https:\/\/idecesos.com\/seguros\/?s={search_term_string}"},"query-input":{"@type":"PropertyValueSpecification","valueRequired":true,"valueName":"search_term_string"}}],"inLanguage":"es"}]}},"_links":{"self":[{"href":"https:\/\/idecesos.com\/seguros\/wp-json\/wp\/v2\/pages\/8432","targetHints":{"allow":["GET"]}}],"collection":[{"href":"https:\/\/idecesos.com\/seguros\/wp-json\/wp\/v2\/pages"}],"about":[{"href":"https:\/\/idecesos.com\/seguros\/wp-json\/wp\/v2\/types\/page"}],"replies":[{"embeddable":true,"href":"https:\/\/idecesos.com\/seguros\/wp-json\/wp\/v2\/comments?post=8432"}],"version-history":[{"count":1,"href":"https:\/\/idecesos.com\/seguros\/wp-json\/wp\/v2\/pages\/8432\/revisions"}],"predecessor-version":[{"id":8471,"href":"https:\/\/idecesos.com\/seguros\/wp-json\/wp\/v2\/pages\/8432\/revisions\/8471"}],"up":[{"embeddable":true,"href":"https:\/\/idecesos.com\/seguros\/wp-json\/wp\/v2\/pages\/447"}],"wp:attachment":[{"href":"https:\/\/idecesos.com\/seguros\/wp-json\/wp\/v2\/media?parent=8432"}],"curies":[{"name":"wp","href":"https:\/\/api.w.org\/{rel}","templated":true}]}}