{"id":8435,"date":"2021-09-22T22:28:30","date_gmt":"2021-09-22T22:27:39","guid":{"rendered":"https:\/\/idecesos.com\/seguros\/companias\/preventiva\/madrid\/"},"modified":"2021-09-22T22:28:30","modified_gmt":"2021-09-22T22:28:30","slug":"madrid","status":"publish","type":"page","link":"https:\/\/idecesos.com\/seguros\/companias\/preventiva\/madrid\/","title":{"rendered":"Oficinas seguros de decesos Preventiva en Madrid"},"content":{"rendered":"<div id=\"ez-toc-container\" class=\"ez-toc-v2_0_82_2 ez-toc-wrap-center counter-hierarchy ez-toc-counter ez-toc-custom ez-toc-container-direction\">\n<div class=\"ez-toc-title-container\">\n<p class=\"ez-toc-title\" style=\"cursor:inherit\">Tabla de Contenido<\/p>\n<span class=\"ez-toc-title-toggle\"><a href=\"#\" class=\"ez-toc-pull-right ez-toc-btn ez-toc-btn-xs ez-toc-btn-default ez-toc-toggle\" aria-label=\"Alternar tabla de contenidos\"><span class=\"ez-toc-js-icon-con\"><span class=\"\"><span class=\"eztoc-hide\" style=\"display:none;\">Toggle<\/span><span class=\"ez-toc-icon-toggle-span\"><svg style=\"fill: #db6415;color:#db6415\" xmlns=\"http:\/\/www.w3.org\/2000\/svg\" class=\"list-377408\" width=\"20px\" height=\"20px\" viewBox=\"0 0 24 24\" fill=\"none\"><path d=\"M6 6H4v2h2V6zm14 0H8v2h12V6zM4 11h2v2H4v-2zm16 0H8v2h12v-2zM4 16h2v2H4v-2zm16 0H8v2h12v-2z\" fill=\"currentColor\"><\/path><\/svg><svg style=\"fill: #db6415;color:#db6415\" class=\"arrow-unsorted-368013\" xmlns=\"http:\/\/www.w3.org\/2000\/svg\" width=\"10px\" height=\"10px\" viewBox=\"0 0 24 24\" version=\"1.2\" baseProfile=\"tiny\"><path d=\"M18.2 9.3l-6.2-6.3-6.2 6.3c-.2.2-.3.4-.3.7s.1.5.3.7c.2.2.4.3.7.3h11c.3 0 .5-.1.7-.3.2-.2.3-.5.3-.7s-.1-.5-.3-.7zM5.8 14.7l6.2 6.3 6.2-6.3c.2-.2.3-.5.3-.7s-.1-.5-.3-.7c-.2-.2-.4-.3-.7-.3h-11c-.3 0-.5.1-.7.3-.2.2-.3.5-.3.7s.1.5.3.7z\"\/><\/svg><\/span><\/span><\/span><\/a><\/span><\/div>\n<nav><ul class='ez-toc-list ez-toc-list-level-1 ' ><li class='ez-toc-page-1 ez-toc-heading-level-2'><a class=\"ez-toc-link ez-toc-heading-1\" href=\"https:\/\/idecesos.com\/seguros\/companias\/preventiva\/madrid\/#Seguro_de_decesos_Preventiva_en_Madrid\" >Seguro de decesos Preventiva en Madrid<\/a><\/li><li class='ez-toc-page-1 ez-toc-heading-level-2'><a class=\"ez-toc-link ez-toc-heading-2\" href=\"https:\/\/idecesos.com\/seguros\/companias\/preventiva\/madrid\/#Mapa_de_oficinas_de_seguros_Preventiva_en_Madrid\" >Mapa de oficinas de seguros Preventiva en Madrid<\/a><\/li><li class='ez-toc-page-1 ez-toc-heading-level-2'><a class=\"ez-toc-link ez-toc-heading-3\" href=\"https:\/\/idecesos.com\/seguros\/companias\/preventiva\/madrid\/#Listado_de_sucursales_Preventiva_en_Madrid\" >Listado de sucursales Preventiva en Madrid<\/a><\/li><li class='ez-toc-page-1 ez-toc-heading-level-2'><a class=\"ez-toc-link ez-toc-heading-4\" href=\"https:\/\/idecesos.com\/seguros\/companias\/preventiva\/madrid\/#Agencias_de_seguros_de_decesos_en_Madrid\" >Agencias de seguros de decesos en Madrid<\/a><ul class='ez-toc-list-level-3' ><li class='ez-toc-heading-level-3'><a class=\"ez-toc-link ez-toc-heading-5\" href=\"https:\/\/idecesos.com\/seguros\/companias\/preventiva\/madrid\/#Listado_de_oficinas_Preventiva_en_Espana\" >Listado de oficinas Preventiva en Espa\u00f1a<\/a><\/li><\/ul><\/li><\/ul><\/nav><\/div>\n\n<p><a href=\"https:\/\/idecesos.com\/seguros\/companias\/preventiva\/\"><img decoding=\"async\" class=\" alignleft\" src=\"https:\/\/idecesos.com\/seguros\/wp-content\/uploads\/2021\/09\/preventiva-logo.png\" alt=\"Seguro de decesos Preventiva\" width=\"336\" height=\"103\" \/><\/a><strong>La provincia de Madrid tiene varias oficinas de Preventiva<\/strong> en la que van a poder atenderle para cualquier necesidad o bien sugerencia en su horario, en todo instante contaras con la ayuda de una persona cualificada en el campo, cada oficina cuenta con trabajadores con a\u00f1os experiencia, para darte la mejor calidad posible. Solucionar de una manera m\u00e1s r\u00e1pida los inconvenientes es siempre y en todo momento acudiendo presencialmente a oficina, puesto que a la distancia es m\u00e1s bastante dif\u00edcil solventar el problema. Por ello es esencial contar a tu alcance con oficinas de seguros de decesos. <\/p>\n<p>EMPRESA nos proporciona un servicio de calidad con car\u00e1cter m\u00e1s cercano, con un nivel de comunicaci\u00f3n excepcional, gracias a contar con su oficina. Es preciso saber d\u00f3nde localizarlo. Respecto a sus servicios ser\u00e1n puesto en marcha en cualquier situaci\u00f3n. Cuentas en todo momento de grandes expertos cualificados, d\u00f3nde podr\u00e1s conseguir un presupuesto en el instante. <\/p>\n<p>Visita nuestra p\u00e1gina de <a href=\"https:\/\/idecesos.com\/seguros\/companias\/preventiva\/\">seguros de decesos Preventiva<\/a> para m\u00e1s informaci\u00f3n.<br \/>\n<div class=\"colorf \"  ><div class=\"container clearfix\"><div class=\"col-md-7\"><\/p>\n<h2><span class=\"ez-toc-section\" id=\"Seguro_de_decesos_Preventiva_en_Madrid\"><\/span>Seguro de decesos Preventiva en Madrid<span class=\"ez-toc-section-end\"><\/span><\/h2>\n<p>Siendo una de las lideres en el mercado como compa\u00f1\u00eda aseguradora de decesos, contando con las diferentes compa\u00f1\u00edas de <a href=\"https:\/\/idecesos.com\/seguros\/ciudades\/madrid\/\"><strong>seguro de decesos en Madrid<\/strong><\/a>. Deseamos que cuentes con la opci\u00f3n de poder conseguir tu presupuesto de seguro cuando lo desees y de manera f\u00e1cil como \u00fatil. \u00bfDe qu\u00e9 forma ahorrar tiempo? Tan f\u00e1cil como obtener la informaci\u00f3n que necesites en menos de un 1 minuto, a fin de que lo gestiones de una manera m\u00e1s f\u00e1cil. <\/p>\n<p>Contando con nuestro servicio en diferentes localizaciones de oficinas de Preventiva en Madrid te regalamos el poder conocer tu <strong>presupuesto al segundo<\/strong>. Te damos la calidad que deseas, con los fundamentos precisos. Rellenar nuestro formulario, vas a ser de lo m\u00e1s simples ya que no precisa de muchos procesos, pero lograr\u00e1s todos los datos necesarios. M\u00e1s solvente que continuar buscando. <\/p>\n<p><\/div><\/div><\/div>\n\t\t<hr class=\"separador\">\n\t\t<div class=\"bloque-accion\">\n\t\t<p class=\"txt-accion\">Calcula el precio de tu seguro de decesos en menos de 1 minuto<\/p>\n\t\t<a class=\"btn-accion\" href=\"https:\/\/idecesos.com\/\">CALCULAR<\/a>\n\t\t<\/div>\n\t\t<hr class=\"separador\">\n\t\t<\/p>\n<h2><span class=\"ez-toc-section\" id=\"Mapa_de_oficinas_de_seguros_Preventiva_en_Madrid\"><\/span>Mapa de oficinas de seguros Preventiva en Madrid<span class=\"ez-toc-section-end\"><\/span><\/h2>\n<p>Veras que dispones de un <strong>localizador de oficinas en Preventiva<\/strong> en Madrid donde conseguir\u00e1s todo lo que necesites, teniendo de esta manera un mapa por cada Preventiva en Madrid. Hemos querido facilitarte este proceso de buscar, sabemos que resulta una perdida de tiempo buscar y no encontrar lo que se busca. En esta ocasi\u00f3n contaras que lo vas a tener al momento. Poner soluciones de manera veloz es nuestro trabajo, por este motivo quedara todo solucionado en el momento. <\/p>\n<p><iframe class=\"page-generator-pro-map\" width=\"100%\" height=\"400\" frameborder=\"0\" style=\"border:0\" src=\"https:\/\/www.google.com\/maps\/embed\/v1\/place?q=C%2F+Princesa%2C+31%2C+28008+Madrid%2C+Espa%C3%B1a&#038;zoom=14&#038;maptype=roadmap&#038;key=AIzaSyCNTEOso0tZG6YMSJFoaJEY5Th1stEWrJI\" allowfullscreen><\/iframe><\/p>\n<p>&nbsp;<br \/>\n<div class=\"colorf\"><div class=\"container clearfix\"><div class=\"col-md-7\"><div class=\"empresas\"><\/p>\n<h2><span class=\"ez-toc-section\" id=\"Listado_de_sucursales_Preventiva_en_Madrid\"><\/span>Listado de sucursales Preventiva en Madrid<span class=\"ez-toc-section-end\"><\/span><\/h2>\n<ul>\n<li><strong>Preventiva Seguros Madrid, Espa\u00f1a:<\/strong> C\/ Princesa, 31, 28008 Madrid, Espa\u00f1a<\/li>\n<\/ul>\n<\/div><\/div><\/div><\/div>\n<h2><span class=\"ez-toc-section\" id=\"Agencias_de_seguros_de_decesos_en_Madrid\"><\/span>Agencias de seguros de decesos en Madrid<span class=\"ez-toc-section-end\"><\/span><\/h2>\n<p>Deseamos mostrarte con un sencillo paso el <strong>cat\u00e1logo de aseguradoras de decesos en Madrid<\/strong> donde encontraras toda la informaci\u00f3n precisa, donde lo vas a poder administrar de forma m\u00e1s f\u00e1cil. Ser\u00e1 bastante dif\u00edcil de asumir lo \u00fatil que es y del cual encima obtendr\u00e1s todos los datos de gran importancia para ti. Evita cuestionarlo demasiado, opta por lo m\u00e1s r\u00e1pido y eficiente que se adapte a tus necesidades. Resolviendo tu b\u00fasqueda de forma m\u00e1s eficiente y con resultados. Conocer\u00e1s las distintas compa\u00f1\u00edas que se sit\u00faen en tu zona. <\/p>\n<!-- Shortcode [preventiva] does not exist -->\n<div class=\"colorf\"><div class=\"container clearfix\"><div class=\"col-md-7\"><div class=\"empresas\">\n<h3><span class=\"ez-toc-section\" id=\"Listado_de_oficinas_Preventiva_en_Espana\"><\/span>Listado de oficinas Preventiva en Espa\u00f1a<span class=\"ez-toc-section-end\"><\/span><\/h3>\n<div class=\"enlazado\"><ul><li><a href=\"https:\/\/idecesos.com\/seguros\/companias\/preventiva\/coberturas\/\"><span>Coberturas Seguro de Decesos Preventiva<\/span><\/a><\/li><li><a href=\"https:\/\/idecesos.com\/seguros\/companias\/preventiva\/castellon\/\"><span>Oficinas seguros de decesos Preventiva en Castell\u00f3n<\/span><\/a><\/li><li><a href=\"https:\/\/idecesos.com\/seguros\/companias\/preventiva\/cuenca\/\"><span>Oficinas seguros de decesos Preventiva en Cuenca<\/span><\/a><\/li><li><a href=\"https:\/\/idecesos.com\/seguros\/companias\/preventiva\/caceres\/\"><span>Oficinas seguros de decesos Preventiva en C\u00e1ceres<\/span><\/a><\/li><li><a href=\"https:\/\/idecesos.com\/seguros\/companias\/preventiva\/cordoba\/\"><span>Oficinas seguros de decesos Preventiva en C\u00f3rdoba<\/span><\/a><\/li><li><a href=\"https:\/\/idecesos.com\/seguros\/companias\/preventiva\/granada\/\"><span>Oficinas seguros de decesos Preventiva en Granada<\/span><\/a><\/li><li><a href=\"https:\/\/idecesos.com\/seguros\/companias\/preventiva\/jaen\/\"><span>Oficinas seguros de decesos Preventiva en Ja\u00e9n<\/span><\/a><\/li><li><a href=\"https:\/\/idecesos.com\/seguros\/companias\/preventiva\/las-palmas\/\"><span>Oficinas seguros de decesos Preventiva en Las palmas<\/span><\/a><\/li><li><a href=\"https:\/\/idecesos.com\/seguros\/companias\/preventiva\/malaga\/\"><span>Oficinas seguros de decesos Preventiva en M\u00e1laga<\/span><\/a><\/li><li><a href=\"https:\/\/idecesos.com\/seguros\/companias\/preventiva\/pontevedra\/\"><span>Oficinas seguros de decesos Preventiva en Pontevedra<\/span><\/a><\/li><li><a href=\"https:\/\/idecesos.com\/seguros\/companias\/preventiva\/salamanca\/\"><span>Oficinas seguros de decesos Preventiva en Salamanca<\/span><\/a><\/li><li><a href=\"https:\/\/idecesos.com\/seguros\/companias\/preventiva\/sevilla\/\"><span>Oficinas seguros de decesos Preventiva en Sevilla<\/span><\/a><\/li><li><a href=\"https:\/\/idecesos.com\/seguros\/companias\/preventiva\/toledo\/\"><span>Oficinas seguros de decesos Preventiva en Toledo<\/span><\/a><\/li><li><a href=\"https:\/\/idecesos.com\/seguros\/companias\/preventiva\/alava\/\"><span>Oficinas seguros de decesos Preventiva en \u00c1lava<\/span><\/a><\/li><li><a href=\"https:\/\/idecesos.com\/seguros\/companias\/preventiva\/prima-natural\/\"><span>Seguro de decesos Preventiva Prima Natural<\/span><\/a><\/li><li><a href=\"https:\/\/idecesos.com\/seguros\/companias\/preventiva\/dar-de-baja\/\"><span>\u00bfC\u00f3mo dar de baja seguro Preventiva?<\/span><\/a><\/li><\/ul><\/div>\n<\/div><\/div><\/div><\/div>\n","protected":false},"excerpt":{"rendered":"<p>La provincia de Madrid tiene varias oficinas de Preventiva en la que van a poder atenderle para cualquier necesidad o bien sugerencia en su horario, en todo instante contaras con la ayuda de una persona cualificada en el campo, cada oficina cuenta con trabajadores con a\u00f1os experiencia, para darte la mejor calidad posible. Solucionar de&hellip; <\/p>\n","protected":false},"author":0,"featured_media":0,"parent":447,"menu_order":0,"comment_status":"closed","ping_status":"closed","template":"page-templates\/companies.php","meta":{"footnotes":""},"class_list":["post-8435","page","type-page","status-publish","hentry"],"yoast_head":"<!-- This site is optimized with the Yoast SEO plugin v27.3 - https:\/\/yoast.com\/product\/yoast-seo-wordpress\/ -->\n<title>Oficinas Preventiva en Madrid | Tel\u00e9fonos, Horarios, Direcci\u00f3n<\/title>\n<meta name=\"description\" content=\"Lista completa de Oficinas Preventiva en Madrid Horarios, \u2706 tel\u00e9fonos y direcciones actualizados en 2026 \u2714 Verificado por iDecesos.\" \/>\n<meta name=\"robots\" content=\"index, follow, max-snippet:-1, max-image-preview:large, max-video-preview:-1\" \/>\n<link rel=\"canonical\" href=\"https:\/\/idecesos.com\/seguros\/companias\/preventiva\/madrid\/\" \/>\n<meta property=\"og:locale\" content=\"es_ES\" \/>\n<meta property=\"og:type\" content=\"article\" \/>\n<meta property=\"og:title\" content=\"Oficinas Preventiva en Madrid | Tel\u00e9fonos, Horarios, Direcci\u00f3n\" \/>\n<meta property=\"og:description\" content=\"Lista completa de Oficinas Preventiva en Madrid Horarios, \u2706 tel\u00e9fonos y direcciones actualizados en 2026 \u2714 Verificado por iDecesos.\" \/>\n<meta property=\"og:url\" content=\"https:\/\/idecesos.com\/seguros\/companias\/preventiva\/madrid\/\" \/>\n<meta property=\"article:modified_time\" content=\"2021-09-22T22:28:30+00:00\" \/>\n<meta property=\"og:image\" content=\"https:\/\/idecesos.com\/seguros\/wp-content\/uploads\/2021\/09\/preventiva-logo.png\" \/>\n<meta name=\"twitter:card\" content=\"summary_large_image\" \/>\n<meta name=\"twitter:label1\" content=\"Tiempo de lectura\" \/>\n\t<meta name=\"twitter:data1\" content=\"39 minutos\" \/>\n<script type=\"application\/ld+json\" class=\"yoast-schema-graph\">{\"@context\":\"https:\\\/\\\/schema.org\",\"@graph\":[{\"@type\":\"WebPage\",\"@id\":\"https:\\\/\\\/idecesos.com\\\/seguros\\\/companias\\\/preventiva\\\/madrid\\\/\",\"url\":\"https:\\\/\\\/idecesos.com\\\/seguros\\\/companias\\\/preventiva\\\/madrid\\\/\",\"name\":\"Oficinas Preventiva en Madrid | Tel\u00e9fonos, Horarios, Direcci\u00f3n\",\"isPartOf\":{\"@id\":\"https:\\\/\\\/idecesos.com\\\/seguros\\\/#website\"},\"primaryImageOfPage\":{\"@id\":\"https:\\\/\\\/idecesos.com\\\/seguros\\\/companias\\\/preventiva\\\/madrid\\\/#primaryimage\"},\"image\":{\"@id\":\"https:\\\/\\\/idecesos.com\\\/seguros\\\/companias\\\/preventiva\\\/madrid\\\/#primaryimage\"},\"thumbnailUrl\":\"https:\\\/\\\/idecesos.com\\\/seguros\\\/wp-content\\\/uploads\\\/2021\\\/09\\\/preventiva-logo.png\",\"datePublished\":\"2021-09-22T22:27:39+00:00\",\"dateModified\":\"2021-09-22T22:28:30+00:00\",\"description\":\"Lista completa de Oficinas Preventiva en Madrid Horarios, \u2706 tel\u00e9fonos y direcciones actualizados en 2026 \u2714 Verificado por iDecesos.\",\"breadcrumb\":{\"@id\":\"https:\\\/\\\/idecesos.com\\\/seguros\\\/companias\\\/preventiva\\\/madrid\\\/#breadcrumb\"},\"inLanguage\":\"es\",\"potentialAction\":[{\"@type\":\"ReadAction\",\"target\":[\"https:\\\/\\\/idecesos.com\\\/seguros\\\/companias\\\/preventiva\\\/madrid\\\/\"]}]},{\"@type\":\"ImageObject\",\"inLanguage\":\"es\",\"@id\":\"https:\\\/\\\/idecesos.com\\\/seguros\\\/companias\\\/preventiva\\\/madrid\\\/#primaryimage\",\"url\":\"https:\\\/\\\/idecesos.com\\\/seguros\\\/wp-content\\\/uploads\\\/2021\\\/09\\\/preventiva-logo.png\",\"contentUrl\":\"https:\\\/\\\/idecesos.com\\\/seguros\\\/wp-content\\\/uploads\\\/2021\\\/09\\\/preventiva-logo.png\",\"width\":300,\"height\":122},{\"@type\":\"BreadcrumbList\",\"@id\":\"https:\\\/\\\/idecesos.com\\\/seguros\\\/companias\\\/preventiva\\\/madrid\\\/#breadcrumb\",\"itemListElement\":[{\"@type\":\"ListItem\",\"position\":1,\"name\":\"Portada\",\"item\":\"https:\\\/\\\/idecesos.com\\\/seguros\\\/\"},{\"@type\":\"ListItem\",\"position\":2,\"name\":\"Compa\u00f1\u00edas de Seguros de Decesos en Espa\u00f1a\",\"item\":\"https:\\\/\\\/idecesos.com\\\/seguros\\\/companias\\\/\"},{\"@type\":\"ListItem\",\"position\":3,\"name\":\"Seguro de decesos Preventiva\",\"item\":\"https:\\\/\\\/idecesos.com\\\/seguros\\\/companias\\\/preventiva\\\/\"},{\"@type\":\"ListItem\",\"position\":4,\"name\":\"Oficinas seguros de decesos Preventiva en Madrid\"}]},{\"@type\":\"WebSite\",\"@id\":\"https:\\\/\\\/idecesos.com\\\/seguros\\\/#website\",\"url\":\"https:\\\/\\\/idecesos.com\\\/seguros\\\/\",\"name\":\"\",\"description\":\"\",\"potentialAction\":[{\"@type\":\"SearchAction\",\"target\":{\"@type\":\"EntryPoint\",\"urlTemplate\":\"https:\\\/\\\/idecesos.com\\\/seguros\\\/?s={search_term_string}\"},\"query-input\":{\"@type\":\"PropertyValueSpecification\",\"valueRequired\":true,\"valueName\":\"search_term_string\"}}],\"inLanguage\":\"es\"}]}<\/script>\n<!-- \/ Yoast SEO plugin. -->","yoast_head_json":{"title":"Oficinas Preventiva en Madrid | Tel\u00e9fonos, Horarios, Direcci\u00f3n","description":"Lista completa de Oficinas Preventiva en Madrid Horarios, \u2706 tel\u00e9fonos y direcciones actualizados en 2026 \u2714 Verificado por iDecesos.","robots":{"index":"index","follow":"follow","max-snippet":"max-snippet:-1","max-image-preview":"max-image-preview:large","max-video-preview":"max-video-preview:-1"},"canonical":"https:\/\/idecesos.com\/seguros\/companias\/preventiva\/madrid\/","og_locale":"es_ES","og_type":"article","og_title":"Oficinas Preventiva en Madrid | Tel\u00e9fonos, Horarios, Direcci\u00f3n","og_description":"Lista completa de Oficinas Preventiva en Madrid Horarios, \u2706 tel\u00e9fonos y direcciones actualizados en 2026 \u2714 Verificado por iDecesos.","og_url":"https:\/\/idecesos.com\/seguros\/companias\/preventiva\/madrid\/","article_modified_time":"2021-09-22T22:28:30+00:00","og_image":[{"url":"https:\/\/idecesos.com\/seguros\/wp-content\/uploads\/2021\/09\/preventiva-logo.png","type":"","width":"","height":""}],"twitter_card":"summary_large_image","twitter_misc":{"Tiempo de lectura":"39 minutos"},"schema":{"@context":"https:\/\/schema.org","@graph":[{"@type":"WebPage","@id":"https:\/\/idecesos.com\/seguros\/companias\/preventiva\/madrid\/","url":"https:\/\/idecesos.com\/seguros\/companias\/preventiva\/madrid\/","name":"Oficinas Preventiva en Madrid | Tel\u00e9fonos, Horarios, Direcci\u00f3n","isPartOf":{"@id":"https:\/\/idecesos.com\/seguros\/#website"},"primaryImageOfPage":{"@id":"https:\/\/idecesos.com\/seguros\/companias\/preventiva\/madrid\/#primaryimage"},"image":{"@id":"https:\/\/idecesos.com\/seguros\/companias\/preventiva\/madrid\/#primaryimage"},"thumbnailUrl":"https:\/\/idecesos.com\/seguros\/wp-content\/uploads\/2021\/09\/preventiva-logo.png","datePublished":"2021-09-22T22:27:39+00:00","dateModified":"2021-09-22T22:28:30+00:00","description":"Lista completa de Oficinas Preventiva en Madrid Horarios, \u2706 tel\u00e9fonos y direcciones actualizados en 2026 \u2714 Verificado por iDecesos.","breadcrumb":{"@id":"https:\/\/idecesos.com\/seguros\/companias\/preventiva\/madrid\/#breadcrumb"},"inLanguage":"es","potentialAction":[{"@type":"ReadAction","target":["https:\/\/idecesos.com\/seguros\/companias\/preventiva\/madrid\/"]}]},{"@type":"ImageObject","inLanguage":"es","@id":"https:\/\/idecesos.com\/seguros\/companias\/preventiva\/madrid\/#primaryimage","url":"https:\/\/idecesos.com\/seguros\/wp-content\/uploads\/2021\/09\/preventiva-logo.png","contentUrl":"https:\/\/idecesos.com\/seguros\/wp-content\/uploads\/2021\/09\/preventiva-logo.png","width":300,"height":122},{"@type":"BreadcrumbList","@id":"https:\/\/idecesos.com\/seguros\/companias\/preventiva\/madrid\/#breadcrumb","itemListElement":[{"@type":"ListItem","position":1,"name":"Portada","item":"https:\/\/idecesos.com\/seguros\/"},{"@type":"ListItem","position":2,"name":"Compa\u00f1\u00edas de Seguros de Decesos en Espa\u00f1a","item":"https:\/\/idecesos.com\/seguros\/companias\/"},{"@type":"ListItem","position":3,"name":"Seguro de decesos Preventiva","item":"https:\/\/idecesos.com\/seguros\/companias\/preventiva\/"},{"@type":"ListItem","position":4,"name":"Oficinas seguros de decesos Preventiva en Madrid"}]},{"@type":"WebSite","@id":"https:\/\/idecesos.com\/seguros\/#website","url":"https:\/\/idecesos.com\/seguros\/","name":"","description":"","potentialAction":[{"@type":"SearchAction","target":{"@type":"EntryPoint","urlTemplate":"https:\/\/idecesos.com\/seguros\/?s={search_term_string}"},"query-input":{"@type":"PropertyValueSpecification","valueRequired":true,"valueName":"search_term_string"}}],"inLanguage":"es"}]}},"_links":{"self":[{"href":"https:\/\/idecesos.com\/seguros\/wp-json\/wp\/v2\/pages\/8435","targetHints":{"allow":["GET"]}}],"collection":[{"href":"https:\/\/idecesos.com\/seguros\/wp-json\/wp\/v2\/pages"}],"about":[{"href":"https:\/\/idecesos.com\/seguros\/wp-json\/wp\/v2\/types\/page"}],"replies":[{"embeddable":true,"href":"https:\/\/idecesos.com\/seguros\/wp-json\/wp\/v2\/comments?post=8435"}],"version-history":[{"count":1,"href":"https:\/\/idecesos.com\/seguros\/wp-json\/wp\/v2\/pages\/8435\/revisions"}],"predecessor-version":[{"id":8474,"href":"https:\/\/idecesos.com\/seguros\/wp-json\/wp\/v2\/pages\/8435\/revisions\/8474"}],"up":[{"embeddable":true,"href":"https:\/\/idecesos.com\/seguros\/wp-json\/wp\/v2\/pages\/447"}],"wp:attachment":[{"href":"https:\/\/idecesos.com\/seguros\/wp-json\/wp\/v2\/media?parent=8435"}],"curies":[{"name":"wp","href":"https:\/\/api.w.org\/{rel}","templated":true}]}}