{"id":8443,"date":"2021-09-22T22:28:34","date_gmt":"2021-09-22T22:27:43","guid":{"rendered":"https:\/\/idecesos.com\/seguros\/companias\/preventiva\/teruel\/"},"modified":"2021-09-22T22:28:34","modified_gmt":"2021-09-22T22:28:34","slug":"teruel","status":"publish","type":"page","link":"https:\/\/idecesos.com\/seguros\/companias\/preventiva\/teruel\/","title":{"rendered":"Oficinas seguros de decesos Preventiva en Teruel"},"content":{"rendered":"<div id=\"ez-toc-container\" class=\"ez-toc-v2_0_83 ez-toc-wrap-center counter-hierarchy ez-toc-counter ez-toc-custom ez-toc-container-direction\">\n<div class=\"ez-toc-title-container\">\n<p class=\"ez-toc-title\" style=\"cursor:inherit\">Tabla de Contenido<\/p>\n<span class=\"ez-toc-title-toggle\"><a href=\"#\" class=\"ez-toc-pull-right ez-toc-btn ez-toc-btn-xs ez-toc-btn-default ez-toc-toggle\" aria-label=\"Alternar tabla de contenidos\"><span class=\"ez-toc-js-icon-con\"><span class=\"\"><span class=\"eztoc-hide\" style=\"display:none;\">Toggle<\/span><span class=\"ez-toc-icon-toggle-span\"><svg style=\"fill: #db6415;color:#db6415\" xmlns=\"http:\/\/www.w3.org\/2000\/svg\" class=\"list-377408\" width=\"20px\" height=\"20px\" viewBox=\"0 0 24 24\" fill=\"none\"><path d=\"M6 6H4v2h2V6zm14 0H8v2h12V6zM4 11h2v2H4v-2zm16 0H8v2h12v-2zM4 16h2v2H4v-2zm16 0H8v2h12v-2z\" fill=\"currentColor\"><\/path><\/svg><svg style=\"fill: #db6415;color:#db6415\" class=\"arrow-unsorted-368013\" xmlns=\"http:\/\/www.w3.org\/2000\/svg\" width=\"10px\" height=\"10px\" viewBox=\"0 0 24 24\" version=\"1.2\" baseProfile=\"tiny\"><path d=\"M18.2 9.3l-6.2-6.3-6.2 6.3c-.2.2-.3.4-.3.7s.1.5.3.7c.2.2.4.3.7.3h11c.3 0 .5-.1.7-.3.2-.2.3-.5.3-.7s-.1-.5-.3-.7zM5.8 14.7l6.2 6.3 6.2-6.3c.2-.2.3-.5.3-.7s-.1-.5-.3-.7c-.2-.2-.4-.3-.7-.3h-11c-.3 0-.5.1-.7.3-.2.2-.3.5-.3.7s.1.5.3.7z\"\/><\/svg><\/span><\/span><\/span><\/a><\/span><\/div>\n<nav><ul class='ez-toc-list ez-toc-list-level-1 ' ><li class='ez-toc-page-1 ez-toc-heading-level-2'><a class=\"ez-toc-link ez-toc-heading-1\" href=\"https:\/\/idecesos.com\/seguros\/companias\/preventiva\/teruel\/#Seguro_de_decesos_Preventiva_en_Teruel\" >Seguro de decesos Preventiva en Teruel<\/a><\/li><li class='ez-toc-page-1 ez-toc-heading-level-2'><a class=\"ez-toc-link ez-toc-heading-2\" href=\"https:\/\/idecesos.com\/seguros\/companias\/preventiva\/teruel\/#Mapa_de_oficinas_de_seguros_Preventiva_en_Teruel\" >Mapa de oficinas de seguros Preventiva en Teruel<\/a><\/li><li class='ez-toc-page-1 ez-toc-heading-level-2'><a class=\"ez-toc-link ez-toc-heading-3\" href=\"https:\/\/idecesos.com\/seguros\/companias\/preventiva\/teruel\/#Listado_de_sucursales_Preventiva_en_Teruel\" >Listado de sucursales Preventiva en Teruel<\/a><\/li><li class='ez-toc-page-1 ez-toc-heading-level-2'><a class=\"ez-toc-link ez-toc-heading-4\" href=\"https:\/\/idecesos.com\/seguros\/companias\/preventiva\/teruel\/#Oficinas_de_seguros_de_decesos_en_Teruel\" >Oficinas de seguros de decesos en Teruel<\/a><ul class='ez-toc-list-level-3' ><li class='ez-toc-heading-level-3'><a class=\"ez-toc-link ez-toc-heading-5\" href=\"https:\/\/idecesos.com\/seguros\/companias\/preventiva\/teruel\/#Listado_de_agencias_Preventiva_en_Espana\" >Listado de agencias Preventiva en Espa\u00f1a<\/a><\/li><\/ul><\/li><\/ul><\/nav><\/div>\n\n<p><a href=\"https:\/\/idecesos.com\/seguros\/companias\/preventiva\/\"><img decoding=\"async\" class=\" alignleft\" src=\"https:\/\/idecesos.com\/seguros\/wp-content\/uploads\/2021\/09\/preventiva-logo.png\" alt=\"Seguro de decesos Preventiva\" width=\"336\" height=\"103\" \/><\/a>Depende de las oficinas de Preventiva se hayan en todos y cada sitio diferente, te damos el lujo de conocer las distintas <strong>sucursales de Preventiva en Teruel<\/strong> donde gestionaran tus inconvenientes de la manera m\u00e1s eficaz y sencilla. Aparte de que tengan experiencia es esencial las cualidades que presenten para el sector, nos guie en todo instante de la forma adecuada. Vas a contar en todo instante de nuestro total servicio, sin problemas en el momento de requerir de nosotros. por eso encontrases cada una de nuestras oficinas de Preventiva en Teruel cerca de tu localizaci\u00f3n, somos especialistas en asegurar tu recorrido hasta el final del trayecto. \u00a0<\/p>\n<p>Resulta complicado conocer en qu\u00e9 sitio se encuentra ciertas oficinas de Preventiva en Teruel hemos querido facilitarte eso, donde te ayudasen a administrar todos los erros que han pasado o bien evitando que sucedan, de manera m\u00e1s veloz, eludiendo cualquier problema con tu empresa de seguros. En el caso de que se necesite asesoramiento, va a tener en su posesi\u00f3n del servicio puedan acudir a su compa\u00f1\u00eda de seguros m\u00e1s cercano para la administraci\u00f3n del mismo. <\/p>\n<p>Visita nuestra p\u00e1gina de <a href=\"https:\/\/idecesos.com\/seguros\/companias\/preventiva\/\">seguros de decesos Preventiva<\/a> para m\u00e1s informaci\u00f3n.<br \/>\n<div class=\"colorf \"  ><div class=\"container clearfix\"><div class=\"col-md-7\"><\/p>\n<h2><span class=\"ez-toc-section\" id=\"Seguro_de_decesos_Preventiva_en_Teruel\"><\/span>Seguro de decesos Preventiva en Teruel<span class=\"ez-toc-section-end\"><\/span><\/h2>\n<p>Sobresalimos como aseguradora del a\u00f1o al prestar un buen servicio competente y eficiente, contando con los diferentes <a href=\"https:\/\/idecesos.com\/seguros\/ciudades\/teruel\/\"><strong>seguros de decesos Teruel<\/strong><\/a>. Te obsequiamos conocer tu presupuesto de forma sin coste. Pocas veces se han presentado la ocasi\u00f3n de poder conocer tu presupuesto, cuentas con la gratuidad en todo momento. Descartando en todo instante efectuar procedimientos de m\u00e1s. <\/p>\n<p>\u00bfQu\u00e9 hacemos como compa\u00f1\u00edas aseguradoras? Nos ocupamos de tu tranquilidad y paz, por eso hemos tra\u00eddo que en Teruel te cubran todo cuanto precises en las circunstancias que te halles. Queremos que cuentes en todo momento con el poder ayudarte con tus problemas, pudiendo as\u00ed pedir tu cita anterior en menos de 1 segundo. \u00bfDeseas saber lo sencillo que <strong>solucionamos tus cuestiones de Preventiva<\/strong>?\u00bfTe cuesta conseguir las respuestas?  te la damos de manera inmediata y concreta. Gracias al formulario creado para ti vas a poder optar a tener tu cita o bien un presupuesto a tus medidas. Te lo ponemos cada vez m\u00e1s simple, evit\u00e1ndote cualquier problema que pueda surgir. <\/p>\n<p><\/div><\/div><\/div>\n\t\t<hr class=\"separador\">\n\t\t<div class=\"bloque-accion\">\n\t\t<p class=\"txt-accion\">Calcula el precio de tu seguro de decesos en menos de 1 minuto<\/p>\n\t\t<a class=\"btn-accion\" href=\"https:\/\/idecesos.com\/\">CALCULAR<\/a>\n\t\t<\/div>\n\t\t<hr class=\"separador\">\n\t\t<\/p>\n<h2><span class=\"ez-toc-section\" id=\"Mapa_de_oficinas_de_seguros_Preventiva_en_Teruel\"><\/span>Mapa de oficinas de seguros Preventiva en Teruel<span class=\"ez-toc-section-end\"><\/span><\/h2>\n<p>Te resultara c\u00f3modo conocer esta informaci\u00f3n que hemos generado para ti solamente donde veras un listado de oficinas de Preventiva en Teruel que te aporta todos los datos precisos as\u00ed como el <strong>mapa por Teruel<\/strong> de sucursales de Preventiva, haci\u00e9ndote f\u00e1cil el dato de donde se hallan localizados. Cada informaci\u00f3n que te aportamos cuenta con nuestro filtro de seguridad para que sea fiable en todo momento. <\/p>\n<p><iframe class=\"page-generator-pro-map\" width=\"100%\" height=\"400\" frameborder=\"0\" style=\"border:0\" src=\"https:\/\/www.google.com\/maps\/embed\/v1\/place?q=C.+Castellote%2C+2%2C+44600+Alca%C3%B1iz%2C+Teruel%2C+Espa%C3%B1a&#038;zoom=14&#038;maptype=roadmap&#038;key=AIzaSyCNTEOso0tZG6YMSJFoaJEY5Th1stEWrJI\" allowfullscreen><\/iframe><\/p>\n<p>&nbsp;<br \/>\n<div class=\"colorf\"><div class=\"container clearfix\"><div class=\"col-md-7\"><div class=\"empresas\"><\/p>\n<h2><span class=\"ez-toc-section\" id=\"Listado_de_sucursales_Preventiva_en_Teruel\"><\/span>Listado de sucursales Preventiva en Teruel<span class=\"ez-toc-section-end\"><\/span><\/h2>\n<ul>\n<li><strong>Preventiva Seguros Alca\u00f1iz, Espa\u00f1a:<\/strong> C. Castellote, 2, 44600 Alca\u00f1iz, Teruel, Espa\u00f1a<\/li>\n<\/ul>\n<\/div><\/div><\/div><\/div>\n<h2><span class=\"ez-toc-section\" id=\"Oficinas_de_seguros_de_decesos_en_Teruel\"><\/span>Oficinas de seguros de decesos en Teruel<span class=\"ez-toc-section-end\"><\/span><\/h2>\n<p>Garantizamos nuestros mejores servicios de calidad en cada segundo. \u00bfNo lo tienes claro?, te vamos a dejar a continuaci\u00f3n un cat\u00e1logo de las distintas compa\u00f1\u00edas de seguros de defunci\u00f3n en Teruel, accede por medio de este enlace con solo hacer clic y obtendr\u00e1s toda la informaci\u00f3n necesaria y relevante a sus dudas. \u00a0<\/p>\n<!-- Shortcode [preventiva] does not exist -->\n<div class=\"colorf\"><div class=\"container clearfix\"><div class=\"col-md-7\"><div class=\"empresas\">\n<h3><span class=\"ez-toc-section\" id=\"Listado_de_agencias_Preventiva_en_Espana\"><\/span>Listado de agencias Preventiva en Espa\u00f1a<span class=\"ez-toc-section-end\"><\/span><\/h3>\n<div class=\"enlazado\"><ul><li><a href=\"https:\/\/idecesos.com\/seguros\/companias\/preventiva\/telefono\/\"><span>Atenci\u00f3n al cliente Preventiva: telefono gratuito, e-mail<\/span><\/a><\/li><li><a href=\"https:\/\/idecesos.com\/seguros\/companias\/preventiva\/coberturas\/\"><span>Coberturas Seguro de Decesos Preventiva<\/span><\/a><\/li><li><a href=\"https:\/\/idecesos.com\/seguros\/companias\/preventiva\/asturias\/\"><span>Oficinas seguros de decesos Preventiva en Asturias<\/span><\/a><\/li><li><a href=\"https:\/\/idecesos.com\/seguros\/companias\/preventiva\/barcelona\/\"><span>Oficinas seguros de decesos Preventiva en Barcelona<\/span><\/a><\/li><li><a href=\"https:\/\/idecesos.com\/seguros\/companias\/preventiva\/burgos\/\"><span>Oficinas seguros de decesos Preventiva en Burgos<\/span><\/a><\/li><li><a href=\"https:\/\/idecesos.com\/seguros\/companias\/preventiva\/cantabria\/\"><span>Oficinas seguros de decesos Preventiva en Cantabria<\/span><\/a><\/li><li><a href=\"https:\/\/idecesos.com\/seguros\/companias\/preventiva\/ciudad-real\/\"><span>Oficinas seguros de decesos Preventiva en Ciudad Real<\/span><\/a><\/li><li><a href=\"https:\/\/idecesos.com\/seguros\/companias\/preventiva\/caceres\/\"><span>Oficinas seguros de decesos Preventiva en C\u00e1ceres<\/span><\/a><\/li><li><a href=\"https:\/\/idecesos.com\/seguros\/companias\/preventiva\/cadiz\/\"><span>Oficinas seguros de decesos Preventiva en C\u00e1diz<\/span><\/a><\/li><li><a href=\"https:\/\/idecesos.com\/seguros\/companias\/preventiva\/huelva\/\"><span>Oficinas seguros de decesos Preventiva en Huelva<\/span><\/a><\/li><li><a href=\"https:\/\/idecesos.com\/seguros\/companias\/preventiva\/murcia\/\"><span>Oficinas seguros de decesos Preventiva en Murcia<\/span><\/a><\/li><li><a href=\"https:\/\/idecesos.com\/seguros\/companias\/preventiva\/vizcaya\/\"><span>Oficinas seguros de decesos Preventiva en Vizcaya<\/span><\/a><\/li><li><a href=\"https:\/\/idecesos.com\/seguros\/companias\/preventiva\/opiniones\/\"><span>Opiniones Seguro de decesos Preventiva<\/span><\/a><\/li><li><a href=\"https:\/\/idecesos.com\/seguros\/companias\/preventiva\/prima-nivelada\/\"><span>Seguro de decesos Preventiva Prima Nivelada<\/span><\/a><\/li><li><a href=\"https:\/\/idecesos.com\/seguros\/companias\/preventiva\/repatriacion\/\"><span>Seguro de decesos Preventiva con repatriaci\u00f3n<\/span><\/a><\/li><li><a href=\"https:\/\/idecesos.com\/seguros\/companias\/preventiva\/precio\/\"><span>\u00bfCu\u00e1nto cuesta el seguro de decesos Preventiva?<\/span><\/a><\/li><\/ul><\/div>\n<\/div><\/div><\/div><\/div>\n","protected":false},"excerpt":{"rendered":"<p>Depende de las oficinas de Preventiva se hayan en todos y cada sitio diferente, te damos el lujo de conocer las distintas sucursales de Preventiva en Teruel donde gestionaran tus inconvenientes de la manera m\u00e1s eficaz y sencilla. Aparte de que tengan experiencia es esencial las cualidades que presenten para el sector, nos guie en&hellip; <\/p>\n","protected":false},"author":0,"featured_media":0,"parent":447,"menu_order":0,"comment_status":"closed","ping_status":"closed","template":"page-templates\/companies.php","meta":{"footnotes":""},"class_list":["post-8443","page","type-page","status-publish","hentry"],"yoast_head":"<!-- This site is optimized with the Yoast SEO plugin v27.6 - https:\/\/yoast.com\/product\/yoast-seo-wordpress\/ -->\n<title>Oficinas Preventiva en Teruel | Tel\u00e9fonos, Horarios, Direcci\u00f3n<\/title>\n<meta name=\"description\" content=\"Lista completa de Oficinas Preventiva en Teruel Horarios, \u2706 tel\u00e9fonos y direcciones actualizados en 2026 \u2714 Verificado por iDecesos.\" \/>\n<meta name=\"robots\" content=\"index, follow, max-snippet:-1, max-image-preview:large, max-video-preview:-1\" \/>\n<link rel=\"canonical\" href=\"https:\/\/idecesos.com\/seguros\/companias\/preventiva\/teruel\/\" \/>\n<meta property=\"og:locale\" content=\"es_ES\" \/>\n<meta property=\"og:type\" content=\"article\" \/>\n<meta property=\"og:title\" content=\"Oficinas Preventiva en Teruel | Tel\u00e9fonos, Horarios, Direcci\u00f3n\" \/>\n<meta property=\"og:description\" content=\"Lista completa de Oficinas Preventiva en Teruel Horarios, \u2706 tel\u00e9fonos y direcciones actualizados en 2026 \u2714 Verificado por iDecesos.\" \/>\n<meta property=\"og:url\" content=\"https:\/\/idecesos.com\/seguros\/companias\/preventiva\/teruel\/\" \/>\n<meta property=\"article:modified_time\" content=\"2021-09-22T22:28:34+00:00\" \/>\n<meta property=\"og:image\" content=\"https:\/\/idecesos.com\/seguros\/wp-content\/uploads\/2021\/09\/preventiva-logo.png\" \/>\n<meta name=\"twitter:card\" content=\"summary_large_image\" \/>\n<meta name=\"twitter:label1\" content=\"Tiempo de lectura\" \/>\n\t<meta name=\"twitter:data1\" content=\"39 minutos\" \/>\n<script type=\"application\/ld+json\" class=\"yoast-schema-graph\">{\"@context\":\"https:\\\/\\\/schema.org\",\"@graph\":[{\"@type\":\"WebPage\",\"@id\":\"https:\\\/\\\/idecesos.com\\\/seguros\\\/companias\\\/preventiva\\\/teruel\\\/\",\"url\":\"https:\\\/\\\/idecesos.com\\\/seguros\\\/companias\\\/preventiva\\\/teruel\\\/\",\"name\":\"Oficinas Preventiva en Teruel | Tel\u00e9fonos, Horarios, Direcci\u00f3n\",\"isPartOf\":{\"@id\":\"https:\\\/\\\/idecesos.com\\\/seguros\\\/#website\"},\"primaryImageOfPage\":{\"@id\":\"https:\\\/\\\/idecesos.com\\\/seguros\\\/companias\\\/preventiva\\\/teruel\\\/#primaryimage\"},\"image\":{\"@id\":\"https:\\\/\\\/idecesos.com\\\/seguros\\\/companias\\\/preventiva\\\/teruel\\\/#primaryimage\"},\"thumbnailUrl\":\"https:\\\/\\\/idecesos.com\\\/seguros\\\/wp-content\\\/uploads\\\/2021\\\/09\\\/preventiva-logo.png\",\"datePublished\":\"2021-09-22T22:27:43+00:00\",\"dateModified\":\"2021-09-22T22:28:34+00:00\",\"description\":\"Lista completa de Oficinas Preventiva en Teruel Horarios, \u2706 tel\u00e9fonos y direcciones actualizados en 2026 \u2714 Verificado por iDecesos.\",\"breadcrumb\":{\"@id\":\"https:\\\/\\\/idecesos.com\\\/seguros\\\/companias\\\/preventiva\\\/teruel\\\/#breadcrumb\"},\"inLanguage\":\"es\",\"potentialAction\":[{\"@type\":\"ReadAction\",\"target\":[\"https:\\\/\\\/idecesos.com\\\/seguros\\\/companias\\\/preventiva\\\/teruel\\\/\"]}]},{\"@type\":\"ImageObject\",\"inLanguage\":\"es\",\"@id\":\"https:\\\/\\\/idecesos.com\\\/seguros\\\/companias\\\/preventiva\\\/teruel\\\/#primaryimage\",\"url\":\"https:\\\/\\\/idecesos.com\\\/seguros\\\/wp-content\\\/uploads\\\/2021\\\/09\\\/preventiva-logo.png\",\"contentUrl\":\"https:\\\/\\\/idecesos.com\\\/seguros\\\/wp-content\\\/uploads\\\/2021\\\/09\\\/preventiva-logo.png\",\"width\":300,\"height\":122},{\"@type\":\"BreadcrumbList\",\"@id\":\"https:\\\/\\\/idecesos.com\\\/seguros\\\/companias\\\/preventiva\\\/teruel\\\/#breadcrumb\",\"itemListElement\":[{\"@type\":\"ListItem\",\"position\":1,\"name\":\"Portada\",\"item\":\"https:\\\/\\\/idecesos.com\\\/seguros\\\/\"},{\"@type\":\"ListItem\",\"position\":2,\"name\":\"Compa\u00f1\u00edas de Seguros de Decesos en Espa\u00f1a\",\"item\":\"https:\\\/\\\/idecesos.com\\\/seguros\\\/companias\\\/\"},{\"@type\":\"ListItem\",\"position\":3,\"name\":\"Seguro de decesos Preventiva\",\"item\":\"https:\\\/\\\/idecesos.com\\\/seguros\\\/companias\\\/preventiva\\\/\"},{\"@type\":\"ListItem\",\"position\":4,\"name\":\"Oficinas seguros de decesos Preventiva en Teruel\"}]},{\"@type\":\"WebSite\",\"@id\":\"https:\\\/\\\/idecesos.com\\\/seguros\\\/#website\",\"url\":\"https:\\\/\\\/idecesos.com\\\/seguros\\\/\",\"name\":\"\",\"description\":\"\",\"potentialAction\":[{\"@type\":\"SearchAction\",\"target\":{\"@type\":\"EntryPoint\",\"urlTemplate\":\"https:\\\/\\\/idecesos.com\\\/seguros\\\/?s={search_term_string}\"},\"query-input\":{\"@type\":\"PropertyValueSpecification\",\"valueRequired\":true,\"valueName\":\"search_term_string\"}}],\"inLanguage\":\"es\"}]}<\/script>\n<!-- \/ Yoast SEO plugin. -->","yoast_head_json":{"title":"Oficinas Preventiva en Teruel | Tel\u00e9fonos, Horarios, Direcci\u00f3n","description":"Lista completa de Oficinas Preventiva en Teruel Horarios, \u2706 tel\u00e9fonos y direcciones actualizados en 2026 \u2714 Verificado por iDecesos.","robots":{"index":"index","follow":"follow","max-snippet":"max-snippet:-1","max-image-preview":"max-image-preview:large","max-video-preview":"max-video-preview:-1"},"canonical":"https:\/\/idecesos.com\/seguros\/companias\/preventiva\/teruel\/","og_locale":"es_ES","og_type":"article","og_title":"Oficinas Preventiva en Teruel | Tel\u00e9fonos, Horarios, Direcci\u00f3n","og_description":"Lista completa de Oficinas Preventiva en Teruel Horarios, \u2706 tel\u00e9fonos y direcciones actualizados en 2026 \u2714 Verificado por iDecesos.","og_url":"https:\/\/idecesos.com\/seguros\/companias\/preventiva\/teruel\/","article_modified_time":"2021-09-22T22:28:34+00:00","og_image":[{"url":"https:\/\/idecesos.com\/seguros\/wp-content\/uploads\/2021\/09\/preventiva-logo.png","type":"","width":"","height":""}],"twitter_card":"summary_large_image","twitter_misc":{"Tiempo de lectura":"39 minutos"},"schema":{"@context":"https:\/\/schema.org","@graph":[{"@type":"WebPage","@id":"https:\/\/idecesos.com\/seguros\/companias\/preventiva\/teruel\/","url":"https:\/\/idecesos.com\/seguros\/companias\/preventiva\/teruel\/","name":"Oficinas Preventiva en Teruel | Tel\u00e9fonos, Horarios, Direcci\u00f3n","isPartOf":{"@id":"https:\/\/idecesos.com\/seguros\/#website"},"primaryImageOfPage":{"@id":"https:\/\/idecesos.com\/seguros\/companias\/preventiva\/teruel\/#primaryimage"},"image":{"@id":"https:\/\/idecesos.com\/seguros\/companias\/preventiva\/teruel\/#primaryimage"},"thumbnailUrl":"https:\/\/idecesos.com\/seguros\/wp-content\/uploads\/2021\/09\/preventiva-logo.png","datePublished":"2021-09-22T22:27:43+00:00","dateModified":"2021-09-22T22:28:34+00:00","description":"Lista completa de Oficinas Preventiva en Teruel Horarios, \u2706 tel\u00e9fonos y direcciones actualizados en 2026 \u2714 Verificado por iDecesos.","breadcrumb":{"@id":"https:\/\/idecesos.com\/seguros\/companias\/preventiva\/teruel\/#breadcrumb"},"inLanguage":"es","potentialAction":[{"@type":"ReadAction","target":["https:\/\/idecesos.com\/seguros\/companias\/preventiva\/teruel\/"]}]},{"@type":"ImageObject","inLanguage":"es","@id":"https:\/\/idecesos.com\/seguros\/companias\/preventiva\/teruel\/#primaryimage","url":"https:\/\/idecesos.com\/seguros\/wp-content\/uploads\/2021\/09\/preventiva-logo.png","contentUrl":"https:\/\/idecesos.com\/seguros\/wp-content\/uploads\/2021\/09\/preventiva-logo.png","width":300,"height":122},{"@type":"BreadcrumbList","@id":"https:\/\/idecesos.com\/seguros\/companias\/preventiva\/teruel\/#breadcrumb","itemListElement":[{"@type":"ListItem","position":1,"name":"Portada","item":"https:\/\/idecesos.com\/seguros\/"},{"@type":"ListItem","position":2,"name":"Compa\u00f1\u00edas de Seguros de Decesos en Espa\u00f1a","item":"https:\/\/idecesos.com\/seguros\/companias\/"},{"@type":"ListItem","position":3,"name":"Seguro de decesos Preventiva","item":"https:\/\/idecesos.com\/seguros\/companias\/preventiva\/"},{"@type":"ListItem","position":4,"name":"Oficinas seguros de decesos Preventiva en Teruel"}]},{"@type":"WebSite","@id":"https:\/\/idecesos.com\/seguros\/#website","url":"https:\/\/idecesos.com\/seguros\/","name":"","description":"","potentialAction":[{"@type":"SearchAction","target":{"@type":"EntryPoint","urlTemplate":"https:\/\/idecesos.com\/seguros\/?s={search_term_string}"},"query-input":{"@type":"PropertyValueSpecification","valueRequired":true,"valueName":"search_term_string"}}],"inLanguage":"es"}]}},"_links":{"self":[{"href":"https:\/\/idecesos.com\/seguros\/wp-json\/wp\/v2\/pages\/8443","targetHints":{"allow":["GET"]}}],"collection":[{"href":"https:\/\/idecesos.com\/seguros\/wp-json\/wp\/v2\/pages"}],"about":[{"href":"https:\/\/idecesos.com\/seguros\/wp-json\/wp\/v2\/types\/page"}],"replies":[{"embeddable":true,"href":"https:\/\/idecesos.com\/seguros\/wp-json\/wp\/v2\/comments?post=8443"}],"version-history":[{"count":1,"href":"https:\/\/idecesos.com\/seguros\/wp-json\/wp\/v2\/pages\/8443\/revisions"}],"predecessor-version":[{"id":8482,"href":"https:\/\/idecesos.com\/seguros\/wp-json\/wp\/v2\/pages\/8443\/revisions\/8482"}],"up":[{"embeddable":true,"href":"https:\/\/idecesos.com\/seguros\/wp-json\/wp\/v2\/pages\/447"}],"wp:attachment":[{"href":"https:\/\/idecesos.com\/seguros\/wp-json\/wp\/v2\/media?parent=8443"}],"curies":[{"name":"wp","href":"https:\/\/api.w.org\/{rel}","templated":true}]}}