{"id":8446,"date":"2021-09-22T22:28:35","date_gmt":"2021-09-22T22:27:45","guid":{"rendered":"https:\/\/idecesos.com\/seguros\/companias\/preventiva\/valladolid\/"},"modified":"2021-09-22T22:28:35","modified_gmt":"2021-09-22T22:28:35","slug":"valladolid","status":"publish","type":"page","link":"https:\/\/idecesos.com\/seguros\/companias\/preventiva\/valladolid\/","title":{"rendered":"Oficinas seguros de decesos Preventiva en Valladolid"},"content":{"rendered":"<div id=\"ez-toc-container\" class=\"ez-toc-v2_0_83 ez-toc-wrap-center counter-hierarchy ez-toc-counter ez-toc-custom ez-toc-container-direction\">\n<div class=\"ez-toc-title-container\">\n<p class=\"ez-toc-title\" style=\"cursor:inherit\">Tabla de Contenido<\/p>\n<span class=\"ez-toc-title-toggle\"><a href=\"#\" class=\"ez-toc-pull-right ez-toc-btn ez-toc-btn-xs ez-toc-btn-default ez-toc-toggle\" aria-label=\"Alternar tabla de contenidos\"><span class=\"ez-toc-js-icon-con\"><span class=\"\"><span class=\"eztoc-hide\" style=\"display:none;\">Toggle<\/span><span class=\"ez-toc-icon-toggle-span\"><svg style=\"fill: #db6415;color:#db6415\" xmlns=\"http:\/\/www.w3.org\/2000\/svg\" class=\"list-377408\" width=\"20px\" height=\"20px\" viewBox=\"0 0 24 24\" fill=\"none\"><path d=\"M6 6H4v2h2V6zm14 0H8v2h12V6zM4 11h2v2H4v-2zm16 0H8v2h12v-2zM4 16h2v2H4v-2zm16 0H8v2h12v-2z\" fill=\"currentColor\"><\/path><\/svg><svg style=\"fill: #db6415;color:#db6415\" class=\"arrow-unsorted-368013\" xmlns=\"http:\/\/www.w3.org\/2000\/svg\" width=\"10px\" height=\"10px\" viewBox=\"0 0 24 24\" version=\"1.2\" baseProfile=\"tiny\"><path d=\"M18.2 9.3l-6.2-6.3-6.2 6.3c-.2.2-.3.4-.3.7s.1.5.3.7c.2.2.4.3.7.3h11c.3 0 .5-.1.7-.3.2-.2.3-.5.3-.7s-.1-.5-.3-.7zM5.8 14.7l6.2 6.3 6.2-6.3c.2-.2.3-.5.3-.7s-.1-.5-.3-.7c-.2-.2-.4-.3-.7-.3h-11c-.3 0-.5.1-.7.3-.2.2-.3.5-.3.7s.1.5.3.7z\"\/><\/svg><\/span><\/span><\/span><\/a><\/span><\/div>\n<nav><ul class='ez-toc-list ez-toc-list-level-1 ' ><li class='ez-toc-page-1 ez-toc-heading-level-2'><a class=\"ez-toc-link ez-toc-heading-1\" href=\"https:\/\/idecesos.com\/seguros\/companias\/preventiva\/valladolid\/#Seguro_de_decesos_Preventiva_en_Valladolid\" >Seguro de decesos Preventiva en Valladolid<\/a><\/li><li class='ez-toc-page-1 ez-toc-heading-level-2'><a class=\"ez-toc-link ez-toc-heading-2\" href=\"https:\/\/idecesos.com\/seguros\/companias\/preventiva\/valladolid\/#Mapa_de_agencias_de_seguros_Preventiva_en_Valladolid\" >Mapa de agencias de seguros Preventiva en Valladolid<\/a><\/li><li class='ez-toc-page-1 ez-toc-heading-level-2'><a class=\"ez-toc-link ez-toc-heading-3\" href=\"https:\/\/idecesos.com\/seguros\/companias\/preventiva\/valladolid\/#Listado_de_agencias_Preventiva_en_Valladolid\" >Listado de agencias Preventiva en Valladolid<\/a><\/li><li class='ez-toc-page-1 ez-toc-heading-level-2'><a class=\"ez-toc-link ez-toc-heading-4\" href=\"https:\/\/idecesos.com\/seguros\/companias\/preventiva\/valladolid\/#Oficinas_de_seguros_de_decesos_en_Valladolid\" >Oficinas de seguros de decesos en Valladolid<\/a><ul class='ez-toc-list-level-3' ><li class='ez-toc-heading-level-3'><a class=\"ez-toc-link ez-toc-heading-5\" href=\"https:\/\/idecesos.com\/seguros\/companias\/preventiva\/valladolid\/#Listado_de_oficinas_Preventiva_en_Espana\" >Listado de oficinas Preventiva en Espa\u00f1a<\/a><\/li><\/ul><\/li><\/ul><\/nav><\/div>\n\n<p><a href=\"https:\/\/idecesos.com\/seguros\/companias\/preventiva\/\"><img decoding=\"async\" class=\" alignleft\" src=\"https:\/\/idecesos.com\/seguros\/wp-content\/uploads\/2021\/09\/preventiva-logo.png\" alt=\"Seguro de decesos Preventiva\" width=\"336\" height=\"103\" \/><\/a>Para una mejor atenci\u00f3n donde resuelvan sus necesidades o bien dudas al respect\u00f3, es esencial contar con un personal cualificado en el \u00e1mbito, sabiendo que lo tiene en Valladolid con una gran pluralidad de oficinas de Preventiva y con un horario flexible. Siempre adapt\u00e1ndose a ti. \u00bfEs mejor asistir a una oficina presencialmente? En cuesti\u00f3n es m\u00e1s solvente que a la distancia ya que resolver\u00e1n su problema en el instante. Tener cerca en todo instante una sucursal de seguros de defunci\u00f3n es vital. <\/p>\n<p>Cuentas a tu alcance haya m\u00e1s de ochenta sucursales por zonas. Por este motivo te <strong>resultara m\u00e1s sencillo conocer las distintas oficinas de cada Valladolid<\/strong>, garantiz\u00e1ndote en todo instante que la experiencia sea la correcta y la que precises en esos instantes. \u00a0Cada trayectoria tiene una ruta seg\u00fan las caracterices que deseemos continuar o bien buscamos, por este motivo encuentra tu oficina referente de Preventiva en Valladolid d\u00e1ndote la cobertura que te mereces. <\/p>\n<p>Visita nuestra p\u00e1gina de <a href=\"https:\/\/idecesos.com\/seguros\/companias\/preventiva\/\">seguros de decesos Preventiva<\/a> para m\u00e1s informaci\u00f3n.<br \/>\n<div class=\"colorf \"  ><div class=\"container clearfix\"><div class=\"col-md-7\"><\/p>\n<h2><span class=\"ez-toc-section\" id=\"Seguro_de_decesos_Preventiva_en_Valladolid\"><\/span>Seguro de decesos Preventiva en Valladolid<span class=\"ez-toc-section-end\"><\/span><\/h2>\n<p>Podr\u00eda decirse que una de las cosas que m\u00e1s nos tienen presente, es por la calidad ofrecida, contando con los diferentes <a href=\"https:\/\/idecesos.com\/seguros\/ciudades\/valladolid\/\"><strong>seguro decesos Valladolid<\/strong><\/a>. Ten sin costo tu presupuesto inmediatamente. \u00bfVas a perder la ocasi\u00f3n de tener tu presupuesto sin costo? siendo una de nuestros regalos, no debes perder esa gran ocasi\u00f3n. Conseguirlo de manera m\u00e1s f\u00e1cil sin tramites. <\/p>\n<p>Hemos creado un formulario, donde resolver\u00e1n todos tus inconvenientes, evit\u00e1ndote contrariedades para la soluci\u00f3n del mismo. nunca ha sido tan f\u00e1cil. Es una enorme aportaci\u00f3n a la hora de entender lo que vas a liquidar en todo instante, quedando resuelto las dudas. Con esto aprendes a donde va tus pagos, sin sentirte enga\u00f1ado, y previni\u00e9ndote de cualquier error. Sorprendentemente sin tener que pagar por esta raz\u00f3n, siempre y en todo momento preparado a sus faltas. Tan simple como acceder al presupuesto, evitando registros superfluos. Aseguramos que tengas la calma que te mereces, por eso te obsequiamos toda la informaci\u00f3n que necesites sin compromiso alguno. <\/p>\n<p><\/div><\/div><\/div>\n\t\t<hr class=\"separador\">\n\t\t<div class=\"bloque-accion\">\n\t\t<p class=\"txt-accion\">Calcula el precio de tu seguro de decesos en menos de 1 minuto<\/p>\n\t\t<a class=\"btn-accion\" href=\"https:\/\/idecesos.com\/\">CALCULAR<\/a>\n\t\t<\/div>\n\t\t<hr class=\"separador\">\n\t\t<\/p>\n<h2><span class=\"ez-toc-section\" id=\"Mapa_de_agencias_de_seguros_Preventiva_en_Valladolid\"><\/span>Mapa de agencias de seguros Preventiva en Valladolid<span class=\"ez-toc-section-end\"><\/span><\/h2>\n<p>Un localizador de oficinas Preventiva en Valladolid ha venido a gestionar todos y cada uno de los problemas de manera m\u00e1s f\u00e1cil, <strong>cuentas con un mapa por Preventiva<\/strong> en Valladolid, con la realizaci\u00f3n a su proximidad. Con esto se ahorra tiempo y trabajo tener que procurarlo, nosotros te ahorramos ese tiempo, puesto que el tiempo es lo \u00fanico que se va y no vuelve. Te ahorramos perder el tiempo, haci\u00e9ndolo m\u00e1s polivalente. Merced al encontrar te ahorra problemas a la hora de la b\u00fasqueda. <\/p>\n<p><iframe class=\"page-generator-pro-map\" width=\"100%\" height=\"400\" frameborder=\"0\" style=\"border:0\" src=\"https:\/\/www.google.com\/maps\/embed\/v1\/place?q=P.%C2%BA+de+Zorrilla%2C+96%2C+47006+Valladolid%2C+Espa%C3%B1a&#038;zoom=14&#038;maptype=roadmap&#038;key=AIzaSyCNTEOso0tZG6YMSJFoaJEY5Th1stEWrJI\" allowfullscreen><\/iframe><\/p>\n<p>&nbsp;<br \/>\n<div class=\"colorf\"><div class=\"container clearfix\"><div class=\"col-md-7\"><div class=\"empresas\"><\/p>\n<h2><span class=\"ez-toc-section\" id=\"Listado_de_agencias_Preventiva_en_Valladolid\"><\/span>Listado de agencias Preventiva en Valladolid<span class=\"ez-toc-section-end\"><\/span><\/h2>\n<ul>\n<li><strong>Preventiva Valladolid, Espa\u00f1a:<\/strong> P.\u00ba de Zorrilla, 96, 47006 Valladolid, Espa\u00f1a<\/li>\n<\/ul>\n<\/div><\/div><\/div><\/div>\n<h2><span class=\"ez-toc-section\" id=\"Oficinas_de_seguros_de_decesos_en_Valladolid\"><\/span>Oficinas de seguros de decesos en Valladolid<span class=\"ez-toc-section-end\"><\/span><\/h2>\n<p>Te aseguramos que cuentas con nuestro compromiso en todo instante. \u00bf<strong>Compa\u00f1\u00edas aseguradoras de decesos en Valladolid<\/strong>? Te damos este gran cat\u00e1logo a fin de que sepas las diferentes compa\u00f1\u00edas aseguradoras que hay. Con solo meterte a nuestro link encontraras las informaci\u00f3n relevante y filtrado de mejor forma para ti. <\/p>\n<!-- Shortcode [preventiva] does not exist -->\n<div class=\"colorf\"><div class=\"container clearfix\"><div class=\"col-md-7\"><div class=\"empresas\">\n<h3><span class=\"ez-toc-section\" id=\"Listado_de_oficinas_Preventiva_en_Espana\"><\/span>Listado de oficinas Preventiva en Espa\u00f1a<span class=\"ez-toc-section-end\"><\/span><\/h3>\n<div class=\"enlazado\"><ul><li><a href=\"https:\/\/idecesos.com\/seguros\/companias\/preventiva\/telefono\/\"><span>Atenci\u00f3n al cliente Preventiva: telefono gratuito, e-mail<\/span><\/a><\/li><li><a href=\"https:\/\/idecesos.com\/seguros\/companias\/preventiva\/almeria\/\"><span>Oficinas seguros de decesos Preventiva en Almer\u00eda<\/span><\/a><\/li><li><a href=\"https:\/\/idecesos.com\/seguros\/companias\/preventiva\/asturias\/\"><span>Oficinas seguros de decesos Preventiva en Asturias<\/span><\/a><\/li><li><a href=\"https:\/\/idecesos.com\/seguros\/companias\/preventiva\/burgos\/\"><span>Oficinas seguros de decesos Preventiva en Burgos<\/span><\/a><\/li><li><a href=\"https:\/\/idecesos.com\/seguros\/companias\/preventiva\/caceres\/\"><span>Oficinas seguros de decesos Preventiva en C\u00e1ceres<\/span><\/a><\/li><li><a href=\"https:\/\/idecesos.com\/seguros\/companias\/preventiva\/cordoba\/\"><span>Oficinas seguros de decesos Preventiva en C\u00f3rdoba<\/span><\/a><\/li><li><a href=\"https:\/\/idecesos.com\/seguros\/companias\/preventiva\/granada\/\"><span>Oficinas seguros de decesos Preventiva en Granada<\/span><\/a><\/li><li><a href=\"https:\/\/idecesos.com\/seguros\/companias\/preventiva\/murcia\/\"><span>Oficinas seguros de decesos Preventiva en Murcia<\/span><\/a><\/li><li><a href=\"https:\/\/idecesos.com\/seguros\/companias\/preventiva\/orense\/\"><span>Oficinas seguros de decesos Preventiva en Orense<\/span><\/a><\/li><li><a href=\"https:\/\/idecesos.com\/seguros\/companias\/preventiva\/valencia\/\"><span>Oficinas seguros de decesos Preventiva en Valencia<\/span><\/a><\/li><li><a href=\"https:\/\/idecesos.com\/seguros\/companias\/preventiva\/zaragoza\/\"><span>Oficinas seguros de decesos Preventiva en Zaragoza<\/span><\/a><\/li><li><a href=\"https:\/\/idecesos.com\/seguros\/companias\/preventiva\/avila\/\"><span>Oficinas seguros de decesos Preventiva en \u00c1vila<\/span><\/a><\/li><li><a href=\"https:\/\/idecesos.com\/seguros\/companias\/preventiva\/opiniones\/\"><span>Opiniones Seguro de decesos Preventiva<\/span><\/a><\/li><li><a href=\"https:\/\/idecesos.com\/seguros\/companias\/preventiva\/prima-natural\/\"><span>Seguro de decesos Preventiva Prima Natural<\/span><\/a><\/li><li><a href=\"https:\/\/idecesos.com\/seguros\/companias\/preventiva\/prima-nivelada\/\"><span>Seguro de decesos Preventiva Prima Nivelada<\/span><\/a><\/li><li><a href=\"https:\/\/idecesos.com\/seguros\/companias\/preventiva\/precio\/\"><span>\u00bfCu\u00e1nto cuesta el seguro de decesos Preventiva?<\/span><\/a><\/li><\/ul><\/div>\n<\/div><\/div><\/div><\/div>\n","protected":false},"excerpt":{"rendered":"<p>Para una mejor atenci\u00f3n donde resuelvan sus necesidades o bien dudas al respect\u00f3, es esencial contar con un personal cualificado en el \u00e1mbito, sabiendo que lo tiene en Valladolid con una gran pluralidad de oficinas de Preventiva y con un horario flexible. Siempre adapt\u00e1ndose a ti. \u00bfEs mejor asistir a una oficina presencialmente? En cuesti\u00f3n&hellip; <\/p>\n","protected":false},"author":0,"featured_media":0,"parent":447,"menu_order":0,"comment_status":"closed","ping_status":"closed","template":"page-templates\/companies.php","meta":{"footnotes":""},"class_list":["post-8446","page","type-page","status-publish","hentry"],"yoast_head":"<!-- This site is optimized with the Yoast SEO plugin v27.6 - https:\/\/yoast.com\/product\/yoast-seo-wordpress\/ -->\n<title>Oficinas Preventiva en Valladolid | Tel\u00e9fonos, Horarios, Direcci\u00f3n<\/title>\n<meta name=\"description\" content=\"Lista completa de Oficinas Preventiva en Valladolid Horarios, \u2706 tel\u00e9fonos y direcciones actualizados en 2026 \u2714 Verificado por iDecesos.\" \/>\n<meta name=\"robots\" content=\"index, follow, max-snippet:-1, max-image-preview:large, max-video-preview:-1\" \/>\n<link rel=\"canonical\" href=\"https:\/\/idecesos.com\/seguros\/companias\/preventiva\/valladolid\/\" \/>\n<meta property=\"og:locale\" content=\"es_ES\" \/>\n<meta property=\"og:type\" content=\"article\" \/>\n<meta property=\"og:title\" content=\"Oficinas Preventiva en Valladolid | Tel\u00e9fonos, Horarios, Direcci\u00f3n\" \/>\n<meta property=\"og:description\" content=\"Lista completa de Oficinas Preventiva en Valladolid Horarios, \u2706 tel\u00e9fonos y direcciones actualizados en 2026 \u2714 Verificado por iDecesos.\" \/>\n<meta property=\"og:url\" content=\"https:\/\/idecesos.com\/seguros\/companias\/preventiva\/valladolid\/\" \/>\n<meta property=\"article:modified_time\" content=\"2021-09-22T22:28:35+00:00\" \/>\n<meta property=\"og:image\" content=\"https:\/\/idecesos.com\/seguros\/wp-content\/uploads\/2021\/09\/preventiva-logo.png\" \/>\n<meta name=\"twitter:card\" content=\"summary_large_image\" \/>\n<meta name=\"twitter:label1\" content=\"Tiempo de lectura\" \/>\n\t<meta name=\"twitter:data1\" content=\"39 minutos\" \/>\n<script type=\"application\/ld+json\" class=\"yoast-schema-graph\">{\"@context\":\"https:\\\/\\\/schema.org\",\"@graph\":[{\"@type\":\"WebPage\",\"@id\":\"https:\\\/\\\/idecesos.com\\\/seguros\\\/companias\\\/preventiva\\\/valladolid\\\/\",\"url\":\"https:\\\/\\\/idecesos.com\\\/seguros\\\/companias\\\/preventiva\\\/valladolid\\\/\",\"name\":\"Oficinas Preventiva en Valladolid | Tel\u00e9fonos, Horarios, Direcci\u00f3n\",\"isPartOf\":{\"@id\":\"https:\\\/\\\/idecesos.com\\\/seguros\\\/#website\"},\"primaryImageOfPage\":{\"@id\":\"https:\\\/\\\/idecesos.com\\\/seguros\\\/companias\\\/preventiva\\\/valladolid\\\/#primaryimage\"},\"image\":{\"@id\":\"https:\\\/\\\/idecesos.com\\\/seguros\\\/companias\\\/preventiva\\\/valladolid\\\/#primaryimage\"},\"thumbnailUrl\":\"https:\\\/\\\/idecesos.com\\\/seguros\\\/wp-content\\\/uploads\\\/2021\\\/09\\\/preventiva-logo.png\",\"datePublished\":\"2021-09-22T22:27:45+00:00\",\"dateModified\":\"2021-09-22T22:28:35+00:00\",\"description\":\"Lista completa de Oficinas Preventiva en Valladolid Horarios, \u2706 tel\u00e9fonos y direcciones actualizados en 2026 \u2714 Verificado por iDecesos.\",\"breadcrumb\":{\"@id\":\"https:\\\/\\\/idecesos.com\\\/seguros\\\/companias\\\/preventiva\\\/valladolid\\\/#breadcrumb\"},\"inLanguage\":\"es\",\"potentialAction\":[{\"@type\":\"ReadAction\",\"target\":[\"https:\\\/\\\/idecesos.com\\\/seguros\\\/companias\\\/preventiva\\\/valladolid\\\/\"]}]},{\"@type\":\"ImageObject\",\"inLanguage\":\"es\",\"@id\":\"https:\\\/\\\/idecesos.com\\\/seguros\\\/companias\\\/preventiva\\\/valladolid\\\/#primaryimage\",\"url\":\"https:\\\/\\\/idecesos.com\\\/seguros\\\/wp-content\\\/uploads\\\/2021\\\/09\\\/preventiva-logo.png\",\"contentUrl\":\"https:\\\/\\\/idecesos.com\\\/seguros\\\/wp-content\\\/uploads\\\/2021\\\/09\\\/preventiva-logo.png\",\"width\":300,\"height\":122},{\"@type\":\"BreadcrumbList\",\"@id\":\"https:\\\/\\\/idecesos.com\\\/seguros\\\/companias\\\/preventiva\\\/valladolid\\\/#breadcrumb\",\"itemListElement\":[{\"@type\":\"ListItem\",\"position\":1,\"name\":\"Portada\",\"item\":\"https:\\\/\\\/idecesos.com\\\/seguros\\\/\"},{\"@type\":\"ListItem\",\"position\":2,\"name\":\"Compa\u00f1\u00edas de Seguros de Decesos en Espa\u00f1a\",\"item\":\"https:\\\/\\\/idecesos.com\\\/seguros\\\/companias\\\/\"},{\"@type\":\"ListItem\",\"position\":3,\"name\":\"Seguro de decesos Preventiva\",\"item\":\"https:\\\/\\\/idecesos.com\\\/seguros\\\/companias\\\/preventiva\\\/\"},{\"@type\":\"ListItem\",\"position\":4,\"name\":\"Oficinas seguros de decesos Preventiva en Valladolid\"}]},{\"@type\":\"WebSite\",\"@id\":\"https:\\\/\\\/idecesos.com\\\/seguros\\\/#website\",\"url\":\"https:\\\/\\\/idecesos.com\\\/seguros\\\/\",\"name\":\"\",\"description\":\"\",\"potentialAction\":[{\"@type\":\"SearchAction\",\"target\":{\"@type\":\"EntryPoint\",\"urlTemplate\":\"https:\\\/\\\/idecesos.com\\\/seguros\\\/?s={search_term_string}\"},\"query-input\":{\"@type\":\"PropertyValueSpecification\",\"valueRequired\":true,\"valueName\":\"search_term_string\"}}],\"inLanguage\":\"es\"}]}<\/script>\n<!-- \/ Yoast SEO plugin. -->","yoast_head_json":{"title":"Oficinas Preventiva en Valladolid | Tel\u00e9fonos, Horarios, Direcci\u00f3n","description":"Lista completa de Oficinas Preventiva en Valladolid Horarios, \u2706 tel\u00e9fonos y direcciones actualizados en 2026 \u2714 Verificado por iDecesos.","robots":{"index":"index","follow":"follow","max-snippet":"max-snippet:-1","max-image-preview":"max-image-preview:large","max-video-preview":"max-video-preview:-1"},"canonical":"https:\/\/idecesos.com\/seguros\/companias\/preventiva\/valladolid\/","og_locale":"es_ES","og_type":"article","og_title":"Oficinas Preventiva en Valladolid | Tel\u00e9fonos, Horarios, Direcci\u00f3n","og_description":"Lista completa de Oficinas Preventiva en Valladolid Horarios, \u2706 tel\u00e9fonos y direcciones actualizados en 2026 \u2714 Verificado por iDecesos.","og_url":"https:\/\/idecesos.com\/seguros\/companias\/preventiva\/valladolid\/","article_modified_time":"2021-09-22T22:28:35+00:00","og_image":[{"url":"https:\/\/idecesos.com\/seguros\/wp-content\/uploads\/2021\/09\/preventiva-logo.png","type":"","width":"","height":""}],"twitter_card":"summary_large_image","twitter_misc":{"Tiempo de lectura":"39 minutos"},"schema":{"@context":"https:\/\/schema.org","@graph":[{"@type":"WebPage","@id":"https:\/\/idecesos.com\/seguros\/companias\/preventiva\/valladolid\/","url":"https:\/\/idecesos.com\/seguros\/companias\/preventiva\/valladolid\/","name":"Oficinas Preventiva en Valladolid | Tel\u00e9fonos, Horarios, Direcci\u00f3n","isPartOf":{"@id":"https:\/\/idecesos.com\/seguros\/#website"},"primaryImageOfPage":{"@id":"https:\/\/idecesos.com\/seguros\/companias\/preventiva\/valladolid\/#primaryimage"},"image":{"@id":"https:\/\/idecesos.com\/seguros\/companias\/preventiva\/valladolid\/#primaryimage"},"thumbnailUrl":"https:\/\/idecesos.com\/seguros\/wp-content\/uploads\/2021\/09\/preventiva-logo.png","datePublished":"2021-09-22T22:27:45+00:00","dateModified":"2021-09-22T22:28:35+00:00","description":"Lista completa de Oficinas Preventiva en Valladolid Horarios, \u2706 tel\u00e9fonos y direcciones actualizados en 2026 \u2714 Verificado por iDecesos.","breadcrumb":{"@id":"https:\/\/idecesos.com\/seguros\/companias\/preventiva\/valladolid\/#breadcrumb"},"inLanguage":"es","potentialAction":[{"@type":"ReadAction","target":["https:\/\/idecesos.com\/seguros\/companias\/preventiva\/valladolid\/"]}]},{"@type":"ImageObject","inLanguage":"es","@id":"https:\/\/idecesos.com\/seguros\/companias\/preventiva\/valladolid\/#primaryimage","url":"https:\/\/idecesos.com\/seguros\/wp-content\/uploads\/2021\/09\/preventiva-logo.png","contentUrl":"https:\/\/idecesos.com\/seguros\/wp-content\/uploads\/2021\/09\/preventiva-logo.png","width":300,"height":122},{"@type":"BreadcrumbList","@id":"https:\/\/idecesos.com\/seguros\/companias\/preventiva\/valladolid\/#breadcrumb","itemListElement":[{"@type":"ListItem","position":1,"name":"Portada","item":"https:\/\/idecesos.com\/seguros\/"},{"@type":"ListItem","position":2,"name":"Compa\u00f1\u00edas de Seguros de Decesos en Espa\u00f1a","item":"https:\/\/idecesos.com\/seguros\/companias\/"},{"@type":"ListItem","position":3,"name":"Seguro de decesos Preventiva","item":"https:\/\/idecesos.com\/seguros\/companias\/preventiva\/"},{"@type":"ListItem","position":4,"name":"Oficinas seguros de decesos Preventiva en Valladolid"}]},{"@type":"WebSite","@id":"https:\/\/idecesos.com\/seguros\/#website","url":"https:\/\/idecesos.com\/seguros\/","name":"","description":"","potentialAction":[{"@type":"SearchAction","target":{"@type":"EntryPoint","urlTemplate":"https:\/\/idecesos.com\/seguros\/?s={search_term_string}"},"query-input":{"@type":"PropertyValueSpecification","valueRequired":true,"valueName":"search_term_string"}}],"inLanguage":"es"}]}},"_links":{"self":[{"href":"https:\/\/idecesos.com\/seguros\/wp-json\/wp\/v2\/pages\/8446","targetHints":{"allow":["GET"]}}],"collection":[{"href":"https:\/\/idecesos.com\/seguros\/wp-json\/wp\/v2\/pages"}],"about":[{"href":"https:\/\/idecesos.com\/seguros\/wp-json\/wp\/v2\/types\/page"}],"replies":[{"embeddable":true,"href":"https:\/\/idecesos.com\/seguros\/wp-json\/wp\/v2\/comments?post=8446"}],"version-history":[{"count":1,"href":"https:\/\/idecesos.com\/seguros\/wp-json\/wp\/v2\/pages\/8446\/revisions"}],"predecessor-version":[{"id":8485,"href":"https:\/\/idecesos.com\/seguros\/wp-json\/wp\/v2\/pages\/8446\/revisions\/8485"}],"up":[{"embeddable":true,"href":"https:\/\/idecesos.com\/seguros\/wp-json\/wp\/v2\/pages\/447"}],"wp:attachment":[{"href":"https:\/\/idecesos.com\/seguros\/wp-json\/wp\/v2\/media?parent=8446"}],"curies":[{"name":"wp","href":"https:\/\/api.w.org\/{rel}","templated":true}]}}