{"id":855,"date":"2021-07-13T15:43:54","date_gmt":"2021-07-13T15:43:54","guid":{"rendered":"https:\/\/idecesos.com\/seguros\/?page_id=855"},"modified":"2024-12-11T13:06:06","modified_gmt":"2024-12-11T12:06:06","slug":"pago-unico","status":"publish","type":"page","link":"https:\/\/idecesos.com\/seguros\/companias\/universal\/pago-unico\/","title":{"rendered":"Seguro de Decesos Universal: Pago \u00danico"},"content":{"rendered":"\r\n\r\n<p>Los seguros de decesos Universal Pago \u00danico representa una modalidad de seguros pensada principalmente para aquellas personas cuya edad sea superior a 65 o 70 a\u00f1os, dependiendo de la compa\u00f1\u00eda aseguradora. Este tipo de m\u00e9todo de pago supone la adquisici\u00f3n de su p\u00f3liza de decesos mediante un \u00fanico pago.<\/p>\r\n\r\n\r\n\r\n<p>Son numerosas las compa\u00f1\u00edas que ofrecen seguros de decesos Universal Pago \u00danico, una p\u00f3liza que ofrece amplias coberturas pero a trav\u00e9s de un s\u00f3lo pago. Esta modalidad de contrataci\u00f3n es la \u00fanica que se ofrece generalmente a los mayores de 65 o 70 a\u00f1os, debido a que tienen mayores posibilidades de fallecer.<\/p>\r\n\r\n\r\n\r\n<p>En este sentido, diferentes entidades ofrecen cada a\u00f1o productos completos destinados a este p\u00fablico de edad avanzada. Y es que ha aumentado la demanda de los seguros de decesos por parte de los usuarios seniors, que buscan disfrutar de las mismas coberturas y servicios de los que disponen el p\u00fablico joven a trav\u00e9s de una p\u00f3liza de decesos de calidad.<\/p>\r\n\r\n\r\n\r\n<p>Algunas de las aseguradoras que ofertan seguros de decesos con prima \u00fanica son; Ocaso, Seguros Santaluc\u00eda, SegurCaixa Adeslas MAPFRE y FIATC Seguros, entre otras.<\/p>\r\n\r\n\r\n\r\n<p>Con respecto a las coberturas que incluye el seguro de decesos Universal Pago \u00danico podemos encontrar la coordinaci\u00f3n y el conjunto de elementos y prestaciones que sean necesarias para realizar el sepelio del fallecido. El servicio f\u00fanebre se adaptar\u00e1 a los deseos de cada asegurado y se desarrollar\u00e1 en funci\u00f3n de las costumbres locales. Adem\u00e1s del servicio funerario, la asistencia complementaria al servicio funerario, la asistencia en viajes y la asistencia a las personas; las compa\u00f1\u00edas de seguros suelen ofrecer una serie de coberturas adicionales. Esta p\u00f3liza tambi\u00e9n incluye la prestaci\u00f3n del traslado del fallecido desde cualquier lugar del mundo hasta la localidad de entierro o inhumaci\u00f3n en Espa\u00f1a.<\/p>\r\n\r\n\r\n\r\n<p>En cuanto al precio de los seguros de decesos con prima \u00fanica, los precios oscilan entre los 3.500 y 5.000 euros, dependiendo de los distintos baremos que utilizan las diferentes entidades. A trav\u00e9s de un \u00fanico pago puede disfrutar de la tranquilidad y disponer de la seguridad de que sus familiares no tendr\u00e1n que afrontar los gastos ni encargarse de los tr\u00e1mites derivados del dif\u00edcil momento de su fallecimiento.<\/p>\r\n\r\n\r\n\r\n<p>Aunque s\u00f3lo haya que abonar un pago \u00fanico en este tipo de seguros de decesos, en el caso de que se incrementasen los precios de estos servicios y que el asegurado viva bastantes a\u00f1os despu\u00e9s de haber adquirido su seguro, puede que tuviera que realizar un pago extra con el fin de actualizar el capital asegurado.<\/p>\r\n\r\n\r\n\r\n<p>Los factores que se suelen tener en cuenta a la hora de calcular el valor de la prima \u00fanica de su seguro de decesos Universal Pago \u00danico son los precios de los servicio f\u00fanebres en la localidad donde se vaya a realizar el sepelio y la edad del asegurado. Sin embargo, resulta conveniente revisar el seguro que vaya a adquirir ya que, en ocasiones, hay que abonar una cantidad adicional debido al aumento de la esperanza de vida de las personas producida por la evoluci\u00f3n de la medicina.<\/p>\r\n\r\n<p><!-- Shortcode [universal-hijas] does not exist --> <h3>P\u00e1ginas relacionadas<\/h3><div class=\"enlazado\"><ul> <li><a href=\"https:\/\/idecesos.com\/seguros\/companias\/universal\/opiniones\/\">Opiniones Universal<\/a><\/li> <li><a href=\"https:\/\/idecesos.com\/seguros\/companias\/universal\/pago-unico\/\">Seguro de Decesos Universal: Pago \u00danico<\/a><\/li> <li><a href=\"https:\/\/idecesos.com\/seguros\/companias\/universal\/precio\/\">Precio seguro Universal Decesos<\/a><\/li> <li><a href=\"https:\/\/idecesos.com\/seguros\/companias\/universal\/prima-mixta\/\">Seguro Universal Decesos Prima Mixta<\/a><\/li> <li><a href=\"https:\/\/idecesos.com\/seguros\/companias\/universal\/prima-natural\/\">Seguro Universal Decesos Prima Natural<\/a><\/li> <li><a href=\"https:\/\/idecesos.com\/seguros\/companias\/universal\/prima-nivelada\/\">Seguro Universal Decesos Prima Nivelada<\/a><\/li> <li><a href=\"https:\/\/idecesos.com\/seguros\/companias\/universal\/prima-unica\/\">Seguro Universal Decesos Prima \u00danica<\/a><\/li> <li><a href=\"https:\/\/idecesos.com\/seguros\/companias\/universal\/repatriacion\/\">Seguro Universal Decesos Repatriaci\u00f3n<\/a><\/li> <li><a href=\"https:\/\/idecesos.com\/seguros\/companias\/universal\/telefono\/\">Tel\u00e9fono Gratuito Seguro Universal Decesos<\/a><\/li>                                                                                                                                                                                                                                                                                                                                                                                                                                                                                                                                                                                                                                                                                                                                                                                                                                                                                                                                                                                                                                                                                                                                                                                                                                                                                                                                                                                                                                                                                                                                                                                                                                                                                                                                                                                                                                                                                                                                                                                                                                                                                                                                                                                                                                                                                                                                                                                                                                                                                                                                                                                                                                                                                                                                                                                                                                                                                                                                                                                                                                                                                                                             <\/ul><\/div><\/p>","protected":false},"excerpt":{"rendered":"<p>Los seguros de decesos Universal Pago \u00danico representa una modalidad de seguros pensada principalmente para aquellas personas cuya edad sea superior a 65 o 70 a\u00f1os, dependiendo de la compa\u00f1\u00eda aseguradora. Este tipo de m\u00e9todo de pago supone la adquisici\u00f3n de su p\u00f3liza de decesos mediante un \u00fanico pago. Son numerosas las compa\u00f1\u00edas que ofrecen&hellip; <\/p>\n","protected":false},"author":2,"featured_media":909,"parent":853,"menu_order":0,"comment_status":"closed","ping_status":"closed","template":"single.php","meta":{"footnotes":""},"class_list":["post-855","page","type-page","status-publish","has-post-thumbnail","hentry"],"yoast_head":"<!-- This site is optimized with the Yoast SEO plugin v27.5 - https:\/\/yoast.com\/product\/yoast-seo-wordpress\/ -->\n<title>Seguro de Decesos Universal: Pago \u00danico -<\/title>\n<meta name=\"robots\" content=\"index, follow, max-snippet:-1, max-image-preview:large, max-video-preview:-1\" \/>\n<link rel=\"canonical\" href=\"https:\/\/idecesos.com\/seguros\/companias\/universal\/pago-unico\/\" \/>\n<meta property=\"og:locale\" content=\"es_ES\" \/>\n<meta property=\"og:type\" content=\"article\" \/>\n<meta property=\"og:title\" content=\"Seguro de Decesos Universal: Pago \u00danico -\" \/>\n<meta property=\"og:description\" content=\"Los seguros de decesos Universal Pago \u00danico representa una modalidad de seguros pensada principalmente para aquellas personas cuya edad sea superior a 65 o 70 a\u00f1os, dependiendo de la compa\u00f1\u00eda aseguradora. Este tipo de m\u00e9todo de pago supone la adquisici\u00f3n de su p\u00f3liza de decesos mediante un \u00fanico pago. Son numerosas las compa\u00f1\u00edas que ofrecen&hellip;\" \/>\n<meta property=\"og:url\" content=\"https:\/\/idecesos.com\/seguros\/companias\/universal\/pago-unico\/\" \/>\n<meta property=\"article:modified_time\" content=\"2024-12-11T12:06:06+00:00\" \/>\n<meta property=\"og:image\" content=\"https:\/\/idecesos.com\/seguros\/wp-content\/uploads\/2021\/07\/seguro-decesos-universal-pago-unico.jpg\" \/>\n\t<meta property=\"og:image:width\" content=\"1400\" \/>\n\t<meta property=\"og:image:height\" content=\"900\" \/>\n\t<meta property=\"og:image:type\" content=\"image\/jpeg\" \/>\n<meta name=\"twitter:card\" content=\"summary_large_image\" \/>\n<meta name=\"twitter:label1\" content=\"Tiempo de lectura\" \/>\n\t<meta name=\"twitter:data1\" content=\"3 minutos\" \/>\n<script type=\"application\/ld+json\" class=\"yoast-schema-graph\">{\"@context\":\"https:\\\/\\\/schema.org\",\"@graph\":[{\"@type\":\"WebPage\",\"@id\":\"https:\\\/\\\/idecesos.com\\\/seguros\\\/companias\\\/universal\\\/pago-unico\\\/\",\"url\":\"https:\\\/\\\/idecesos.com\\\/seguros\\\/companias\\\/universal\\\/pago-unico\\\/\",\"name\":\"Seguro de Decesos Universal: Pago \u00danico -\",\"isPartOf\":{\"@id\":\"https:\\\/\\\/idecesos.com\\\/seguros\\\/#website\"},\"primaryImageOfPage\":{\"@id\":\"https:\\\/\\\/idecesos.com\\\/seguros\\\/companias\\\/universal\\\/pago-unico\\\/#primaryimage\"},\"image\":{\"@id\":\"https:\\\/\\\/idecesos.com\\\/seguros\\\/companias\\\/universal\\\/pago-unico\\\/#primaryimage\"},\"thumbnailUrl\":\"https:\\\/\\\/idecesos.com\\\/seguros\\\/wp-content\\\/uploads\\\/2021\\\/07\\\/seguro-decesos-universal-pago-unico.jpg\",\"datePublished\":\"2021-07-13T15:43:54+00:00\",\"dateModified\":\"2024-12-11T12:06:06+00:00\",\"breadcrumb\":{\"@id\":\"https:\\\/\\\/idecesos.com\\\/seguros\\\/companias\\\/universal\\\/pago-unico\\\/#breadcrumb\"},\"inLanguage\":\"es\",\"potentialAction\":[{\"@type\":\"ReadAction\",\"target\":[\"https:\\\/\\\/idecesos.com\\\/seguros\\\/companias\\\/universal\\\/pago-unico\\\/\"]}]},{\"@type\":\"ImageObject\",\"inLanguage\":\"es\",\"@id\":\"https:\\\/\\\/idecesos.com\\\/seguros\\\/companias\\\/universal\\\/pago-unico\\\/#primaryimage\",\"url\":\"https:\\\/\\\/idecesos.com\\\/seguros\\\/wp-content\\\/uploads\\\/2021\\\/07\\\/seguro-decesos-universal-pago-unico.jpg\",\"contentUrl\":\"https:\\\/\\\/idecesos.com\\\/seguros\\\/wp-content\\\/uploads\\\/2021\\\/07\\\/seguro-decesos-universal-pago-unico.jpg\",\"width\":1400,\"height\":900,\"caption\":\"SEGURO DECESOS UNIVERSAL PAGO \u00daNICO\"},{\"@type\":\"BreadcrumbList\",\"@id\":\"https:\\\/\\\/idecesos.com\\\/seguros\\\/companias\\\/universal\\\/pago-unico\\\/#breadcrumb\",\"itemListElement\":[{\"@type\":\"ListItem\",\"position\":1,\"name\":\"Portada\",\"item\":\"https:\\\/\\\/idecesos.com\\\/seguros\\\/\"},{\"@type\":\"ListItem\",\"position\":2,\"name\":\"Compa\u00f1\u00edas de Seguros de Decesos en Espa\u00f1a\",\"item\":\"https:\\\/\\\/idecesos.com\\\/seguros\\\/companias\\\/\"},{\"@type\":\"ListItem\",\"position\":3,\"name\":\"Seguro de decesos Universal\",\"item\":\"https:\\\/\\\/idecesos.com\\\/seguros\\\/companias\\\/universal\\\/\"},{\"@type\":\"ListItem\",\"position\":4,\"name\":\"Seguro de Decesos Universal: Pago \u00danico\"}]},{\"@type\":\"WebSite\",\"@id\":\"https:\\\/\\\/idecesos.com\\\/seguros\\\/#website\",\"url\":\"https:\\\/\\\/idecesos.com\\\/seguros\\\/\",\"name\":\"\",\"description\":\"\",\"potentialAction\":[{\"@type\":\"SearchAction\",\"target\":{\"@type\":\"EntryPoint\",\"urlTemplate\":\"https:\\\/\\\/idecesos.com\\\/seguros\\\/?s={search_term_string}\"},\"query-input\":{\"@type\":\"PropertyValueSpecification\",\"valueRequired\":true,\"valueName\":\"search_term_string\"}}],\"inLanguage\":\"es\"}]}<\/script>\n<!-- \/ Yoast SEO plugin. -->","yoast_head_json":{"title":"Seguro de Decesos Universal: Pago \u00danico -","robots":{"index":"index","follow":"follow","max-snippet":"max-snippet:-1","max-image-preview":"max-image-preview:large","max-video-preview":"max-video-preview:-1"},"canonical":"https:\/\/idecesos.com\/seguros\/companias\/universal\/pago-unico\/","og_locale":"es_ES","og_type":"article","og_title":"Seguro de Decesos Universal: Pago \u00danico -","og_description":"Los seguros de decesos Universal Pago \u00danico representa una modalidad de seguros pensada principalmente para aquellas personas cuya edad sea superior a 65 o 70 a\u00f1os, dependiendo de la compa\u00f1\u00eda aseguradora. Este tipo de m\u00e9todo de pago supone la adquisici\u00f3n de su p\u00f3liza de decesos mediante un \u00fanico pago. Son numerosas las compa\u00f1\u00edas que ofrecen&hellip;","og_url":"https:\/\/idecesos.com\/seguros\/companias\/universal\/pago-unico\/","article_modified_time":"2024-12-11T12:06:06+00:00","og_image":[{"width":1400,"height":900,"url":"https:\/\/idecesos.com\/seguros\/wp-content\/uploads\/2021\/07\/seguro-decesos-universal-pago-unico.jpg","type":"image\/jpeg"}],"twitter_card":"summary_large_image","twitter_misc":{"Tiempo de lectura":"3 minutos"},"schema":{"@context":"https:\/\/schema.org","@graph":[{"@type":"WebPage","@id":"https:\/\/idecesos.com\/seguros\/companias\/universal\/pago-unico\/","url":"https:\/\/idecesos.com\/seguros\/companias\/universal\/pago-unico\/","name":"Seguro de Decesos Universal: Pago \u00danico -","isPartOf":{"@id":"https:\/\/idecesos.com\/seguros\/#website"},"primaryImageOfPage":{"@id":"https:\/\/idecesos.com\/seguros\/companias\/universal\/pago-unico\/#primaryimage"},"image":{"@id":"https:\/\/idecesos.com\/seguros\/companias\/universal\/pago-unico\/#primaryimage"},"thumbnailUrl":"https:\/\/idecesos.com\/seguros\/wp-content\/uploads\/2021\/07\/seguro-decesos-universal-pago-unico.jpg","datePublished":"2021-07-13T15:43:54+00:00","dateModified":"2024-12-11T12:06:06+00:00","breadcrumb":{"@id":"https:\/\/idecesos.com\/seguros\/companias\/universal\/pago-unico\/#breadcrumb"},"inLanguage":"es","potentialAction":[{"@type":"ReadAction","target":["https:\/\/idecesos.com\/seguros\/companias\/universal\/pago-unico\/"]}]},{"@type":"ImageObject","inLanguage":"es","@id":"https:\/\/idecesos.com\/seguros\/companias\/universal\/pago-unico\/#primaryimage","url":"https:\/\/idecesos.com\/seguros\/wp-content\/uploads\/2021\/07\/seguro-decesos-universal-pago-unico.jpg","contentUrl":"https:\/\/idecesos.com\/seguros\/wp-content\/uploads\/2021\/07\/seguro-decesos-universal-pago-unico.jpg","width":1400,"height":900,"caption":"SEGURO DECESOS UNIVERSAL PAGO \u00daNICO"},{"@type":"BreadcrumbList","@id":"https:\/\/idecesos.com\/seguros\/companias\/universal\/pago-unico\/#breadcrumb","itemListElement":[{"@type":"ListItem","position":1,"name":"Portada","item":"https:\/\/idecesos.com\/seguros\/"},{"@type":"ListItem","position":2,"name":"Compa\u00f1\u00edas de Seguros de Decesos en Espa\u00f1a","item":"https:\/\/idecesos.com\/seguros\/companias\/"},{"@type":"ListItem","position":3,"name":"Seguro de decesos Universal","item":"https:\/\/idecesos.com\/seguros\/companias\/universal\/"},{"@type":"ListItem","position":4,"name":"Seguro de Decesos Universal: Pago \u00danico"}]},{"@type":"WebSite","@id":"https:\/\/idecesos.com\/seguros\/#website","url":"https:\/\/idecesos.com\/seguros\/","name":"","description":"","potentialAction":[{"@type":"SearchAction","target":{"@type":"EntryPoint","urlTemplate":"https:\/\/idecesos.com\/seguros\/?s={search_term_string}"},"query-input":{"@type":"PropertyValueSpecification","valueRequired":true,"valueName":"search_term_string"}}],"inLanguage":"es"}]}},"_links":{"self":[{"href":"https:\/\/idecesos.com\/seguros\/wp-json\/wp\/v2\/pages\/855","targetHints":{"allow":["GET"]}}],"collection":[{"href":"https:\/\/idecesos.com\/seguros\/wp-json\/wp\/v2\/pages"}],"about":[{"href":"https:\/\/idecesos.com\/seguros\/wp-json\/wp\/v2\/types\/page"}],"author":[{"embeddable":true,"href":"https:\/\/idecesos.com\/seguros\/wp-json\/wp\/v2\/users\/2"}],"replies":[{"embeddable":true,"href":"https:\/\/idecesos.com\/seguros\/wp-json\/wp\/v2\/comments?post=855"}],"version-history":[{"count":6,"href":"https:\/\/idecesos.com\/seguros\/wp-json\/wp\/v2\/pages\/855\/revisions"}],"predecessor-version":[{"id":22127,"href":"https:\/\/idecesos.com\/seguros\/wp-json\/wp\/v2\/pages\/855\/revisions\/22127"}],"up":[{"embeddable":true,"href":"https:\/\/idecesos.com\/seguros\/wp-json\/wp\/v2\/pages\/853"}],"wp:featuredmedia":[{"embeddable":true,"href":"https:\/\/idecesos.com\/seguros\/wp-json\/wp\/v2\/media\/909"}],"wp:attachment":[{"href":"https:\/\/idecesos.com\/seguros\/wp-json\/wp\/v2\/media?parent=855"}],"curies":[{"name":"wp","href":"https:\/\/api.w.org\/{rel}","templated":true}]}}