{"id":8793,"date":"2021-09-27T21:29:21","date_gmt":"2021-09-27T21:28:03","guid":{"rendered":"https:\/\/idecesos.com\/seguros\/companias\/la-fe\/barcelona\/"},"modified":"2021-09-27T21:29:21","modified_gmt":"2021-09-27T21:29:21","slug":"barcelona","status":"publish","type":"page","link":"https:\/\/idecesos.com\/seguros\/companias\/la-fe\/barcelona\/","title":{"rendered":"Oficinas seguros de decesos La Fe en Barcelona"},"content":{"rendered":"<div id=\"ez-toc-container\" class=\"ez-toc-v2_0_82_2 ez-toc-wrap-center counter-hierarchy ez-toc-counter ez-toc-custom ez-toc-container-direction\">\n<div class=\"ez-toc-title-container\">\n<p class=\"ez-toc-title\" style=\"cursor:inherit\">Tabla de Contenido<\/p>\n<span class=\"ez-toc-title-toggle\"><a href=\"#\" class=\"ez-toc-pull-right ez-toc-btn ez-toc-btn-xs ez-toc-btn-default ez-toc-toggle\" aria-label=\"Alternar tabla de contenidos\"><span class=\"ez-toc-js-icon-con\"><span class=\"\"><span class=\"eztoc-hide\" style=\"display:none;\">Toggle<\/span><span class=\"ez-toc-icon-toggle-span\"><svg style=\"fill: #db6415;color:#db6415\" xmlns=\"http:\/\/www.w3.org\/2000\/svg\" class=\"list-377408\" width=\"20px\" height=\"20px\" viewBox=\"0 0 24 24\" fill=\"none\"><path d=\"M6 6H4v2h2V6zm14 0H8v2h12V6zM4 11h2v2H4v-2zm16 0H8v2h12v-2zM4 16h2v2H4v-2zm16 0H8v2h12v-2z\" fill=\"currentColor\"><\/path><\/svg><svg style=\"fill: #db6415;color:#db6415\" class=\"arrow-unsorted-368013\" xmlns=\"http:\/\/www.w3.org\/2000\/svg\" width=\"10px\" height=\"10px\" viewBox=\"0 0 24 24\" version=\"1.2\" baseProfile=\"tiny\"><path d=\"M18.2 9.3l-6.2-6.3-6.2 6.3c-.2.2-.3.4-.3.7s.1.5.3.7c.2.2.4.3.7.3h11c.3 0 .5-.1.7-.3.2-.2.3-.5.3-.7s-.1-.5-.3-.7zM5.8 14.7l6.2 6.3 6.2-6.3c.2-.2.3-.5.3-.7s-.1-.5-.3-.7c-.2-.2-.4-.3-.7-.3h-11c-.3 0-.5.1-.7.3-.2.2-.3.5-.3.7s.1.5.3.7z\"\/><\/svg><\/span><\/span><\/span><\/a><\/span><\/div>\n<nav><ul class='ez-toc-list ez-toc-list-level-1 ' ><li class='ez-toc-page-1 ez-toc-heading-level-2'><a class=\"ez-toc-link ez-toc-heading-1\" href=\"https:\/\/idecesos.com\/seguros\/companias\/la-fe\/barcelona\/#Seguro_de_decesos_La_Fe_en_Barcelona\" >Seguro de decesos La Fe en Barcelona<\/a><\/li><li class='ez-toc-page-1 ez-toc-heading-level-2'><a class=\"ez-toc-link ez-toc-heading-2\" href=\"https:\/\/idecesos.com\/seguros\/companias\/la-fe\/barcelona\/#Mapa_de_oficinas_de_seguros_La_Fe_en_Barcelona\" >Mapa de oficinas de seguros La Fe en Barcelona<\/a><\/li><li class='ez-toc-page-1 ez-toc-heading-level-2'><a class=\"ez-toc-link ez-toc-heading-3\" href=\"https:\/\/idecesos.com\/seguros\/companias\/la-fe\/barcelona\/#Listado_de_sucursales_La_Fe_en_Barcelona\" >Listado de sucursales La Fe en Barcelona<\/a><\/li><li class='ez-toc-page-1 ez-toc-heading-level-2'><a class=\"ez-toc-link ez-toc-heading-4\" href=\"https:\/\/idecesos.com\/seguros\/companias\/la-fe\/barcelona\/#Sucursales_de_seguros_de_decesos_en_Barcelona\" >Sucursales de seguros de decesos en Barcelona<\/a><ul class='ez-toc-list-level-3' ><li class='ez-toc-heading-level-3'><a class=\"ez-toc-link ez-toc-heading-5\" href=\"https:\/\/idecesos.com\/seguros\/companias\/la-fe\/barcelona\/#Listado_de_oficinas_La_Fe_en_Espana\" >Listado de oficinas La Fe en Espa\u00f1a<\/a><\/li><\/ul><\/li><\/ul><\/nav><\/div>\n\n<p><a href=\"https:\/\/idecesos.com\/seguros\/companias\/la-fe\/\"><img decoding=\"async\" class=\" alignleft\" src=\"https:\/\/idecesos.com\/seguros\/wp-content\/uploads\/2021\/09\/logo-la-fe.jpg\" alt=\"Seguro de decesos La Fe\" width=\"336\" height=\"103\" \/><\/a>Cada ofina de La Fe se halla en diferentes puntos, deseamos que dispongas de las diferentes oficinas de La Fe en Barcelona donde la calidad del servicio son las m\u00e1s resaltables y donde gestionaran toda la documentaci\u00f3n pertinente. En como vas a recibir una atenci\u00f3n personalizada, que cuenta con una experiencia de muchos a\u00f1os en el campo. Te damos accedo a nuestros servicio de manera r\u00e1pida y c\u00f3moda. Cada sucursal de La Fe en Barcelona podr\u00e1s saber si est\u00e1 dentro de tus ubicaci\u00f3n, para asesorarte en todo instante. <\/p>\n<p>Para una mejor calidad te aseguramos que cuentas con saber d\u00f3nde est\u00e1 cada oficina de <strong>La Fe en Barcelona<\/strong> solucionando el problema de no encontrarlo en tu ratio m\u00e1s pr\u00f3ximo. Adem\u00e1s de administrar tus inconvenientes al instante, te asesoran en todo momento tarde o bien temprano de tener tu p\u00f3liza, asegurando un servicio m\u00e1s cercano y eficaz. \u00a0Cada oficina de La Fe en Barcelona cuenta con sus ventajas destacables que juegan una parte importante en el proceso. <\/p>\n<p>Visita nuestra p\u00e1gina de <a href=\"https:\/\/idecesos.com\/seguros\/companias\/la-fe\/\">seguros de decesos La Fe<\/a> para m\u00e1s informaci\u00f3n.<br \/>\n<div class=\"colorf \"  ><div class=\"container clearfix\"><div class=\"col-md-7\"><\/p>\n<h2><span class=\"ez-toc-section\" id=\"Seguro_de_decesos_La_Fe_en_Barcelona\"><\/span>Seguro de decesos La Fe en Barcelona<span class=\"ez-toc-section-end\"><\/span><\/h2>\n<p>Se podr\u00eda decir que una de las cosas que m\u00e1s nos tienen en cuenta, es por la calidad ofrecida, contando con los diferentes <a href=\"https:\/\/idecesos.com\/seguros\/ciudades\/barcelona\/\"><strong>seguro decesos Barcelona<\/strong><\/a>. Ten sin coste tu presupuesto de manera inmediata. Raras veces se han presentado la oportunidad de poder conocer tu presupuesto, cuentas con la gratuidad en todo momento. Evitando cualquier gesti\u00f3n administrativa para conseguirlo. <\/p>\n<p>En Barcelona queremos cubrirte como aseguradora lo mejor para ti y tu familia donde cuentes con servicio de \u00edndole, amoldado para ti en todo momento. Queremos que dispongas de esta opci\u00f3n de poder solventar tus dudas o bien pedir vez en cuesti\u00f3n de segundos.<br \/>\nSolucionar tus dudas de La Fe nunca hab\u00eda sido tan f\u00e1cil. Si te preguntas esto es porque no has logrado contestaciones, te traemos la soluci\u00f3n de forma eficiente y sin problemas. <strong>M\u00e1s f\u00e1cil no te lo hemos podido poner<\/strong>, con este formulario conseguir\u00e1s tu cita o presupuesto, seg\u00fan lo que precises. Ahorrarte todo el procedimiento, y danto soluciones, eso es nuestro trabajo. <\/p>\n<p><\/div><\/div><\/div>\n\t\t<hr class=\"separador\">\n\t\t<div class=\"bloque-accion\">\n\t\t<p class=\"txt-accion\">Calcula el precio de tu seguro de decesos en menos de 1 minuto<\/p>\n\t\t<a class=\"btn-accion\" href=\"https:\/\/idecesos.com\/\">CALCULAR<\/a>\n\t\t<\/div>\n\t\t<hr class=\"separador\">\n\t\t<\/p>\n<h2><span class=\"ez-toc-section\" id=\"Mapa_de_oficinas_de_seguros_La_Fe_en_Barcelona\"><\/span>Mapa de oficinas de seguros La Fe en Barcelona<span class=\"ez-toc-section-end\"><\/span><\/h2>\n<p>Jam\u00e1s sabes que tan \u00fatil te resultara conocer un mapa por empresas o bien un localizador, por este motivo hemos pensado por ti y hemos tra\u00eddo un localizador de sucursales de La Fe en Barcelona tendr\u00e1s a predisposici\u00f3n toda la informaci\u00f3n relevante y a tu inter\u00e9s, por eso mismo asimismo hemos conseguido traerte y sostengas a tu <strong>alcance un mapa por Barcelona de las oficinas de La Fe<\/strong> donde vas a poder conocer donde cuentan cada uno de ellos de ellas. Es tan segura como fiable, aport\u00e1ndote informaci\u00f3n de cada uno de ellas. \u00a0<\/p>\n<p><iframe class=\"page-generator-pro-map\" width=\"100%\" height=\"400\" frameborder=\"0\" style=\"border:0\" src=\"https:\/\/www.google.com\/maps\/embed\/v1\/place?q=Pl.+d%26apos%3BUrquinaona%2C+14%2C+4%C2%BA-3%2C+08010+Barcelona%2C+Espa%C3%B1a&#038;zoom=14&#038;maptype=roadmap&#038;key=AIzaSyCNTEOso0tZG6YMSJFoaJEY5Th1stEWrJI\" allowfullscreen><\/iframe><\/p>\n<p>&nbsp;<br \/>\n<div class=\"colorf\"><div class=\"container clearfix\"><div class=\"col-md-7\"><div class=\"empresas\"><\/p>\n<h2><span class=\"ez-toc-section\" id=\"Listado_de_sucursales_La_Fe_en_Barcelona\"><\/span>Listado de sucursales La Fe en Barcelona<span class=\"ez-toc-section-end\"><\/span><\/h2>\n<ul>\n<li><strong>La Fe Compa\u00f1ia De Seguros S.a. Barcelona, Espa\u00f1a:<\/strong> Pl. d&apos;Urquinaona, 14, 4\u00ba-3, 08010 Barcelona, Espa\u00f1a<\/li>\n<\/ul>\n<\/div><\/div><\/div><\/div>\n<h2><span class=\"ez-toc-section\" id=\"Sucursales_de_seguros_de_decesos_en_Barcelona\"><\/span>Sucursales de seguros de decesos en Barcelona<span class=\"ez-toc-section-end\"><\/span><\/h2>\n<p>De una forma m\u00e1s f\u00e1cil podr\u00e1s tener a tu alcance el <strong>listado de compa\u00f1\u00eda aseguradora de defunci\u00f3n en Barcelona<\/strong> en el encontrases toda la informaci\u00f3n oportuna, para una mejora administraci\u00f3n del mismo. Ser\u00e1 dif\u00edcil de asumir lo \u00fatil que es y del que encima conseguir\u00e1s todos los datos de suma importancia para ti. Evita cuestionarlo demasiado, opta por lo m\u00e1s r\u00e1pido y eficiente que se adapte a tus necesidades. Asegur\u00e1ndote unos resultados de un 100 por cien en tu busca y haci\u00e9ndolo m\u00e1s \u00fatilConocer\u00e1s las distintas compa\u00f1\u00edas que se ubiquen en tu zona. <\/p>\n<!-- Shortcode [la-fe] does not exist -->\n<div class=\"colorf\"><div class=\"container clearfix\"><div class=\"col-md-7\"><div class=\"empresas\">\n<h3><span class=\"ez-toc-section\" id=\"Listado_de_oficinas_La_Fe_en_Espana\"><\/span>Listado de oficinas La Fe en Espa\u00f1a<span class=\"ez-toc-section-end\"><\/span><\/h3>\n<div class=\"enlazado\"><ul><li><a href=\"https:\/\/idecesos.com\/seguros\/companias\/la-fe\/badajoz\/\"><span>Oficinas seguros de decesos La Fe en Badajoz<\/span><\/a><\/li><li><a href=\"https:\/\/idecesos.com\/seguros\/companias\/la-fe\/baleares\/\"><span>Oficinas seguros de decesos La Fe en Baleares<\/span><\/a><\/li><li><a href=\"https:\/\/idecesos.com\/seguros\/companias\/la-fe\/cordoba\/\"><span>Oficinas seguros de decesos La Fe en C\u00f3rdoba<\/span><\/a><\/li><li><a href=\"https:\/\/idecesos.com\/seguros\/companias\/la-fe\/granada\/\"><span>Oficinas seguros de decesos La Fe en Granada<\/span><\/a><\/li><li><a href=\"https:\/\/idecesos.com\/seguros\/companias\/la-fe\/jaen\/\"><span>Oficinas seguros de decesos La Fe en Ja\u00e9n<\/span><\/a><\/li><li><a href=\"https:\/\/idecesos.com\/seguros\/companias\/la-fe\/madrid\/\"><span>Oficinas seguros de decesos La Fe en Madrid<\/span><\/a><\/li><li><a href=\"https:\/\/idecesos.com\/seguros\/companias\/la-fe\/orense\/\"><span>Oficinas seguros de decesos La Fe en Orense<\/span><\/a><\/li><li><a href=\"https:\/\/idecesos.com\/seguros\/companias\/la-fe\/pontevedra\/\"><span>Oficinas seguros de decesos La Fe en Pontevedra<\/span><\/a><\/li><li><a href=\"https:\/\/idecesos.com\/seguros\/companias\/la-fe\/tarragona\/\"><span>Oficinas seguros de decesos La Fe en Tarragona<\/span><\/a><\/li><li><a href=\"https:\/\/idecesos.com\/seguros\/companias\/la-fe\/opiniones\/\"><span>Opiniones seguro de decesos La F\u00e9<\/span><\/a><\/li><li><a href=\"https:\/\/idecesos.com\/seguros\/companias\/la-fe\/prima-mixta\/\"><span>Seguro de decesos La Fe Prima Mixta<\/span><\/a><\/li><li><a href=\"https:\/\/idecesos.com\/seguros\/companias\/la-fe\/prima-natural\/\"><span>Seguro de decesos La Fe Prima Natural<\/span><\/a><\/li><li><a href=\"https:\/\/idecesos.com\/seguros\/companias\/la-fe\/prima-nivelada\/\"><span>Seguro de decesos La Fe Prima Nivelada<\/span><\/a><\/li><li><a href=\"https:\/\/idecesos.com\/seguros\/companias\/la-fe\/prima-unica\/\"><span>Seguro de decesos La Fe Prima \u00danica<\/span><\/a><\/li><li><a href=\"https:\/\/idecesos.com\/seguros\/companias\/la-fe\/repatriacion\/\"><span>Seguro de decesos La Fe con repatriaci\u00f3n<\/span><\/a><\/li><li><a href=\"https:\/\/idecesos.com\/seguros\/companias\/la-fe\/dar-de-baja\/\"><span>\u00bfC\u00f3mo dar de baja seguro La Fe?<\/span><\/a><\/li><\/ul><\/div>\n<\/div><\/div><\/div><\/div>\n","protected":false},"excerpt":{"rendered":"<p>Cada ofina de La Fe se halla en diferentes puntos, deseamos que dispongas de las diferentes oficinas de La Fe en Barcelona donde la calidad del servicio son las m\u00e1s resaltables y donde gestionaran toda la documentaci\u00f3n pertinente. En como vas a recibir una atenci\u00f3n personalizada, que cuenta con una experiencia de muchos a\u00f1os en&hellip; <\/p>\n","protected":false},"author":0,"featured_media":0,"parent":395,"menu_order":0,"comment_status":"closed","ping_status":"closed","template":"page-templates\/companies.php","meta":{"footnotes":""},"class_list":["post-8793","page","type-page","status-publish","hentry"],"yoast_head":"<!-- This site is optimized with the Yoast SEO plugin v27.3 - https:\/\/yoast.com\/product\/yoast-seo-wordpress\/ -->\n<title>Oficinas La Fe en Barcelona | Tel\u00e9fonos, Horarios, Direcci\u00f3n<\/title>\n<meta name=\"description\" content=\"Lista completa de Oficinas La Fe en Barcelona Horarios, \u2706 tel\u00e9fonos y direcciones actualizados en 2026 \u2714 Verificado por iDecesos.\" \/>\n<meta name=\"robots\" content=\"index, follow, max-snippet:-1, max-image-preview:large, max-video-preview:-1\" \/>\n<link rel=\"canonical\" href=\"https:\/\/idecesos.com\/seguros\/companias\/la-fe\/barcelona\/\" \/>\n<meta property=\"og:locale\" content=\"es_ES\" \/>\n<meta property=\"og:type\" content=\"article\" \/>\n<meta property=\"og:title\" content=\"Oficinas La Fe en Barcelona | Tel\u00e9fonos, Horarios, Direcci\u00f3n\" \/>\n<meta property=\"og:description\" content=\"Lista completa de Oficinas La Fe en Barcelona Horarios, \u2706 tel\u00e9fonos y direcciones actualizados en 2026 \u2714 Verificado por iDecesos.\" \/>\n<meta property=\"og:url\" content=\"https:\/\/idecesos.com\/seguros\/companias\/la-fe\/barcelona\/\" \/>\n<meta property=\"article:modified_time\" content=\"2021-09-27T21:29:21+00:00\" \/>\n<meta property=\"og:image\" content=\"https:\/\/idecesos.com\/seguros\/wp-content\/uploads\/2021\/09\/logo-la-fe.jpg\" \/>\n<meta name=\"twitter:card\" content=\"summary_large_image\" \/>\n<meta name=\"twitter:label1\" content=\"Tiempo de lectura\" \/>\n\t<meta name=\"twitter:data1\" content=\"39 minutos\" \/>\n<script type=\"application\/ld+json\" class=\"yoast-schema-graph\">{\"@context\":\"https:\\\/\\\/schema.org\",\"@graph\":[{\"@type\":\"WebPage\",\"@id\":\"https:\\\/\\\/idecesos.com\\\/seguros\\\/companias\\\/la-fe\\\/barcelona\\\/\",\"url\":\"https:\\\/\\\/idecesos.com\\\/seguros\\\/companias\\\/la-fe\\\/barcelona\\\/\",\"name\":\"Oficinas La Fe en Barcelona | Tel\u00e9fonos, Horarios, Direcci\u00f3n\",\"isPartOf\":{\"@id\":\"https:\\\/\\\/idecesos.com\\\/seguros\\\/#website\"},\"primaryImageOfPage\":{\"@id\":\"https:\\\/\\\/idecesos.com\\\/seguros\\\/companias\\\/la-fe\\\/barcelona\\\/#primaryimage\"},\"image\":{\"@id\":\"https:\\\/\\\/idecesos.com\\\/seguros\\\/companias\\\/la-fe\\\/barcelona\\\/#primaryimage\"},\"thumbnailUrl\":\"https:\\\/\\\/idecesos.com\\\/seguros\\\/wp-content\\\/uploads\\\/2021\\\/09\\\/logo-la-fe.jpg\",\"datePublished\":\"2021-09-27T21:28:03+00:00\",\"dateModified\":\"2021-09-27T21:29:21+00:00\",\"description\":\"Lista completa de Oficinas La Fe en Barcelona Horarios, \u2706 tel\u00e9fonos y direcciones actualizados en 2026 \u2714 Verificado por iDecesos.\",\"breadcrumb\":{\"@id\":\"https:\\\/\\\/idecesos.com\\\/seguros\\\/companias\\\/la-fe\\\/barcelona\\\/#breadcrumb\"},\"inLanguage\":\"es\",\"potentialAction\":[{\"@type\":\"ReadAction\",\"target\":[\"https:\\\/\\\/idecesos.com\\\/seguros\\\/companias\\\/la-fe\\\/barcelona\\\/\"]}]},{\"@type\":\"ImageObject\",\"inLanguage\":\"es\",\"@id\":\"https:\\\/\\\/idecesos.com\\\/seguros\\\/companias\\\/la-fe\\\/barcelona\\\/#primaryimage\",\"url\":\"https:\\\/\\\/idecesos.com\\\/seguros\\\/wp-content\\\/uploads\\\/2021\\\/09\\\/logo-la-fe.jpg\",\"contentUrl\":\"https:\\\/\\\/idecesos.com\\\/seguros\\\/wp-content\\\/uploads\\\/2021\\\/09\\\/logo-la-fe.jpg\",\"width\":244,\"height\":95},{\"@type\":\"BreadcrumbList\",\"@id\":\"https:\\\/\\\/idecesos.com\\\/seguros\\\/companias\\\/la-fe\\\/barcelona\\\/#breadcrumb\",\"itemListElement\":[{\"@type\":\"ListItem\",\"position\":1,\"name\":\"Portada\",\"item\":\"https:\\\/\\\/idecesos.com\\\/seguros\\\/\"},{\"@type\":\"ListItem\",\"position\":2,\"name\":\"Compa\u00f1\u00edas de Seguros de Decesos en Espa\u00f1a\",\"item\":\"https:\\\/\\\/idecesos.com\\\/seguros\\\/companias\\\/\"},{\"@type\":\"ListItem\",\"position\":3,\"name\":\"Seguro de Decesos La Fe\",\"item\":\"https:\\\/\\\/idecesos.com\\\/seguros\\\/companias\\\/la-fe\\\/\"},{\"@type\":\"ListItem\",\"position\":4,\"name\":\"Oficinas seguros de decesos La Fe en Barcelona\"}]},{\"@type\":\"WebSite\",\"@id\":\"https:\\\/\\\/idecesos.com\\\/seguros\\\/#website\",\"url\":\"https:\\\/\\\/idecesos.com\\\/seguros\\\/\",\"name\":\"\",\"description\":\"\",\"potentialAction\":[{\"@type\":\"SearchAction\",\"target\":{\"@type\":\"EntryPoint\",\"urlTemplate\":\"https:\\\/\\\/idecesos.com\\\/seguros\\\/?s={search_term_string}\"},\"query-input\":{\"@type\":\"PropertyValueSpecification\",\"valueRequired\":true,\"valueName\":\"search_term_string\"}}],\"inLanguage\":\"es\"}]}<\/script>\n<!-- \/ Yoast SEO plugin. -->","yoast_head_json":{"title":"Oficinas La Fe en Barcelona | Tel\u00e9fonos, Horarios, Direcci\u00f3n","description":"Lista completa de Oficinas La Fe en Barcelona Horarios, \u2706 tel\u00e9fonos y direcciones actualizados en 2026 \u2714 Verificado por iDecesos.","robots":{"index":"index","follow":"follow","max-snippet":"max-snippet:-1","max-image-preview":"max-image-preview:large","max-video-preview":"max-video-preview:-1"},"canonical":"https:\/\/idecesos.com\/seguros\/companias\/la-fe\/barcelona\/","og_locale":"es_ES","og_type":"article","og_title":"Oficinas La Fe en Barcelona | Tel\u00e9fonos, Horarios, Direcci\u00f3n","og_description":"Lista completa de Oficinas La Fe en Barcelona Horarios, \u2706 tel\u00e9fonos y direcciones actualizados en 2026 \u2714 Verificado por iDecesos.","og_url":"https:\/\/idecesos.com\/seguros\/companias\/la-fe\/barcelona\/","article_modified_time":"2021-09-27T21:29:21+00:00","og_image":[{"url":"https:\/\/idecesos.com\/seguros\/wp-content\/uploads\/2021\/09\/logo-la-fe.jpg","type":"","width":"","height":""}],"twitter_card":"summary_large_image","twitter_misc":{"Tiempo de lectura":"39 minutos"},"schema":{"@context":"https:\/\/schema.org","@graph":[{"@type":"WebPage","@id":"https:\/\/idecesos.com\/seguros\/companias\/la-fe\/barcelona\/","url":"https:\/\/idecesos.com\/seguros\/companias\/la-fe\/barcelona\/","name":"Oficinas La Fe en Barcelona | Tel\u00e9fonos, Horarios, Direcci\u00f3n","isPartOf":{"@id":"https:\/\/idecesos.com\/seguros\/#website"},"primaryImageOfPage":{"@id":"https:\/\/idecesos.com\/seguros\/companias\/la-fe\/barcelona\/#primaryimage"},"image":{"@id":"https:\/\/idecesos.com\/seguros\/companias\/la-fe\/barcelona\/#primaryimage"},"thumbnailUrl":"https:\/\/idecesos.com\/seguros\/wp-content\/uploads\/2021\/09\/logo-la-fe.jpg","datePublished":"2021-09-27T21:28:03+00:00","dateModified":"2021-09-27T21:29:21+00:00","description":"Lista completa de Oficinas La Fe en Barcelona Horarios, \u2706 tel\u00e9fonos y direcciones actualizados en 2026 \u2714 Verificado por iDecesos.","breadcrumb":{"@id":"https:\/\/idecesos.com\/seguros\/companias\/la-fe\/barcelona\/#breadcrumb"},"inLanguage":"es","potentialAction":[{"@type":"ReadAction","target":["https:\/\/idecesos.com\/seguros\/companias\/la-fe\/barcelona\/"]}]},{"@type":"ImageObject","inLanguage":"es","@id":"https:\/\/idecesos.com\/seguros\/companias\/la-fe\/barcelona\/#primaryimage","url":"https:\/\/idecesos.com\/seguros\/wp-content\/uploads\/2021\/09\/logo-la-fe.jpg","contentUrl":"https:\/\/idecesos.com\/seguros\/wp-content\/uploads\/2021\/09\/logo-la-fe.jpg","width":244,"height":95},{"@type":"BreadcrumbList","@id":"https:\/\/idecesos.com\/seguros\/companias\/la-fe\/barcelona\/#breadcrumb","itemListElement":[{"@type":"ListItem","position":1,"name":"Portada","item":"https:\/\/idecesos.com\/seguros\/"},{"@type":"ListItem","position":2,"name":"Compa\u00f1\u00edas de Seguros de Decesos en Espa\u00f1a","item":"https:\/\/idecesos.com\/seguros\/companias\/"},{"@type":"ListItem","position":3,"name":"Seguro de Decesos La Fe","item":"https:\/\/idecesos.com\/seguros\/companias\/la-fe\/"},{"@type":"ListItem","position":4,"name":"Oficinas seguros de decesos La Fe en Barcelona"}]},{"@type":"WebSite","@id":"https:\/\/idecesos.com\/seguros\/#website","url":"https:\/\/idecesos.com\/seguros\/","name":"","description":"","potentialAction":[{"@type":"SearchAction","target":{"@type":"EntryPoint","urlTemplate":"https:\/\/idecesos.com\/seguros\/?s={search_term_string}"},"query-input":{"@type":"PropertyValueSpecification","valueRequired":true,"valueName":"search_term_string"}}],"inLanguage":"es"}]}},"_links":{"self":[{"href":"https:\/\/idecesos.com\/seguros\/wp-json\/wp\/v2\/pages\/8793","targetHints":{"allow":["GET"]}}],"collection":[{"href":"https:\/\/idecesos.com\/seguros\/wp-json\/wp\/v2\/pages"}],"about":[{"href":"https:\/\/idecesos.com\/seguros\/wp-json\/wp\/v2\/types\/page"}],"replies":[{"embeddable":true,"href":"https:\/\/idecesos.com\/seguros\/wp-json\/wp\/v2\/comments?post=8793"}],"version-history":[{"count":1,"href":"https:\/\/idecesos.com\/seguros\/wp-json\/wp\/v2\/pages\/8793\/revisions"}],"predecessor-version":[{"id":8808,"href":"https:\/\/idecesos.com\/seguros\/wp-json\/wp\/v2\/pages\/8793\/revisions\/8808"}],"up":[{"embeddable":true,"href":"https:\/\/idecesos.com\/seguros\/wp-json\/wp\/v2\/pages\/395"}],"wp:attachment":[{"href":"https:\/\/idecesos.com\/seguros\/wp-json\/wp\/v2\/media?parent=8793"}],"curies":[{"name":"wp","href":"https:\/\/api.w.org\/{rel}","templated":true}]}}