{"id":8794,"date":"2021-09-27T21:29:21","date_gmt":"2021-09-27T21:28:04","guid":{"rendered":"https:\/\/idecesos.com\/seguros\/companias\/la-fe\/cadiz\/"},"modified":"2021-09-27T21:29:21","modified_gmt":"2021-09-27T21:29:21","slug":"cadiz","status":"publish","type":"page","link":"https:\/\/idecesos.com\/seguros\/companias\/la-fe\/cadiz\/","title":{"rendered":"Oficinas seguros de decesos La Fe en C\u00e1diz"},"content":{"rendered":"<div id=\"ez-toc-container\" class=\"ez-toc-v2_0_83 ez-toc-wrap-center counter-hierarchy ez-toc-counter ez-toc-custom ez-toc-container-direction\">\n<div class=\"ez-toc-title-container\">\n<p class=\"ez-toc-title\" style=\"cursor:inherit\">Tabla de Contenido<\/p>\n<span class=\"ez-toc-title-toggle\"><a href=\"#\" class=\"ez-toc-pull-right ez-toc-btn ez-toc-btn-xs ez-toc-btn-default ez-toc-toggle\" aria-label=\"Alternar tabla de contenidos\"><span class=\"ez-toc-js-icon-con\"><span class=\"\"><span class=\"eztoc-hide\" style=\"display:none;\">Toggle<\/span><span class=\"ez-toc-icon-toggle-span\"><svg style=\"fill: #db6415;color:#db6415\" xmlns=\"http:\/\/www.w3.org\/2000\/svg\" class=\"list-377408\" width=\"20px\" height=\"20px\" viewBox=\"0 0 24 24\" fill=\"none\"><path d=\"M6 6H4v2h2V6zm14 0H8v2h12V6zM4 11h2v2H4v-2zm16 0H8v2h12v-2zM4 16h2v2H4v-2zm16 0H8v2h12v-2z\" fill=\"currentColor\"><\/path><\/svg><svg style=\"fill: #db6415;color:#db6415\" class=\"arrow-unsorted-368013\" xmlns=\"http:\/\/www.w3.org\/2000\/svg\" width=\"10px\" height=\"10px\" viewBox=\"0 0 24 24\" version=\"1.2\" baseProfile=\"tiny\"><path d=\"M18.2 9.3l-6.2-6.3-6.2 6.3c-.2.2-.3.4-.3.7s.1.5.3.7c.2.2.4.3.7.3h11c.3 0 .5-.1.7-.3.2-.2.3-.5.3-.7s-.1-.5-.3-.7zM5.8 14.7l6.2 6.3 6.2-6.3c.2-.2.3-.5.3-.7s-.1-.5-.3-.7c-.2-.2-.4-.3-.7-.3h-11c-.3 0-.5.1-.7.3-.2.2-.3.5-.3.7s.1.5.3.7z\"\/><\/svg><\/span><\/span><\/span><\/a><\/span><\/div>\n<nav><ul class='ez-toc-list ez-toc-list-level-1 ' ><li class='ez-toc-page-1 ez-toc-heading-level-2'><a class=\"ez-toc-link ez-toc-heading-1\" href=\"https:\/\/idecesos.com\/seguros\/companias\/la-fe\/cadiz\/#Seguro_de_decesos_La_Fe_en_Cadiz\" >Seguro de decesos La Fe en C\u00e1diz<\/a><\/li><li class='ez-toc-page-1 ez-toc-heading-level-2'><a class=\"ez-toc-link ez-toc-heading-2\" href=\"https:\/\/idecesos.com\/seguros\/companias\/la-fe\/cadiz\/#Mapa_de_agencias_de_seguros_La_Fe_en_Cadiz\" >Mapa de agencias de seguros La Fe en C\u00e1diz<\/a><\/li><li class='ez-toc-page-1 ez-toc-heading-level-2'><a class=\"ez-toc-link ez-toc-heading-3\" href=\"https:\/\/idecesos.com\/seguros\/companias\/la-fe\/cadiz\/#Listado_de_agencias_La_Fe_en_Cadiz\" >Listado de agencias La Fe en C\u00e1diz<\/a><\/li><li class='ez-toc-page-1 ez-toc-heading-level-2'><a class=\"ez-toc-link ez-toc-heading-4\" href=\"https:\/\/idecesos.com\/seguros\/companias\/la-fe\/cadiz\/#Oficinas_de_seguros_de_decesos_en_Cadiz\" >Oficinas de seguros de decesos en C\u00e1diz<\/a><ul class='ez-toc-list-level-3' ><li class='ez-toc-heading-level-3'><a class=\"ez-toc-link ez-toc-heading-5\" href=\"https:\/\/idecesos.com\/seguros\/companias\/la-fe\/cadiz\/#Listado_de_sucursales_La_Fe_en_Espana\" >Listado de sucursales La Fe en Espa\u00f1a<\/a><\/li><\/ul><\/li><\/ul><\/nav><\/div>\n\n<p><a href=\"https:\/\/idecesos.com\/seguros\/companias\/la-fe\/\"><img decoding=\"async\" class=\" alignleft\" src=\"https:\/\/idecesos.com\/seguros\/wp-content\/uploads\/2021\/09\/logo-la-fe.jpg\" alt=\"Seguro de decesos La Fe\" width=\"336\" height=\"103\" \/><\/a>Las sucursales de La Fe est\u00e1n ubicadas en diferentes lugares, ponemos a tu <strong>disposici\u00f3n de La Fe en C\u00e1diz<\/strong> donde las posibilidades son de las m\u00e1s convenientes y pertinentes para la gesti\u00f3n. La importancia de contar con personas con experiencia concida en sector, ayuda hacer el proceso m\u00e1s r\u00e1pido. Te damos accedo a nuestros servicio de forma r\u00e1pida y c\u00f3moda. \u00bfD\u00f3nde localizar oficinas de La Fe en C\u00e1diz? ahora vas a poder saber si est\u00e1 dentro de tu ratio, donde te aseguramos que llegues hasta el punto donde necesites. <\/p>\n<p>Gracias a ello, La Fe le ofrece un servicio cercano y una comunicaci\u00f3n adaptada a trav\u00e9s de su servicio de oficinas, de car\u00e1cter m\u00e1s familiar, por este motivo conocer donde se halla cada uno de ellos es inevitable. Por lo que respecta nos dar\u00e1n una asistencia dedica en cualquier instante. Es de suma importancia contar en todo momento con grandes profesionales en el sector, pudiendo conseguir de manera r\u00e1pida su presupuesto. <\/p>\n<p>Visita nuestra p\u00e1gina de <a href=\"https:\/\/idecesos.com\/seguros\/companias\/la-fe\/\">seguros de decesos La Fe<\/a> para m\u00e1s informaci\u00f3n.<br \/>\n<div class=\"colorf \"  ><div class=\"container clearfix\"><div class=\"col-md-7\"><\/p>\n<h2><span class=\"ez-toc-section\" id=\"Seguro_de_decesos_La_Fe_en_Cadiz\"><\/span>Seguro de decesos La Fe en C\u00e1diz<span class=\"ez-toc-section-end\"><\/span><\/h2>\n<p>Resaltamos que la calidad que te ofrecemos es m\u00e1s del 100 por cien respecto a diferentes compa\u00f1\u00edas por el servicio que prestamos como compa\u00f1\u00eda aseguradora, que tiene <strong>oficinas en cada C\u00e1diz<\/strong> en la que te asesoramos nuestros conocimientos en cada \u00e1mbito que respecta, de los mejores en el campo, contando con los diferentes <a href=\"https:\/\/idecesos.com\/seguros\/ciudades\/cadiz\/\"><strong>seguros de decesos C\u00e1diz<\/strong><\/a>. Raras veces se han presentado la oportunidad de poder conocer tu presupuesto, cuentas con la gratuidad en todo momento. Descartando en todo momento efectuar procedimientos de m\u00e1s. <\/p>\n<p>\u00bfQu\u00e9 hacemos como aseguradoras? Nos encargamos de tu tranquilidad y paz, por eso hemos tra\u00eddo que en C\u00e1diz te cubran todo cuanto precises en las circunstancias que te halles. Queremos que cuentes en todo instante con el poder asistirte con tus problemas, pudiendo de esta forma solicitar tu cita previa en menos de 1 segundo. \u00bfQuieres saber lo f\u00e1cil que <strong>resolvemos tus cuestiones de La Fe<\/strong>?Si te preguntas esto es por el hecho de que no has conseguido respuestas, te traemos la soluci\u00f3n de manera eficaz y sin problemas. Merced al formulario creado para ti podr\u00e1s optar a tener tu cita o un presupuesto a tus medidas. Deseamos que sea m\u00e1s f\u00e1cil, te obsequiamos la soluci\u00f3n al instante. <\/p>\n<p><\/div><\/div><\/div>\n\t\t<hr class=\"separador\">\n\t\t<div class=\"bloque-accion\">\n\t\t<p class=\"txt-accion\">Calcula el precio de tu seguro de decesos en menos de 1 minuto<\/p>\n\t\t<a class=\"btn-accion\" href=\"https:\/\/idecesos.com\/\">CALCULAR<\/a>\n\t\t<\/div>\n\t\t<hr class=\"separador\">\n\t\t<\/p>\n<h2><span class=\"ez-toc-section\" id=\"Mapa_de_agencias_de_seguros_La_Fe_en_Cadiz\"><\/span>Mapa de agencias de seguros La Fe en C\u00e1diz<span class=\"ez-toc-section-end\"><\/span><\/h2>\n<p>\u00bfEs \u00fatil un localizador de oficinas como un mapa por empresa? Es m\u00e1s que \u00fatil, de ah\u00ed que te traemos ahora un localizador de oficinas de La Fe en C\u00e1diz para obtener toda la informaci\u00f3n de vital inter\u00e9s para cada caso, asimismo ponemo a tu alcance un mapa por C\u00e1diz de las oficinas de La Fe con el fin de asegurarte la ubicaci\u00f3n de cada una de ellas de una manera m\u00e1s f\u00e1cil, evit\u00e1ndote muchas buscas innecesarias. Es tan segura como fiable, aport\u00e1ndote informaci\u00f3n de cada uno de ellos de ellas. \u00a0<\/p>\n<p><iframe class=\"page-generator-pro-map\" width=\"100%\" height=\"400\" frameborder=\"0\" style=\"border:0\" src=\"https:\/\/www.google.com\/maps\/embed\/v1\/place?q=Calle+de+Ventura+N%C3%BA%C3%B1ez+%26apos%3BVenturita%26apos%3B%2C+10%2C+11405+Jerez+de+la+Frontera%2C+C%C3%A1diz%2C+Espa%C3%B1a&#038;zoom=14&#038;maptype=roadmap&#038;key=AIzaSyCNTEOso0tZG6YMSJFoaJEY5Th1stEWrJI\" allowfullscreen><\/iframe><\/p>\n<p>&nbsp;<br \/>\n<div class=\"colorf\"><div class=\"container clearfix\"><div class=\"col-md-7\"><div class=\"empresas\"><\/p>\n<h2><span class=\"ez-toc-section\" id=\"Listado_de_agencias_La_Fe_en_Cadiz\"><\/span>Listado de agencias La Fe en C\u00e1diz<span class=\"ez-toc-section-end\"><\/span><\/h2>\n<ul>\n<li><strong>La Fe Compa\u00f1\u00eda de Seguros S.A. Jerez de la Frontera, Espa\u00f1a:<\/strong> Calle de Ventura N\u00fa\u00f1ez &apos;Venturita&apos;, 10, 11405 Jerez de la Frontera, C\u00e1diz, Espa\u00f1a<\/li>\n<\/ul>\n<\/div><\/div><\/div><\/div>\n<h2><span class=\"ez-toc-section\" id=\"Oficinas_de_seguros_de_decesos_en_Cadiz\"><\/span>Oficinas de seguros de decesos en C\u00e1diz<span class=\"ez-toc-section-end\"><\/span><\/h2>\n<p>Cuentas con nuestra calidad y el compromiso de aconsejarte en cada circunstancia. Te ayudamos a que tengas claro las distintas opciones de compa\u00f1\u00edas de seguros de <strong>defunci\u00f3n a tus manos en todos y cada C\u00e1diz<\/strong> con solo dirigirte a nuestro link vas a tener todo cuanto buscas y solventado tus cuestiones. <\/p>\n<!-- Shortcode [la-fe] does not exist -->\n<div class=\"colorf\"><div class=\"container clearfix\"><div class=\"col-md-7\"><div class=\"empresas\">\n<h3><span class=\"ez-toc-section\" id=\"Listado_de_sucursales_La_Fe_en_Espana\"><\/span>Listado de sucursales La Fe en Espa\u00f1a<span class=\"ez-toc-section-end\"><\/span><\/h3>\n<div class=\"enlazado\"><ul><li><a href=\"https:\/\/idecesos.com\/seguros\/companias\/la-fe\/telefono\/\"><span>Atenci\u00f3n al cliente La Fe: telefono gratuito, e-mail<\/span><\/a><\/li><li><a href=\"https:\/\/idecesos.com\/seguros\/companias\/la-fe\/baleares\/\"><span>Oficinas seguros de decesos La Fe en Baleares<\/span><\/a><\/li><li><a href=\"https:\/\/idecesos.com\/seguros\/companias\/la-fe\/barcelona\/\"><span>Oficinas seguros de decesos La Fe en Barcelona<\/span><\/a><\/li><li><a href=\"https:\/\/idecesos.com\/seguros\/companias\/la-fe\/huelva\/\"><span>Oficinas seguros de decesos La Fe en Huelva<\/span><\/a><\/li><li><a href=\"https:\/\/idecesos.com\/seguros\/companias\/la-fe\/jaen\/\"><span>Oficinas seguros de decesos La Fe en Ja\u00e9n<\/span><\/a><\/li><li><a href=\"https:\/\/idecesos.com\/seguros\/companias\/la-fe\/madrid\/\"><span>Oficinas seguros de decesos La Fe en Madrid<\/span><\/a><\/li><li><a href=\"https:\/\/idecesos.com\/seguros\/companias\/la-fe\/malaga\/\"><span>Oficinas seguros de decesos La Fe en M\u00e1laga<\/span><\/a><\/li><li><a href=\"https:\/\/idecesos.com\/seguros\/companias\/la-fe\/pontevedra\/\"><span>Oficinas seguros de decesos La Fe en Pontevedra<\/span><\/a><\/li><li><a href=\"https:\/\/idecesos.com\/seguros\/companias\/la-fe\/tarragona\/\"><span>Oficinas seguros de decesos La Fe en Tarragona<\/span><\/a><\/li><li><a href=\"https:\/\/idecesos.com\/seguros\/companias\/la-fe\/opiniones\/\"><span>Opiniones seguro de decesos La F\u00e9<\/span><\/a><\/li><li><a href=\"https:\/\/idecesos.com\/seguros\/companias\/la-fe\/prima-mixta\/\"><span>Seguro de decesos La Fe Prima Mixta<\/span><\/a><\/li><li><a href=\"https:\/\/idecesos.com\/seguros\/companias\/la-fe\/prima-natural\/\"><span>Seguro de decesos La Fe Prima Natural<\/span><\/a><\/li><li><a href=\"https:\/\/idecesos.com\/seguros\/companias\/la-fe\/prima-nivelada\/\"><span>Seguro de decesos La Fe Prima Nivelada<\/span><\/a><\/li><li><a href=\"https:\/\/idecesos.com\/seguros\/companias\/la-fe\/prima-unica\/\"><span>Seguro de decesos La Fe Prima \u00danica<\/span><\/a><\/li><li><a href=\"https:\/\/idecesos.com\/seguros\/companias\/la-fe\/repatriacion\/\"><span>Seguro de decesos La Fe con repatriaci\u00f3n<\/span><\/a><\/li><li><a href=\"https:\/\/idecesos.com\/seguros\/companias\/la-fe\/dar-de-baja\/\"><span>\u00bfC\u00f3mo dar de baja seguro La Fe?<\/span><\/a><\/li><\/ul><\/div>\n<\/div><\/div><\/div><\/div>\n","protected":false},"excerpt":{"rendered":"<p>Las sucursales de La Fe est\u00e1n ubicadas en diferentes lugares, ponemos a tu disposici\u00f3n de La Fe en C\u00e1diz donde las posibilidades son de las m\u00e1s convenientes y pertinentes para la gesti\u00f3n. La importancia de contar con personas con experiencia concida en sector, ayuda hacer el proceso m\u00e1s r\u00e1pido. Te damos accedo a nuestros servicio&hellip; <\/p>\n","protected":false},"author":0,"featured_media":0,"parent":395,"menu_order":0,"comment_status":"closed","ping_status":"closed","template":"page-templates\/companies.php","meta":{"footnotes":""},"class_list":["post-8794","page","type-page","status-publish","hentry"],"yoast_head":"<!-- This site is optimized with the Yoast SEO plugin v27.5 - https:\/\/yoast.com\/product\/yoast-seo-wordpress\/ -->\n<title>Oficinas La Fe en C\u00e1diz | Tel\u00e9fonos, Horarios, Direcci\u00f3n<\/title>\n<meta name=\"description\" content=\"Lista completa de Oficinas La Fe en C\u00e1diz Horarios, \u2706 tel\u00e9fonos y direcciones actualizados en 2026 \u2714 Verificado por iDecesos.\" \/>\n<meta name=\"robots\" content=\"index, follow, max-snippet:-1, max-image-preview:large, max-video-preview:-1\" \/>\n<link rel=\"canonical\" href=\"https:\/\/idecesos.com\/seguros\/companias\/la-fe\/cadiz\/\" \/>\n<meta property=\"og:locale\" content=\"es_ES\" \/>\n<meta property=\"og:type\" content=\"article\" \/>\n<meta property=\"og:title\" content=\"Oficinas La Fe en C\u00e1diz | Tel\u00e9fonos, Horarios, Direcci\u00f3n\" \/>\n<meta property=\"og:description\" content=\"Lista completa de Oficinas La Fe en C\u00e1diz Horarios, \u2706 tel\u00e9fonos y direcciones actualizados en 2026 \u2714 Verificado por iDecesos.\" \/>\n<meta property=\"og:url\" content=\"https:\/\/idecesos.com\/seguros\/companias\/la-fe\/cadiz\/\" \/>\n<meta property=\"article:modified_time\" content=\"2021-09-27T21:29:21+00:00\" \/>\n<meta property=\"og:image\" content=\"https:\/\/idecesos.com\/seguros\/wp-content\/uploads\/2021\/09\/logo-la-fe.jpg\" \/>\n<meta name=\"twitter:card\" content=\"summary_large_image\" \/>\n<meta name=\"twitter:label1\" content=\"Tiempo de lectura\" \/>\n\t<meta name=\"twitter:data1\" content=\"39 minutos\" \/>\n<script type=\"application\/ld+json\" class=\"yoast-schema-graph\">{\"@context\":\"https:\\\/\\\/schema.org\",\"@graph\":[{\"@type\":\"WebPage\",\"@id\":\"https:\\\/\\\/idecesos.com\\\/seguros\\\/companias\\\/la-fe\\\/cadiz\\\/\",\"url\":\"https:\\\/\\\/idecesos.com\\\/seguros\\\/companias\\\/la-fe\\\/cadiz\\\/\",\"name\":\"Oficinas La Fe en C\u00e1diz | Tel\u00e9fonos, Horarios, Direcci\u00f3n\",\"isPartOf\":{\"@id\":\"https:\\\/\\\/idecesos.com\\\/seguros\\\/#website\"},\"primaryImageOfPage\":{\"@id\":\"https:\\\/\\\/idecesos.com\\\/seguros\\\/companias\\\/la-fe\\\/cadiz\\\/#primaryimage\"},\"image\":{\"@id\":\"https:\\\/\\\/idecesos.com\\\/seguros\\\/companias\\\/la-fe\\\/cadiz\\\/#primaryimage\"},\"thumbnailUrl\":\"https:\\\/\\\/idecesos.com\\\/seguros\\\/wp-content\\\/uploads\\\/2021\\\/09\\\/logo-la-fe.jpg\",\"datePublished\":\"2021-09-27T21:28:04+00:00\",\"dateModified\":\"2021-09-27T21:29:21+00:00\",\"description\":\"Lista completa de Oficinas La Fe en C\u00e1diz Horarios, \u2706 tel\u00e9fonos y direcciones actualizados en 2026 \u2714 Verificado por iDecesos.\",\"breadcrumb\":{\"@id\":\"https:\\\/\\\/idecesos.com\\\/seguros\\\/companias\\\/la-fe\\\/cadiz\\\/#breadcrumb\"},\"inLanguage\":\"es\",\"potentialAction\":[{\"@type\":\"ReadAction\",\"target\":[\"https:\\\/\\\/idecesos.com\\\/seguros\\\/companias\\\/la-fe\\\/cadiz\\\/\"]}]},{\"@type\":\"ImageObject\",\"inLanguage\":\"es\",\"@id\":\"https:\\\/\\\/idecesos.com\\\/seguros\\\/companias\\\/la-fe\\\/cadiz\\\/#primaryimage\",\"url\":\"https:\\\/\\\/idecesos.com\\\/seguros\\\/wp-content\\\/uploads\\\/2021\\\/09\\\/logo-la-fe.jpg\",\"contentUrl\":\"https:\\\/\\\/idecesos.com\\\/seguros\\\/wp-content\\\/uploads\\\/2021\\\/09\\\/logo-la-fe.jpg\",\"width\":244,\"height\":95},{\"@type\":\"BreadcrumbList\",\"@id\":\"https:\\\/\\\/idecesos.com\\\/seguros\\\/companias\\\/la-fe\\\/cadiz\\\/#breadcrumb\",\"itemListElement\":[{\"@type\":\"ListItem\",\"position\":1,\"name\":\"Portada\",\"item\":\"https:\\\/\\\/idecesos.com\\\/seguros\\\/\"},{\"@type\":\"ListItem\",\"position\":2,\"name\":\"Compa\u00f1\u00edas de Seguros de Decesos en Espa\u00f1a\",\"item\":\"https:\\\/\\\/idecesos.com\\\/seguros\\\/companias\\\/\"},{\"@type\":\"ListItem\",\"position\":3,\"name\":\"Seguro de Decesos La Fe\",\"item\":\"https:\\\/\\\/idecesos.com\\\/seguros\\\/companias\\\/la-fe\\\/\"},{\"@type\":\"ListItem\",\"position\":4,\"name\":\"Oficinas seguros de decesos La Fe en C\u00e1diz\"}]},{\"@type\":\"WebSite\",\"@id\":\"https:\\\/\\\/idecesos.com\\\/seguros\\\/#website\",\"url\":\"https:\\\/\\\/idecesos.com\\\/seguros\\\/\",\"name\":\"\",\"description\":\"\",\"potentialAction\":[{\"@type\":\"SearchAction\",\"target\":{\"@type\":\"EntryPoint\",\"urlTemplate\":\"https:\\\/\\\/idecesos.com\\\/seguros\\\/?s={search_term_string}\"},\"query-input\":{\"@type\":\"PropertyValueSpecification\",\"valueRequired\":true,\"valueName\":\"search_term_string\"}}],\"inLanguage\":\"es\"}]}<\/script>\n<!-- \/ Yoast SEO plugin. -->","yoast_head_json":{"title":"Oficinas La Fe en C\u00e1diz | Tel\u00e9fonos, Horarios, Direcci\u00f3n","description":"Lista completa de Oficinas La Fe en C\u00e1diz Horarios, \u2706 tel\u00e9fonos y direcciones actualizados en 2026 \u2714 Verificado por iDecesos.","robots":{"index":"index","follow":"follow","max-snippet":"max-snippet:-1","max-image-preview":"max-image-preview:large","max-video-preview":"max-video-preview:-1"},"canonical":"https:\/\/idecesos.com\/seguros\/companias\/la-fe\/cadiz\/","og_locale":"es_ES","og_type":"article","og_title":"Oficinas La Fe en C\u00e1diz | Tel\u00e9fonos, Horarios, Direcci\u00f3n","og_description":"Lista completa de Oficinas La Fe en C\u00e1diz Horarios, \u2706 tel\u00e9fonos y direcciones actualizados en 2026 \u2714 Verificado por iDecesos.","og_url":"https:\/\/idecesos.com\/seguros\/companias\/la-fe\/cadiz\/","article_modified_time":"2021-09-27T21:29:21+00:00","og_image":[{"url":"https:\/\/idecesos.com\/seguros\/wp-content\/uploads\/2021\/09\/logo-la-fe.jpg","type":"","width":"","height":""}],"twitter_card":"summary_large_image","twitter_misc":{"Tiempo de lectura":"39 minutos"},"schema":{"@context":"https:\/\/schema.org","@graph":[{"@type":"WebPage","@id":"https:\/\/idecesos.com\/seguros\/companias\/la-fe\/cadiz\/","url":"https:\/\/idecesos.com\/seguros\/companias\/la-fe\/cadiz\/","name":"Oficinas La Fe en C\u00e1diz | Tel\u00e9fonos, Horarios, Direcci\u00f3n","isPartOf":{"@id":"https:\/\/idecesos.com\/seguros\/#website"},"primaryImageOfPage":{"@id":"https:\/\/idecesos.com\/seguros\/companias\/la-fe\/cadiz\/#primaryimage"},"image":{"@id":"https:\/\/idecesos.com\/seguros\/companias\/la-fe\/cadiz\/#primaryimage"},"thumbnailUrl":"https:\/\/idecesos.com\/seguros\/wp-content\/uploads\/2021\/09\/logo-la-fe.jpg","datePublished":"2021-09-27T21:28:04+00:00","dateModified":"2021-09-27T21:29:21+00:00","description":"Lista completa de Oficinas La Fe en C\u00e1diz Horarios, \u2706 tel\u00e9fonos y direcciones actualizados en 2026 \u2714 Verificado por iDecesos.","breadcrumb":{"@id":"https:\/\/idecesos.com\/seguros\/companias\/la-fe\/cadiz\/#breadcrumb"},"inLanguage":"es","potentialAction":[{"@type":"ReadAction","target":["https:\/\/idecesos.com\/seguros\/companias\/la-fe\/cadiz\/"]}]},{"@type":"ImageObject","inLanguage":"es","@id":"https:\/\/idecesos.com\/seguros\/companias\/la-fe\/cadiz\/#primaryimage","url":"https:\/\/idecesos.com\/seguros\/wp-content\/uploads\/2021\/09\/logo-la-fe.jpg","contentUrl":"https:\/\/idecesos.com\/seguros\/wp-content\/uploads\/2021\/09\/logo-la-fe.jpg","width":244,"height":95},{"@type":"BreadcrumbList","@id":"https:\/\/idecesos.com\/seguros\/companias\/la-fe\/cadiz\/#breadcrumb","itemListElement":[{"@type":"ListItem","position":1,"name":"Portada","item":"https:\/\/idecesos.com\/seguros\/"},{"@type":"ListItem","position":2,"name":"Compa\u00f1\u00edas de Seguros de Decesos en Espa\u00f1a","item":"https:\/\/idecesos.com\/seguros\/companias\/"},{"@type":"ListItem","position":3,"name":"Seguro de Decesos La Fe","item":"https:\/\/idecesos.com\/seguros\/companias\/la-fe\/"},{"@type":"ListItem","position":4,"name":"Oficinas seguros de decesos La Fe en C\u00e1diz"}]},{"@type":"WebSite","@id":"https:\/\/idecesos.com\/seguros\/#website","url":"https:\/\/idecesos.com\/seguros\/","name":"","description":"","potentialAction":[{"@type":"SearchAction","target":{"@type":"EntryPoint","urlTemplate":"https:\/\/idecesos.com\/seguros\/?s={search_term_string}"},"query-input":{"@type":"PropertyValueSpecification","valueRequired":true,"valueName":"search_term_string"}}],"inLanguage":"es"}]}},"_links":{"self":[{"href":"https:\/\/idecesos.com\/seguros\/wp-json\/wp\/v2\/pages\/8794","targetHints":{"allow":["GET"]}}],"collection":[{"href":"https:\/\/idecesos.com\/seguros\/wp-json\/wp\/v2\/pages"}],"about":[{"href":"https:\/\/idecesos.com\/seguros\/wp-json\/wp\/v2\/types\/page"}],"replies":[{"embeddable":true,"href":"https:\/\/idecesos.com\/seguros\/wp-json\/wp\/v2\/comments?post=8794"}],"version-history":[{"count":1,"href":"https:\/\/idecesos.com\/seguros\/wp-json\/wp\/v2\/pages\/8794\/revisions"}],"predecessor-version":[{"id":8809,"href":"https:\/\/idecesos.com\/seguros\/wp-json\/wp\/v2\/pages\/8794\/revisions\/8809"}],"up":[{"embeddable":true,"href":"https:\/\/idecesos.com\/seguros\/wp-json\/wp\/v2\/pages\/395"}],"wp:attachment":[{"href":"https:\/\/idecesos.com\/seguros\/wp-json\/wp\/v2\/media?parent=8794"}],"curies":[{"name":"wp","href":"https:\/\/api.w.org\/{rel}","templated":true}]}}