{"id":8795,"date":"2021-09-27T21:29:22","date_gmt":"2021-09-27T21:28:04","guid":{"rendered":"https:\/\/idecesos.com\/seguros\/companias\/la-fe\/cordoba\/"},"modified":"2021-09-27T21:29:22","modified_gmt":"2021-09-27T21:29:22","slug":"cordoba","status":"publish","type":"page","link":"https:\/\/idecesos.com\/seguros\/companias\/la-fe\/cordoba\/","title":{"rendered":"Oficinas seguros de decesos La Fe en C\u00f3rdoba"},"content":{"rendered":"<div id=\"ez-toc-container\" class=\"ez-toc-v2_0_82_2 ez-toc-wrap-center counter-hierarchy ez-toc-counter ez-toc-custom ez-toc-container-direction\">\n<div class=\"ez-toc-title-container\">\n<p class=\"ez-toc-title\" style=\"cursor:inherit\">Tabla de Contenido<\/p>\n<span class=\"ez-toc-title-toggle\"><a href=\"#\" class=\"ez-toc-pull-right ez-toc-btn ez-toc-btn-xs ez-toc-btn-default ez-toc-toggle\" aria-label=\"Alternar tabla de contenidos\"><span class=\"ez-toc-js-icon-con\"><span class=\"\"><span class=\"eztoc-hide\" style=\"display:none;\">Toggle<\/span><span class=\"ez-toc-icon-toggle-span\"><svg style=\"fill: #db6415;color:#db6415\" xmlns=\"http:\/\/www.w3.org\/2000\/svg\" class=\"list-377408\" width=\"20px\" height=\"20px\" viewBox=\"0 0 24 24\" fill=\"none\"><path d=\"M6 6H4v2h2V6zm14 0H8v2h12V6zM4 11h2v2H4v-2zm16 0H8v2h12v-2zM4 16h2v2H4v-2zm16 0H8v2h12v-2z\" fill=\"currentColor\"><\/path><\/svg><svg style=\"fill: #db6415;color:#db6415\" class=\"arrow-unsorted-368013\" xmlns=\"http:\/\/www.w3.org\/2000\/svg\" width=\"10px\" height=\"10px\" viewBox=\"0 0 24 24\" version=\"1.2\" baseProfile=\"tiny\"><path d=\"M18.2 9.3l-6.2-6.3-6.2 6.3c-.2.2-.3.4-.3.7s.1.5.3.7c.2.2.4.3.7.3h11c.3 0 .5-.1.7-.3.2-.2.3-.5.3-.7s-.1-.5-.3-.7zM5.8 14.7l6.2 6.3 6.2-6.3c.2-.2.3-.5.3-.7s-.1-.5-.3-.7c-.2-.2-.4-.3-.7-.3h-11c-.3 0-.5.1-.7.3-.2.2-.3.5-.3.7s.1.5.3.7z\"\/><\/svg><\/span><\/span><\/span><\/a><\/span><\/div>\n<nav><ul class='ez-toc-list ez-toc-list-level-1 ' ><li class='ez-toc-page-1 ez-toc-heading-level-2'><a class=\"ez-toc-link ez-toc-heading-1\" href=\"https:\/\/idecesos.com\/seguros\/companias\/la-fe\/cordoba\/#Seguro_de_decesos_La_Fe_en_Cordoba\" >Seguro de decesos La Fe en C\u00f3rdoba<\/a><\/li><li class='ez-toc-page-1 ez-toc-heading-level-2'><a class=\"ez-toc-link ez-toc-heading-2\" href=\"https:\/\/idecesos.com\/seguros\/companias\/la-fe\/cordoba\/#Mapa_de_oficinas_de_seguros_La_Fe_en_Cordoba\" >Mapa de oficinas de seguros La Fe en C\u00f3rdoba<\/a><\/li><li class='ez-toc-page-1 ez-toc-heading-level-2'><a class=\"ez-toc-link ez-toc-heading-3\" href=\"https:\/\/idecesos.com\/seguros\/companias\/la-fe\/cordoba\/#Listado_de_sucursales_La_Fe_en_Cordoba\" >Listado de sucursales La Fe en C\u00f3rdoba<\/a><\/li><li class='ez-toc-page-1 ez-toc-heading-level-2'><a class=\"ez-toc-link ez-toc-heading-4\" href=\"https:\/\/idecesos.com\/seguros\/companias\/la-fe\/cordoba\/#Sucursales_de_seguros_de_decesos_en_Cordoba\" >Sucursales de seguros de decesos en C\u00f3rdoba<\/a><ul class='ez-toc-list-level-3' ><li class='ez-toc-heading-level-3'><a class=\"ez-toc-link ez-toc-heading-5\" href=\"https:\/\/idecesos.com\/seguros\/companias\/la-fe\/cordoba\/#Listado_de_oficinas_La_Fe_en_Espana\" >Listado de oficinas La Fe en Espa\u00f1a<\/a><\/li><\/ul><\/li><\/ul><\/nav><\/div>\n\n<p><a href=\"https:\/\/idecesos.com\/seguros\/companias\/la-fe\/\"><img decoding=\"async\" class=\" alignleft\" src=\"https:\/\/idecesos.com\/seguros\/wp-content\/uploads\/2021\/09\/logo-la-fe.jpg\" alt=\"Seguro de decesos La Fe\" width=\"336\" height=\"103\" \/><\/a>Las sucursales de La Fe est\u00e1n situadas en distintos lugares, ponemos a tu <strong>predisposici\u00f3n de La Fe en C\u00f3rdoba<\/strong> donde las posibilidades son de las m\u00e1s adecuadas y pertinentes para la gesti\u00f3n. En cual vas a recibir una atenci\u00f3n personalizada, que cuenta con una experiencia de muchos a\u00f1os en el campo. Siempre y en toda circunstancia deseamos que dispongas de nuestros servicios y que puedas acceder a ellos de manera sencilla. En tu localizaci\u00f3n encontrases las distintas sucursales de La Fe en C\u00f3rdoba , donde aseguramos que llegues al final de tu trayectoria. <\/p>\n<p>Cuentas a tu alcance haya m\u00e1s de 80 sucursales por zonas. Conocer las diferentes sucursales que se encuentran situados en todos y cada C\u00f3rdoba nos da seguridad de que nos solucionen el error que pueda ocurrir al instante y de manera responsable, cuando se necesite. Cada trayectoria tiene una ruta conforme las caracterices que queramos proseguir o procuramos, por este motivo encuentra tu oficina referente de La Fe en C\u00f3rdoba d\u00e1ndote la cobertura que te mereces. <\/p>\n<p>Visita nuestra p\u00e1gina de <a href=\"https:\/\/idecesos.com\/seguros\/companias\/la-fe\/\">seguros de decesos La Fe<\/a> para m\u00e1s informaci\u00f3n.<br \/>\n<div class=\"colorf \"  ><div class=\"container clearfix\"><div class=\"col-md-7\"><\/p>\n<h2><span class=\"ez-toc-section\" id=\"Seguro_de_decesos_La_Fe_en_Cordoba\"><\/span>Seguro de decesos La Fe en C\u00f3rdoba<span class=\"ez-toc-section-end\"><\/span><\/h2>\n<p>Somos referente en cuanto a la calidad que recibe cada uno de ellos de nuestros clientes del servicio, siendo de excelencia un servicio destacable, contando con los diferentes <a href=\"https:\/\/idecesos.com\/seguros\/ciudades\/cordoba\/\"><strong>seguro decesos C\u00f3rdoba<\/strong><\/a>. Te damos la alegr\u00eda que con solo acceder lograr\u00e1s un presupuesto r\u00e1pido y de simple lectura, ahorr\u00e1ndote tiempo y comederos de cabeza. pide ahora <strong>tu presupuesto de La Fe en C\u00f3rdoba,<\/strong> conseguir\u00e1s todos los datos que precises. Sabemos que lograr comprender un presupuesto es un reto. <\/p>\n<p>Hemos querido facilitarte el proceso de buscar, de ah\u00ed que te damos este formulario donde recibir\u00e1s toda la informaci\u00f3n precisa que necesite. Asimismo cuenta con la ventaja de pedir cita anterior, para que pueda asistir a su sucursal de <strong>confianza de La Fe en C\u00f3rdoba.<\/strong> Evitando en todo instante obtener informaci\u00f3n intrascendente al que haya solicitado. Merced al formulario que hemos querido facilitarle conseguir\u00e1 de forma f\u00e1cil su cita presencial, como la informaci\u00f3n filtrada de la que vaya a necesitar. Seg\u00fan el art\u00edculo que corresponda, sus datos quedasen protegidos. <\/p>\n<p><\/div><\/div><\/div>\n\t\t<hr class=\"separador\">\n\t\t<div class=\"bloque-accion\">\n\t\t<p class=\"txt-accion\">Calcula el precio de tu seguro de decesos en menos de 1 minuto<\/p>\n\t\t<a class=\"btn-accion\" href=\"https:\/\/idecesos.com\/\">CALCULAR<\/a>\n\t\t<\/div>\n\t\t<hr class=\"separador\">\n\t\t<\/p>\n<h2><span class=\"ez-toc-section\" id=\"Mapa_de_oficinas_de_seguros_La_Fe_en_Cordoba\"><\/span>Mapa de oficinas de seguros La Fe en C\u00f3rdoba<span class=\"ez-toc-section-end\"><\/span><\/h2>\n<p>Como puedes observar cuentas con un localizador de sucursales de La Fe en C\u00f3rdoba con toda la informaci\u00f3n precisa , incluyendo de este modo un mapa por cada La Fe en C\u00f3rdoba. Sabemos lo esencial que es poder contar en todo instante con buenos resultados, por este motivo en cada b\u00fasqueda quedara cubierto por calidad. En menos de instante lo vas a tener a toda tu predisposici\u00f3n. Poner soluciones de manera veloz es nuestro trabajo, por ello quedase todo solucionado en el momento. <\/p>\n<p><iframe class=\"page-generator-pro-map\" width=\"100%\" height=\"400\" frameborder=\"0\" style=\"border:0\" src=\"https:\/\/www.google.com\/maps\/embed\/v1\/place?q=C.+Isla+Menorca%2C+9%2C+14011+C%C3%B3rdoba%2C+Espa%C3%B1a&#038;zoom=14&#038;maptype=roadmap&#038;key=AIzaSyCNTEOso0tZG6YMSJFoaJEY5Th1stEWrJI\" allowfullscreen><\/iframe><\/p>\n<p>&nbsp;<br \/>\n<div class=\"colorf\"><div class=\"container clearfix\"><div class=\"col-md-7\"><div class=\"empresas\"><\/p>\n<h2><span class=\"ez-toc-section\" id=\"Listado_de_sucursales_La_Fe_en_Cordoba\"><\/span>Listado de sucursales La Fe en C\u00f3rdoba<span class=\"ez-toc-section-end\"><\/span><\/h2>\n<ul>\n<li><strong>La Fe Compa\u00f1\u00eda de Seguros S.A. C\u00f3rdoba, Espa\u00f1a:<\/strong> C. Isla Menorca, 9, 14011 C\u00f3rdoba, Espa\u00f1a<\/li>\n<\/ul>\n<\/div><\/div><\/div><\/div>\n<h2><span class=\"ez-toc-section\" id=\"Sucursales_de_seguros_de_decesos_en_Cordoba\"><\/span>Sucursales de seguros de decesos en C\u00f3rdoba<span class=\"ez-toc-section-end\"><\/span><\/h2>\n<p>De una forma m\u00e1s simple podr\u00e1s tener a tu alcance el <strong>listado de compa\u00f1\u00eda aseguradora de defunci\u00f3n en C\u00f3rdoba<\/strong> en el encontrases toda la informaci\u00f3n oportuna, para una mejora administraci\u00f3n del mismo. Funcional y eficaz, dando unos resultados incre\u00edble a la informaci\u00f3n que se necesite en el instante que se requiera. Teniendo una psique claro, descubres que lo tienes a tu disposici\u00f3n en cualquier instante que m\u00e1s lo debas usar. Siempre y en todo momento pensando en hacerte la busca m\u00e1s f\u00e1cil. Podr\u00e1s conocer las distintas asegurados que se hallen en tu misma cuidad. <\/p>\n<!-- Shortcode [la-fe] does not exist -->\n<div class=\"colorf\"><div class=\"container clearfix\"><div class=\"col-md-7\"><div class=\"empresas\">\n<h3><span class=\"ez-toc-section\" id=\"Listado_de_oficinas_La_Fe_en_Espana\"><\/span>Listado de oficinas La Fe en Espa\u00f1a<span class=\"ez-toc-section-end\"><\/span><\/h3>\n<div class=\"enlazado\"><ul><li><a href=\"https:\/\/idecesos.com\/seguros\/companias\/la-fe\/badajoz\/\"><span>Oficinas seguros de decesos La Fe en Badajoz<\/span><\/a><\/li><li><a href=\"https:\/\/idecesos.com\/seguros\/companias\/la-fe\/baleares\/\"><span>Oficinas seguros de decesos La Fe en Baleares<\/span><\/a><\/li><li><a href=\"https:\/\/idecesos.com\/seguros\/companias\/la-fe\/barcelona\/\"><span>Oficinas seguros de decesos La Fe en Barcelona<\/span><\/a><\/li><li><a href=\"https:\/\/idecesos.com\/seguros\/companias\/la-fe\/cadiz\/\"><span>Oficinas seguros de decesos La Fe en C\u00e1diz<\/span><\/a><\/li><li><a href=\"https:\/\/idecesos.com\/seguros\/companias\/la-fe\/granada\/\"><span>Oficinas seguros de decesos La Fe en Granada<\/span><\/a><\/li><li><a href=\"https:\/\/idecesos.com\/seguros\/companias\/la-fe\/jaen\/\"><span>Oficinas seguros de decesos La Fe en Ja\u00e9n<\/span><\/a><\/li><li><a href=\"https:\/\/idecesos.com\/seguros\/companias\/la-fe\/murcia\/\"><span>Oficinas seguros de decesos La Fe en Murcia<\/span><\/a><\/li><li><a href=\"https:\/\/idecesos.com\/seguros\/companias\/la-fe\/malaga\/\"><span>Oficinas seguros de decesos La Fe en M\u00e1laga<\/span><\/a><\/li><li><a href=\"https:\/\/idecesos.com\/seguros\/companias\/la-fe\/sevilla\/\"><span>Oficinas seguros de decesos La Fe en Sevilla<\/span><\/a><\/li><li><a href=\"https:\/\/idecesos.com\/seguros\/companias\/la-fe\/opiniones\/\"><span>Opiniones seguro de decesos La F\u00e9<\/span><\/a><\/li><li><a href=\"https:\/\/idecesos.com\/seguros\/companias\/la-fe\/prima-mixta\/\"><span>Seguro de decesos La Fe Prima Mixta<\/span><\/a><\/li><li><a href=\"https:\/\/idecesos.com\/seguros\/companias\/la-fe\/prima-natural\/\"><span>Seguro de decesos La Fe Prima Natural<\/span><\/a><\/li><li><a href=\"https:\/\/idecesos.com\/seguros\/companias\/la-fe\/prima-nivelada\/\"><span>Seguro de decesos La Fe Prima Nivelada<\/span><\/a><\/li><li><a href=\"https:\/\/idecesos.com\/seguros\/companias\/la-fe\/prima-unica\/\"><span>Seguro de decesos La Fe Prima \u00danica<\/span><\/a><\/li><li><a href=\"https:\/\/idecesos.com\/seguros\/companias\/la-fe\/repatriacion\/\"><span>Seguro de decesos La Fe con repatriaci\u00f3n<\/span><\/a><\/li><li><a href=\"https:\/\/idecesos.com\/seguros\/companias\/la-fe\/dar-de-baja\/\"><span>\u00bfC\u00f3mo dar de baja seguro La Fe?<\/span><\/a><\/li><\/ul><\/div>\n<\/div><\/div><\/div><\/div>\n","protected":false},"excerpt":{"rendered":"<p>Las sucursales de La Fe est\u00e1n situadas en distintos lugares, ponemos a tu predisposici\u00f3n de La Fe en C\u00f3rdoba donde las posibilidades son de las m\u00e1s adecuadas y pertinentes para la gesti\u00f3n. En cual vas a recibir una atenci\u00f3n personalizada, que cuenta con una experiencia de muchos a\u00f1os en el campo. Siempre y en toda&hellip; <\/p>\n","protected":false},"author":0,"featured_media":0,"parent":395,"menu_order":0,"comment_status":"closed","ping_status":"closed","template":"page-templates\/companies.php","meta":{"footnotes":""},"class_list":["post-8795","page","type-page","status-publish","hentry"],"yoast_head":"<!-- This site is optimized with the Yoast SEO plugin v27.3 - https:\/\/yoast.com\/product\/yoast-seo-wordpress\/ -->\n<title>Oficinas La Fe en C\u00f3rdoba | Tel\u00e9fonos, Horarios, Direcci\u00f3n<\/title>\n<meta name=\"description\" content=\"Lista completa de Oficinas La Fe en C\u00f3rdoba Horarios, \u2706 tel\u00e9fonos y direcciones actualizados en 2026 \u2714 Verificado por iDecesos.\" \/>\n<meta name=\"robots\" content=\"index, follow, max-snippet:-1, max-image-preview:large, max-video-preview:-1\" \/>\n<link rel=\"canonical\" href=\"https:\/\/idecesos.com\/seguros\/companias\/la-fe\/cordoba\/\" \/>\n<meta property=\"og:locale\" content=\"es_ES\" \/>\n<meta property=\"og:type\" content=\"article\" \/>\n<meta property=\"og:title\" content=\"Oficinas La Fe en C\u00f3rdoba | Tel\u00e9fonos, Horarios, Direcci\u00f3n\" \/>\n<meta property=\"og:description\" content=\"Lista completa de Oficinas La Fe en C\u00f3rdoba Horarios, \u2706 tel\u00e9fonos y direcciones actualizados en 2026 \u2714 Verificado por iDecesos.\" \/>\n<meta property=\"og:url\" content=\"https:\/\/idecesos.com\/seguros\/companias\/la-fe\/cordoba\/\" \/>\n<meta property=\"article:modified_time\" content=\"2021-09-27T21:29:22+00:00\" \/>\n<meta property=\"og:image\" content=\"https:\/\/idecesos.com\/seguros\/wp-content\/uploads\/2021\/09\/logo-la-fe.jpg\" \/>\n<meta name=\"twitter:card\" content=\"summary_large_image\" \/>\n<meta name=\"twitter:label1\" content=\"Tiempo de lectura\" \/>\n\t<meta name=\"twitter:data1\" content=\"39 minutos\" \/>\n<script type=\"application\/ld+json\" class=\"yoast-schema-graph\">{\"@context\":\"https:\\\/\\\/schema.org\",\"@graph\":[{\"@type\":\"WebPage\",\"@id\":\"https:\\\/\\\/idecesos.com\\\/seguros\\\/companias\\\/la-fe\\\/cordoba\\\/\",\"url\":\"https:\\\/\\\/idecesos.com\\\/seguros\\\/companias\\\/la-fe\\\/cordoba\\\/\",\"name\":\"Oficinas La Fe en C\u00f3rdoba | Tel\u00e9fonos, Horarios, Direcci\u00f3n\",\"isPartOf\":{\"@id\":\"https:\\\/\\\/idecesos.com\\\/seguros\\\/#website\"},\"primaryImageOfPage\":{\"@id\":\"https:\\\/\\\/idecesos.com\\\/seguros\\\/companias\\\/la-fe\\\/cordoba\\\/#primaryimage\"},\"image\":{\"@id\":\"https:\\\/\\\/idecesos.com\\\/seguros\\\/companias\\\/la-fe\\\/cordoba\\\/#primaryimage\"},\"thumbnailUrl\":\"https:\\\/\\\/idecesos.com\\\/seguros\\\/wp-content\\\/uploads\\\/2021\\\/09\\\/logo-la-fe.jpg\",\"datePublished\":\"2021-09-27T21:28:04+00:00\",\"dateModified\":\"2021-09-27T21:29:22+00:00\",\"description\":\"Lista completa de Oficinas La Fe en C\u00f3rdoba Horarios, \u2706 tel\u00e9fonos y direcciones actualizados en 2026 \u2714 Verificado por iDecesos.\",\"breadcrumb\":{\"@id\":\"https:\\\/\\\/idecesos.com\\\/seguros\\\/companias\\\/la-fe\\\/cordoba\\\/#breadcrumb\"},\"inLanguage\":\"es\",\"potentialAction\":[{\"@type\":\"ReadAction\",\"target\":[\"https:\\\/\\\/idecesos.com\\\/seguros\\\/companias\\\/la-fe\\\/cordoba\\\/\"]}]},{\"@type\":\"ImageObject\",\"inLanguage\":\"es\",\"@id\":\"https:\\\/\\\/idecesos.com\\\/seguros\\\/companias\\\/la-fe\\\/cordoba\\\/#primaryimage\",\"url\":\"https:\\\/\\\/idecesos.com\\\/seguros\\\/wp-content\\\/uploads\\\/2021\\\/09\\\/logo-la-fe.jpg\",\"contentUrl\":\"https:\\\/\\\/idecesos.com\\\/seguros\\\/wp-content\\\/uploads\\\/2021\\\/09\\\/logo-la-fe.jpg\",\"width\":244,\"height\":95},{\"@type\":\"BreadcrumbList\",\"@id\":\"https:\\\/\\\/idecesos.com\\\/seguros\\\/companias\\\/la-fe\\\/cordoba\\\/#breadcrumb\",\"itemListElement\":[{\"@type\":\"ListItem\",\"position\":1,\"name\":\"Portada\",\"item\":\"https:\\\/\\\/idecesos.com\\\/seguros\\\/\"},{\"@type\":\"ListItem\",\"position\":2,\"name\":\"Compa\u00f1\u00edas de Seguros de Decesos en Espa\u00f1a\",\"item\":\"https:\\\/\\\/idecesos.com\\\/seguros\\\/companias\\\/\"},{\"@type\":\"ListItem\",\"position\":3,\"name\":\"Seguro de Decesos La Fe\",\"item\":\"https:\\\/\\\/idecesos.com\\\/seguros\\\/companias\\\/la-fe\\\/\"},{\"@type\":\"ListItem\",\"position\":4,\"name\":\"Oficinas seguros de decesos La Fe en C\u00f3rdoba\"}]},{\"@type\":\"WebSite\",\"@id\":\"https:\\\/\\\/idecesos.com\\\/seguros\\\/#website\",\"url\":\"https:\\\/\\\/idecesos.com\\\/seguros\\\/\",\"name\":\"\",\"description\":\"\",\"potentialAction\":[{\"@type\":\"SearchAction\",\"target\":{\"@type\":\"EntryPoint\",\"urlTemplate\":\"https:\\\/\\\/idecesos.com\\\/seguros\\\/?s={search_term_string}\"},\"query-input\":{\"@type\":\"PropertyValueSpecification\",\"valueRequired\":true,\"valueName\":\"search_term_string\"}}],\"inLanguage\":\"es\"}]}<\/script>\n<!-- \/ Yoast SEO plugin. -->","yoast_head_json":{"title":"Oficinas La Fe en C\u00f3rdoba | Tel\u00e9fonos, Horarios, Direcci\u00f3n","description":"Lista completa de Oficinas La Fe en C\u00f3rdoba Horarios, \u2706 tel\u00e9fonos y direcciones actualizados en 2026 \u2714 Verificado por iDecesos.","robots":{"index":"index","follow":"follow","max-snippet":"max-snippet:-1","max-image-preview":"max-image-preview:large","max-video-preview":"max-video-preview:-1"},"canonical":"https:\/\/idecesos.com\/seguros\/companias\/la-fe\/cordoba\/","og_locale":"es_ES","og_type":"article","og_title":"Oficinas La Fe en C\u00f3rdoba | Tel\u00e9fonos, Horarios, Direcci\u00f3n","og_description":"Lista completa de Oficinas La Fe en C\u00f3rdoba Horarios, \u2706 tel\u00e9fonos y direcciones actualizados en 2026 \u2714 Verificado por iDecesos.","og_url":"https:\/\/idecesos.com\/seguros\/companias\/la-fe\/cordoba\/","article_modified_time":"2021-09-27T21:29:22+00:00","og_image":[{"url":"https:\/\/idecesos.com\/seguros\/wp-content\/uploads\/2021\/09\/logo-la-fe.jpg","type":"","width":"","height":""}],"twitter_card":"summary_large_image","twitter_misc":{"Tiempo de lectura":"39 minutos"},"schema":{"@context":"https:\/\/schema.org","@graph":[{"@type":"WebPage","@id":"https:\/\/idecesos.com\/seguros\/companias\/la-fe\/cordoba\/","url":"https:\/\/idecesos.com\/seguros\/companias\/la-fe\/cordoba\/","name":"Oficinas La Fe en C\u00f3rdoba | Tel\u00e9fonos, Horarios, Direcci\u00f3n","isPartOf":{"@id":"https:\/\/idecesos.com\/seguros\/#website"},"primaryImageOfPage":{"@id":"https:\/\/idecesos.com\/seguros\/companias\/la-fe\/cordoba\/#primaryimage"},"image":{"@id":"https:\/\/idecesos.com\/seguros\/companias\/la-fe\/cordoba\/#primaryimage"},"thumbnailUrl":"https:\/\/idecesos.com\/seguros\/wp-content\/uploads\/2021\/09\/logo-la-fe.jpg","datePublished":"2021-09-27T21:28:04+00:00","dateModified":"2021-09-27T21:29:22+00:00","description":"Lista completa de Oficinas La Fe en C\u00f3rdoba Horarios, \u2706 tel\u00e9fonos y direcciones actualizados en 2026 \u2714 Verificado por iDecesos.","breadcrumb":{"@id":"https:\/\/idecesos.com\/seguros\/companias\/la-fe\/cordoba\/#breadcrumb"},"inLanguage":"es","potentialAction":[{"@type":"ReadAction","target":["https:\/\/idecesos.com\/seguros\/companias\/la-fe\/cordoba\/"]}]},{"@type":"ImageObject","inLanguage":"es","@id":"https:\/\/idecesos.com\/seguros\/companias\/la-fe\/cordoba\/#primaryimage","url":"https:\/\/idecesos.com\/seguros\/wp-content\/uploads\/2021\/09\/logo-la-fe.jpg","contentUrl":"https:\/\/idecesos.com\/seguros\/wp-content\/uploads\/2021\/09\/logo-la-fe.jpg","width":244,"height":95},{"@type":"BreadcrumbList","@id":"https:\/\/idecesos.com\/seguros\/companias\/la-fe\/cordoba\/#breadcrumb","itemListElement":[{"@type":"ListItem","position":1,"name":"Portada","item":"https:\/\/idecesos.com\/seguros\/"},{"@type":"ListItem","position":2,"name":"Compa\u00f1\u00edas de Seguros de Decesos en Espa\u00f1a","item":"https:\/\/idecesos.com\/seguros\/companias\/"},{"@type":"ListItem","position":3,"name":"Seguro de Decesos La Fe","item":"https:\/\/idecesos.com\/seguros\/companias\/la-fe\/"},{"@type":"ListItem","position":4,"name":"Oficinas seguros de decesos La Fe en C\u00f3rdoba"}]},{"@type":"WebSite","@id":"https:\/\/idecesos.com\/seguros\/#website","url":"https:\/\/idecesos.com\/seguros\/","name":"","description":"","potentialAction":[{"@type":"SearchAction","target":{"@type":"EntryPoint","urlTemplate":"https:\/\/idecesos.com\/seguros\/?s={search_term_string}"},"query-input":{"@type":"PropertyValueSpecification","valueRequired":true,"valueName":"search_term_string"}}],"inLanguage":"es"}]}},"_links":{"self":[{"href":"https:\/\/idecesos.com\/seguros\/wp-json\/wp\/v2\/pages\/8795","targetHints":{"allow":["GET"]}}],"collection":[{"href":"https:\/\/idecesos.com\/seguros\/wp-json\/wp\/v2\/pages"}],"about":[{"href":"https:\/\/idecesos.com\/seguros\/wp-json\/wp\/v2\/types\/page"}],"replies":[{"embeddable":true,"href":"https:\/\/idecesos.com\/seguros\/wp-json\/wp\/v2\/comments?post=8795"}],"version-history":[{"count":1,"href":"https:\/\/idecesos.com\/seguros\/wp-json\/wp\/v2\/pages\/8795\/revisions"}],"predecessor-version":[{"id":8810,"href":"https:\/\/idecesos.com\/seguros\/wp-json\/wp\/v2\/pages\/8795\/revisions\/8810"}],"up":[{"embeddable":true,"href":"https:\/\/idecesos.com\/seguros\/wp-json\/wp\/v2\/pages\/395"}],"wp:attachment":[{"href":"https:\/\/idecesos.com\/seguros\/wp-json\/wp\/v2\/media?parent=8795"}],"curies":[{"name":"wp","href":"https:\/\/api.w.org\/{rel}","templated":true}]}}