{"id":8798,"date":"2021-09-27T21:29:23","date_gmt":"2021-09-27T21:28:06","guid":{"rendered":"https:\/\/idecesos.com\/seguros\/companias\/la-fe\/jaen\/"},"modified":"2021-09-27T21:29:23","modified_gmt":"2021-09-27T21:29:23","slug":"jaen","status":"publish","type":"page","link":"https:\/\/idecesos.com\/seguros\/companias\/la-fe\/jaen\/","title":{"rendered":"Oficinas seguros de decesos La Fe en Ja\u00e9n"},"content":{"rendered":"<div id=\"ez-toc-container\" class=\"ez-toc-v2_0_83 ez-toc-wrap-center counter-hierarchy ez-toc-counter ez-toc-custom ez-toc-container-direction\">\n<div class=\"ez-toc-title-container\">\n<p class=\"ez-toc-title\" style=\"cursor:inherit\">Tabla de Contenido<\/p>\n<span class=\"ez-toc-title-toggle\"><a href=\"#\" class=\"ez-toc-pull-right ez-toc-btn ez-toc-btn-xs ez-toc-btn-default ez-toc-toggle\" aria-label=\"Alternar tabla de contenidos\"><span class=\"ez-toc-js-icon-con\"><span class=\"\"><span class=\"eztoc-hide\" style=\"display:none;\">Toggle<\/span><span class=\"ez-toc-icon-toggle-span\"><svg style=\"fill: #db6415;color:#db6415\" xmlns=\"http:\/\/www.w3.org\/2000\/svg\" class=\"list-377408\" width=\"20px\" height=\"20px\" viewBox=\"0 0 24 24\" fill=\"none\"><path d=\"M6 6H4v2h2V6zm14 0H8v2h12V6zM4 11h2v2H4v-2zm16 0H8v2h12v-2zM4 16h2v2H4v-2zm16 0H8v2h12v-2z\" fill=\"currentColor\"><\/path><\/svg><svg style=\"fill: #db6415;color:#db6415\" class=\"arrow-unsorted-368013\" xmlns=\"http:\/\/www.w3.org\/2000\/svg\" width=\"10px\" height=\"10px\" viewBox=\"0 0 24 24\" version=\"1.2\" baseProfile=\"tiny\"><path d=\"M18.2 9.3l-6.2-6.3-6.2 6.3c-.2.2-.3.4-.3.7s.1.5.3.7c.2.2.4.3.7.3h11c.3 0 .5-.1.7-.3.2-.2.3-.5.3-.7s-.1-.5-.3-.7zM5.8 14.7l6.2 6.3 6.2-6.3c.2-.2.3-.5.3-.7s-.1-.5-.3-.7c-.2-.2-.4-.3-.7-.3h-11c-.3 0-.5.1-.7.3-.2.2-.3.5-.3.7s.1.5.3.7z\"\/><\/svg><\/span><\/span><\/span><\/a><\/span><\/div>\n<nav><ul class='ez-toc-list ez-toc-list-level-1 ' ><li class='ez-toc-page-1 ez-toc-heading-level-2'><a class=\"ez-toc-link ez-toc-heading-1\" href=\"https:\/\/idecesos.com\/seguros\/companias\/la-fe\/jaen\/#Seguro_de_decesos_La_Fe_en_Jaen\" >Seguro de decesos La Fe en Ja\u00e9n<\/a><\/li><li class='ez-toc-page-1 ez-toc-heading-level-2'><a class=\"ez-toc-link ez-toc-heading-2\" href=\"https:\/\/idecesos.com\/seguros\/companias\/la-fe\/jaen\/#Mapa_de_agencias_de_seguros_La_Fe_en_Jaen\" >Mapa de agencias de seguros La Fe en Ja\u00e9n<\/a><\/li><li class='ez-toc-page-1 ez-toc-heading-level-2'><a class=\"ez-toc-link ez-toc-heading-3\" href=\"https:\/\/idecesos.com\/seguros\/companias\/la-fe\/jaen\/#Listado_de_sucursales_La_Fe_en_Jaen\" >Listado de sucursales La Fe en Ja\u00e9n<\/a><\/li><li class='ez-toc-page-1 ez-toc-heading-level-2'><a class=\"ez-toc-link ez-toc-heading-4\" href=\"https:\/\/idecesos.com\/seguros\/companias\/la-fe\/jaen\/#Oficinas_de_seguros_de_decesos_en_Jaen\" >Oficinas de seguros de decesos en Ja\u00e9n<\/a><ul class='ez-toc-list-level-3' ><li class='ez-toc-heading-level-3'><a class=\"ez-toc-link ez-toc-heading-5\" href=\"https:\/\/idecesos.com\/seguros\/companias\/la-fe\/jaen\/#Listado_de_agencias_La_Fe_en_Espana\" >Listado de agencias La Fe en Espa\u00f1a<\/a><\/li><\/ul><\/li><\/ul><\/nav><\/div>\n\n<p><a href=\"https:\/\/idecesos.com\/seguros\/companias\/la-fe\/\"><img decoding=\"async\" class=\" alignleft\" src=\"https:\/\/idecesos.com\/seguros\/wp-content\/uploads\/2021\/09\/logo-la-fe.jpg\" alt=\"Seguro de decesos La Fe\" width=\"336\" height=\"103\" \/><\/a>Para una mejor atenci\u00f3n donde resuelvan sus necesidades o bien dudas al respect\u00f3, es importante contar con un personal cualificado en el sector, a sabiendas de que lo tiene en Ja\u00e9n con una gran variedad de oficinas de La Fe y con un horario flexible. Siempre y en todo momento adapt\u00e1ndose a ti. \u00bfEs mejor asistir a una oficina presencialmente? En cuesti\u00f3n es m\u00e1s solvente que a la distancia en tanto que resolver\u00e1n su inconveniente en el momento. Resulta que es preciso poder contar con una oficina f\u00edsica de compa\u00f1\u00edas de seguros de decesos. <\/p>\n<p>Optamos por lo polivalente que resulta la <strong>busca de oficinas de La Fe en Ja\u00e9n<\/strong> tratasen todos los problemas que puedas suceder quedando resuelto sin ning\u00fan problema de forma inmediata. Dando calidad al servicio cerca de ti en cualquier momento. Para realizar correctamente el transcurso del contrato de una p\u00f3liza, es donde puedes acudir a su oficina en el horario establecido. Ayudando en la grande perdida familiar. <\/p>\n<p>Visita nuestra p\u00e1gina de <a href=\"https:\/\/idecesos.com\/seguros\/companias\/la-fe\/\">seguros de decesos La Fe<\/a> para m\u00e1s informaci\u00f3n.<br \/>\n<div class=\"colorf \"  ><div class=\"container clearfix\"><div class=\"col-md-7\"><\/p>\n<h2><span class=\"ez-toc-section\" id=\"Seguro_de_decesos_La_Fe_en_Jaen\"><\/span>Seguro de decesos La Fe en Ja\u00e9n<span class=\"ez-toc-section-end\"><\/span><\/h2>\n<p>Somos las preferidas como aseguradoras de decesos, de ah\u00ed que hemos querido regalar el conocer de las oficinas que <strong>dispones de La Fe en Ja\u00e9n<\/strong>, contando con las diferentes aseguradoras de <a href=\"https:\/\/idecesos.com\/seguros\/ciudades\/jaen\/\"><strong>seguro decesos de Ja\u00e9n<\/strong><\/a>. Ahora es instante de poder lograr tu presupuesto de seguro con una forma inmediata, no dudes m\u00e1s y pon soluci\u00f3n a tus problemas con las herramientas que te facilitamos. \u00bfEs posible obtenerlo en menos de 1 minuto? Como es natural adem\u00e1s de esto con todo el contenido para su mejor proceso de entendimiento donde podr\u00e1s evaluar de una forma m\u00e1s substancial. <\/p>\n<p>Nos hemos propuesto atender todos tus inconvenientes y queden solventados, por ello hemos tra\u00eddo este formulario donde vas a tener paso a tu presupuesto amoldado a ti. Cuando realizamos un pago, nos agrada saber a d\u00f3nde va nuestro dinero, por ellos te mostramos el desglose donde lo veras de una manera m\u00e1s clara. Deseamos evitar que comentas alg\u00fan fallo, por esta raz\u00f3n entender\u00e1s de manera eficaz y clara como hacerlo. Ahorr\u00e1ndote cualquier clase de gasto, encima de gratis siempre adapt\u00e1ndose a ti. Accede ahora y cuenta con la tranquilidad de tener tu presupuesto, eludiendo dificultades. No solo queremos darte calma, deseamos que recibas toda la informaci\u00f3n correcta y verdadera. <\/p>\n<p><\/div><\/div><\/div>\n\t\t<hr class=\"separador\">\n\t\t<div class=\"bloque-accion\">\n\t\t<p class=\"txt-accion\">Calcula el precio de tu seguro de decesos en menos de 1 minuto<\/p>\n\t\t<a class=\"btn-accion\" href=\"https:\/\/idecesos.com\/\">CALCULAR<\/a>\n\t\t<\/div>\n\t\t<hr class=\"separador\">\n\t\t<\/p>\n<h2><span class=\"ez-toc-section\" id=\"Mapa_de_agencias_de_seguros_La_Fe_en_Jaen\"><\/span>Mapa de agencias de seguros La Fe en Ja\u00e9n<span class=\"ez-toc-section-end\"><\/span><\/h2>\n<p>Te resultara c\u00f3modo conocer esta informaci\u00f3n que hemos generado para ti \u00fanicamente donde veras un listado de oficinas de La Fe en Ja\u00e9n que te aporta todos los datos necesarios junto con el <strong>mapa por Ja\u00e9n<\/strong> de sucursales de La Fe, haci\u00e9ndote f\u00e1cil el dato de donde se hallan localizados. Es tan segura como fiable, aport\u00e1ndote informaci\u00f3n de cada uno de ellos de ellas. \u00a0<\/p>\n<p><iframe class=\"page-generator-pro-map\" width=\"100%\" height=\"400\" frameborder=\"0\" style=\"border:0\" src=\"https:\/\/www.google.com\/maps\/embed\/v1\/place?q=C.+M%C3%A9ndez+N%C3%BA%C3%B1ez%2C+5%2C+Bajo%2C+23200+La+Carolina%2C+Ja%C3%A9n%2C+Espa%C3%B1a&#038;zoom=14&#038;maptype=roadmap&#038;key=AIzaSyCNTEOso0tZG6YMSJFoaJEY5Th1stEWrJI\" allowfullscreen><\/iframe><\/p>\n<p>&nbsp;<br \/>\n<div class=\"colorf\"><div class=\"container clearfix\"><div class=\"col-md-7\"><div class=\"empresas\"><\/p>\n<h2><span class=\"ez-toc-section\" id=\"Listado_de_sucursales_La_Fe_en_Jaen\"><\/span>Listado de sucursales La Fe en Ja\u00e9n<span class=\"ez-toc-section-end\"><\/span><\/h2>\n<ul>\n<li><strong>FE Seguros La Carolina La Carolina, Espa\u00f1a:<\/strong> C. M\u00e9ndez N\u00fa\u00f1ez, 5, Bajo, 23200 La Carolina, Ja\u00e9n, Espa\u00f1a<\/li>\n<\/ul>\n<\/div><\/div><\/div><\/div>\n<h2><span class=\"ez-toc-section\" id=\"Oficinas_de_seguros_de_decesos_en_Jaen\"><\/span>Oficinas de seguros de decesos en Ja\u00e9n<span class=\"ez-toc-section-end\"><\/span><\/h2>\n<p>\u00bfSin necesidad de registros? evit\u00e1ndote ese proceso tan incomodo como dif\u00edcil, podr\u00e1s ver todo el enorme listado que hemos realizado para que tengas libre en cada momento, contando con su actualizaci\u00f3n peri\u00f3dicamente, <strong>cada seguros de decesos en Ja\u00e9n<\/strong>. Te resultara tan f\u00e1cil, que obtienes todos los datos pertinentes, donde no te vas a quedar con ning\u00fan g\u00e9nero de duda. <\/p>\n<!-- Shortcode [la-fe] does not exist -->\n<div class=\"colorf\"><div class=\"container clearfix\"><div class=\"col-md-7\"><div class=\"empresas\">\n<h3><span class=\"ez-toc-section\" id=\"Listado_de_agencias_La_Fe_en_Espana\"><\/span>Listado de agencias La Fe en Espa\u00f1a<span class=\"ez-toc-section-end\"><\/span><\/h3>\n<div class=\"enlazado\"><ul><li><a href=\"https:\/\/idecesos.com\/seguros\/companias\/la-fe\/badajoz\/\"><span>Oficinas seguros de decesos La Fe en Badajoz<\/span><\/a><\/li><li><a href=\"https:\/\/idecesos.com\/seguros\/companias\/la-fe\/baleares\/\"><span>Oficinas seguros de decesos La Fe en Baleares<\/span><\/a><\/li><li><a href=\"https:\/\/idecesos.com\/seguros\/companias\/la-fe\/barcelona\/\"><span>Oficinas seguros de decesos La Fe en Barcelona<\/span><\/a><\/li><li><a href=\"https:\/\/idecesos.com\/seguros\/companias\/la-fe\/granada\/\"><span>Oficinas seguros de decesos La Fe en Granada<\/span><\/a><\/li><li><a href=\"https:\/\/idecesos.com\/seguros\/companias\/la-fe\/huelva\/\"><span>Oficinas seguros de decesos La Fe en Huelva<\/span><\/a><\/li><li><a href=\"https:\/\/idecesos.com\/seguros\/companias\/la-fe\/murcia\/\"><span>Oficinas seguros de decesos La Fe en Murcia<\/span><\/a><\/li><li><a href=\"https:\/\/idecesos.com\/seguros\/companias\/la-fe\/orense\/\"><span>Oficinas seguros de decesos La Fe en Orense<\/span><\/a><\/li><li><a href=\"https:\/\/idecesos.com\/seguros\/companias\/la-fe\/pontevedra\/\"><span>Oficinas seguros de decesos La Fe en Pontevedra<\/span><\/a><\/li><li><a href=\"https:\/\/idecesos.com\/seguros\/companias\/la-fe\/sevilla\/\"><span>Oficinas seguros de decesos La Fe en Sevilla<\/span><\/a><\/li><li><a href=\"https:\/\/idecesos.com\/seguros\/companias\/la-fe\/opiniones\/\"><span>Opiniones seguro de decesos La F\u00e9<\/span><\/a><\/li><li><a href=\"https:\/\/idecesos.com\/seguros\/companias\/la-fe\/prima-mixta\/\"><span>Seguro de decesos La Fe Prima Mixta<\/span><\/a><\/li><li><a href=\"https:\/\/idecesos.com\/seguros\/companias\/la-fe\/prima-natural\/\"><span>Seguro de decesos La Fe Prima Natural<\/span><\/a><\/li><li><a href=\"https:\/\/idecesos.com\/seguros\/companias\/la-fe\/prima-nivelada\/\"><span>Seguro de decesos La Fe Prima Nivelada<\/span><\/a><\/li><li><a href=\"https:\/\/idecesos.com\/seguros\/companias\/la-fe\/prima-unica\/\"><span>Seguro de decesos La Fe Prima \u00danica<\/span><\/a><\/li><li><a href=\"https:\/\/idecesos.com\/seguros\/companias\/la-fe\/repatriacion\/\"><span>Seguro de decesos La Fe con repatriaci\u00f3n<\/span><\/a><\/li><li><a href=\"https:\/\/idecesos.com\/seguros\/companias\/la-fe\/dar-de-baja\/\"><span>\u00bfC\u00f3mo dar de baja seguro La Fe?<\/span><\/a><\/li><\/ul><\/div>\n<\/div><\/div><\/div><\/div>\n","protected":false},"excerpt":{"rendered":"<p>Para una mejor atenci\u00f3n donde resuelvan sus necesidades o bien dudas al respect\u00f3, es importante contar con un personal cualificado en el sector, a sabiendas de que lo tiene en Ja\u00e9n con una gran variedad de oficinas de La Fe y con un horario flexible. Siempre y en todo momento adapt\u00e1ndose a ti. \u00bfEs mejor&hellip; <\/p>\n","protected":false},"author":0,"featured_media":0,"parent":395,"menu_order":0,"comment_status":"closed","ping_status":"closed","template":"page-templates\/companies.php","meta":{"footnotes":""},"class_list":["post-8798","page","type-page","status-publish","hentry"],"yoast_head":"<!-- This site is optimized with the Yoast SEO plugin v27.5 - https:\/\/yoast.com\/product\/yoast-seo-wordpress\/ -->\n<title>Oficinas La Fe en Ja\u00e9n | Tel\u00e9fonos, Horarios, Direcci\u00f3n<\/title>\n<meta name=\"description\" content=\"Lista completa de Oficinas La Fe en Ja\u00e9n Horarios, \u2706 tel\u00e9fonos y direcciones actualizados en 2026 \u2714 Verificado por iDecesos.\" \/>\n<meta name=\"robots\" content=\"index, follow, max-snippet:-1, max-image-preview:large, max-video-preview:-1\" \/>\n<link rel=\"canonical\" href=\"https:\/\/idecesos.com\/seguros\/companias\/la-fe\/jaen\/\" \/>\n<meta property=\"og:locale\" content=\"es_ES\" \/>\n<meta property=\"og:type\" content=\"article\" \/>\n<meta property=\"og:title\" content=\"Oficinas La Fe en Ja\u00e9n | Tel\u00e9fonos, Horarios, Direcci\u00f3n\" \/>\n<meta property=\"og:description\" content=\"Lista completa de Oficinas La Fe en Ja\u00e9n Horarios, \u2706 tel\u00e9fonos y direcciones actualizados en 2026 \u2714 Verificado por iDecesos.\" \/>\n<meta property=\"og:url\" content=\"https:\/\/idecesos.com\/seguros\/companias\/la-fe\/jaen\/\" \/>\n<meta property=\"article:modified_time\" content=\"2021-09-27T21:29:23+00:00\" \/>\n<meta property=\"og:image\" content=\"https:\/\/idecesos.com\/seguros\/wp-content\/uploads\/2021\/09\/logo-la-fe.jpg\" \/>\n<meta name=\"twitter:card\" content=\"summary_large_image\" \/>\n<meta name=\"twitter:label1\" content=\"Tiempo de lectura\" \/>\n\t<meta name=\"twitter:data1\" content=\"39 minutos\" \/>\n<script type=\"application\/ld+json\" class=\"yoast-schema-graph\">{\"@context\":\"https:\\\/\\\/schema.org\",\"@graph\":[{\"@type\":\"WebPage\",\"@id\":\"https:\\\/\\\/idecesos.com\\\/seguros\\\/companias\\\/la-fe\\\/jaen\\\/\",\"url\":\"https:\\\/\\\/idecesos.com\\\/seguros\\\/companias\\\/la-fe\\\/jaen\\\/\",\"name\":\"Oficinas La Fe en Ja\u00e9n | Tel\u00e9fonos, Horarios, Direcci\u00f3n\",\"isPartOf\":{\"@id\":\"https:\\\/\\\/idecesos.com\\\/seguros\\\/#website\"},\"primaryImageOfPage\":{\"@id\":\"https:\\\/\\\/idecesos.com\\\/seguros\\\/companias\\\/la-fe\\\/jaen\\\/#primaryimage\"},\"image\":{\"@id\":\"https:\\\/\\\/idecesos.com\\\/seguros\\\/companias\\\/la-fe\\\/jaen\\\/#primaryimage\"},\"thumbnailUrl\":\"https:\\\/\\\/idecesos.com\\\/seguros\\\/wp-content\\\/uploads\\\/2021\\\/09\\\/logo-la-fe.jpg\",\"datePublished\":\"2021-09-27T21:28:06+00:00\",\"dateModified\":\"2021-09-27T21:29:23+00:00\",\"description\":\"Lista completa de Oficinas La Fe en Ja\u00e9n Horarios, \u2706 tel\u00e9fonos y direcciones actualizados en 2026 \u2714 Verificado por iDecesos.\",\"breadcrumb\":{\"@id\":\"https:\\\/\\\/idecesos.com\\\/seguros\\\/companias\\\/la-fe\\\/jaen\\\/#breadcrumb\"},\"inLanguage\":\"es\",\"potentialAction\":[{\"@type\":\"ReadAction\",\"target\":[\"https:\\\/\\\/idecesos.com\\\/seguros\\\/companias\\\/la-fe\\\/jaen\\\/\"]}]},{\"@type\":\"ImageObject\",\"inLanguage\":\"es\",\"@id\":\"https:\\\/\\\/idecesos.com\\\/seguros\\\/companias\\\/la-fe\\\/jaen\\\/#primaryimage\",\"url\":\"https:\\\/\\\/idecesos.com\\\/seguros\\\/wp-content\\\/uploads\\\/2021\\\/09\\\/logo-la-fe.jpg\",\"contentUrl\":\"https:\\\/\\\/idecesos.com\\\/seguros\\\/wp-content\\\/uploads\\\/2021\\\/09\\\/logo-la-fe.jpg\",\"width\":244,\"height\":95},{\"@type\":\"BreadcrumbList\",\"@id\":\"https:\\\/\\\/idecesos.com\\\/seguros\\\/companias\\\/la-fe\\\/jaen\\\/#breadcrumb\",\"itemListElement\":[{\"@type\":\"ListItem\",\"position\":1,\"name\":\"Portada\",\"item\":\"https:\\\/\\\/idecesos.com\\\/seguros\\\/\"},{\"@type\":\"ListItem\",\"position\":2,\"name\":\"Compa\u00f1\u00edas de Seguros de Decesos en Espa\u00f1a\",\"item\":\"https:\\\/\\\/idecesos.com\\\/seguros\\\/companias\\\/\"},{\"@type\":\"ListItem\",\"position\":3,\"name\":\"Seguro de Decesos La Fe\",\"item\":\"https:\\\/\\\/idecesos.com\\\/seguros\\\/companias\\\/la-fe\\\/\"},{\"@type\":\"ListItem\",\"position\":4,\"name\":\"Oficinas seguros de decesos La Fe en Ja\u00e9n\"}]},{\"@type\":\"WebSite\",\"@id\":\"https:\\\/\\\/idecesos.com\\\/seguros\\\/#website\",\"url\":\"https:\\\/\\\/idecesos.com\\\/seguros\\\/\",\"name\":\"\",\"description\":\"\",\"potentialAction\":[{\"@type\":\"SearchAction\",\"target\":{\"@type\":\"EntryPoint\",\"urlTemplate\":\"https:\\\/\\\/idecesos.com\\\/seguros\\\/?s={search_term_string}\"},\"query-input\":{\"@type\":\"PropertyValueSpecification\",\"valueRequired\":true,\"valueName\":\"search_term_string\"}}],\"inLanguage\":\"es\"}]}<\/script>\n<!-- \/ Yoast SEO plugin. -->","yoast_head_json":{"title":"Oficinas La Fe en Ja\u00e9n | Tel\u00e9fonos, Horarios, Direcci\u00f3n","description":"Lista completa de Oficinas La Fe en Ja\u00e9n Horarios, \u2706 tel\u00e9fonos y direcciones actualizados en 2026 \u2714 Verificado por iDecesos.","robots":{"index":"index","follow":"follow","max-snippet":"max-snippet:-1","max-image-preview":"max-image-preview:large","max-video-preview":"max-video-preview:-1"},"canonical":"https:\/\/idecesos.com\/seguros\/companias\/la-fe\/jaen\/","og_locale":"es_ES","og_type":"article","og_title":"Oficinas La Fe en Ja\u00e9n | Tel\u00e9fonos, Horarios, Direcci\u00f3n","og_description":"Lista completa de Oficinas La Fe en Ja\u00e9n Horarios, \u2706 tel\u00e9fonos y direcciones actualizados en 2026 \u2714 Verificado por iDecesos.","og_url":"https:\/\/idecesos.com\/seguros\/companias\/la-fe\/jaen\/","article_modified_time":"2021-09-27T21:29:23+00:00","og_image":[{"url":"https:\/\/idecesos.com\/seguros\/wp-content\/uploads\/2021\/09\/logo-la-fe.jpg","type":"","width":"","height":""}],"twitter_card":"summary_large_image","twitter_misc":{"Tiempo de lectura":"39 minutos"},"schema":{"@context":"https:\/\/schema.org","@graph":[{"@type":"WebPage","@id":"https:\/\/idecesos.com\/seguros\/companias\/la-fe\/jaen\/","url":"https:\/\/idecesos.com\/seguros\/companias\/la-fe\/jaen\/","name":"Oficinas La Fe en Ja\u00e9n | Tel\u00e9fonos, Horarios, Direcci\u00f3n","isPartOf":{"@id":"https:\/\/idecesos.com\/seguros\/#website"},"primaryImageOfPage":{"@id":"https:\/\/idecesos.com\/seguros\/companias\/la-fe\/jaen\/#primaryimage"},"image":{"@id":"https:\/\/idecesos.com\/seguros\/companias\/la-fe\/jaen\/#primaryimage"},"thumbnailUrl":"https:\/\/idecesos.com\/seguros\/wp-content\/uploads\/2021\/09\/logo-la-fe.jpg","datePublished":"2021-09-27T21:28:06+00:00","dateModified":"2021-09-27T21:29:23+00:00","description":"Lista completa de Oficinas La Fe en Ja\u00e9n Horarios, \u2706 tel\u00e9fonos y direcciones actualizados en 2026 \u2714 Verificado por iDecesos.","breadcrumb":{"@id":"https:\/\/idecesos.com\/seguros\/companias\/la-fe\/jaen\/#breadcrumb"},"inLanguage":"es","potentialAction":[{"@type":"ReadAction","target":["https:\/\/idecesos.com\/seguros\/companias\/la-fe\/jaen\/"]}]},{"@type":"ImageObject","inLanguage":"es","@id":"https:\/\/idecesos.com\/seguros\/companias\/la-fe\/jaen\/#primaryimage","url":"https:\/\/idecesos.com\/seguros\/wp-content\/uploads\/2021\/09\/logo-la-fe.jpg","contentUrl":"https:\/\/idecesos.com\/seguros\/wp-content\/uploads\/2021\/09\/logo-la-fe.jpg","width":244,"height":95},{"@type":"BreadcrumbList","@id":"https:\/\/idecesos.com\/seguros\/companias\/la-fe\/jaen\/#breadcrumb","itemListElement":[{"@type":"ListItem","position":1,"name":"Portada","item":"https:\/\/idecesos.com\/seguros\/"},{"@type":"ListItem","position":2,"name":"Compa\u00f1\u00edas de Seguros de Decesos en Espa\u00f1a","item":"https:\/\/idecesos.com\/seguros\/companias\/"},{"@type":"ListItem","position":3,"name":"Seguro de Decesos La Fe","item":"https:\/\/idecesos.com\/seguros\/companias\/la-fe\/"},{"@type":"ListItem","position":4,"name":"Oficinas seguros de decesos La Fe en Ja\u00e9n"}]},{"@type":"WebSite","@id":"https:\/\/idecesos.com\/seguros\/#website","url":"https:\/\/idecesos.com\/seguros\/","name":"","description":"","potentialAction":[{"@type":"SearchAction","target":{"@type":"EntryPoint","urlTemplate":"https:\/\/idecesos.com\/seguros\/?s={search_term_string}"},"query-input":{"@type":"PropertyValueSpecification","valueRequired":true,"valueName":"search_term_string"}}],"inLanguage":"es"}]}},"_links":{"self":[{"href":"https:\/\/idecesos.com\/seguros\/wp-json\/wp\/v2\/pages\/8798","targetHints":{"allow":["GET"]}}],"collection":[{"href":"https:\/\/idecesos.com\/seguros\/wp-json\/wp\/v2\/pages"}],"about":[{"href":"https:\/\/idecesos.com\/seguros\/wp-json\/wp\/v2\/types\/page"}],"replies":[{"embeddable":true,"href":"https:\/\/idecesos.com\/seguros\/wp-json\/wp\/v2\/comments?post=8798"}],"version-history":[{"count":1,"href":"https:\/\/idecesos.com\/seguros\/wp-json\/wp\/v2\/pages\/8798\/revisions"}],"predecessor-version":[{"id":8813,"href":"https:\/\/idecesos.com\/seguros\/wp-json\/wp\/v2\/pages\/8798\/revisions\/8813"}],"up":[{"embeddable":true,"href":"https:\/\/idecesos.com\/seguros\/wp-json\/wp\/v2\/pages\/395"}],"wp:attachment":[{"href":"https:\/\/idecesos.com\/seguros\/wp-json\/wp\/v2\/media?parent=8798"}],"curies":[{"name":"wp","href":"https:\/\/api.w.org\/{rel}","templated":true}]}}