{"id":8821,"date":"2021-09-28T11:49:23","date_gmt":"2021-09-27T21:59:00","guid":{"rendered":"https:\/\/idecesos.com\/seguros\/companias\/dkv\/la-coruna\/"},"modified":"2021-09-28T11:49:23","modified_gmt":"2021-09-28T11:49:23","slug":"la-coruna","status":"publish","type":"page","link":"https:\/\/idecesos.com\/seguros\/companias\/dkv\/la-coruna\/","title":{"rendered":"Oficinas seguros de decesos DKV en La coru\u00f1a"},"content":{"rendered":"<div id=\"ez-toc-container\" class=\"ez-toc-v2_0_82_2 ez-toc-wrap-center counter-hierarchy ez-toc-counter ez-toc-custom ez-toc-container-direction\">\n<div class=\"ez-toc-title-container\">\n<p class=\"ez-toc-title\" style=\"cursor:inherit\">Tabla de Contenido<\/p>\n<span class=\"ez-toc-title-toggle\"><a href=\"#\" class=\"ez-toc-pull-right ez-toc-btn ez-toc-btn-xs ez-toc-btn-default ez-toc-toggle\" aria-label=\"Alternar tabla de contenidos\"><span class=\"ez-toc-js-icon-con\"><span class=\"\"><span class=\"eztoc-hide\" style=\"display:none;\">Toggle<\/span><span class=\"ez-toc-icon-toggle-span\"><svg style=\"fill: #db6415;color:#db6415\" xmlns=\"http:\/\/www.w3.org\/2000\/svg\" class=\"list-377408\" width=\"20px\" height=\"20px\" viewBox=\"0 0 24 24\" fill=\"none\"><path d=\"M6 6H4v2h2V6zm14 0H8v2h12V6zM4 11h2v2H4v-2zm16 0H8v2h12v-2zM4 16h2v2H4v-2zm16 0H8v2h12v-2z\" fill=\"currentColor\"><\/path><\/svg><svg style=\"fill: #db6415;color:#db6415\" class=\"arrow-unsorted-368013\" xmlns=\"http:\/\/www.w3.org\/2000\/svg\" width=\"10px\" height=\"10px\" viewBox=\"0 0 24 24\" version=\"1.2\" baseProfile=\"tiny\"><path d=\"M18.2 9.3l-6.2-6.3-6.2 6.3c-.2.2-.3.4-.3.7s.1.5.3.7c.2.2.4.3.7.3h11c.3 0 .5-.1.7-.3.2-.2.3-.5.3-.7s-.1-.5-.3-.7zM5.8 14.7l6.2 6.3 6.2-6.3c.2-.2.3-.5.3-.7s-.1-.5-.3-.7c-.2-.2-.4-.3-.7-.3h-11c-.3 0-.5.1-.7.3-.2.2-.3.5-.3.7s.1.5.3.7z\"\/><\/svg><\/span><\/span><\/span><\/a><\/span><\/div>\n<nav><ul class='ez-toc-list ez-toc-list-level-1 ' ><li class='ez-toc-page-1 ez-toc-heading-level-2'><a class=\"ez-toc-link ez-toc-heading-1\" href=\"https:\/\/idecesos.com\/seguros\/companias\/dkv\/la-coruna\/#Seguro_de_decesos_DKV_en_La_coruna\" >Seguro de decesos DKV en La coru\u00f1a<\/a><\/li><li class='ez-toc-page-1 ez-toc-heading-level-2'><a class=\"ez-toc-link ez-toc-heading-2\" href=\"https:\/\/idecesos.com\/seguros\/companias\/dkv\/la-coruna\/#Mapa_de_sucursales_de_seguros_DKV_en_La_coruna\" >Mapa de sucursales de seguros DKV en La coru\u00f1a<\/a><\/li><li class='ez-toc-page-1 ez-toc-heading-level-2'><a class=\"ez-toc-link ez-toc-heading-3\" href=\"https:\/\/idecesos.com\/seguros\/companias\/dkv\/la-coruna\/#Listado_de_sucursales_DKV_en_La_coruna\" >Listado de sucursales DKV en La coru\u00f1a<\/a><\/li><li class='ez-toc-page-1 ez-toc-heading-level-2'><a class=\"ez-toc-link ez-toc-heading-4\" href=\"https:\/\/idecesos.com\/seguros\/companias\/dkv\/la-coruna\/#Agencias_de_seguros_de_decesos_en_La_coruna\" >Agencias de seguros de decesos en La coru\u00f1a<\/a><ul class='ez-toc-list-level-3' ><li class='ez-toc-heading-level-3'><a class=\"ez-toc-link ez-toc-heading-5\" href=\"https:\/\/idecesos.com\/seguros\/companias\/dkv\/la-coruna\/#Listado_de_agencias_DKV_en_Espana\" >Listado de agencias DKV en Espa\u00f1a<\/a><\/li><\/ul><\/li><\/ul><\/nav><\/div>\n\n<p><a href=\"https:\/\/idecesos.com\/seguros\/companias\/dkv\/\"><img decoding=\"async\" class=\" alignleft\" src=\"https:\/\/idecesos.com\/assets\/image\/decesos_dkv.jpg\" alt=\"Seguro de decesos DKV\" width=\"336\" height=\"103\" \/><\/a>Depende de las oficinas de DKV se hayan en cada sitio diferente, te damos el lujo de conocer las distintas <strong>sucursales de DKV en La coru\u00f1a<\/strong> donde gestionaran tus problemas de la manera m\u00e1s eficiente y sencilla. La importancia de contar con personas con experiencia notoria en campo, ayuda hacer el proceso m\u00e1s r\u00e1pido. Siempre y en todo momento queremos que dispongas de nuestros servicios y que puedas acceder a ellos de manera sencilla. Cada sucursal de DKV en La coru\u00f1a vas a poder saber si est\u00e1 dentro de tu misma localizaci\u00f3n, para asesorarte en todo momento. <\/p>\n<p>EMPRESA nos proporciona un servicio de calidad con car\u00e1cter m\u00e1s cercano, con un nivel de comunicaci\u00f3n excepcional, gracias a contar con su oficina. Es necesario saber d\u00f3nde localizarlo.<br \/>\nSiendo de estas las que dan ese servicio singular bajo cualquier circunstancia. Cuentas en todo momento de grandes expertos cualificados, d\u00f3nde vas a poder obtener un presupuesto en el momento. <\/p>\n<p>Visita nuestra p\u00e1gina de <a href=\"https:\/\/idecesos.com\/seguros\/companias\/dkv\/\">seguros de decesos DKV<\/a> para m\u00e1s informaci\u00f3n.<br \/>\n<div class=\"colorf \"  ><div class=\"container clearfix\"><div class=\"col-md-7\"><\/p>\n<h2><span class=\"ez-toc-section\" id=\"Seguro_de_decesos_DKV_en_La_coruna\"><\/span>Seguro de decesos DKV en La coru\u00f1a<span class=\"ez-toc-section-end\"><\/span><\/h2>\n<p>Te regalamos la informaci\u00f3n de poder conocer de d\u00f3nde dispones de cada oficina de <strong>DKV en La coru\u00f1a<\/strong> result\u00e1ndote m\u00e1s c\u00f3modo, contando con los diferentes <a href=\"https:\/\/idecesos.com\/seguros\/ciudades\/la-coruna\/\"><strong>seguro decesos La coru\u00f1a<\/strong><\/a>. Nos agrada obsequiar comodidad y tranquilidad, por esta raz\u00f3n te damos la ventaja de obtener de manera inmediata tu presupuesto de seguro, evit\u00e1ndote todos y cada uno de los problemas. \u00bfDe qu\u00e9 forma ahorrar tiempo? Tan f\u00e1cil como obtener la informaci\u00f3n que precises en menos de un 1 minuto, a fin de que lo gestiones de una manera m\u00e1s f\u00e1cil. <\/p>\n<p>De una manera m\u00e1s sencilla podr\u00e1s localizar tu oficina de referencia de DKV en La coru\u00f1a. Puedes acceder de manera veloz al formulario merced a el conseguir\u00e1s toda la informaci\u00f3n, como pedir cita. Cuenta con la seguridad de que solo recibir\u00e1 la informaci\u00f3n que hayas requerido. El cuestionario est\u00e1 preparado para que obtengas en calidad los datos precisos, evit\u00e1ndote cualquier error cuando pidas su cita previa. Donde sus datos van a quedar protegido en todo momento. <\/p>\n<p><\/div><\/div><\/div>\n\t\t<hr class=\"separador\">\n\t\t<div class=\"bloque-accion\">\n\t\t<p class=\"txt-accion\">Calcula el precio de tu seguro de decesos en menos de 1 minuto<\/p>\n\t\t<a class=\"btn-accion\" href=\"https:\/\/idecesos.com\/\">CALCULAR<\/a>\n\t\t<\/div>\n\t\t<hr class=\"separador\">\n\t\t<\/p>\n<h2><span class=\"ez-toc-section\" id=\"Mapa_de_sucursales_de_seguros_DKV_en_La_coruna\"><\/span>Mapa de sucursales de seguros DKV en La coru\u00f1a<span class=\"ez-toc-section-end\"><\/span><\/h2>\n<p>Encuentra de forma r\u00e1pida y simple las oficinas de DKV en La coru\u00f1a teniendo presente la ayuda de mapas por DKV en La coru\u00f1a gestion\u00e1ndolo de forma pr\u00f3xima. Queremos que ahorres tu tiempo, por esta raz\u00f3n te damos la soluci\u00f3n m\u00e1s eficaz para esto, donde resultara todo de una manera inmediata. Por ello ayudamos a gestionar el tiempo eficazmente. Solventara todos los inconvenientes a la hora de la b\u00fasqueda gracias al localizador. <\/p>\n<p><iframe class=\"page-generator-pro-map\" width=\"100%\" height=\"400\" frameborder=\"0\" style=\"border:0\" src=\"https:\/\/www.google.com\/maps\/embed\/v1\/place?q=R%C3%BAa+Alfredo+Vicenti%2C+17%2C+15004+A+Coru%C3%B1a%2C+Espa%C3%B1a&#038;zoom=14&#038;maptype=roadmap&#038;key=AIzaSyCNTEOso0tZG6YMSJFoaJEY5Th1stEWrJI\" allowfullscreen><\/iframe><\/p>\n<p>&nbsp;<br \/>\n<div class=\"colorf\"><div class=\"container clearfix\"><div class=\"col-md-7\"><div class=\"empresas\"><\/p>\n<h2><span class=\"ez-toc-section\" id=\"Listado_de_sucursales_DKV_en_La_coruna\"><\/span>Listado de sucursales DKV en La coru\u00f1a<span class=\"ez-toc-section-end\"><\/span><\/h2>\n<ul>\n<li><strong>DKV Seguros Laracha, Espa\u00f1a:<\/strong> R\u00faa Epifanio Campo N\u00fa\u00f1ez, 5, 15145 A Laracha, A Coru\u00f1a, Espa\u00f1a<\/li>\n<li><strong>Oficina DKV Seguros A Coru\u00f1a La Coru\u00f1a, Espa\u00f1a:<\/strong> R\u00faa Alfredo Vicenti, 17, 15004 A Coru\u00f1a, Espa\u00f1a<\/li>\n<\/ul>\n<\/div><\/div><\/div><\/div>\n<h2><span class=\"ez-toc-section\" id=\"Agencias_de_seguros_de_decesos_en_La_coruna\"><\/span>Agencias de seguros de decesos en La coru\u00f1a<span class=\"ez-toc-section-end\"><\/span><\/h2>\n<p>Con tan solo un paso te mostramos el listado de empresas aseguradoras de decesos en La coru\u00f1a, encontraras toda la informaci\u00f3n relevante a la que precises. Donde lo tramitaras de manera m\u00e1s eficaz. Te resultara tan \u00fatil que no podr\u00e1s cre\u00e9rtelo, y lo funcional que resulta, donde ver\u00e1s toda la informaci\u00f3n valiosa al respecto. Evita cuestionarlo demasiado, opta por lo m\u00e1s veloz y eficiente que se adapte a tus necesidades. Damos resultados, aseguramos una b\u00fasqueda eficaz. Podr\u00e1s conocer las distintas asegurados que se hallen en tus cuidad. <\/p>\n<!-- Shortcode [dkv] does not exist -->\n<div class=\"colorf\"><div class=\"container clearfix\"><div class=\"col-md-7\"><div class=\"empresas\">\n<h3><span class=\"ez-toc-section\" id=\"Listado_de_agencias_DKV_en_Espana\"><\/span>Listado de agencias DKV en Espa\u00f1a<span class=\"ez-toc-section-end\"><\/span><\/h3>\n<div class=\"enlazado\"><ul><li><a href=\"https:\/\/idecesos.com\/seguros\/companias\/dkv\/telefono\/\"><span>Atenci\u00f3n al cliente DKV: telefono gratuito, e-mail<\/span><\/a><\/li><li><a href=\"https:\/\/idecesos.com\/seguros\/companias\/dkv\/almeria\/\"><span>Oficinas seguros de decesos DKV en Almer\u00eda<\/span><\/a><\/li><li><a href=\"https:\/\/idecesos.com\/seguros\/companias\/dkv\/castellon\/\"><span>Oficinas seguros de decesos DKV en Castell\u00f3n<\/span><\/a><\/li><li><a href=\"https:\/\/idecesos.com\/seguros\/companias\/dkv\/cadiz\/\"><span>Oficinas seguros de decesos DKV en C\u00e1diz<\/span><\/a><\/li><li><a href=\"https:\/\/idecesos.com\/seguros\/companias\/dkv\/gerona\/\"><span>Oficinas seguros de decesos DKV en Gerona<\/span><\/a><\/li><li><a href=\"https:\/\/idecesos.com\/seguros\/companias\/dkv\/huelva\/\"><span>Oficinas seguros de decesos DKV en Huelva<\/span><\/a><\/li><li><a href=\"https:\/\/idecesos.com\/seguros\/companias\/dkv\/murcia\/\"><span>Oficinas seguros de decesos DKV en Murcia<\/span><\/a><\/li><li><a href=\"https:\/\/idecesos.com\/seguros\/companias\/dkv\/navarra\/\"><span>Oficinas seguros de decesos DKV en Navarra<\/span><\/a><\/li><li><a href=\"https:\/\/idecesos.com\/seguros\/companias\/dkv\/segovia\/\"><span>Oficinas seguros de decesos DKV en Segovia<\/span><\/a><\/li><li><a href=\"https:\/\/idecesos.com\/seguros\/companias\/dkv\/soria\/\"><span>Oficinas seguros de decesos DKV en Soria<\/span><\/a><\/li><li><a href=\"https:\/\/idecesos.com\/seguros\/companias\/dkv\/tenerife\/\"><span>Oficinas seguros de decesos DKV en Tenerife<\/span><\/a><\/li><li><a href=\"https:\/\/idecesos.com\/seguros\/companias\/dkv\/toledo\/\"><span>Oficinas seguros de decesos DKV en Toledo<\/span><\/a><\/li><li><a href=\"https:\/\/idecesos.com\/seguros\/companias\/dkv\/valencia\/\"><span>Oficinas seguros de decesos DKV en Valencia<\/span><\/a><\/li><li><a href=\"https:\/\/idecesos.com\/seguros\/companias\/dkv\/vizcaya\/\"><span>Oficinas seguros de decesos DKV en Vizcaya<\/span><\/a><\/li><li><a href=\"https:\/\/idecesos.com\/seguros\/companias\/dkv\/opiniones\/\"><span>Opiniones Seguro de decesos DKV<\/span><\/a><\/li><li><a href=\"https:\/\/idecesos.com\/seguros\/companias\/dkv\/prima-nivelada\/\"><span>Seguro de decesos DKV Prima Nivelada<\/span><\/a><\/li><\/ul><\/div>\n<\/div><\/div><\/div><\/div>\n","protected":false},"excerpt":{"rendered":"<p>Depende de las oficinas de DKV se hayan en cada sitio diferente, te damos el lujo de conocer las distintas sucursales de DKV en La coru\u00f1a donde gestionaran tus problemas de la manera m\u00e1s eficiente y sencilla. La importancia de contar con personas con experiencia notoria en campo, ayuda hacer el proceso m\u00e1s r\u00e1pido. Siempre&hellip; <\/p>\n","protected":false},"author":0,"featured_media":0,"parent":310,"menu_order":0,"comment_status":"closed","ping_status":"closed","template":"page-templates\/companies.php","meta":{"footnotes":""},"class_list":["post-8821","page","type-page","status-publish","hentry"],"yoast_head":"<!-- This site is optimized with the Yoast SEO plugin v27.3 - https:\/\/yoast.com\/product\/yoast-seo-wordpress\/ -->\n<title>Oficinas DKV en La coru\u00f1a | Tel\u00e9fonos, Horarios, Direcci\u00f3n<\/title>\n<meta name=\"description\" content=\"Lista completa de Oficinas DKV en La coru\u00f1a Horarios, \u2706 tel\u00e9fonos y direcciones actualizados en 2026 \u2714 Verificado por iDecesos.\" \/>\n<meta name=\"robots\" content=\"index, follow, max-snippet:-1, max-image-preview:large, max-video-preview:-1\" \/>\n<link rel=\"canonical\" href=\"https:\/\/idecesos.com\/seguros\/companias\/dkv\/la-coruna\/\" \/>\n<meta property=\"og:locale\" content=\"es_ES\" \/>\n<meta property=\"og:type\" content=\"article\" \/>\n<meta property=\"og:title\" content=\"Oficinas DKV en La coru\u00f1a | Tel\u00e9fonos, Horarios, Direcci\u00f3n\" \/>\n<meta property=\"og:description\" content=\"Lista completa de Oficinas DKV en La coru\u00f1a Horarios, \u2706 tel\u00e9fonos y direcciones actualizados en 2026 \u2714 Verificado por iDecesos.\" \/>\n<meta property=\"og:url\" content=\"https:\/\/idecesos.com\/seguros\/companias\/dkv\/la-coruna\/\" \/>\n<meta property=\"article:modified_time\" content=\"2021-09-28T11:49:23+00:00\" \/>\n<meta property=\"og:image\" content=\"https:\/\/idecesos.com\/assets\/image\/decesos_dkv.jpg\" \/>\n<meta name=\"twitter:card\" content=\"summary_large_image\" \/>\n<meta name=\"twitter:label1\" content=\"Tiempo de lectura\" \/>\n\t<meta name=\"twitter:data1\" content=\"39 minutos\" \/>\n<script type=\"application\/ld+json\" class=\"yoast-schema-graph\">{\"@context\":\"https:\\\/\\\/schema.org\",\"@graph\":[{\"@type\":\"WebPage\",\"@id\":\"https:\\\/\\\/idecesos.com\\\/seguros\\\/companias\\\/dkv\\\/la-coruna\\\/\",\"url\":\"https:\\\/\\\/idecesos.com\\\/seguros\\\/companias\\\/dkv\\\/la-coruna\\\/\",\"name\":\"Oficinas DKV en La coru\u00f1a | Tel\u00e9fonos, Horarios, Direcci\u00f3n\",\"isPartOf\":{\"@id\":\"https:\\\/\\\/idecesos.com\\\/seguros\\\/#website\"},\"primaryImageOfPage\":{\"@id\":\"https:\\\/\\\/idecesos.com\\\/seguros\\\/companias\\\/dkv\\\/la-coruna\\\/#primaryimage\"},\"image\":{\"@id\":\"https:\\\/\\\/idecesos.com\\\/seguros\\\/companias\\\/dkv\\\/la-coruna\\\/#primaryimage\"},\"thumbnailUrl\":\"https:\\\/\\\/idecesos.com\\\/assets\\\/image\\\/decesos_dkv.jpg\",\"datePublished\":\"2021-09-27T21:59:00+00:00\",\"dateModified\":\"2021-09-28T11:49:23+00:00\",\"description\":\"Lista completa de Oficinas DKV en La coru\u00f1a Horarios, \u2706 tel\u00e9fonos y direcciones actualizados en 2026 \u2714 Verificado por iDecesos.\",\"breadcrumb\":{\"@id\":\"https:\\\/\\\/idecesos.com\\\/seguros\\\/companias\\\/dkv\\\/la-coruna\\\/#breadcrumb\"},\"inLanguage\":\"es\",\"potentialAction\":[{\"@type\":\"ReadAction\",\"target\":[\"https:\\\/\\\/idecesos.com\\\/seguros\\\/companias\\\/dkv\\\/la-coruna\\\/\"]}]},{\"@type\":\"ImageObject\",\"inLanguage\":\"es\",\"@id\":\"https:\\\/\\\/idecesos.com\\\/seguros\\\/companias\\\/dkv\\\/la-coruna\\\/#primaryimage\",\"url\":\"https:\\\/\\\/idecesos.com\\\/assets\\\/image\\\/decesos_dkv.jpg\",\"contentUrl\":\"https:\\\/\\\/idecesos.com\\\/assets\\\/image\\\/decesos_dkv.jpg\"},{\"@type\":\"BreadcrumbList\",\"@id\":\"https:\\\/\\\/idecesos.com\\\/seguros\\\/companias\\\/dkv\\\/la-coruna\\\/#breadcrumb\",\"itemListElement\":[{\"@type\":\"ListItem\",\"position\":1,\"name\":\"Portada\",\"item\":\"https:\\\/\\\/idecesos.com\\\/seguros\\\/\"},{\"@type\":\"ListItem\",\"position\":2,\"name\":\"Compa\u00f1\u00edas de Seguros de Decesos en Espa\u00f1a\",\"item\":\"https:\\\/\\\/idecesos.com\\\/seguros\\\/companias\\\/\"},{\"@type\":\"ListItem\",\"position\":3,\"name\":\"Seguro de Decesos DKV\",\"item\":\"https:\\\/\\\/idecesos.com\\\/seguros\\\/companias\\\/dkv\\\/\"},{\"@type\":\"ListItem\",\"position\":4,\"name\":\"Oficinas seguros de decesos DKV en La coru\u00f1a\"}]},{\"@type\":\"WebSite\",\"@id\":\"https:\\\/\\\/idecesos.com\\\/seguros\\\/#website\",\"url\":\"https:\\\/\\\/idecesos.com\\\/seguros\\\/\",\"name\":\"\",\"description\":\"\",\"potentialAction\":[{\"@type\":\"SearchAction\",\"target\":{\"@type\":\"EntryPoint\",\"urlTemplate\":\"https:\\\/\\\/idecesos.com\\\/seguros\\\/?s={search_term_string}\"},\"query-input\":{\"@type\":\"PropertyValueSpecification\",\"valueRequired\":true,\"valueName\":\"search_term_string\"}}],\"inLanguage\":\"es\"}]}<\/script>\n<!-- \/ Yoast SEO plugin. -->","yoast_head_json":{"title":"Oficinas DKV en La coru\u00f1a | Tel\u00e9fonos, Horarios, Direcci\u00f3n","description":"Lista completa de Oficinas DKV en La coru\u00f1a Horarios, \u2706 tel\u00e9fonos y direcciones actualizados en 2026 \u2714 Verificado por iDecesos.","robots":{"index":"index","follow":"follow","max-snippet":"max-snippet:-1","max-image-preview":"max-image-preview:large","max-video-preview":"max-video-preview:-1"},"canonical":"https:\/\/idecesos.com\/seguros\/companias\/dkv\/la-coruna\/","og_locale":"es_ES","og_type":"article","og_title":"Oficinas DKV en La coru\u00f1a | Tel\u00e9fonos, Horarios, Direcci\u00f3n","og_description":"Lista completa de Oficinas DKV en La coru\u00f1a Horarios, \u2706 tel\u00e9fonos y direcciones actualizados en 2026 \u2714 Verificado por iDecesos.","og_url":"https:\/\/idecesos.com\/seguros\/companias\/dkv\/la-coruna\/","article_modified_time":"2021-09-28T11:49:23+00:00","og_image":[{"url":"https:\/\/idecesos.com\/assets\/image\/decesos_dkv.jpg","type":"","width":"","height":""}],"twitter_card":"summary_large_image","twitter_misc":{"Tiempo de lectura":"39 minutos"},"schema":{"@context":"https:\/\/schema.org","@graph":[{"@type":"WebPage","@id":"https:\/\/idecesos.com\/seguros\/companias\/dkv\/la-coruna\/","url":"https:\/\/idecesos.com\/seguros\/companias\/dkv\/la-coruna\/","name":"Oficinas DKV en La coru\u00f1a | Tel\u00e9fonos, Horarios, Direcci\u00f3n","isPartOf":{"@id":"https:\/\/idecesos.com\/seguros\/#website"},"primaryImageOfPage":{"@id":"https:\/\/idecesos.com\/seguros\/companias\/dkv\/la-coruna\/#primaryimage"},"image":{"@id":"https:\/\/idecesos.com\/seguros\/companias\/dkv\/la-coruna\/#primaryimage"},"thumbnailUrl":"https:\/\/idecesos.com\/assets\/image\/decesos_dkv.jpg","datePublished":"2021-09-27T21:59:00+00:00","dateModified":"2021-09-28T11:49:23+00:00","description":"Lista completa de Oficinas DKV en La coru\u00f1a Horarios, \u2706 tel\u00e9fonos y direcciones actualizados en 2026 \u2714 Verificado por iDecesos.","breadcrumb":{"@id":"https:\/\/idecesos.com\/seguros\/companias\/dkv\/la-coruna\/#breadcrumb"},"inLanguage":"es","potentialAction":[{"@type":"ReadAction","target":["https:\/\/idecesos.com\/seguros\/companias\/dkv\/la-coruna\/"]}]},{"@type":"ImageObject","inLanguage":"es","@id":"https:\/\/idecesos.com\/seguros\/companias\/dkv\/la-coruna\/#primaryimage","url":"https:\/\/idecesos.com\/assets\/image\/decesos_dkv.jpg","contentUrl":"https:\/\/idecesos.com\/assets\/image\/decesos_dkv.jpg"},{"@type":"BreadcrumbList","@id":"https:\/\/idecesos.com\/seguros\/companias\/dkv\/la-coruna\/#breadcrumb","itemListElement":[{"@type":"ListItem","position":1,"name":"Portada","item":"https:\/\/idecesos.com\/seguros\/"},{"@type":"ListItem","position":2,"name":"Compa\u00f1\u00edas de Seguros de Decesos en Espa\u00f1a","item":"https:\/\/idecesos.com\/seguros\/companias\/"},{"@type":"ListItem","position":3,"name":"Seguro de Decesos DKV","item":"https:\/\/idecesos.com\/seguros\/companias\/dkv\/"},{"@type":"ListItem","position":4,"name":"Oficinas seguros de decesos DKV en La coru\u00f1a"}]},{"@type":"WebSite","@id":"https:\/\/idecesos.com\/seguros\/#website","url":"https:\/\/idecesos.com\/seguros\/","name":"","description":"","potentialAction":[{"@type":"SearchAction","target":{"@type":"EntryPoint","urlTemplate":"https:\/\/idecesos.com\/seguros\/?s={search_term_string}"},"query-input":{"@type":"PropertyValueSpecification","valueRequired":true,"valueName":"search_term_string"}}],"inLanguage":"es"}]}},"_links":{"self":[{"href":"https:\/\/idecesos.com\/seguros\/wp-json\/wp\/v2\/pages\/8821","targetHints":{"allow":["GET"]}}],"collection":[{"href":"https:\/\/idecesos.com\/seguros\/wp-json\/wp\/v2\/pages"}],"about":[{"href":"https:\/\/idecesos.com\/seguros\/wp-json\/wp\/v2\/types\/page"}],"replies":[{"embeddable":true,"href":"https:\/\/idecesos.com\/seguros\/wp-json\/wp\/v2\/comments?post=8821"}],"version-history":[{"count":1,"href":"https:\/\/idecesos.com\/seguros\/wp-json\/wp\/v2\/pages\/8821\/revisions"}],"predecessor-version":[{"id":8883,"href":"https:\/\/idecesos.com\/seguros\/wp-json\/wp\/v2\/pages\/8821\/revisions\/8883"}],"up":[{"embeddable":true,"href":"https:\/\/idecesos.com\/seguros\/wp-json\/wp\/v2\/pages\/310"}],"wp:attachment":[{"href":"https:\/\/idecesos.com\/seguros\/wp-json\/wp\/v2\/media?parent=8821"}],"curies":[{"name":"wp","href":"https:\/\/api.w.org\/{rel}","templated":true}]}}