{"id":8838,"date":"2021-09-28T11:49:30","date_gmt":"2021-09-27T21:59:08","guid":{"rendered":"https:\/\/idecesos.com\/seguros\/companias\/dkv\/gerona\/"},"modified":"2021-09-28T11:49:30","modified_gmt":"2021-09-28T11:49:30","slug":"gerona","status":"publish","type":"page","link":"https:\/\/idecesos.com\/seguros\/companias\/dkv\/gerona\/","title":{"rendered":"Oficinas seguros de decesos DKV en Gerona"},"content":{"rendered":"<div id=\"ez-toc-container\" class=\"ez-toc-v2_0_82_2 ez-toc-wrap-center counter-hierarchy ez-toc-counter ez-toc-custom ez-toc-container-direction\">\n<div class=\"ez-toc-title-container\">\n<p class=\"ez-toc-title\" style=\"cursor:inherit\">Tabla de Contenido<\/p>\n<span class=\"ez-toc-title-toggle\"><a href=\"#\" class=\"ez-toc-pull-right ez-toc-btn ez-toc-btn-xs ez-toc-btn-default ez-toc-toggle\" aria-label=\"Alternar tabla de contenidos\"><span class=\"ez-toc-js-icon-con\"><span class=\"\"><span class=\"eztoc-hide\" style=\"display:none;\">Toggle<\/span><span class=\"ez-toc-icon-toggle-span\"><svg style=\"fill: #db6415;color:#db6415\" xmlns=\"http:\/\/www.w3.org\/2000\/svg\" class=\"list-377408\" width=\"20px\" height=\"20px\" viewBox=\"0 0 24 24\" fill=\"none\"><path d=\"M6 6H4v2h2V6zm14 0H8v2h12V6zM4 11h2v2H4v-2zm16 0H8v2h12v-2zM4 16h2v2H4v-2zm16 0H8v2h12v-2z\" fill=\"currentColor\"><\/path><\/svg><svg style=\"fill: #db6415;color:#db6415\" class=\"arrow-unsorted-368013\" xmlns=\"http:\/\/www.w3.org\/2000\/svg\" width=\"10px\" height=\"10px\" viewBox=\"0 0 24 24\" version=\"1.2\" baseProfile=\"tiny\"><path d=\"M18.2 9.3l-6.2-6.3-6.2 6.3c-.2.2-.3.4-.3.7s.1.5.3.7c.2.2.4.3.7.3h11c.3 0 .5-.1.7-.3.2-.2.3-.5.3-.7s-.1-.5-.3-.7zM5.8 14.7l6.2 6.3 6.2-6.3c.2-.2.3-.5.3-.7s-.1-.5-.3-.7c-.2-.2-.4-.3-.7-.3h-11c-.3 0-.5.1-.7.3-.2.2-.3.5-.3.7s.1.5.3.7z\"\/><\/svg><\/span><\/span><\/span><\/a><\/span><\/div>\n<nav><ul class='ez-toc-list ez-toc-list-level-1 ' ><li class='ez-toc-page-1 ez-toc-heading-level-2'><a class=\"ez-toc-link ez-toc-heading-1\" href=\"https:\/\/idecesos.com\/seguros\/companias\/dkv\/gerona\/#Seguro_de_decesos_DKV_en_Gerona\" >Seguro de decesos DKV en Gerona<\/a><\/li><li class='ez-toc-page-1 ez-toc-heading-level-2'><a class=\"ez-toc-link ez-toc-heading-2\" href=\"https:\/\/idecesos.com\/seguros\/companias\/dkv\/gerona\/#Mapa_de_sucursales_de_seguros_DKV_en_Gerona\" >Mapa de sucursales de seguros DKV en Gerona<\/a><\/li><li class='ez-toc-page-1 ez-toc-heading-level-2'><a class=\"ez-toc-link ez-toc-heading-3\" href=\"https:\/\/idecesos.com\/seguros\/companias\/dkv\/gerona\/#Listado_de_sucursales_DKV_en_Gerona\" >Listado de sucursales DKV en Gerona<\/a><\/li><li class='ez-toc-page-1 ez-toc-heading-level-2'><a class=\"ez-toc-link ez-toc-heading-4\" href=\"https:\/\/idecesos.com\/seguros\/companias\/dkv\/gerona\/#Oficinas_de_seguros_de_decesos_en_Gerona\" >Oficinas de seguros de decesos en Gerona<\/a><ul class='ez-toc-list-level-3' ><li class='ez-toc-heading-level-3'><a class=\"ez-toc-link ez-toc-heading-5\" href=\"https:\/\/idecesos.com\/seguros\/companias\/dkv\/gerona\/#Listado_de_oficinas_DKV_en_Espana\" >Listado de oficinas DKV en Espa\u00f1a<\/a><\/li><\/ul><\/li><\/ul><\/nav><\/div>\n\n<p><a href=\"https:\/\/idecesos.com\/seguros\/companias\/dkv\/\"><img decoding=\"async\" class=\" alignleft\" src=\"https:\/\/idecesos.com\/assets\/image\/decesos_dkv.jpg\" alt=\"Seguro de decesos DKV\" width=\"336\" height=\"103\" \/><\/a>\u00bfSabes que cuentas con distintas sucursales de DKV en Gerona? pues te contamos que dispones de diferentes, donde gestionaran tus inconvenientes o bien dudas que tengas sobre tu p\u00f3liza. Cada sucursal tiene un horario diferente. Siempre que depender\u00e1 de la oficina de seguro, es importante poder contar con un servicio m\u00e1s personal y que se halle cerca, a fin de que puedan respaldar tus problemas en cualquier instante. <\/p>\n<p>En tu ratio podr\u00e1 existir solo el 90 por ciento de empresas aseguradoras cercanas a ti. Te resultara tan c\u00f3modo o eficiente saber en qu\u00e9 sitio se encuentran las distintas oficinas de cada DKV. Siendo uno de los motivos que nos solventaran cualquier inconveniente que pueda surgir. Cada trayectoria tiene una senda seg\u00fan las caracterices que queramos proseguir o buscamos, por este motivo localiza tu oficina referente de DKV en Gerona d\u00e1ndote la cobertura que te mereces. <\/p>\n<p>Visita nuestra p\u00e1gina de <a href=\"https:\/\/idecesos.com\/seguros\/companias\/dkv\/\">seguros de decesos DKV<\/a> para m\u00e1s informaci\u00f3n.<br \/>\n<div class=\"colorf \"  ><div class=\"container clearfix\"><div class=\"col-md-7\"><\/p>\n<h2><span class=\"ez-toc-section\" id=\"Seguro_de_decesos_DKV_en_Gerona\"><\/span>Seguro de decesos DKV en Gerona<span class=\"ez-toc-section-end\"><\/span><\/h2>\n<p>Siendo una de las lideres en el mercado como compa\u00f1\u00eda de seguros de decesos, contando con los diferentes <a href=\"https:\/\/idecesos.com\/seguros\/ciudades\/gerona\/\"><strong>seguro decesos Gerona<\/strong><\/a>. Deseamos que cuentes con la opci\u00f3n de poder conseguir tu presupuesto de seguro cuando lo desees y f\u00e1cilmente como \u00fatil. No precisa de muchos pasos, en menos de 1 minuto vas a tener toda la informaci\u00f3n necesaria y desglosada para que lo gestiones y lo eval\u00faes de una forma eficaz. <\/p>\n<p>Como compa\u00f1\u00eda aseguradora nos encargamos de tu calma y la de tus seres allegados, por este motivo hemos querido que en Gerona, tengas los mejores servicios de calidad amoldados para satisfacer tus necesidades y queden cubiertos. Deseamos que dispongas de esta alternativa de poder solventar tus dudas o pedir vez en cuesti\u00f3n de segundos.<br \/>\n\u00bfDudas de DKV? te la resolvemos al instante. Si en alg\u00fan instante te lo has cuestionado, te damos las respuestas a todo de forma m\u00e1s sencilla. Merced al formulario creado para ti vas a poder optar a tener tu cita o bien un presupuesto a tus medidas. Te lo ponemos poco a poco m\u00e1s f\u00e1cil, evit\u00e1ndote cualquier inconveniente que pueda surgir. <\/p>\n<p><\/div><\/div><\/div>\n\t\t<hr class=\"separador\">\n\t\t<div class=\"bloque-accion\">\n\t\t<p class=\"txt-accion\">Calcula el precio de tu seguro de decesos en menos de 1 minuto<\/p>\n\t\t<a class=\"btn-accion\" href=\"https:\/\/idecesos.com\/\">CALCULAR<\/a>\n\t\t<\/div>\n\t\t<hr class=\"separador\">\n\t\t<\/p>\n<h2><span class=\"ez-toc-section\" id=\"Mapa_de_sucursales_de_seguros_DKV_en_Gerona\"><\/span>Mapa de sucursales de seguros DKV en Gerona<span class=\"ez-toc-section-end\"><\/span><\/h2>\n<p>Oficinas de mapa de DKV en Gerona real\u00edzalo f\u00e1cilmente y en solo menos de 1 minuto. Por lo menos lo aguardemos y lo necesitemos, nos ahorramos el tiempo en la b\u00fasqueda del mismo siendo m\u00e1s resolutivo. Conocer todas las opciones dispobinles. Asegurando calidad y fiabilidad a tu b\u00fasqueda. <\/p>\n<p><iframe class=\"page-generator-pro-map\" width=\"100%\" height=\"400\" frameborder=\"0\" style=\"border:0\" src=\"https:\/\/www.google.com\/maps\/embed\/v1\/place?q=Bernat%2C+Carrer+Baci%C3%A0%2C+1%2C+17001+Girona%2C+Espa%C3%B1a&#038;zoom=14&#038;maptype=roadmap&#038;key=AIzaSyCNTEOso0tZG6YMSJFoaJEY5Th1stEWrJI\" allowfullscreen><\/iframe><\/p>\n<p>&nbsp;<br \/>\n<div class=\"colorf\"><div class=\"container clearfix\"><div class=\"col-md-7\"><div class=\"empresas\"><\/p>\n<h2><span class=\"ez-toc-section\" id=\"Listado_de_sucursales_DKV_en_Gerona\"><\/span>Listado de sucursales DKV en Gerona<span class=\"ez-toc-section-end\"><\/span><\/h2>\n<ul>\n<li><strong>DKV Seguros Girona Gerona, Espa\u00f1a:<\/strong> Bernat, Carrer Baci\u00e0, 1, 17001 Girona, Espa\u00f1a<\/li>\n<\/ul>\n<\/div><\/div><\/div><\/div>\n<h2><span class=\"ez-toc-section\" id=\"Oficinas_de_seguros_de_decesos_en_Gerona\"><\/span>Oficinas de seguros de decesos en Gerona<span class=\"ez-toc-section-end\"><\/span><\/h2>\n<p>\u00bfQuieres conocer el cat\u00e1logo de seguros de decesos en Gerona? te lo damos de forma gratis y simple evit\u00e1ndote todas dificultades que puedas llegar a tener. Tendr\u00e1s en mano la informaci\u00f3n de cada uno de ellos de los nombrados. \u00bfQu\u00e9 ocurre si doy click? Tendr\u00e1s a tu disposici\u00f3n las contestaciones a todos sus problemas. Jam\u00e1s te lo hab\u00edan puesto tan f\u00e1cil como nosotros. <\/p>\n<!-- Shortcode [dkv] does not exist -->\n<div class=\"colorf\"><div class=\"container clearfix\"><div class=\"col-md-7\"><div class=\"empresas\">\n<h3><span class=\"ez-toc-section\" id=\"Listado_de_oficinas_DKV_en_Espana\"><\/span>Listado de oficinas DKV en Espa\u00f1a<span class=\"ez-toc-section-end\"><\/span><\/h3>\n<div class=\"enlazado\"><ul><li><a href=\"https:\/\/idecesos.com\/seguros\/companias\/dkv\/coberturas\/\"><span>Coberturas Seguro de Decesos DKV<\/span><\/a><\/li><li><a href=\"https:\/\/idecesos.com\/seguros\/companias\/dkv\/alicante\/\"><span>Oficinas seguros de decesos DKV en Alicante<\/span><\/a><\/li><li><a href=\"https:\/\/idecesos.com\/seguros\/companias\/dkv\/badajoz\/\"><span>Oficinas seguros de decesos DKV en Badajoz<\/span><\/a><\/li><li><a href=\"https:\/\/idecesos.com\/seguros\/companias\/dkv\/baleares\/\"><span>Oficinas seguros de decesos DKV en Baleares<\/span><\/a><\/li><li><a href=\"https:\/\/idecesos.com\/seguros\/companias\/dkv\/castellon\/\"><span>Oficinas seguros de decesos DKV en Castell\u00f3n<\/span><\/a><\/li><li><a href=\"https:\/\/idecesos.com\/seguros\/companias\/dkv\/caceres\/\"><span>Oficinas seguros de decesos DKV en C\u00e1ceres<\/span><\/a><\/li><li><a href=\"https:\/\/idecesos.com\/seguros\/companias\/dkv\/cadiz\/\"><span>Oficinas seguros de decesos DKV en C\u00e1diz<\/span><\/a><\/li><li><a href=\"https:\/\/idecesos.com\/seguros\/companias\/dkv\/la-coruna\/\"><span>Oficinas seguros de decesos DKV en La coru\u00f1a<\/span><\/a><\/li><li><a href=\"https:\/\/idecesos.com\/seguros\/companias\/dkv\/las-palmas\/\"><span>Oficinas seguros de decesos DKV en Las palmas<\/span><\/a><\/li><li><a href=\"https:\/\/idecesos.com\/seguros\/companias\/dkv\/leon\/\"><span>Oficinas seguros de decesos DKV en Le\u00f3n<\/span><\/a><\/li><li><a href=\"https:\/\/idecesos.com\/seguros\/companias\/dkv\/madrid\/\"><span>Oficinas seguros de decesos DKV en Madrid<\/span><\/a><\/li><li><a href=\"https:\/\/idecesos.com\/seguros\/companias\/dkv\/melilla\/\"><span>Oficinas seguros de decesos DKV en Melilla<\/span><\/a><\/li><li><a href=\"https:\/\/idecesos.com\/seguros\/companias\/dkv\/tenerife\/\"><span>Oficinas seguros de decesos DKV en Tenerife<\/span><\/a><\/li><li><a href=\"https:\/\/idecesos.com\/seguros\/companias\/dkv\/teruel\/\"><span>Oficinas seguros de decesos DKV en Teruel<\/span><\/a><\/li><li><a href=\"https:\/\/idecesos.com\/seguros\/companias\/dkv\/zamora\/\"><span>Oficinas seguros de decesos DKV en Zamora<\/span><\/a><\/li><li><a href=\"https:\/\/idecesos.com\/seguros\/companias\/dkv\/prima-nivelada\/\"><span>Seguro de decesos DKV Prima Nivelada<\/span><\/a><\/li><\/ul><\/div>\n<\/div><\/div><\/div><\/div>\n","protected":false},"excerpt":{"rendered":"<p>\u00bfSabes que cuentas con distintas sucursales de DKV en Gerona? pues te contamos que dispones de diferentes, donde gestionaran tus inconvenientes o bien dudas que tengas sobre tu p\u00f3liza. Cada sucursal tiene un horario diferente. Siempre que depender\u00e1 de la oficina de seguro, es importante poder contar con un servicio m\u00e1s personal y que se&hellip; <\/p>\n","protected":false},"author":0,"featured_media":0,"parent":310,"menu_order":0,"comment_status":"closed","ping_status":"closed","template":"page-templates\/companies.php","meta":{"footnotes":""},"class_list":["post-8838","page","type-page","status-publish","hentry"],"yoast_head":"<!-- This site is optimized with the Yoast SEO plugin v27.5 - https:\/\/yoast.com\/product\/yoast-seo-wordpress\/ -->\n<title>Oficinas DKV en Gerona | Tel\u00e9fonos, Horarios, Direcci\u00f3n<\/title>\n<meta name=\"description\" content=\"Lista completa de Oficinas DKV en Gerona Horarios, \u2706 tel\u00e9fonos y direcciones actualizados en 2026 \u2714 Verificado por iDecesos.\" \/>\n<meta name=\"robots\" content=\"index, follow, max-snippet:-1, max-image-preview:large, max-video-preview:-1\" \/>\n<link rel=\"canonical\" href=\"https:\/\/idecesos.com\/seguros\/companias\/dkv\/gerona\/\" \/>\n<meta property=\"og:locale\" content=\"es_ES\" \/>\n<meta property=\"og:type\" content=\"article\" \/>\n<meta property=\"og:title\" content=\"Oficinas DKV en Gerona | Tel\u00e9fonos, Horarios, Direcci\u00f3n\" \/>\n<meta property=\"og:description\" content=\"Lista completa de Oficinas DKV en Gerona Horarios, \u2706 tel\u00e9fonos y direcciones actualizados en 2026 \u2714 Verificado por iDecesos.\" \/>\n<meta property=\"og:url\" content=\"https:\/\/idecesos.com\/seguros\/companias\/dkv\/gerona\/\" \/>\n<meta property=\"article:modified_time\" content=\"2021-09-28T11:49:30+00:00\" \/>\n<meta property=\"og:image\" content=\"https:\/\/idecesos.com\/assets\/image\/decesos_dkv.jpg\" \/>\n<meta name=\"twitter:card\" content=\"summary_large_image\" \/>\n<meta name=\"twitter:label1\" content=\"Tiempo de lectura\" \/>\n\t<meta name=\"twitter:data1\" content=\"39 minutos\" \/>\n<script type=\"application\/ld+json\" class=\"yoast-schema-graph\">{\"@context\":\"https:\\\/\\\/schema.org\",\"@graph\":[{\"@type\":\"WebPage\",\"@id\":\"https:\\\/\\\/idecesos.com\\\/seguros\\\/companias\\\/dkv\\\/gerona\\\/\",\"url\":\"https:\\\/\\\/idecesos.com\\\/seguros\\\/companias\\\/dkv\\\/gerona\\\/\",\"name\":\"Oficinas DKV en Gerona | Tel\u00e9fonos, Horarios, Direcci\u00f3n\",\"isPartOf\":{\"@id\":\"https:\\\/\\\/idecesos.com\\\/seguros\\\/#website\"},\"primaryImageOfPage\":{\"@id\":\"https:\\\/\\\/idecesos.com\\\/seguros\\\/companias\\\/dkv\\\/gerona\\\/#primaryimage\"},\"image\":{\"@id\":\"https:\\\/\\\/idecesos.com\\\/seguros\\\/companias\\\/dkv\\\/gerona\\\/#primaryimage\"},\"thumbnailUrl\":\"https:\\\/\\\/idecesos.com\\\/assets\\\/image\\\/decesos_dkv.jpg\",\"datePublished\":\"2021-09-27T21:59:08+00:00\",\"dateModified\":\"2021-09-28T11:49:30+00:00\",\"description\":\"Lista completa de Oficinas DKV en Gerona Horarios, \u2706 tel\u00e9fonos y direcciones actualizados en 2026 \u2714 Verificado por iDecesos.\",\"breadcrumb\":{\"@id\":\"https:\\\/\\\/idecesos.com\\\/seguros\\\/companias\\\/dkv\\\/gerona\\\/#breadcrumb\"},\"inLanguage\":\"es\",\"potentialAction\":[{\"@type\":\"ReadAction\",\"target\":[\"https:\\\/\\\/idecesos.com\\\/seguros\\\/companias\\\/dkv\\\/gerona\\\/\"]}]},{\"@type\":\"ImageObject\",\"inLanguage\":\"es\",\"@id\":\"https:\\\/\\\/idecesos.com\\\/seguros\\\/companias\\\/dkv\\\/gerona\\\/#primaryimage\",\"url\":\"https:\\\/\\\/idecesos.com\\\/assets\\\/image\\\/decesos_dkv.jpg\",\"contentUrl\":\"https:\\\/\\\/idecesos.com\\\/assets\\\/image\\\/decesos_dkv.jpg\"},{\"@type\":\"BreadcrumbList\",\"@id\":\"https:\\\/\\\/idecesos.com\\\/seguros\\\/companias\\\/dkv\\\/gerona\\\/#breadcrumb\",\"itemListElement\":[{\"@type\":\"ListItem\",\"position\":1,\"name\":\"Portada\",\"item\":\"https:\\\/\\\/idecesos.com\\\/seguros\\\/\"},{\"@type\":\"ListItem\",\"position\":2,\"name\":\"Compa\u00f1\u00edas de Seguros de Decesos en Espa\u00f1a\",\"item\":\"https:\\\/\\\/idecesos.com\\\/seguros\\\/companias\\\/\"},{\"@type\":\"ListItem\",\"position\":3,\"name\":\"Seguro de Decesos DKV\",\"item\":\"https:\\\/\\\/idecesos.com\\\/seguros\\\/companias\\\/dkv\\\/\"},{\"@type\":\"ListItem\",\"position\":4,\"name\":\"Oficinas seguros de decesos DKV en Gerona\"}]},{\"@type\":\"WebSite\",\"@id\":\"https:\\\/\\\/idecesos.com\\\/seguros\\\/#website\",\"url\":\"https:\\\/\\\/idecesos.com\\\/seguros\\\/\",\"name\":\"\",\"description\":\"\",\"potentialAction\":[{\"@type\":\"SearchAction\",\"target\":{\"@type\":\"EntryPoint\",\"urlTemplate\":\"https:\\\/\\\/idecesos.com\\\/seguros\\\/?s={search_term_string}\"},\"query-input\":{\"@type\":\"PropertyValueSpecification\",\"valueRequired\":true,\"valueName\":\"search_term_string\"}}],\"inLanguage\":\"es\"}]}<\/script>\n<!-- \/ Yoast SEO plugin. -->","yoast_head_json":{"title":"Oficinas DKV en Gerona | Tel\u00e9fonos, Horarios, Direcci\u00f3n","description":"Lista completa de Oficinas DKV en Gerona Horarios, \u2706 tel\u00e9fonos y direcciones actualizados en 2026 \u2714 Verificado por iDecesos.","robots":{"index":"index","follow":"follow","max-snippet":"max-snippet:-1","max-image-preview":"max-image-preview:large","max-video-preview":"max-video-preview:-1"},"canonical":"https:\/\/idecesos.com\/seguros\/companias\/dkv\/gerona\/","og_locale":"es_ES","og_type":"article","og_title":"Oficinas DKV en Gerona | Tel\u00e9fonos, Horarios, Direcci\u00f3n","og_description":"Lista completa de Oficinas DKV en Gerona Horarios, \u2706 tel\u00e9fonos y direcciones actualizados en 2026 \u2714 Verificado por iDecesos.","og_url":"https:\/\/idecesos.com\/seguros\/companias\/dkv\/gerona\/","article_modified_time":"2021-09-28T11:49:30+00:00","og_image":[{"url":"https:\/\/idecesos.com\/assets\/image\/decesos_dkv.jpg","type":"","width":"","height":""}],"twitter_card":"summary_large_image","twitter_misc":{"Tiempo de lectura":"39 minutos"},"schema":{"@context":"https:\/\/schema.org","@graph":[{"@type":"WebPage","@id":"https:\/\/idecesos.com\/seguros\/companias\/dkv\/gerona\/","url":"https:\/\/idecesos.com\/seguros\/companias\/dkv\/gerona\/","name":"Oficinas DKV en Gerona | Tel\u00e9fonos, Horarios, Direcci\u00f3n","isPartOf":{"@id":"https:\/\/idecesos.com\/seguros\/#website"},"primaryImageOfPage":{"@id":"https:\/\/idecesos.com\/seguros\/companias\/dkv\/gerona\/#primaryimage"},"image":{"@id":"https:\/\/idecesos.com\/seguros\/companias\/dkv\/gerona\/#primaryimage"},"thumbnailUrl":"https:\/\/idecesos.com\/assets\/image\/decesos_dkv.jpg","datePublished":"2021-09-27T21:59:08+00:00","dateModified":"2021-09-28T11:49:30+00:00","description":"Lista completa de Oficinas DKV en Gerona Horarios, \u2706 tel\u00e9fonos y direcciones actualizados en 2026 \u2714 Verificado por iDecesos.","breadcrumb":{"@id":"https:\/\/idecesos.com\/seguros\/companias\/dkv\/gerona\/#breadcrumb"},"inLanguage":"es","potentialAction":[{"@type":"ReadAction","target":["https:\/\/idecesos.com\/seguros\/companias\/dkv\/gerona\/"]}]},{"@type":"ImageObject","inLanguage":"es","@id":"https:\/\/idecesos.com\/seguros\/companias\/dkv\/gerona\/#primaryimage","url":"https:\/\/idecesos.com\/assets\/image\/decesos_dkv.jpg","contentUrl":"https:\/\/idecesos.com\/assets\/image\/decesos_dkv.jpg"},{"@type":"BreadcrumbList","@id":"https:\/\/idecesos.com\/seguros\/companias\/dkv\/gerona\/#breadcrumb","itemListElement":[{"@type":"ListItem","position":1,"name":"Portada","item":"https:\/\/idecesos.com\/seguros\/"},{"@type":"ListItem","position":2,"name":"Compa\u00f1\u00edas de Seguros de Decesos en Espa\u00f1a","item":"https:\/\/idecesos.com\/seguros\/companias\/"},{"@type":"ListItem","position":3,"name":"Seguro de Decesos DKV","item":"https:\/\/idecesos.com\/seguros\/companias\/dkv\/"},{"@type":"ListItem","position":4,"name":"Oficinas seguros de decesos DKV en Gerona"}]},{"@type":"WebSite","@id":"https:\/\/idecesos.com\/seguros\/#website","url":"https:\/\/idecesos.com\/seguros\/","name":"","description":"","potentialAction":[{"@type":"SearchAction","target":{"@type":"EntryPoint","urlTemplate":"https:\/\/idecesos.com\/seguros\/?s={search_term_string}"},"query-input":{"@type":"PropertyValueSpecification","valueRequired":true,"valueName":"search_term_string"}}],"inLanguage":"es"}]}},"_links":{"self":[{"href":"https:\/\/idecesos.com\/seguros\/wp-json\/wp\/v2\/pages\/8838","targetHints":{"allow":["GET"]}}],"collection":[{"href":"https:\/\/idecesos.com\/seguros\/wp-json\/wp\/v2\/pages"}],"about":[{"href":"https:\/\/idecesos.com\/seguros\/wp-json\/wp\/v2\/types\/page"}],"replies":[{"embeddable":true,"href":"https:\/\/idecesos.com\/seguros\/wp-json\/wp\/v2\/comments?post=8838"}],"version-history":[{"count":1,"href":"https:\/\/idecesos.com\/seguros\/wp-json\/wp\/v2\/pages\/8838\/revisions"}],"predecessor-version":[{"id":8900,"href":"https:\/\/idecesos.com\/seguros\/wp-json\/wp\/v2\/pages\/8838\/revisions\/8900"}],"up":[{"embeddable":true,"href":"https:\/\/idecesos.com\/seguros\/wp-json\/wp\/v2\/pages\/310"}],"wp:attachment":[{"href":"https:\/\/idecesos.com\/seguros\/wp-json\/wp\/v2\/media?parent=8838"}],"curies":[{"name":"wp","href":"https:\/\/api.w.org\/{rel}","templated":true}]}}