{"id":8852,"date":"2021-09-28T11:49:37","date_gmt":"2021-09-27T21:59:15","guid":{"rendered":"https:\/\/idecesos.com\/seguros\/companias\/dkv\/murcia\/"},"modified":"2021-09-28T11:49:37","modified_gmt":"2021-09-28T11:49:37","slug":"murcia","status":"publish","type":"page","link":"https:\/\/idecesos.com\/seguros\/companias\/dkv\/murcia\/","title":{"rendered":"Oficinas seguros de decesos DKV en Murcia"},"content":{"rendered":"<div id=\"ez-toc-container\" class=\"ez-toc-v2_0_82_2 ez-toc-wrap-center counter-hierarchy ez-toc-counter ez-toc-custom ez-toc-container-direction\">\n<div class=\"ez-toc-title-container\">\n<p class=\"ez-toc-title\" style=\"cursor:inherit\">Tabla de Contenido<\/p>\n<span class=\"ez-toc-title-toggle\"><a href=\"#\" class=\"ez-toc-pull-right ez-toc-btn ez-toc-btn-xs ez-toc-btn-default ez-toc-toggle\" aria-label=\"Alternar tabla de contenidos\"><span class=\"ez-toc-js-icon-con\"><span class=\"\"><span class=\"eztoc-hide\" style=\"display:none;\">Toggle<\/span><span class=\"ez-toc-icon-toggle-span\"><svg style=\"fill: #db6415;color:#db6415\" xmlns=\"http:\/\/www.w3.org\/2000\/svg\" class=\"list-377408\" width=\"20px\" height=\"20px\" viewBox=\"0 0 24 24\" fill=\"none\"><path d=\"M6 6H4v2h2V6zm14 0H8v2h12V6zM4 11h2v2H4v-2zm16 0H8v2h12v-2zM4 16h2v2H4v-2zm16 0H8v2h12v-2z\" fill=\"currentColor\"><\/path><\/svg><svg style=\"fill: #db6415;color:#db6415\" class=\"arrow-unsorted-368013\" xmlns=\"http:\/\/www.w3.org\/2000\/svg\" width=\"10px\" height=\"10px\" viewBox=\"0 0 24 24\" version=\"1.2\" baseProfile=\"tiny\"><path d=\"M18.2 9.3l-6.2-6.3-6.2 6.3c-.2.2-.3.4-.3.7s.1.5.3.7c.2.2.4.3.7.3h11c.3 0 .5-.1.7-.3.2-.2.3-.5.3-.7s-.1-.5-.3-.7zM5.8 14.7l6.2 6.3 6.2-6.3c.2-.2.3-.5.3-.7s-.1-.5-.3-.7c-.2-.2-.4-.3-.7-.3h-11c-.3 0-.5.1-.7.3-.2.2-.3.5-.3.7s.1.5.3.7z\"\/><\/svg><\/span><\/span><\/span><\/a><\/span><\/div>\n<nav><ul class='ez-toc-list ez-toc-list-level-1 ' ><li class='ez-toc-page-1 ez-toc-heading-level-2'><a class=\"ez-toc-link ez-toc-heading-1\" href=\"https:\/\/idecesos.com\/seguros\/companias\/dkv\/murcia\/#Seguro_de_decesos_DKV_en_Murcia\" >Seguro de decesos DKV en Murcia<\/a><\/li><li class='ez-toc-page-1 ez-toc-heading-level-2'><a class=\"ez-toc-link ez-toc-heading-2\" href=\"https:\/\/idecesos.com\/seguros\/companias\/dkv\/murcia\/#Mapa_de_sucursales_de_seguros_DKV_en_Murcia\" >Mapa de sucursales de seguros DKV en Murcia<\/a><\/li><li class='ez-toc-page-1 ez-toc-heading-level-2'><a class=\"ez-toc-link ez-toc-heading-3\" href=\"https:\/\/idecesos.com\/seguros\/companias\/dkv\/murcia\/#Listado_de_oficinas_DKV_en_Murcia\" >Listado de oficinas DKV en Murcia<\/a><\/li><li class='ez-toc-page-1 ez-toc-heading-level-2'><a class=\"ez-toc-link ez-toc-heading-4\" href=\"https:\/\/idecesos.com\/seguros\/companias\/dkv\/murcia\/#Sucursales_de_seguros_de_decesos_en_Murcia\" >Sucursales de seguros de decesos en Murcia<\/a><ul class='ez-toc-list-level-3' ><li class='ez-toc-heading-level-3'><a class=\"ez-toc-link ez-toc-heading-5\" href=\"https:\/\/idecesos.com\/seguros\/companias\/dkv\/murcia\/#Listado_de_oficinas_DKV_en_Espana\" >Listado de oficinas DKV en Espa\u00f1a<\/a><\/li><\/ul><\/li><\/ul><\/nav><\/div>\n\n<p><a href=\"https:\/\/idecesos.com\/seguros\/companias\/dkv\/\"><img decoding=\"async\" class=\" alignleft\" src=\"https:\/\/idecesos.com\/assets\/image\/decesos_dkv.jpg\" alt=\"Seguro de decesos DKV\" width=\"336\" height=\"103\" \/><\/a><strong>La provincia de Murcia tiene m\u00faltiples oficinas de DKV<\/strong> en la que podr\u00e1n atenderle para cualquier necesidad o bien sugerencia dentro de su horario, en todo instante contases con la ayuda de una persona cualificada en el sector, cada oficina cuenta con trabajadores con a\u00f1os experiencia, para darte la mejor calidad posible. \u00bfEs mejor acudir a una oficina presencialmente? En cuesti\u00f3n es m\u00e1s solvente que a la distancia puesto que resolver\u00e1n su inconveniente en el instante. Tener cerca en todo momento una sucursal de seguros de defunci\u00f3n es esencial. <\/p>\n<p>\u00bfHas pensando alguna vez las que dispones a tu alrededor?Te resultara tan c\u00f3modo o bien eficiente saber en qu\u00e9 sitio se encuentran las distintas oficinas de cada DKV. Siendo uno de los motivos que nos solventaran cualquier inconveniente que pueda surgir.<br \/>\nAhora localiza las diferentes <strong>oficinas de DKV en cada Murcia<\/strong> con las peculiaridades m\u00e1s necesarias, donde te garantizan un proceso seguro para dar con tu oficina referente y de confianza. <\/p>\n<p>Visita nuestra p\u00e1gina de <a href=\"https:\/\/idecesos.com\/seguros\/companias\/dkv\/\">seguros de decesos DKV<\/a> para m\u00e1s informaci\u00f3n.<br \/>\n<div class=\"colorf \"  ><div class=\"container clearfix\"><div class=\"col-md-7\"><\/p>\n<h2><span class=\"ez-toc-section\" id=\"Seguro_de_decesos_DKV_en_Murcia\"><\/span>Seguro de decesos DKV en Murcia<span class=\"ez-toc-section-end\"><\/span><\/h2>\n<p>Somos referente en cuanto a la calidad que recibe cada uno de nuestros clientes, siendo de excelencia un servicio destacable, contando con los diferentes <a href=\"https:\/\/idecesos.com\/seguros\/ciudades\/murcia\/\"><strong>seguro de decesos de Murcia<\/strong><\/a>. Resulta bastante dif\u00edcil lograr un presupuesto y que se comprenda todos los datos que contiene, por ello nosotros te damos la opci\u00f3n que lo tengas de una forma m\u00e1s f\u00e1cil de forma m\u00e1s clara, de <strong>DKV en Murcia<\/strong>, lo tendr\u00e1n en un tiempo record y ahorr\u00e1ndote tiempo. <\/p>\n<p>\u00bfQu\u00e9 hacemos como aseguradoras? Nos encargamos de tu calma y paz, de ah\u00ed que hemos tra\u00eddo que en Murcia te cubran todo lo que necesites en las circunstancias que te encuentres. Deseamos que dispongas de esta alternativa de poder solucionar tus dudas o pedir cita en cuesti\u00f3n de segundos.<br \/>\n\u00bfQuieres saber lo sencillo que <strong>solucionamos tus cuestiones de DKV<\/strong>?Si en alg\u00fan instante te lo has cuestionado, te damos las contestaciones a todo de forma m\u00e1s f\u00e1cil. Es tan f\u00e1cil que con solo rellenar el formulario vas a tener en el momento tu cita o presupuesto con toda la informaci\u00f3n relevante. Queremos que sea m\u00e1s f\u00e1cil, te obsequiamos la soluci\u00f3n al instante. <\/p>\n<p><\/div><\/div><\/div>\n\t\t<hr class=\"separador\">\n\t\t<div class=\"bloque-accion\">\n\t\t<p class=\"txt-accion\">Calcula el precio de tu seguro de decesos en menos de 1 minuto<\/p>\n\t\t<a class=\"btn-accion\" href=\"https:\/\/idecesos.com\/\">CALCULAR<\/a>\n\t\t<\/div>\n\t\t<hr class=\"separador\">\n\t\t<\/p>\n<h2><span class=\"ez-toc-section\" id=\"Mapa_de_sucursales_de_seguros_DKV_en_Murcia\"><\/span>Mapa de sucursales de seguros DKV en Murcia<span class=\"ez-toc-section-end\"><\/span><\/h2>\n<p>Encuentra de manera r\u00e1pida y simple las oficinas de DKV en Murcia teniendo en cuenta la ayuda de mapas por DKV en Murcia gestion\u00e1ndolo de manera pr\u00f3xima. Deseamos que ahorres tu tiempo, por esta raz\u00f3n te damos la soluci\u00f3n m\u00e1s eficiente para esto, donde resultara todo de una forma inmediata. Te ahorramos perder el tiempo, haci\u00e9ndolo m\u00e1s polivalente. Solventara todos y cada uno de los inconvenientes en el momento de la busca merced al localizador. <\/p>\n<p><iframe class=\"page-generator-pro-map\" width=\"100%\" height=\"400\" frameborder=\"0\" style=\"border:0\" src=\"https:\/\/www.google.com\/maps\/embed\/v1\/place?q=Ronda+Norte%2C+14%2C+30009+Murcia%2C+Espa%C3%B1a&#038;zoom=14&#038;maptype=roadmap&#038;key=AIzaSyCNTEOso0tZG6YMSJFoaJEY5Th1stEWrJI\" allowfullscreen><\/iframe><\/p>\n<p>&nbsp;<br \/>\n<div class=\"colorf\"><div class=\"container clearfix\"><div class=\"col-md-7\"><div class=\"empresas\"><\/p>\n<h2><span class=\"ez-toc-section\" id=\"Listado_de_oficinas_DKV_en_Murcia\"><\/span>Listado de oficinas DKV en Murcia<span class=\"ez-toc-section-end\"><\/span><\/h2>\n<ul>\n<li><strong>Oficina DKV Seguros Murcia Murcia, Espa\u00f1a:<\/strong> Ronda Norte, 14, 30009 Murcia, Espa\u00f1a<\/li>\n<\/ul>\n<\/div><\/div><\/div><\/div>\n<h2><span class=\"ez-toc-section\" id=\"Sucursales_de_seguros_de_decesos_en_Murcia\"><\/span>Sucursales de seguros de decesos en Murcia<span class=\"ez-toc-section-end\"><\/span><\/h2>\n<p>\u00bfSin precisar registros? evit\u00e1ndote ese proceso tan incomodo como bastante dif\u00edcil, vas a poder ver todo el gran listado que hemos efectuado a fin de que tengas disponible en cada instante, contando con su actualizaci\u00f3n peri\u00f3dicamente, <strong>cada seguros de decesos en Murcia<\/strong>. Tan f\u00e1cil que vas a tener toda la informaci\u00f3n de cada uno de ellos de ellos, tendr\u00e1s cualquier duda resulta gracias a sus datos que poseen. <\/p>\n<!-- Shortcode [dkv] does not exist -->\n<div class=\"colorf\"><div class=\"container clearfix\"><div class=\"col-md-7\"><div class=\"empresas\">\n<h3><span class=\"ez-toc-section\" id=\"Listado_de_oficinas_DKV_en_Espana\"><\/span>Listado de oficinas DKV en Espa\u00f1a<span class=\"ez-toc-section-end\"><\/span><\/h3>\n<div class=\"enlazado\"><ul><li><a href=\"https:\/\/idecesos.com\/seguros\/companias\/dkv\/albacete\/\"><span>Oficinas seguros de decesos DKV en Albacete<\/span><\/a><\/li><li><a href=\"https:\/\/idecesos.com\/seguros\/companias\/dkv\/badajoz\/\"><span>Oficinas seguros de decesos DKV en Badajoz<\/span><\/a><\/li><li><a href=\"https:\/\/idecesos.com\/seguros\/companias\/dkv\/burgos\/\"><span>Oficinas seguros de decesos DKV en Burgos<\/span><\/a><\/li><li><a href=\"https:\/\/idecesos.com\/seguros\/companias\/dkv\/cantabria\/\"><span>Oficinas seguros de decesos DKV en Cantabria<\/span><\/a><\/li><li><a href=\"https:\/\/idecesos.com\/seguros\/companias\/dkv\/castellon\/\"><span>Oficinas seguros de decesos DKV en Castell\u00f3n<\/span><\/a><\/li><li><a href=\"https:\/\/idecesos.com\/seguros\/companias\/dkv\/caceres\/\"><span>Oficinas seguros de decesos DKV en C\u00e1ceres<\/span><\/a><\/li><li><a href=\"https:\/\/idecesos.com\/seguros\/companias\/dkv\/jaen\/\"><span>Oficinas seguros de decesos DKV en Ja\u00e9n<\/span><\/a><\/li><li><a href=\"https:\/\/idecesos.com\/seguros\/companias\/dkv\/la-rioja\/\"><span>Oficinas seguros de decesos DKV en La Rioja<\/span><\/a><\/li><li><a href=\"https:\/\/idecesos.com\/seguros\/companias\/dkv\/las-palmas\/\"><span>Oficinas seguros de decesos DKV en Las palmas<\/span><\/a><\/li><li><a href=\"https:\/\/idecesos.com\/seguros\/companias\/dkv\/lerida\/\"><span>Oficinas seguros de decesos DKV en L\u00e9rida<\/span><\/a><\/li><li><a href=\"https:\/\/idecesos.com\/seguros\/companias\/dkv\/malaga\/\"><span>Oficinas seguros de decesos DKV en M\u00e1laga<\/span><\/a><\/li><li><a href=\"https:\/\/idecesos.com\/seguros\/companias\/dkv\/tenerife\/\"><span>Oficinas seguros de decesos DKV en Tenerife<\/span><\/a><\/li><li><a href=\"https:\/\/idecesos.com\/seguros\/companias\/dkv\/teruel\/\"><span>Oficinas seguros de decesos DKV en Teruel<\/span><\/a><\/li><li><a href=\"https:\/\/idecesos.com\/seguros\/companias\/dkv\/zamora\/\"><span>Oficinas seguros de decesos DKV en Zamora<\/span><\/a><\/li><li><a href=\"https:\/\/idecesos.com\/seguros\/companias\/dkv\/avila\/\"><span>Oficinas seguros de decesos DKV en \u00c1vila<\/span><\/a><\/li><li><a href=\"https:\/\/idecesos.com\/seguros\/companias\/dkv\/prima-nivelada\/\"><span>Seguro de decesos DKV Prima Nivelada<\/span><\/a><\/li><\/ul><\/div>\n<\/div><\/div><\/div><\/div>\n","protected":false},"excerpt":{"rendered":"<p>La provincia de Murcia tiene m\u00faltiples oficinas de DKV en la que podr\u00e1n atenderle para cualquier necesidad o bien sugerencia dentro de su horario, en todo instante contases con la ayuda de una persona cualificada en el sector, cada oficina cuenta con trabajadores con a\u00f1os experiencia, para darte la mejor calidad posible. \u00bfEs mejor acudir&hellip; <\/p>\n","protected":false},"author":0,"featured_media":0,"parent":310,"menu_order":0,"comment_status":"closed","ping_status":"closed","template":"page-templates\/companies.php","meta":{"footnotes":""},"class_list":["post-8852","page","type-page","status-publish","hentry"],"yoast_head":"<!-- This site is optimized with the Yoast SEO plugin v27.3 - https:\/\/yoast.com\/product\/yoast-seo-wordpress\/ -->\n<title>Oficinas DKV en Murcia | Tel\u00e9fonos, Horarios, Direcci\u00f3n<\/title>\n<meta name=\"description\" content=\"Lista completa de Oficinas DKV en Murcia Horarios, \u2706 tel\u00e9fonos y direcciones actualizados en 2026 \u2714 Verificado por iDecesos.\" \/>\n<meta name=\"robots\" content=\"index, follow, max-snippet:-1, max-image-preview:large, max-video-preview:-1\" \/>\n<link rel=\"canonical\" href=\"https:\/\/idecesos.com\/seguros\/companias\/dkv\/murcia\/\" \/>\n<meta property=\"og:locale\" content=\"es_ES\" \/>\n<meta property=\"og:type\" content=\"article\" \/>\n<meta property=\"og:title\" content=\"Oficinas DKV en Murcia | Tel\u00e9fonos, Horarios, Direcci\u00f3n\" \/>\n<meta property=\"og:description\" content=\"Lista completa de Oficinas DKV en Murcia Horarios, \u2706 tel\u00e9fonos y direcciones actualizados en 2026 \u2714 Verificado por iDecesos.\" \/>\n<meta property=\"og:url\" content=\"https:\/\/idecesos.com\/seguros\/companias\/dkv\/murcia\/\" \/>\n<meta property=\"article:modified_time\" content=\"2021-09-28T11:49:37+00:00\" \/>\n<meta property=\"og:image\" content=\"https:\/\/idecesos.com\/assets\/image\/decesos_dkv.jpg\" \/>\n<meta name=\"twitter:card\" content=\"summary_large_image\" \/>\n<meta name=\"twitter:label1\" content=\"Tiempo de lectura\" \/>\n\t<meta name=\"twitter:data1\" content=\"39 minutos\" \/>\n<script type=\"application\/ld+json\" class=\"yoast-schema-graph\">{\"@context\":\"https:\\\/\\\/schema.org\",\"@graph\":[{\"@type\":\"WebPage\",\"@id\":\"https:\\\/\\\/idecesos.com\\\/seguros\\\/companias\\\/dkv\\\/murcia\\\/\",\"url\":\"https:\\\/\\\/idecesos.com\\\/seguros\\\/companias\\\/dkv\\\/murcia\\\/\",\"name\":\"Oficinas DKV en Murcia | Tel\u00e9fonos, Horarios, Direcci\u00f3n\",\"isPartOf\":{\"@id\":\"https:\\\/\\\/idecesos.com\\\/seguros\\\/#website\"},\"primaryImageOfPage\":{\"@id\":\"https:\\\/\\\/idecesos.com\\\/seguros\\\/companias\\\/dkv\\\/murcia\\\/#primaryimage\"},\"image\":{\"@id\":\"https:\\\/\\\/idecesos.com\\\/seguros\\\/companias\\\/dkv\\\/murcia\\\/#primaryimage\"},\"thumbnailUrl\":\"https:\\\/\\\/idecesos.com\\\/assets\\\/image\\\/decesos_dkv.jpg\",\"datePublished\":\"2021-09-27T21:59:15+00:00\",\"dateModified\":\"2021-09-28T11:49:37+00:00\",\"description\":\"Lista completa de Oficinas DKV en Murcia Horarios, \u2706 tel\u00e9fonos y direcciones actualizados en 2026 \u2714 Verificado por iDecesos.\",\"breadcrumb\":{\"@id\":\"https:\\\/\\\/idecesos.com\\\/seguros\\\/companias\\\/dkv\\\/murcia\\\/#breadcrumb\"},\"inLanguage\":\"es\",\"potentialAction\":[{\"@type\":\"ReadAction\",\"target\":[\"https:\\\/\\\/idecesos.com\\\/seguros\\\/companias\\\/dkv\\\/murcia\\\/\"]}]},{\"@type\":\"ImageObject\",\"inLanguage\":\"es\",\"@id\":\"https:\\\/\\\/idecesos.com\\\/seguros\\\/companias\\\/dkv\\\/murcia\\\/#primaryimage\",\"url\":\"https:\\\/\\\/idecesos.com\\\/assets\\\/image\\\/decesos_dkv.jpg\",\"contentUrl\":\"https:\\\/\\\/idecesos.com\\\/assets\\\/image\\\/decesos_dkv.jpg\"},{\"@type\":\"BreadcrumbList\",\"@id\":\"https:\\\/\\\/idecesos.com\\\/seguros\\\/companias\\\/dkv\\\/murcia\\\/#breadcrumb\",\"itemListElement\":[{\"@type\":\"ListItem\",\"position\":1,\"name\":\"Portada\",\"item\":\"https:\\\/\\\/idecesos.com\\\/seguros\\\/\"},{\"@type\":\"ListItem\",\"position\":2,\"name\":\"Compa\u00f1\u00edas de Seguros de Decesos en Espa\u00f1a\",\"item\":\"https:\\\/\\\/idecesos.com\\\/seguros\\\/companias\\\/\"},{\"@type\":\"ListItem\",\"position\":3,\"name\":\"Seguro de Decesos DKV\",\"item\":\"https:\\\/\\\/idecesos.com\\\/seguros\\\/companias\\\/dkv\\\/\"},{\"@type\":\"ListItem\",\"position\":4,\"name\":\"Oficinas seguros de decesos DKV en Murcia\"}]},{\"@type\":\"WebSite\",\"@id\":\"https:\\\/\\\/idecesos.com\\\/seguros\\\/#website\",\"url\":\"https:\\\/\\\/idecesos.com\\\/seguros\\\/\",\"name\":\"\",\"description\":\"\",\"potentialAction\":[{\"@type\":\"SearchAction\",\"target\":{\"@type\":\"EntryPoint\",\"urlTemplate\":\"https:\\\/\\\/idecesos.com\\\/seguros\\\/?s={search_term_string}\"},\"query-input\":{\"@type\":\"PropertyValueSpecification\",\"valueRequired\":true,\"valueName\":\"search_term_string\"}}],\"inLanguage\":\"es\"}]}<\/script>\n<!-- \/ Yoast SEO plugin. -->","yoast_head_json":{"title":"Oficinas DKV en Murcia | Tel\u00e9fonos, Horarios, Direcci\u00f3n","description":"Lista completa de Oficinas DKV en Murcia Horarios, \u2706 tel\u00e9fonos y direcciones actualizados en 2026 \u2714 Verificado por iDecesos.","robots":{"index":"index","follow":"follow","max-snippet":"max-snippet:-1","max-image-preview":"max-image-preview:large","max-video-preview":"max-video-preview:-1"},"canonical":"https:\/\/idecesos.com\/seguros\/companias\/dkv\/murcia\/","og_locale":"es_ES","og_type":"article","og_title":"Oficinas DKV en Murcia | Tel\u00e9fonos, Horarios, Direcci\u00f3n","og_description":"Lista completa de Oficinas DKV en Murcia Horarios, \u2706 tel\u00e9fonos y direcciones actualizados en 2026 \u2714 Verificado por iDecesos.","og_url":"https:\/\/idecesos.com\/seguros\/companias\/dkv\/murcia\/","article_modified_time":"2021-09-28T11:49:37+00:00","og_image":[{"url":"https:\/\/idecesos.com\/assets\/image\/decesos_dkv.jpg","type":"","width":"","height":""}],"twitter_card":"summary_large_image","twitter_misc":{"Tiempo de lectura":"39 minutos"},"schema":{"@context":"https:\/\/schema.org","@graph":[{"@type":"WebPage","@id":"https:\/\/idecesos.com\/seguros\/companias\/dkv\/murcia\/","url":"https:\/\/idecesos.com\/seguros\/companias\/dkv\/murcia\/","name":"Oficinas DKV en Murcia | Tel\u00e9fonos, Horarios, Direcci\u00f3n","isPartOf":{"@id":"https:\/\/idecesos.com\/seguros\/#website"},"primaryImageOfPage":{"@id":"https:\/\/idecesos.com\/seguros\/companias\/dkv\/murcia\/#primaryimage"},"image":{"@id":"https:\/\/idecesos.com\/seguros\/companias\/dkv\/murcia\/#primaryimage"},"thumbnailUrl":"https:\/\/idecesos.com\/assets\/image\/decesos_dkv.jpg","datePublished":"2021-09-27T21:59:15+00:00","dateModified":"2021-09-28T11:49:37+00:00","description":"Lista completa de Oficinas DKV en Murcia Horarios, \u2706 tel\u00e9fonos y direcciones actualizados en 2026 \u2714 Verificado por iDecesos.","breadcrumb":{"@id":"https:\/\/idecesos.com\/seguros\/companias\/dkv\/murcia\/#breadcrumb"},"inLanguage":"es","potentialAction":[{"@type":"ReadAction","target":["https:\/\/idecesos.com\/seguros\/companias\/dkv\/murcia\/"]}]},{"@type":"ImageObject","inLanguage":"es","@id":"https:\/\/idecesos.com\/seguros\/companias\/dkv\/murcia\/#primaryimage","url":"https:\/\/idecesos.com\/assets\/image\/decesos_dkv.jpg","contentUrl":"https:\/\/idecesos.com\/assets\/image\/decesos_dkv.jpg"},{"@type":"BreadcrumbList","@id":"https:\/\/idecesos.com\/seguros\/companias\/dkv\/murcia\/#breadcrumb","itemListElement":[{"@type":"ListItem","position":1,"name":"Portada","item":"https:\/\/idecesos.com\/seguros\/"},{"@type":"ListItem","position":2,"name":"Compa\u00f1\u00edas de Seguros de Decesos en Espa\u00f1a","item":"https:\/\/idecesos.com\/seguros\/companias\/"},{"@type":"ListItem","position":3,"name":"Seguro de Decesos DKV","item":"https:\/\/idecesos.com\/seguros\/companias\/dkv\/"},{"@type":"ListItem","position":4,"name":"Oficinas seguros de decesos DKV en Murcia"}]},{"@type":"WebSite","@id":"https:\/\/idecesos.com\/seguros\/#website","url":"https:\/\/idecesos.com\/seguros\/","name":"","description":"","potentialAction":[{"@type":"SearchAction","target":{"@type":"EntryPoint","urlTemplate":"https:\/\/idecesos.com\/seguros\/?s={search_term_string}"},"query-input":{"@type":"PropertyValueSpecification","valueRequired":true,"valueName":"search_term_string"}}],"inLanguage":"es"}]}},"_links":{"self":[{"href":"https:\/\/idecesos.com\/seguros\/wp-json\/wp\/v2\/pages\/8852","targetHints":{"allow":["GET"]}}],"collection":[{"href":"https:\/\/idecesos.com\/seguros\/wp-json\/wp\/v2\/pages"}],"about":[{"href":"https:\/\/idecesos.com\/seguros\/wp-json\/wp\/v2\/types\/page"}],"replies":[{"embeddable":true,"href":"https:\/\/idecesos.com\/seguros\/wp-json\/wp\/v2\/comments?post=8852"}],"version-history":[{"count":1,"href":"https:\/\/idecesos.com\/seguros\/wp-json\/wp\/v2\/pages\/8852\/revisions"}],"predecessor-version":[{"id":8914,"href":"https:\/\/idecesos.com\/seguros\/wp-json\/wp\/v2\/pages\/8852\/revisions\/8914"}],"up":[{"embeddable":true,"href":"https:\/\/idecesos.com\/seguros\/wp-json\/wp\/v2\/pages\/310"}],"wp:attachment":[{"href":"https:\/\/idecesos.com\/seguros\/wp-json\/wp\/v2\/media?parent=8852"}],"curies":[{"name":"wp","href":"https:\/\/api.w.org\/{rel}","templated":true}]}}