{"id":8857,"date":"2021-09-28T11:49:39","date_gmt":"2021-09-27T21:59:17","guid":{"rendered":"https:\/\/idecesos.com\/seguros\/companias\/dkv\/segovia\/"},"modified":"2021-09-28T11:49:39","modified_gmt":"2021-09-28T11:49:39","slug":"segovia","status":"publish","type":"page","link":"https:\/\/idecesos.com\/seguros\/companias\/dkv\/segovia\/","title":{"rendered":"Oficinas seguros de decesos DKV en Segovia"},"content":{"rendered":"<div id=\"ez-toc-container\" class=\"ez-toc-v2_0_82_2 ez-toc-wrap-center counter-hierarchy ez-toc-counter ez-toc-custom ez-toc-container-direction\">\n<div class=\"ez-toc-title-container\">\n<p class=\"ez-toc-title\" style=\"cursor:inherit\">Tabla de Contenido<\/p>\n<span class=\"ez-toc-title-toggle\"><a href=\"#\" class=\"ez-toc-pull-right ez-toc-btn ez-toc-btn-xs ez-toc-btn-default ez-toc-toggle\" aria-label=\"Alternar tabla de contenidos\"><span class=\"ez-toc-js-icon-con\"><span class=\"\"><span class=\"eztoc-hide\" style=\"display:none;\">Toggle<\/span><span class=\"ez-toc-icon-toggle-span\"><svg style=\"fill: #db6415;color:#db6415\" xmlns=\"http:\/\/www.w3.org\/2000\/svg\" class=\"list-377408\" width=\"20px\" height=\"20px\" viewBox=\"0 0 24 24\" fill=\"none\"><path d=\"M6 6H4v2h2V6zm14 0H8v2h12V6zM4 11h2v2H4v-2zm16 0H8v2h12v-2zM4 16h2v2H4v-2zm16 0H8v2h12v-2z\" fill=\"currentColor\"><\/path><\/svg><svg style=\"fill: #db6415;color:#db6415\" class=\"arrow-unsorted-368013\" xmlns=\"http:\/\/www.w3.org\/2000\/svg\" width=\"10px\" height=\"10px\" viewBox=\"0 0 24 24\" version=\"1.2\" baseProfile=\"tiny\"><path d=\"M18.2 9.3l-6.2-6.3-6.2 6.3c-.2.2-.3.4-.3.7s.1.5.3.7c.2.2.4.3.7.3h11c.3 0 .5-.1.7-.3.2-.2.3-.5.3-.7s-.1-.5-.3-.7zM5.8 14.7l6.2 6.3 6.2-6.3c.2-.2.3-.5.3-.7s-.1-.5-.3-.7c-.2-.2-.4-.3-.7-.3h-11c-.3 0-.5.1-.7.3-.2.2-.3.5-.3.7s.1.5.3.7z\"\/><\/svg><\/span><\/span><\/span><\/a><\/span><\/div>\n<nav><ul class='ez-toc-list ez-toc-list-level-1 ' ><li class='ez-toc-page-1 ez-toc-heading-level-2'><a class=\"ez-toc-link ez-toc-heading-1\" href=\"https:\/\/idecesos.com\/seguros\/companias\/dkv\/segovia\/#Seguro_de_decesos_DKV_en_Segovia\" >Seguro de decesos DKV en Segovia<\/a><\/li><li class='ez-toc-page-1 ez-toc-heading-level-2'><a class=\"ez-toc-link ez-toc-heading-2\" href=\"https:\/\/idecesos.com\/seguros\/companias\/dkv\/segovia\/#Mapa_de_oficinas_de_seguros_DKV_en_Segovia\" >Mapa de oficinas de seguros DKV en Segovia<\/a><\/li><li class='ez-toc-page-1 ez-toc-heading-level-2'><a class=\"ez-toc-link ez-toc-heading-3\" href=\"https:\/\/idecesos.com\/seguros\/companias\/dkv\/segovia\/#Listado_de_sucursales_DKV_en_Segovia\" >Listado de sucursales DKV en Segovia<\/a><\/li><li class='ez-toc-page-1 ez-toc-heading-level-2'><a class=\"ez-toc-link ez-toc-heading-4\" href=\"https:\/\/idecesos.com\/seguros\/companias\/dkv\/segovia\/#Agencias_de_seguros_de_decesos_en_Segovia\" >Agencias de seguros de decesos en Segovia<\/a><ul class='ez-toc-list-level-3' ><li class='ez-toc-heading-level-3'><a class=\"ez-toc-link ez-toc-heading-5\" href=\"https:\/\/idecesos.com\/seguros\/companias\/dkv\/segovia\/#Listado_de_oficinas_DKV_en_Espana\" >Listado de oficinas DKV en Espa\u00f1a<\/a><\/li><\/ul><\/li><\/ul><\/nav><\/div>\n\n<p><a href=\"https:\/\/idecesos.com\/seguros\/companias\/dkv\/\"><img decoding=\"async\" class=\" alignleft\" src=\"https:\/\/idecesos.com\/assets\/image\/decesos_dkv.jpg\" alt=\"Seguro de decesos DKV\" width=\"336\" height=\"103\" \/><\/a>Cuentas con distintas sucursales de DKV en Segovia recibiendo en todo instante un asesoramiento detallado con una atenci\u00f3n personal. En cual vas a poder acudir en sus horarios marcados. Siempre y en toda circunstancia puede suceder algo inopinado por este motivo es de bien saber d\u00f3nde se pueden encontrar las distintas sucursales de DKV <strong>cerca de nosotros en Segovia. <\/strong>Te solventaran todos y cada uno de los errores de una forma m\u00e1s sencilla. <\/p>\n<p>En tu ratio podr\u00e1 existir solo el 90 por cien de aseguradoras cercanas a ti. Por este motivo te <strong>resultara m\u00e1s f\u00e1cil conocer las diferentes oficinas de cada Segovia<\/strong>, garantiz\u00e1ndote en todo instante que la experiencia sea la adecuada y la que necesites en esos momentos. \u00a0Desde estos momentos podr\u00e1s obtener las diferentes oficinas de DKV en Segovia donde podr\u00e1s escoger a las necesidades que tienes, y te dan la confiabilidad de resolverte el inconveniente hasta el final del proceso. <\/p>\n<p>Visita nuestra p\u00e1gina de <a href=\"https:\/\/idecesos.com\/seguros\/companias\/dkv\/\">seguros de decesos DKV<\/a> para m\u00e1s informaci\u00f3n.<br \/>\n<div class=\"colorf \"  ><div class=\"container clearfix\"><div class=\"col-md-7\"><\/p>\n<h2><span class=\"ez-toc-section\" id=\"Seguro_de_decesos_DKV_en_Segovia\"><\/span>Seguro de decesos DKV en Segovia<span class=\"ez-toc-section-end\"><\/span><\/h2>\n<p>Somos m\u00e1s all\u00ed que una compa\u00f1\u00eda de seguros, somos tu calma, contando con los diferentes <a href=\"https:\/\/idecesos.com\/seguros\/ciudades\/segovia\/\"><strong>seguro decesos Segovia<\/strong><\/a>. Teniendo presente que cubren sus deseos en la coyuntura que se halle. Servicio de delegaciones de DKV en Segovia va direccionado para aquellas personas que necesiten solucionar de forma eficaz cualquier gesti\u00f3n a este respecto y se haga de forma inmediata. Quedara cubierto todas y cada una de las dudas que tenga y quedado solventado sus problemas de forma m\u00e1s sencilla. <\/p>\n<p>Para esto, ahora te facilitamos un formulario a fin de que puedas recibir toda la informaci\u00f3n necesaria y oportuna, como pedir cita presencial para poder acudir a sus oficinas m\u00e1s <strong>cercanas de DKV en Segovia<\/strong>. Cuenta con la seguridad de que solo va a recibir la informaci\u00f3n que hayas requerido. Hemos desarrollado este cuestionario para satisfacer en calidad los datos que vaya a precisar, obteniendo de manera sencilla su cita anterior. Seg\u00fan el art\u00edculo que corresponda, sus datos quedasen protegidos. <\/p>\n<p><\/div><\/div><\/div>\n\t\t<hr class=\"separador\">\n\t\t<div class=\"bloque-accion\">\n\t\t<p class=\"txt-accion\">Calcula el precio de tu seguro de decesos en menos de 1 minuto<\/p>\n\t\t<a class=\"btn-accion\" href=\"https:\/\/idecesos.com\/\">CALCULAR<\/a>\n\t\t<\/div>\n\t\t<hr class=\"separador\">\n\t\t<\/p>\n<h2><span class=\"ez-toc-section\" id=\"Mapa_de_oficinas_de_seguros_DKV_en_Segovia\"><\/span>Mapa de oficinas de seguros DKV en Segovia<span class=\"ez-toc-section-end\"><\/span><\/h2>\n<p>Con nuestro localizador de sucursales de DKV en Segovia as\u00ed como el mapa por DKV en Segovia te resultara m\u00e1s eficiente y considerablemente m\u00e1s veloz. Tramit\u00e1ndolo de forma que lo tengas a tu alcance. Invertir nuestro tiempo a d\u00eda de hoy es un lujo, por este motivo te facilitamos la b\u00fasqueda quedando tiempo para el resto de cosas. Por esta raz\u00f3n asistimos a gestionar el tiempo de forma eficaz. El localizador te resolver\u00e1 la mayor\u00eda de tus inconvenientes a la hora de buscar. <\/p>\n<p><iframe class=\"page-generator-pro-map\" width=\"100%\" height=\"400\" frameborder=\"0\" style=\"border:0\" src=\"https:\/\/www.google.com\/maps\/embed\/v1\/place?q=C.+Gobernador+Fern%C3%A1ndez+Jim%C3%A9nez%2C+1%2C+40001+Segovia%2C+Espa%C3%B1a&#038;zoom=14&#038;maptype=roadmap&#038;key=AIzaSyCNTEOso0tZG6YMSJFoaJEY5Th1stEWrJI\" allowfullscreen><\/iframe><\/p>\n<p>&nbsp;<br \/>\n<div class=\"colorf\"><div class=\"container clearfix\"><div class=\"col-md-7\"><div class=\"empresas\"><\/p>\n<h2><span class=\"ez-toc-section\" id=\"Listado_de_sucursales_DKV_en_Segovia\"><\/span>Listado de sucursales DKV en Segovia<span class=\"ez-toc-section-end\"><\/span><\/h2>\n<ul>\n<li><strong>Oficina DKV Seguros Segovia Segovia, Espa\u00f1a:<\/strong> C. Gobernador Fern\u00e1ndez Jim\u00e9nez, 1, 40001 Segovia, Espa\u00f1a<\/li>\n<\/ul>\n<\/div><\/div><\/div><\/div>\n<h2><span class=\"ez-toc-section\" id=\"Agencias_de_seguros_de_decesos_en_Segovia\"><\/span>Agencias de seguros de decesos en Segovia<span class=\"ez-toc-section-end\"><\/span><\/h2>\n<p>De una forma m\u00e1s simple vas a poder tener a tu alcance el <strong>listado de aseguradora de defunci\u00f3n en Segovia<\/strong> en el encontrases toda la informaci\u00f3n oportuna, para una mejora administraci\u00f3n del mismo. Funcional y eficaz, dando unos resultados incre\u00edble a la informaci\u00f3n que se necesite en el momento que se requiera. Teniendo una mente claro, descubres que lo tienes a tu disposici\u00f3n en cualquier instante que m\u00e1s lo tengas que utilizar. Asegur\u00e1ndote unos resultados de un cien por cien en tu b\u00fasqueda y haci\u00e9ndolo m\u00e1s \u00fatilVas a tener en todo instante el conocimiento de las aseguradoras que se sit\u00faan en tu localizaci\u00f3n. <\/p>\n<!-- Shortcode [dkv] does not exist -->\n<div class=\"colorf\"><div class=\"container clearfix\"><div class=\"col-md-7\"><div class=\"empresas\">\n<h3><span class=\"ez-toc-section\" id=\"Listado_de_oficinas_DKV_en_Espana\"><\/span>Listado de oficinas DKV en Espa\u00f1a<span class=\"ez-toc-section-end\"><\/span><\/h3>\n<div class=\"enlazado\"><ul><li><a href=\"https:\/\/idecesos.com\/seguros\/companias\/dkv\/almeria\/\"><span>Oficinas seguros de decesos DKV en Almer\u00eda<\/span><\/a><\/li><li><a href=\"https:\/\/idecesos.com\/seguros\/companias\/dkv\/asturias\/\"><span>Oficinas seguros de decesos DKV en Asturias<\/span><\/a><\/li><li><a href=\"https:\/\/idecesos.com\/seguros\/companias\/dkv\/barcelona\/\"><span>Oficinas seguros de decesos DKV en Barcelona<\/span><\/a><\/li><li><a href=\"https:\/\/idecesos.com\/seguros\/companias\/dkv\/castellon\/\"><span>Oficinas seguros de decesos DKV en Castell\u00f3n<\/span><\/a><\/li><li><a href=\"https:\/\/idecesos.com\/seguros\/companias\/dkv\/caceres\/\"><span>Oficinas seguros de decesos DKV en C\u00e1ceres<\/span><\/a><\/li><li><a href=\"https:\/\/idecesos.com\/seguros\/companias\/dkv\/cadiz\/\"><span>Oficinas seguros de decesos DKV en C\u00e1diz<\/span><\/a><\/li><li><a href=\"https:\/\/idecesos.com\/seguros\/companias\/dkv\/guadalajara\/\"><span>Oficinas seguros de decesos DKV en Guadalajara<\/span><\/a><\/li><li><a href=\"https:\/\/idecesos.com\/seguros\/companias\/dkv\/la-coruna\/\"><span>Oficinas seguros de decesos DKV en La coru\u00f1a<\/span><\/a><\/li><li><a href=\"https:\/\/idecesos.com\/seguros\/companias\/dkv\/las-palmas\/\"><span>Oficinas seguros de decesos DKV en Las palmas<\/span><\/a><\/li><li><a href=\"https:\/\/idecesos.com\/seguros\/companias\/dkv\/leon\/\"><span>Oficinas seguros de decesos DKV en Le\u00f3n<\/span><\/a><\/li><li><a href=\"https:\/\/idecesos.com\/seguros\/companias\/dkv\/palencia\/\"><span>Oficinas seguros de decesos DKV en Palencia<\/span><\/a><\/li><li><a href=\"https:\/\/idecesos.com\/seguros\/companias\/dkv\/tenerife\/\"><span>Oficinas seguros de decesos DKV en Tenerife<\/span><\/a><\/li><li><a href=\"https:\/\/idecesos.com\/seguros\/companias\/dkv\/toledo\/\"><span>Oficinas seguros de decesos DKV en Toledo<\/span><\/a><\/li><li><a href=\"https:\/\/idecesos.com\/seguros\/companias\/dkv\/opiniones\/\"><span>Opiniones Seguro de decesos DKV<\/span><\/a><\/li><li><a href=\"https:\/\/idecesos.com\/seguros\/companias\/dkv\/prima-mixta\/\"><span>Seguro de decesos DKV Prima Mixta<\/span><\/a><\/li><li><a href=\"https:\/\/idecesos.com\/seguros\/companias\/dkv\/precio\/\"><span>\u00bfCu\u00e1nto cuesta el seguro de decesos DKV?<\/span><\/a><\/li><\/ul><\/div>\n<\/div><\/div><\/div><\/div>\n","protected":false},"excerpt":{"rendered":"<p>Cuentas con distintas sucursales de DKV en Segovia recibiendo en todo instante un asesoramiento detallado con una atenci\u00f3n personal. En cual vas a poder acudir en sus horarios marcados. Siempre y en toda circunstancia puede suceder algo inopinado por este motivo es de bien saber d\u00f3nde se pueden encontrar las distintas sucursales de DKV cerca&hellip; <\/p>\n","protected":false},"author":0,"featured_media":0,"parent":310,"menu_order":0,"comment_status":"closed","ping_status":"closed","template":"page-templates\/companies.php","meta":{"footnotes":""},"class_list":["post-8857","page","type-page","status-publish","hentry"],"yoast_head":"<!-- This site is optimized with the Yoast SEO plugin v27.3 - https:\/\/yoast.com\/product\/yoast-seo-wordpress\/ -->\n<title>Oficinas DKV en Segovia | Tel\u00e9fonos, Horarios, Direcci\u00f3n<\/title>\n<meta name=\"description\" content=\"Lista completa de Oficinas DKV en Segovia Horarios, \u2706 tel\u00e9fonos y direcciones actualizados en 2026 \u2714 Verificado por iDecesos.\" \/>\n<meta name=\"robots\" content=\"index, follow, max-snippet:-1, max-image-preview:large, max-video-preview:-1\" \/>\n<link rel=\"canonical\" href=\"https:\/\/idecesos.com\/seguros\/companias\/dkv\/segovia\/\" \/>\n<meta property=\"og:locale\" content=\"es_ES\" \/>\n<meta property=\"og:type\" content=\"article\" \/>\n<meta property=\"og:title\" content=\"Oficinas DKV en Segovia | Tel\u00e9fonos, Horarios, Direcci\u00f3n\" \/>\n<meta property=\"og:description\" content=\"Lista completa de Oficinas DKV en Segovia Horarios, \u2706 tel\u00e9fonos y direcciones actualizados en 2026 \u2714 Verificado por iDecesos.\" \/>\n<meta property=\"og:url\" content=\"https:\/\/idecesos.com\/seguros\/companias\/dkv\/segovia\/\" \/>\n<meta property=\"article:modified_time\" content=\"2021-09-28T11:49:39+00:00\" \/>\n<meta property=\"og:image\" content=\"https:\/\/idecesos.com\/assets\/image\/decesos_dkv.jpg\" \/>\n<meta name=\"twitter:card\" content=\"summary_large_image\" \/>\n<meta name=\"twitter:label1\" content=\"Tiempo de lectura\" \/>\n\t<meta name=\"twitter:data1\" content=\"39 minutos\" \/>\n<script type=\"application\/ld+json\" class=\"yoast-schema-graph\">{\"@context\":\"https:\\\/\\\/schema.org\",\"@graph\":[{\"@type\":\"WebPage\",\"@id\":\"https:\\\/\\\/idecesos.com\\\/seguros\\\/companias\\\/dkv\\\/segovia\\\/\",\"url\":\"https:\\\/\\\/idecesos.com\\\/seguros\\\/companias\\\/dkv\\\/segovia\\\/\",\"name\":\"Oficinas DKV en Segovia | Tel\u00e9fonos, Horarios, Direcci\u00f3n\",\"isPartOf\":{\"@id\":\"https:\\\/\\\/idecesos.com\\\/seguros\\\/#website\"},\"primaryImageOfPage\":{\"@id\":\"https:\\\/\\\/idecesos.com\\\/seguros\\\/companias\\\/dkv\\\/segovia\\\/#primaryimage\"},\"image\":{\"@id\":\"https:\\\/\\\/idecesos.com\\\/seguros\\\/companias\\\/dkv\\\/segovia\\\/#primaryimage\"},\"thumbnailUrl\":\"https:\\\/\\\/idecesos.com\\\/assets\\\/image\\\/decesos_dkv.jpg\",\"datePublished\":\"2021-09-27T21:59:17+00:00\",\"dateModified\":\"2021-09-28T11:49:39+00:00\",\"description\":\"Lista completa de Oficinas DKV en Segovia Horarios, \u2706 tel\u00e9fonos y direcciones actualizados en 2026 \u2714 Verificado por iDecesos.\",\"breadcrumb\":{\"@id\":\"https:\\\/\\\/idecesos.com\\\/seguros\\\/companias\\\/dkv\\\/segovia\\\/#breadcrumb\"},\"inLanguage\":\"es\",\"potentialAction\":[{\"@type\":\"ReadAction\",\"target\":[\"https:\\\/\\\/idecesos.com\\\/seguros\\\/companias\\\/dkv\\\/segovia\\\/\"]}]},{\"@type\":\"ImageObject\",\"inLanguage\":\"es\",\"@id\":\"https:\\\/\\\/idecesos.com\\\/seguros\\\/companias\\\/dkv\\\/segovia\\\/#primaryimage\",\"url\":\"https:\\\/\\\/idecesos.com\\\/assets\\\/image\\\/decesos_dkv.jpg\",\"contentUrl\":\"https:\\\/\\\/idecesos.com\\\/assets\\\/image\\\/decesos_dkv.jpg\"},{\"@type\":\"BreadcrumbList\",\"@id\":\"https:\\\/\\\/idecesos.com\\\/seguros\\\/companias\\\/dkv\\\/segovia\\\/#breadcrumb\",\"itemListElement\":[{\"@type\":\"ListItem\",\"position\":1,\"name\":\"Portada\",\"item\":\"https:\\\/\\\/idecesos.com\\\/seguros\\\/\"},{\"@type\":\"ListItem\",\"position\":2,\"name\":\"Compa\u00f1\u00edas de Seguros de Decesos en Espa\u00f1a\",\"item\":\"https:\\\/\\\/idecesos.com\\\/seguros\\\/companias\\\/\"},{\"@type\":\"ListItem\",\"position\":3,\"name\":\"Seguro de Decesos DKV\",\"item\":\"https:\\\/\\\/idecesos.com\\\/seguros\\\/companias\\\/dkv\\\/\"},{\"@type\":\"ListItem\",\"position\":4,\"name\":\"Oficinas seguros de decesos DKV en Segovia\"}]},{\"@type\":\"WebSite\",\"@id\":\"https:\\\/\\\/idecesos.com\\\/seguros\\\/#website\",\"url\":\"https:\\\/\\\/idecesos.com\\\/seguros\\\/\",\"name\":\"\",\"description\":\"\",\"potentialAction\":[{\"@type\":\"SearchAction\",\"target\":{\"@type\":\"EntryPoint\",\"urlTemplate\":\"https:\\\/\\\/idecesos.com\\\/seguros\\\/?s={search_term_string}\"},\"query-input\":{\"@type\":\"PropertyValueSpecification\",\"valueRequired\":true,\"valueName\":\"search_term_string\"}}],\"inLanguage\":\"es\"}]}<\/script>\n<!-- \/ Yoast SEO plugin. -->","yoast_head_json":{"title":"Oficinas DKV en Segovia | Tel\u00e9fonos, Horarios, Direcci\u00f3n","description":"Lista completa de Oficinas DKV en Segovia Horarios, \u2706 tel\u00e9fonos y direcciones actualizados en 2026 \u2714 Verificado por iDecesos.","robots":{"index":"index","follow":"follow","max-snippet":"max-snippet:-1","max-image-preview":"max-image-preview:large","max-video-preview":"max-video-preview:-1"},"canonical":"https:\/\/idecesos.com\/seguros\/companias\/dkv\/segovia\/","og_locale":"es_ES","og_type":"article","og_title":"Oficinas DKV en Segovia | Tel\u00e9fonos, Horarios, Direcci\u00f3n","og_description":"Lista completa de Oficinas DKV en Segovia Horarios, \u2706 tel\u00e9fonos y direcciones actualizados en 2026 \u2714 Verificado por iDecesos.","og_url":"https:\/\/idecesos.com\/seguros\/companias\/dkv\/segovia\/","article_modified_time":"2021-09-28T11:49:39+00:00","og_image":[{"url":"https:\/\/idecesos.com\/assets\/image\/decesos_dkv.jpg","type":"","width":"","height":""}],"twitter_card":"summary_large_image","twitter_misc":{"Tiempo de lectura":"39 minutos"},"schema":{"@context":"https:\/\/schema.org","@graph":[{"@type":"WebPage","@id":"https:\/\/idecesos.com\/seguros\/companias\/dkv\/segovia\/","url":"https:\/\/idecesos.com\/seguros\/companias\/dkv\/segovia\/","name":"Oficinas DKV en Segovia | Tel\u00e9fonos, Horarios, Direcci\u00f3n","isPartOf":{"@id":"https:\/\/idecesos.com\/seguros\/#website"},"primaryImageOfPage":{"@id":"https:\/\/idecesos.com\/seguros\/companias\/dkv\/segovia\/#primaryimage"},"image":{"@id":"https:\/\/idecesos.com\/seguros\/companias\/dkv\/segovia\/#primaryimage"},"thumbnailUrl":"https:\/\/idecesos.com\/assets\/image\/decesos_dkv.jpg","datePublished":"2021-09-27T21:59:17+00:00","dateModified":"2021-09-28T11:49:39+00:00","description":"Lista completa de Oficinas DKV en Segovia Horarios, \u2706 tel\u00e9fonos y direcciones actualizados en 2026 \u2714 Verificado por iDecesos.","breadcrumb":{"@id":"https:\/\/idecesos.com\/seguros\/companias\/dkv\/segovia\/#breadcrumb"},"inLanguage":"es","potentialAction":[{"@type":"ReadAction","target":["https:\/\/idecesos.com\/seguros\/companias\/dkv\/segovia\/"]}]},{"@type":"ImageObject","inLanguage":"es","@id":"https:\/\/idecesos.com\/seguros\/companias\/dkv\/segovia\/#primaryimage","url":"https:\/\/idecesos.com\/assets\/image\/decesos_dkv.jpg","contentUrl":"https:\/\/idecesos.com\/assets\/image\/decesos_dkv.jpg"},{"@type":"BreadcrumbList","@id":"https:\/\/idecesos.com\/seguros\/companias\/dkv\/segovia\/#breadcrumb","itemListElement":[{"@type":"ListItem","position":1,"name":"Portada","item":"https:\/\/idecesos.com\/seguros\/"},{"@type":"ListItem","position":2,"name":"Compa\u00f1\u00edas de Seguros de Decesos en Espa\u00f1a","item":"https:\/\/idecesos.com\/seguros\/companias\/"},{"@type":"ListItem","position":3,"name":"Seguro de Decesos DKV","item":"https:\/\/idecesos.com\/seguros\/companias\/dkv\/"},{"@type":"ListItem","position":4,"name":"Oficinas seguros de decesos DKV en Segovia"}]},{"@type":"WebSite","@id":"https:\/\/idecesos.com\/seguros\/#website","url":"https:\/\/idecesos.com\/seguros\/","name":"","description":"","potentialAction":[{"@type":"SearchAction","target":{"@type":"EntryPoint","urlTemplate":"https:\/\/idecesos.com\/seguros\/?s={search_term_string}"},"query-input":{"@type":"PropertyValueSpecification","valueRequired":true,"valueName":"search_term_string"}}],"inLanguage":"es"}]}},"_links":{"self":[{"href":"https:\/\/idecesos.com\/seguros\/wp-json\/wp\/v2\/pages\/8857","targetHints":{"allow":["GET"]}}],"collection":[{"href":"https:\/\/idecesos.com\/seguros\/wp-json\/wp\/v2\/pages"}],"about":[{"href":"https:\/\/idecesos.com\/seguros\/wp-json\/wp\/v2\/types\/page"}],"replies":[{"embeddable":true,"href":"https:\/\/idecesos.com\/seguros\/wp-json\/wp\/v2\/comments?post=8857"}],"version-history":[{"count":1,"href":"https:\/\/idecesos.com\/seguros\/wp-json\/wp\/v2\/pages\/8857\/revisions"}],"predecessor-version":[{"id":8919,"href":"https:\/\/idecesos.com\/seguros\/wp-json\/wp\/v2\/pages\/8857\/revisions\/8919"}],"up":[{"embeddable":true,"href":"https:\/\/idecesos.com\/seguros\/wp-json\/wp\/v2\/pages\/310"}],"wp:attachment":[{"href":"https:\/\/idecesos.com\/seguros\/wp-json\/wp\/v2\/media?parent=8857"}],"curies":[{"name":"wp","href":"https:\/\/api.w.org\/{rel}","templated":true}]}}