{"id":8862,"date":"2021-09-28T11:49:41","date_gmt":"2021-09-27T21:59:20","guid":{"rendered":"https:\/\/idecesos.com\/seguros\/companias\/dkv\/teruel\/"},"modified":"2021-09-28T11:49:41","modified_gmt":"2021-09-28T11:49:41","slug":"teruel","status":"publish","type":"page","link":"https:\/\/idecesos.com\/seguros\/companias\/dkv\/teruel\/","title":{"rendered":"Oficinas seguros de decesos DKV en Teruel"},"content":{"rendered":"<div id=\"ez-toc-container\" class=\"ez-toc-v2_0_82_2 ez-toc-wrap-center counter-hierarchy ez-toc-counter ez-toc-custom ez-toc-container-direction\">\n<div class=\"ez-toc-title-container\">\n<p class=\"ez-toc-title\" style=\"cursor:inherit\">Tabla de Contenido<\/p>\n<span class=\"ez-toc-title-toggle\"><a href=\"#\" class=\"ez-toc-pull-right ez-toc-btn ez-toc-btn-xs ez-toc-btn-default ez-toc-toggle\" aria-label=\"Alternar tabla de contenidos\"><span class=\"ez-toc-js-icon-con\"><span class=\"\"><span class=\"eztoc-hide\" style=\"display:none;\">Toggle<\/span><span class=\"ez-toc-icon-toggle-span\"><svg style=\"fill: #db6415;color:#db6415\" xmlns=\"http:\/\/www.w3.org\/2000\/svg\" class=\"list-377408\" width=\"20px\" height=\"20px\" viewBox=\"0 0 24 24\" fill=\"none\"><path d=\"M6 6H4v2h2V6zm14 0H8v2h12V6zM4 11h2v2H4v-2zm16 0H8v2h12v-2zM4 16h2v2H4v-2zm16 0H8v2h12v-2z\" fill=\"currentColor\"><\/path><\/svg><svg style=\"fill: #db6415;color:#db6415\" class=\"arrow-unsorted-368013\" xmlns=\"http:\/\/www.w3.org\/2000\/svg\" width=\"10px\" height=\"10px\" viewBox=\"0 0 24 24\" version=\"1.2\" baseProfile=\"tiny\"><path d=\"M18.2 9.3l-6.2-6.3-6.2 6.3c-.2.2-.3.4-.3.7s.1.5.3.7c.2.2.4.3.7.3h11c.3 0 .5-.1.7-.3.2-.2.3-.5.3-.7s-.1-.5-.3-.7zM5.8 14.7l6.2 6.3 6.2-6.3c.2-.2.3-.5.3-.7s-.1-.5-.3-.7c-.2-.2-.4-.3-.7-.3h-11c-.3 0-.5.1-.7.3-.2.2-.3.5-.3.7s.1.5.3.7z\"\/><\/svg><\/span><\/span><\/span><\/a><\/span><\/div>\n<nav><ul class='ez-toc-list ez-toc-list-level-1 ' ><li class='ez-toc-page-1 ez-toc-heading-level-2'><a class=\"ez-toc-link ez-toc-heading-1\" href=\"https:\/\/idecesos.com\/seguros\/companias\/dkv\/teruel\/#Seguro_de_decesos_DKV_en_Teruel\" >Seguro de decesos DKV en Teruel<\/a><\/li><li class='ez-toc-page-1 ez-toc-heading-level-2'><a class=\"ez-toc-link ez-toc-heading-2\" href=\"https:\/\/idecesos.com\/seguros\/companias\/dkv\/teruel\/#Mapa_de_sucursales_de_seguros_DKV_en_Teruel\" >Mapa de sucursales de seguros DKV en Teruel<\/a><\/li><li class='ez-toc-page-1 ez-toc-heading-level-2'><a class=\"ez-toc-link ez-toc-heading-3\" href=\"https:\/\/idecesos.com\/seguros\/companias\/dkv\/teruel\/#Listado_de_agencias_DKV_en_Teruel\" >Listado de agencias DKV en Teruel<\/a><\/li><li class='ez-toc-page-1 ez-toc-heading-level-2'><a class=\"ez-toc-link ez-toc-heading-4\" href=\"https:\/\/idecesos.com\/seguros\/companias\/dkv\/teruel\/#Sucursales_de_seguros_de_decesos_en_Teruel\" >Sucursales de seguros de decesos en Teruel<\/a><ul class='ez-toc-list-level-3' ><li class='ez-toc-heading-level-3'><a class=\"ez-toc-link ez-toc-heading-5\" href=\"https:\/\/idecesos.com\/seguros\/companias\/dkv\/teruel\/#Listado_de_sucursales_DKV_en_Espana\" >Listado de sucursales DKV en Espa\u00f1a<\/a><\/li><\/ul><\/li><\/ul><\/nav><\/div>\n\n<p><a href=\"https:\/\/idecesos.com\/seguros\/companias\/dkv\/\"><img decoding=\"async\" class=\" alignleft\" src=\"https:\/\/idecesos.com\/assets\/image\/decesos_dkv.jpg\" alt=\"Seguro de decesos DKV\" width=\"336\" height=\"103\" \/><\/a>\u00bfConoces <strong>las distintas oficinas de DKV<\/strong> en Teruel? cuentas con una gran variedad a tu alcance donde te resolver\u00e1n todas las incidencias ocurridas como dudas que te pueden llegar a surgir sobre tu p\u00f3liza, cada oficina dispone de un horario flexible. Es esencial contar con una sucursal de empresa aseguradora, donde nos den verosimilitud, que cuenten con una atenci\u00f3n muy personal, contando que se halle dentro de una localizaci\u00f3n. <\/p>\n<p>Resulta complicado conocer exactamente en qu\u00e9 sitio se encuentra ciertas oficinas de DKV en Teruel hemos querido facilitarte eso, donde te ayudasen a gestionar todos los erros que han pasado o bien evitando que sucedan, de forma m\u00e1s r\u00e1pida, eludiendo cualquier inconveniente con tu empresa aseguradora. Cuando se requiere de este servicio tan cerca el desarrollo de cada empresa es asesarte en el proceso de la perdida de un familiar, acudiendo a tu oficina m\u00e1s cerca nunca tendr\u00e1s problemas cuando se gestione alg\u00fan tramite sobre la p\u00f3liza. \u00a0<\/p>\n<p>Visita nuestra p\u00e1gina de <a href=\"https:\/\/idecesos.com\/seguros\/companias\/dkv\/\">seguros de decesos DKV<\/a> para m\u00e1s informaci\u00f3n.<br \/>\n<div class=\"colorf \"  ><div class=\"container clearfix\"><div class=\"col-md-7\"><\/p>\n<h2><span class=\"ez-toc-section\" id=\"Seguro_de_decesos_DKV_en_Teruel\"><\/span>Seguro de decesos DKV en Teruel<span class=\"ez-toc-section-end\"><\/span><\/h2>\n<p>Garantizamos el mejor servicio, contando con las diferentes empresas del <a href=\"https:\/\/idecesos.com\/seguros\/ciudades\/teruel\/\"><strong>seguro decesos de Teruel<\/strong><\/a>. Sabemos que es complicado obtener un presupuesto, donde cuesta entender toda la informaci\u00f3n, nosotros te regalamos la oportunidad de poder acceder inmediatamente a pedir tu presupuesto de DKV en Teruel, vas a recibir la informaci\u00f3n pedida en el momento ahorr\u00e1ndote tiempo en todo instante. <\/p>\n<p>Hemos querido facilitarte el proceso de buscar, de ah\u00ed que te damos este formulario donde vas a recibir toda la informaci\u00f3n necesaria que necesite. Asimismo cuenta con la ventaja de solicitar cita previa, para que pueda asistir a su sucursal de <strong>confianza de DKV en Teruel.<\/strong> Libre de recibir publicidad o bien que no sea relacionado con lo que se haya pedido. Gracias al formulario que hemos querido facilitarle obtendr\u00e1 de forma f\u00e1cil su cita presencial, as\u00ed como la informaci\u00f3n filtrada de la que vaya a necesitar. Seg\u00fan el art\u00edculo que corresponda, sus datos quedaran protegidos. <\/p>\n<p><\/div><\/div><\/div>\n\t\t<hr class=\"separador\">\n\t\t<div class=\"bloque-accion\">\n\t\t<p class=\"txt-accion\">Calcula el precio de tu seguro de decesos en menos de 1 minuto<\/p>\n\t\t<a class=\"btn-accion\" href=\"https:\/\/idecesos.com\/\">CALCULAR<\/a>\n\t\t<\/div>\n\t\t<hr class=\"separador\">\n\t\t<\/p>\n<h2><span class=\"ez-toc-section\" id=\"Mapa_de_sucursales_de_seguros_DKV_en_Teruel\"><\/span>Mapa de sucursales de seguros DKV en Teruel<span class=\"ez-toc-section-end\"><\/span><\/h2>\n<p>Como puedes observar cuentas con un localizador de sucursales de DKV en Teruel con toda la informaci\u00f3n precisa , incluyendo de este modo un mapa por cada DKV en Teruel. Sabemos lo esencial que es poder contar en todo instante con buenos resultados, por ello en todos y cada busca quedara cubierto por calidad. En esta ocasi\u00f3n contaras que lo tendr\u00e1s al instante. Solventar tus cuestiones o bien problemas es nuestra dedicaci\u00f3n, mejorando tu servicio al 100 por ciento. <\/p>\n<p><iframe class=\"page-generator-pro-map\" width=\"100%\" height=\"400\" frameborder=\"0\" style=\"border:0\" src=\"https:\/\/www.google.com\/maps\/embed\/v1\/place?q=C.+de+Luis+Bu%C3%B1uel%2C+n%C2%BA4%2C+44002+Teruel%2C+Espa%C3%B1a&#038;zoom=14&#038;maptype=roadmap&#038;key=AIzaSyCNTEOso0tZG6YMSJFoaJEY5Th1stEWrJI\" allowfullscreen><\/iframe><\/p>\n<p>&nbsp;<br \/>\n<div class=\"colorf\"><div class=\"container clearfix\"><div class=\"col-md-7\"><div class=\"empresas\"><\/p>\n<h2><span class=\"ez-toc-section\" id=\"Listado_de_agencias_DKV_en_Teruel\"><\/span>Listado de agencias DKV en Teruel<span class=\"ez-toc-section-end\"><\/span><\/h2>\n<ul>\n<li><strong>Oficina DKV Seguros Teruel Teruel, Espa\u00f1a:<\/strong> C. de Luis Bu\u00f1uel, n\u00ba4, 44002 Teruel, Espa\u00f1a<\/li>\n<\/ul>\n<\/div><\/div><\/div><\/div>\n<h2><span class=\"ez-toc-section\" id=\"Sucursales_de_seguros_de_decesos_en_Teruel\"><\/span>Sucursales de seguros de decesos en Teruel<span class=\"ez-toc-section-end\"><\/span><\/h2>\n<p>Con este cat\u00e1logo podr\u00e1s observar las distintas alternativas de aseguradoras de <strong>decesos que encontrases en Teruel<\/strong> consiguiendo todos los datos necesarios a tu necesidad. Llev\u00e1ndolo acabo de una manera m\u00e1s \u00fatil. Funcional y eficaz, dando unos resultados incre\u00edble a la informaci\u00f3n que se necesite en el momento que se requiera. Teniendo una psique claro, descubres que lo tienes a tu disposici\u00f3n en cualquier momento que m\u00e1s lo tengas que usar. Damos resultados, aseguramos una b\u00fasqueda eficiente. Conocer\u00e1s las diferentes compa\u00f1\u00edas que se sit\u00faen en tu zona. <\/p>\n<!-- Shortcode [dkv] does not exist -->\n<div class=\"colorf\"><div class=\"container clearfix\"><div class=\"col-md-7\"><div class=\"empresas\">\n<h3><span class=\"ez-toc-section\" id=\"Listado_de_sucursales_DKV_en_Espana\"><\/span>Listado de sucursales DKV en Espa\u00f1a<span class=\"ez-toc-section-end\"><\/span><\/h3>\n<div class=\"enlazado\"><ul><li><a href=\"https:\/\/idecesos.com\/seguros\/companias\/dkv\/telefono\/\"><span>Atenci\u00f3n al cliente DKV: telefono gratuito, e-mail<\/span><\/a><\/li><li><a href=\"https:\/\/idecesos.com\/seguros\/companias\/dkv\/almeria\/\"><span>Oficinas seguros de decesos DKV en Almer\u00eda<\/span><\/a><\/li><li><a href=\"https:\/\/idecesos.com\/seguros\/companias\/dkv\/castellon\/\"><span>Oficinas seguros de decesos DKV en Castell\u00f3n<\/span><\/a><\/li><li><a href=\"https:\/\/idecesos.com\/seguros\/companias\/dkv\/cadiz\/\"><span>Oficinas seguros de decesos DKV en C\u00e1diz<\/span><\/a><\/li><li><a href=\"https:\/\/idecesos.com\/seguros\/companias\/dkv\/gerona\/\"><span>Oficinas seguros de decesos DKV en Gerona<\/span><\/a><\/li><li><a href=\"https:\/\/idecesos.com\/seguros\/companias\/dkv\/huelva\/\"><span>Oficinas seguros de decesos DKV en Huelva<\/span><\/a><\/li><li><a href=\"https:\/\/idecesos.com\/seguros\/companias\/dkv\/la-coruna\/\"><span>Oficinas seguros de decesos DKV en La coru\u00f1a<\/span><\/a><\/li><li><a href=\"https:\/\/idecesos.com\/seguros\/companias\/dkv\/murcia\/\"><span>Oficinas seguros de decesos DKV en Murcia<\/span><\/a><\/li><li><a href=\"https:\/\/idecesos.com\/seguros\/companias\/dkv\/navarra\/\"><span>Oficinas seguros de decesos DKV en Navarra<\/span><\/a><\/li><li><a href=\"https:\/\/idecesos.com\/seguros\/companias\/dkv\/segovia\/\"><span>Oficinas seguros de decesos DKV en Segovia<\/span><\/a><\/li><li><a href=\"https:\/\/idecesos.com\/seguros\/companias\/dkv\/soria\/\"><span>Oficinas seguros de decesos DKV en Soria<\/span><\/a><\/li><li><a href=\"https:\/\/idecesos.com\/seguros\/companias\/dkv\/toledo\/\"><span>Oficinas seguros de decesos DKV en Toledo<\/span><\/a><\/li><li><a href=\"https:\/\/idecesos.com\/seguros\/companias\/dkv\/valencia\/\"><span>Oficinas seguros de decesos DKV en Valencia<\/span><\/a><\/li><li><a href=\"https:\/\/idecesos.com\/seguros\/companias\/dkv\/vizcaya\/\"><span>Oficinas seguros de decesos DKV en Vizcaya<\/span><\/a><\/li><li><a href=\"https:\/\/idecesos.com\/seguros\/companias\/dkv\/opiniones\/\"><span>Opiniones Seguro de decesos DKV<\/span><\/a><\/li><li><a href=\"https:\/\/idecesos.com\/seguros\/companias\/dkv\/prima-nivelada\/\"><span>Seguro de decesos DKV Prima Nivelada<\/span><\/a><\/li><\/ul><\/div>\n<\/div><\/div><\/div><\/div>\n","protected":false},"excerpt":{"rendered":"<p>\u00bfConoces las distintas oficinas de DKV en Teruel? cuentas con una gran variedad a tu alcance donde te resolver\u00e1n todas las incidencias ocurridas como dudas que te pueden llegar a surgir sobre tu p\u00f3liza, cada oficina dispone de un horario flexible. Es esencial contar con una sucursal de empresa aseguradora, donde nos den verosimilitud, que&hellip; <\/p>\n","protected":false},"author":0,"featured_media":0,"parent":310,"menu_order":0,"comment_status":"closed","ping_status":"closed","template":"page-templates\/companies.php","meta":{"footnotes":""},"class_list":["post-8862","page","type-page","status-publish","hentry"],"yoast_head":"<!-- This site is optimized with the Yoast SEO plugin v27.3 - https:\/\/yoast.com\/product\/yoast-seo-wordpress\/ -->\n<title>Oficinas DKV en Teruel | Tel\u00e9fonos, Horarios, Direcci\u00f3n<\/title>\n<meta name=\"description\" content=\"Lista completa de Oficinas DKV en Teruel Horarios, \u2706 tel\u00e9fonos y direcciones actualizados en 2026 \u2714 Verificado por iDecesos.\" \/>\n<meta name=\"robots\" content=\"index, follow, max-snippet:-1, max-image-preview:large, max-video-preview:-1\" \/>\n<link rel=\"canonical\" href=\"https:\/\/idecesos.com\/seguros\/companias\/dkv\/teruel\/\" \/>\n<meta property=\"og:locale\" content=\"es_ES\" \/>\n<meta property=\"og:type\" content=\"article\" \/>\n<meta property=\"og:title\" content=\"Oficinas DKV en Teruel | Tel\u00e9fonos, Horarios, Direcci\u00f3n\" \/>\n<meta property=\"og:description\" content=\"Lista completa de Oficinas DKV en Teruel Horarios, \u2706 tel\u00e9fonos y direcciones actualizados en 2026 \u2714 Verificado por iDecesos.\" \/>\n<meta property=\"og:url\" content=\"https:\/\/idecesos.com\/seguros\/companias\/dkv\/teruel\/\" \/>\n<meta property=\"article:modified_time\" content=\"2021-09-28T11:49:41+00:00\" \/>\n<meta property=\"og:image\" content=\"https:\/\/idecesos.com\/assets\/image\/decesos_dkv.jpg\" \/>\n<meta name=\"twitter:card\" content=\"summary_large_image\" \/>\n<meta name=\"twitter:label1\" content=\"Tiempo de lectura\" \/>\n\t<meta name=\"twitter:data1\" content=\"39 minutos\" \/>\n<script type=\"application\/ld+json\" class=\"yoast-schema-graph\">{\"@context\":\"https:\\\/\\\/schema.org\",\"@graph\":[{\"@type\":\"WebPage\",\"@id\":\"https:\\\/\\\/idecesos.com\\\/seguros\\\/companias\\\/dkv\\\/teruel\\\/\",\"url\":\"https:\\\/\\\/idecesos.com\\\/seguros\\\/companias\\\/dkv\\\/teruel\\\/\",\"name\":\"Oficinas DKV en Teruel | Tel\u00e9fonos, Horarios, Direcci\u00f3n\",\"isPartOf\":{\"@id\":\"https:\\\/\\\/idecesos.com\\\/seguros\\\/#website\"},\"primaryImageOfPage\":{\"@id\":\"https:\\\/\\\/idecesos.com\\\/seguros\\\/companias\\\/dkv\\\/teruel\\\/#primaryimage\"},\"image\":{\"@id\":\"https:\\\/\\\/idecesos.com\\\/seguros\\\/companias\\\/dkv\\\/teruel\\\/#primaryimage\"},\"thumbnailUrl\":\"https:\\\/\\\/idecesos.com\\\/assets\\\/image\\\/decesos_dkv.jpg\",\"datePublished\":\"2021-09-27T21:59:20+00:00\",\"dateModified\":\"2021-09-28T11:49:41+00:00\",\"description\":\"Lista completa de Oficinas DKV en Teruel Horarios, \u2706 tel\u00e9fonos y direcciones actualizados en 2026 \u2714 Verificado por iDecesos.\",\"breadcrumb\":{\"@id\":\"https:\\\/\\\/idecesos.com\\\/seguros\\\/companias\\\/dkv\\\/teruel\\\/#breadcrumb\"},\"inLanguage\":\"es\",\"potentialAction\":[{\"@type\":\"ReadAction\",\"target\":[\"https:\\\/\\\/idecesos.com\\\/seguros\\\/companias\\\/dkv\\\/teruel\\\/\"]}]},{\"@type\":\"ImageObject\",\"inLanguage\":\"es\",\"@id\":\"https:\\\/\\\/idecesos.com\\\/seguros\\\/companias\\\/dkv\\\/teruel\\\/#primaryimage\",\"url\":\"https:\\\/\\\/idecesos.com\\\/assets\\\/image\\\/decesos_dkv.jpg\",\"contentUrl\":\"https:\\\/\\\/idecesos.com\\\/assets\\\/image\\\/decesos_dkv.jpg\"},{\"@type\":\"BreadcrumbList\",\"@id\":\"https:\\\/\\\/idecesos.com\\\/seguros\\\/companias\\\/dkv\\\/teruel\\\/#breadcrumb\",\"itemListElement\":[{\"@type\":\"ListItem\",\"position\":1,\"name\":\"Portada\",\"item\":\"https:\\\/\\\/idecesos.com\\\/seguros\\\/\"},{\"@type\":\"ListItem\",\"position\":2,\"name\":\"Compa\u00f1\u00edas de Seguros de Decesos en Espa\u00f1a\",\"item\":\"https:\\\/\\\/idecesos.com\\\/seguros\\\/companias\\\/\"},{\"@type\":\"ListItem\",\"position\":3,\"name\":\"Seguro de Decesos DKV\",\"item\":\"https:\\\/\\\/idecesos.com\\\/seguros\\\/companias\\\/dkv\\\/\"},{\"@type\":\"ListItem\",\"position\":4,\"name\":\"Oficinas seguros de decesos DKV en Teruel\"}]},{\"@type\":\"WebSite\",\"@id\":\"https:\\\/\\\/idecesos.com\\\/seguros\\\/#website\",\"url\":\"https:\\\/\\\/idecesos.com\\\/seguros\\\/\",\"name\":\"\",\"description\":\"\",\"potentialAction\":[{\"@type\":\"SearchAction\",\"target\":{\"@type\":\"EntryPoint\",\"urlTemplate\":\"https:\\\/\\\/idecesos.com\\\/seguros\\\/?s={search_term_string}\"},\"query-input\":{\"@type\":\"PropertyValueSpecification\",\"valueRequired\":true,\"valueName\":\"search_term_string\"}}],\"inLanguage\":\"es\"}]}<\/script>\n<!-- \/ Yoast SEO plugin. -->","yoast_head_json":{"title":"Oficinas DKV en Teruel | Tel\u00e9fonos, Horarios, Direcci\u00f3n","description":"Lista completa de Oficinas DKV en Teruel Horarios, \u2706 tel\u00e9fonos y direcciones actualizados en 2026 \u2714 Verificado por iDecesos.","robots":{"index":"index","follow":"follow","max-snippet":"max-snippet:-1","max-image-preview":"max-image-preview:large","max-video-preview":"max-video-preview:-1"},"canonical":"https:\/\/idecesos.com\/seguros\/companias\/dkv\/teruel\/","og_locale":"es_ES","og_type":"article","og_title":"Oficinas DKV en Teruel | Tel\u00e9fonos, Horarios, Direcci\u00f3n","og_description":"Lista completa de Oficinas DKV en Teruel Horarios, \u2706 tel\u00e9fonos y direcciones actualizados en 2026 \u2714 Verificado por iDecesos.","og_url":"https:\/\/idecesos.com\/seguros\/companias\/dkv\/teruel\/","article_modified_time":"2021-09-28T11:49:41+00:00","og_image":[{"url":"https:\/\/idecesos.com\/assets\/image\/decesos_dkv.jpg","type":"","width":"","height":""}],"twitter_card":"summary_large_image","twitter_misc":{"Tiempo de lectura":"39 minutos"},"schema":{"@context":"https:\/\/schema.org","@graph":[{"@type":"WebPage","@id":"https:\/\/idecesos.com\/seguros\/companias\/dkv\/teruel\/","url":"https:\/\/idecesos.com\/seguros\/companias\/dkv\/teruel\/","name":"Oficinas DKV en Teruel | Tel\u00e9fonos, Horarios, Direcci\u00f3n","isPartOf":{"@id":"https:\/\/idecesos.com\/seguros\/#website"},"primaryImageOfPage":{"@id":"https:\/\/idecesos.com\/seguros\/companias\/dkv\/teruel\/#primaryimage"},"image":{"@id":"https:\/\/idecesos.com\/seguros\/companias\/dkv\/teruel\/#primaryimage"},"thumbnailUrl":"https:\/\/idecesos.com\/assets\/image\/decesos_dkv.jpg","datePublished":"2021-09-27T21:59:20+00:00","dateModified":"2021-09-28T11:49:41+00:00","description":"Lista completa de Oficinas DKV en Teruel Horarios, \u2706 tel\u00e9fonos y direcciones actualizados en 2026 \u2714 Verificado por iDecesos.","breadcrumb":{"@id":"https:\/\/idecesos.com\/seguros\/companias\/dkv\/teruel\/#breadcrumb"},"inLanguage":"es","potentialAction":[{"@type":"ReadAction","target":["https:\/\/idecesos.com\/seguros\/companias\/dkv\/teruel\/"]}]},{"@type":"ImageObject","inLanguage":"es","@id":"https:\/\/idecesos.com\/seguros\/companias\/dkv\/teruel\/#primaryimage","url":"https:\/\/idecesos.com\/assets\/image\/decesos_dkv.jpg","contentUrl":"https:\/\/idecesos.com\/assets\/image\/decesos_dkv.jpg"},{"@type":"BreadcrumbList","@id":"https:\/\/idecesos.com\/seguros\/companias\/dkv\/teruel\/#breadcrumb","itemListElement":[{"@type":"ListItem","position":1,"name":"Portada","item":"https:\/\/idecesos.com\/seguros\/"},{"@type":"ListItem","position":2,"name":"Compa\u00f1\u00edas de Seguros de Decesos en Espa\u00f1a","item":"https:\/\/idecesos.com\/seguros\/companias\/"},{"@type":"ListItem","position":3,"name":"Seguro de Decesos DKV","item":"https:\/\/idecesos.com\/seguros\/companias\/dkv\/"},{"@type":"ListItem","position":4,"name":"Oficinas seguros de decesos DKV en Teruel"}]},{"@type":"WebSite","@id":"https:\/\/idecesos.com\/seguros\/#website","url":"https:\/\/idecesos.com\/seguros\/","name":"","description":"","potentialAction":[{"@type":"SearchAction","target":{"@type":"EntryPoint","urlTemplate":"https:\/\/idecesos.com\/seguros\/?s={search_term_string}"},"query-input":{"@type":"PropertyValueSpecification","valueRequired":true,"valueName":"search_term_string"}}],"inLanguage":"es"}]}},"_links":{"self":[{"href":"https:\/\/idecesos.com\/seguros\/wp-json\/wp\/v2\/pages\/8862","targetHints":{"allow":["GET"]}}],"collection":[{"href":"https:\/\/idecesos.com\/seguros\/wp-json\/wp\/v2\/pages"}],"about":[{"href":"https:\/\/idecesos.com\/seguros\/wp-json\/wp\/v2\/types\/page"}],"replies":[{"embeddable":true,"href":"https:\/\/idecesos.com\/seguros\/wp-json\/wp\/v2\/comments?post=8862"}],"version-history":[{"count":1,"href":"https:\/\/idecesos.com\/seguros\/wp-json\/wp\/v2\/pages\/8862\/revisions"}],"predecessor-version":[{"id":8924,"href":"https:\/\/idecesos.com\/seguros\/wp-json\/wp\/v2\/pages\/8862\/revisions\/8924"}],"up":[{"embeddable":true,"href":"https:\/\/idecesos.com\/seguros\/wp-json\/wp\/v2\/pages\/310"}],"wp:attachment":[{"href":"https:\/\/idecesos.com\/seguros\/wp-json\/wp\/v2\/media?parent=8862"}],"curies":[{"name":"wp","href":"https:\/\/api.w.org\/{rel}","templated":true}]}}