{"id":8863,"date":"2021-09-28T11:49:41","date_gmt":"2021-09-27T21:59:21","guid":{"rendered":"https:\/\/idecesos.com\/seguros\/companias\/dkv\/toledo\/"},"modified":"2021-09-28T11:49:41","modified_gmt":"2021-09-28T11:49:41","slug":"toledo","status":"publish","type":"page","link":"https:\/\/idecesos.com\/seguros\/companias\/dkv\/toledo\/","title":{"rendered":"Oficinas seguros de decesos DKV en Toledo"},"content":{"rendered":"<div id=\"ez-toc-container\" class=\"ez-toc-v2_0_82_2 ez-toc-wrap-center counter-hierarchy ez-toc-counter ez-toc-custom ez-toc-container-direction\">\n<div class=\"ez-toc-title-container\">\n<p class=\"ez-toc-title\" style=\"cursor:inherit\">Tabla de Contenido<\/p>\n<span class=\"ez-toc-title-toggle\"><a href=\"#\" class=\"ez-toc-pull-right ez-toc-btn ez-toc-btn-xs ez-toc-btn-default ez-toc-toggle\" aria-label=\"Alternar tabla de contenidos\"><span class=\"ez-toc-js-icon-con\"><span class=\"\"><span class=\"eztoc-hide\" style=\"display:none;\">Toggle<\/span><span class=\"ez-toc-icon-toggle-span\"><svg style=\"fill: #db6415;color:#db6415\" xmlns=\"http:\/\/www.w3.org\/2000\/svg\" class=\"list-377408\" width=\"20px\" height=\"20px\" viewBox=\"0 0 24 24\" fill=\"none\"><path d=\"M6 6H4v2h2V6zm14 0H8v2h12V6zM4 11h2v2H4v-2zm16 0H8v2h12v-2zM4 16h2v2H4v-2zm16 0H8v2h12v-2z\" fill=\"currentColor\"><\/path><\/svg><svg style=\"fill: #db6415;color:#db6415\" class=\"arrow-unsorted-368013\" xmlns=\"http:\/\/www.w3.org\/2000\/svg\" width=\"10px\" height=\"10px\" viewBox=\"0 0 24 24\" version=\"1.2\" baseProfile=\"tiny\"><path d=\"M18.2 9.3l-6.2-6.3-6.2 6.3c-.2.2-.3.4-.3.7s.1.5.3.7c.2.2.4.3.7.3h11c.3 0 .5-.1.7-.3.2-.2.3-.5.3-.7s-.1-.5-.3-.7zM5.8 14.7l6.2 6.3 6.2-6.3c.2-.2.3-.5.3-.7s-.1-.5-.3-.7c-.2-.2-.4-.3-.7-.3h-11c-.3 0-.5.1-.7.3-.2.2-.3.5-.3.7s.1.5.3.7z\"\/><\/svg><\/span><\/span><\/span><\/a><\/span><\/div>\n<nav><ul class='ez-toc-list ez-toc-list-level-1 ' ><li class='ez-toc-page-1 ez-toc-heading-level-2'><a class=\"ez-toc-link ez-toc-heading-1\" href=\"https:\/\/idecesos.com\/seguros\/companias\/dkv\/toledo\/#Seguro_de_decesos_DKV_en_Toledo\" >Seguro de decesos DKV en Toledo<\/a><\/li><li class='ez-toc-page-1 ez-toc-heading-level-2'><a class=\"ez-toc-link ez-toc-heading-2\" href=\"https:\/\/idecesos.com\/seguros\/companias\/dkv\/toledo\/#Mapa_de_agencias_de_seguros_DKV_en_Toledo\" >Mapa de agencias de seguros DKV en Toledo<\/a><\/li><li class='ez-toc-page-1 ez-toc-heading-level-2'><a class=\"ez-toc-link ez-toc-heading-3\" href=\"https:\/\/idecesos.com\/seguros\/companias\/dkv\/toledo\/#Listado_de_oficinas_DKV_en_Toledo\" >Listado de oficinas DKV en Toledo<\/a><\/li><li class='ez-toc-page-1 ez-toc-heading-level-2'><a class=\"ez-toc-link ez-toc-heading-4\" href=\"https:\/\/idecesos.com\/seguros\/companias\/dkv\/toledo\/#Oficinas_de_seguros_de_decesos_en_Toledo\" >Oficinas de seguros de decesos en Toledo<\/a><ul class='ez-toc-list-level-3' ><li class='ez-toc-heading-level-3'><a class=\"ez-toc-link ez-toc-heading-5\" href=\"https:\/\/idecesos.com\/seguros\/companias\/dkv\/toledo\/#Listado_de_agencias_DKV_en_Espana\" >Listado de agencias DKV en Espa\u00f1a<\/a><\/li><\/ul><\/li><\/ul><\/nav><\/div>\n\n<p><a href=\"https:\/\/idecesos.com\/seguros\/companias\/dkv\/\"><img decoding=\"async\" class=\" alignleft\" src=\"https:\/\/idecesos.com\/assets\/image\/decesos_dkv.jpg\" alt=\"Seguro de decesos DKV\" width=\"336\" height=\"103\" \/><\/a>La provincia de Toledo cuenta con distintas<strong> sucursales de DKV donde le dar\u00e1n la atenci\u00f3n que necesite,<\/strong> siempre y en todo momento de la mano de excelentes profesionales en el campo. Para solventar todos sus problemas relacionados y lo administren de una manera m\u00e1s eficaz. Teniendo presente que cada una tiene un horario pertinente. Solucionar de una manera m\u00e1s r\u00e1pida los problemas es siempre y en todo momento acudiendo presencialmente a oficina, en tanto que a la distancia es m\u00e1s dif\u00edcil solventar el inconveniente. Tener cerca en todo instante una sucursal de seguros de defunci\u00f3n es vital. <\/p>\n<p><strong>Oficinas de DKV en Toledo<\/strong> es bastante dif\u00edcil saber donde se encuentra situado cada uno de ellos de ellos, por eso te traemos en exclusiva los que puedes tener cerca de ti, para cuando m\u00e1s lo precises, gestion\u00e1ndote los inconvenientes que que han podido surgir con tu seguro contratado. Cuando se requiere de este servicio tan cerca el desarrollo de cada empresa es asesarte en el proceso de la perdida de un familiar, acudiendo a tu oficina m\u00e1s cerca nunca vas a tener inconvenientes cuando se gestione alg\u00fan tramite sobre la p\u00f3liza. \u00a0<\/p>\n<p>Visita nuestra p\u00e1gina de <a href=\"https:\/\/idecesos.com\/seguros\/companias\/dkv\/\">seguros de decesos DKV<\/a> para m\u00e1s informaci\u00f3n.<br \/>\n<div class=\"colorf \"  ><div class=\"container clearfix\"><div class=\"col-md-7\"><\/p>\n<h2><span class=\"ez-toc-section\" id=\"Seguro_de_decesos_DKV_en_Toledo\"><\/span>Seguro de decesos DKV en Toledo<span class=\"ez-toc-section-end\"><\/span><\/h2>\n<p>Siendo una de las lideres en el mercado como compa\u00f1\u00eda aseguradora de decesos, contando con los diferentes <a href=\"https:\/\/idecesos.com\/seguros\/ciudades\/toledo\/\"><strong>seguro decesos de Toledo<\/strong><\/a>. Ahora es el momento de poder conseguir tu presupuesto de seguro con una manera inmediata, no dudes m\u00e1s y pon soluci\u00f3n a tus inconvenientes con las herramientas que te facilitamos. \u00bfEs posible conseguirlo en menos de 1 minuto? L\u00f3gicamente adem\u00e1s con todo el contenido para su mejor proceso de entendimiento donde vas a poder valorar de una forma m\u00e1s substancial. <\/p>\n<p><strong>No es solo un formulario<\/strong>, es lo que solventara todos tus inconvenientes en el momento de obtener un presupuesto. En solo un instante. Cuando realizamos un pago, nos gusta saber a d\u00f3nde va nuestro dinero, por ellos te mostramos el desglose donde lo veras de una manera m\u00e1s clara. Con esto aprendes a donde va tus pagos, sin sentirte enga\u00f1ado, y previni\u00e9ndote de cualquier error. Sin necesidad de abonar nada, tan simple. Accede ahora y cuenta con la calma de tener tu presupuesto, evitando dificultades. Aseguramos que tengas la tranquilidad que te mereces, por eso te regalamos toda la informaci\u00f3n que necesites sin ning\u00fan compromiso. <\/p>\n<p><\/div><\/div><\/div>\n\t\t<hr class=\"separador\">\n\t\t<div class=\"bloque-accion\">\n\t\t<p class=\"txt-accion\">Calcula el precio de tu seguro de decesos en menos de 1 minuto<\/p>\n\t\t<a class=\"btn-accion\" href=\"https:\/\/idecesos.com\/\">CALCULAR<\/a>\n\t\t<\/div>\n\t\t<hr class=\"separador\">\n\t\t<\/p>\n<h2><span class=\"ez-toc-section\" id=\"Mapa_de_agencias_de_seguros_DKV_en_Toledo\"><\/span>Mapa de agencias de seguros DKV en Toledo<span class=\"ez-toc-section-end\"><\/span><\/h2>\n<p>\u00bf<strong>Mapa de oficinas de la DKV en Toledo<\/strong>? sirve para encontrarlo de forma veloz, ahorr\u00e1ndote tiempo. Conocerlo ahora es necesario a la largo nos evita perder nuestro tiempo, y realizar entrar en p\u00e1ginas distintas. Conocer todas las opciones dispobinles. Asegurando calidad y confiabilidad a tu busca. <\/p>\n<p><iframe class=\"page-generator-pro-map\" width=\"100%\" height=\"400\" frameborder=\"0\" style=\"border:0\" src=\"https:\/\/www.google.com\/maps\/embed\/v1\/place?q=Av.+Estaci%C3%B3n%2C+50%2C+45500+Torrijos%2C+Toledo%2C+Espa%C3%B1a&#038;zoom=14&#038;maptype=roadmap&#038;key=AIzaSyCNTEOso0tZG6YMSJFoaJEY5Th1stEWrJI\" allowfullscreen><\/iframe><\/p>\n<p>&nbsp;<br \/>\n<div class=\"colorf\"><div class=\"container clearfix\"><div class=\"col-md-7\"><div class=\"empresas\"><\/p>\n<h2><span class=\"ez-toc-section\" id=\"Listado_de_oficinas_DKV_en_Toledo\"><\/span>Listado de oficinas DKV en Toledo<span class=\"ez-toc-section-end\"><\/span><\/h2>\n<ul>\n<li><strong>Oficina DKV Seguros Talavera de la Reina Talavera de la Reina, Espa\u00f1a:<\/strong> C. Joaquina Santander, 13, local, 45600 Talavera de la Reina, Toledo, Espa\u00f1a<\/li>\n<li><strong>Oficina DKV Seguros Toledo Toledo, Espa\u00f1a:<\/strong> C\/ Uruguay 1, local esquina con, Tr.\u00aa Colombia, 45004 Toledo, Espa\u00f1a<\/li>\n<li><strong>Oficina DKV Seguros Torrijos Torrijos, Espa\u00f1a:<\/strong> Av. Estaci\u00f3n, 50, 45500 Torrijos, Toledo, Espa\u00f1a<\/li>\n<\/ul>\n<\/div><\/div><\/div><\/div>\n<h2><span class=\"ez-toc-section\" id=\"Oficinas_de_seguros_de_decesos_en_Toledo\"><\/span>Oficinas de seguros de decesos en Toledo<span class=\"ez-toc-section-end\"><\/span><\/h2>\n<p>De una forma m\u00e1s f\u00e1cil podr\u00e1s tener a tu alcance el <strong>listado de empresa aseguradora de defunci\u00f3n en Toledo<\/strong> en el encontrases toda la informaci\u00f3n oportuna, para una mejora administraci\u00f3n del mismo. Funcional y eficiente, dando unos resultados incre\u00edble a la informaci\u00f3n que se necesite en el momento que se requiera. Evita cuestionarlo demasiado, opta por lo m\u00e1s veloz y eficaz que se adapte a tus necesidades. Resolviendo tu b\u00fasqueda de forma m\u00e1s eficiente y con resultados. Vas a tener en todo instante el conocimiento de las empresas de seguros que se ubican en tu ubicaci\u00f3n. <\/p>\n<!-- Shortcode [dkv] does not exist -->\n<div class=\"colorf\"><div class=\"container clearfix\"><div class=\"col-md-7\"><div class=\"empresas\">\n<h3><span class=\"ez-toc-section\" id=\"Listado_de_agencias_DKV_en_Espana\"><\/span>Listado de agencias DKV en Espa\u00f1a<span class=\"ez-toc-section-end\"><\/span><\/h3>\n<div class=\"enlazado\"><ul><li><a href=\"https:\/\/idecesos.com\/seguros\/companias\/dkv\/telefono\/\"><span>Atenci\u00f3n al cliente DKV: telefono gratuito, e-mail<\/span><\/a><\/li><li><a href=\"https:\/\/idecesos.com\/seguros\/companias\/dkv\/badajoz\/\"><span>Oficinas seguros de decesos DKV en Badajoz<\/span><\/a><\/li><li><a href=\"https:\/\/idecesos.com\/seguros\/companias\/dkv\/cantabria\/\"><span>Oficinas seguros de decesos DKV en Cantabria<\/span><\/a><\/li><li><a href=\"https:\/\/idecesos.com\/seguros\/companias\/dkv\/castellon\/\"><span>Oficinas seguros de decesos DKV en Castell\u00f3n<\/span><\/a><\/li><li><a href=\"https:\/\/idecesos.com\/seguros\/companias\/dkv\/caceres\/\"><span>Oficinas seguros de decesos DKV en C\u00e1ceres<\/span><\/a><\/li><li><a href=\"https:\/\/idecesos.com\/seguros\/companias\/dkv\/cordoba\/\"><span>Oficinas seguros de decesos DKV en C\u00f3rdoba<\/span><\/a><\/li><li><a href=\"https:\/\/idecesos.com\/seguros\/companias\/dkv\/la-rioja\/\"><span>Oficinas seguros de decesos DKV en La Rioja<\/span><\/a><\/li><li><a href=\"https:\/\/idecesos.com\/seguros\/companias\/dkv\/las-palmas\/\"><span>Oficinas seguros de decesos DKV en Las palmas<\/span><\/a><\/li><li><a href=\"https:\/\/idecesos.com\/seguros\/companias\/dkv\/lerida\/\"><span>Oficinas seguros de decesos DKV en L\u00e9rida<\/span><\/a><\/li><li><a href=\"https:\/\/idecesos.com\/seguros\/companias\/dkv\/madrid\/\"><span>Oficinas seguros de decesos DKV en Madrid<\/span><\/a><\/li><li><a href=\"https:\/\/idecesos.com\/seguros\/companias\/dkv\/tenerife\/\"><span>Oficinas seguros de decesos DKV en Tenerife<\/span><\/a><\/li><li><a href=\"https:\/\/idecesos.com\/seguros\/companias\/dkv\/valencia\/\"><span>Oficinas seguros de decesos DKV en Valencia<\/span><\/a><\/li><li><a href=\"https:\/\/idecesos.com\/seguros\/companias\/dkv\/alava\/\"><span>Oficinas seguros de decesos DKV en \u00c1lava<\/span><\/a><\/li><li><a href=\"https:\/\/idecesos.com\/seguros\/companias\/dkv\/avila\/\"><span>Oficinas seguros de decesos DKV en \u00c1vila<\/span><\/a><\/li><li><a href=\"https:\/\/idecesos.com\/seguros\/companias\/dkv\/repatriacion\/\"><span>Seguro de decesos DKV con repatriaci\u00f3n<\/span><\/a><\/li><li><a href=\"https:\/\/idecesos.com\/seguros\/companias\/dkv\/precio\/\"><span>\u00bfCu\u00e1nto cuesta el seguro de decesos DKV?<\/span><\/a><\/li><\/ul><\/div>\n<\/div><\/div><\/div><\/div>\n","protected":false},"excerpt":{"rendered":"<p>La provincia de Toledo cuenta con distintas sucursales de DKV donde le dar\u00e1n la atenci\u00f3n que necesite, siempre y en todo momento de la mano de excelentes profesionales en el campo. Para solventar todos sus problemas relacionados y lo administren de una manera m\u00e1s eficaz. Teniendo presente que cada una tiene un horario pertinente. Solucionar&hellip; <\/p>\n","protected":false},"author":0,"featured_media":0,"parent":310,"menu_order":0,"comment_status":"closed","ping_status":"closed","template":"page-templates\/companies.php","meta":{"footnotes":""},"class_list":["post-8863","page","type-page","status-publish","hentry"],"yoast_head":"<!-- This site is optimized with the Yoast SEO plugin v27.3 - https:\/\/yoast.com\/product\/yoast-seo-wordpress\/ -->\n<title>Oficinas DKV en Toledo | Tel\u00e9fonos, Horarios, Direcci\u00f3n<\/title>\n<meta name=\"description\" content=\"Lista completa de Oficinas DKV en Toledo Horarios, \u2706 tel\u00e9fonos y direcciones actualizados en 2026 \u2714 Verificado por iDecesos.\" \/>\n<meta name=\"robots\" content=\"index, follow, max-snippet:-1, max-image-preview:large, max-video-preview:-1\" \/>\n<link rel=\"canonical\" href=\"https:\/\/idecesos.com\/seguros\/companias\/dkv\/toledo\/\" \/>\n<meta property=\"og:locale\" content=\"es_ES\" \/>\n<meta property=\"og:type\" content=\"article\" \/>\n<meta property=\"og:title\" content=\"Oficinas DKV en Toledo | Tel\u00e9fonos, Horarios, Direcci\u00f3n\" \/>\n<meta property=\"og:description\" content=\"Lista completa de Oficinas DKV en Toledo Horarios, \u2706 tel\u00e9fonos y direcciones actualizados en 2026 \u2714 Verificado por iDecesos.\" \/>\n<meta property=\"og:url\" content=\"https:\/\/idecesos.com\/seguros\/companias\/dkv\/toledo\/\" \/>\n<meta property=\"article:modified_time\" content=\"2021-09-28T11:49:41+00:00\" \/>\n<meta property=\"og:image\" content=\"https:\/\/idecesos.com\/assets\/image\/decesos_dkv.jpg\" \/>\n<meta name=\"twitter:card\" content=\"summary_large_image\" \/>\n<meta name=\"twitter:label1\" content=\"Tiempo de lectura\" \/>\n\t<meta name=\"twitter:data1\" content=\"39 minutos\" \/>\n<script type=\"application\/ld+json\" class=\"yoast-schema-graph\">{\"@context\":\"https:\\\/\\\/schema.org\",\"@graph\":[{\"@type\":\"WebPage\",\"@id\":\"https:\\\/\\\/idecesos.com\\\/seguros\\\/companias\\\/dkv\\\/toledo\\\/\",\"url\":\"https:\\\/\\\/idecesos.com\\\/seguros\\\/companias\\\/dkv\\\/toledo\\\/\",\"name\":\"Oficinas DKV en Toledo | Tel\u00e9fonos, Horarios, Direcci\u00f3n\",\"isPartOf\":{\"@id\":\"https:\\\/\\\/idecesos.com\\\/seguros\\\/#website\"},\"primaryImageOfPage\":{\"@id\":\"https:\\\/\\\/idecesos.com\\\/seguros\\\/companias\\\/dkv\\\/toledo\\\/#primaryimage\"},\"image\":{\"@id\":\"https:\\\/\\\/idecesos.com\\\/seguros\\\/companias\\\/dkv\\\/toledo\\\/#primaryimage\"},\"thumbnailUrl\":\"https:\\\/\\\/idecesos.com\\\/assets\\\/image\\\/decesos_dkv.jpg\",\"datePublished\":\"2021-09-27T21:59:21+00:00\",\"dateModified\":\"2021-09-28T11:49:41+00:00\",\"description\":\"Lista completa de Oficinas DKV en Toledo Horarios, \u2706 tel\u00e9fonos y direcciones actualizados en 2026 \u2714 Verificado por iDecesos.\",\"breadcrumb\":{\"@id\":\"https:\\\/\\\/idecesos.com\\\/seguros\\\/companias\\\/dkv\\\/toledo\\\/#breadcrumb\"},\"inLanguage\":\"es\",\"potentialAction\":[{\"@type\":\"ReadAction\",\"target\":[\"https:\\\/\\\/idecesos.com\\\/seguros\\\/companias\\\/dkv\\\/toledo\\\/\"]}]},{\"@type\":\"ImageObject\",\"inLanguage\":\"es\",\"@id\":\"https:\\\/\\\/idecesos.com\\\/seguros\\\/companias\\\/dkv\\\/toledo\\\/#primaryimage\",\"url\":\"https:\\\/\\\/idecesos.com\\\/assets\\\/image\\\/decesos_dkv.jpg\",\"contentUrl\":\"https:\\\/\\\/idecesos.com\\\/assets\\\/image\\\/decesos_dkv.jpg\"},{\"@type\":\"BreadcrumbList\",\"@id\":\"https:\\\/\\\/idecesos.com\\\/seguros\\\/companias\\\/dkv\\\/toledo\\\/#breadcrumb\",\"itemListElement\":[{\"@type\":\"ListItem\",\"position\":1,\"name\":\"Portada\",\"item\":\"https:\\\/\\\/idecesos.com\\\/seguros\\\/\"},{\"@type\":\"ListItem\",\"position\":2,\"name\":\"Compa\u00f1\u00edas de Seguros de Decesos en Espa\u00f1a\",\"item\":\"https:\\\/\\\/idecesos.com\\\/seguros\\\/companias\\\/\"},{\"@type\":\"ListItem\",\"position\":3,\"name\":\"Seguro de Decesos DKV\",\"item\":\"https:\\\/\\\/idecesos.com\\\/seguros\\\/companias\\\/dkv\\\/\"},{\"@type\":\"ListItem\",\"position\":4,\"name\":\"Oficinas seguros de decesos DKV en Toledo\"}]},{\"@type\":\"WebSite\",\"@id\":\"https:\\\/\\\/idecesos.com\\\/seguros\\\/#website\",\"url\":\"https:\\\/\\\/idecesos.com\\\/seguros\\\/\",\"name\":\"\",\"description\":\"\",\"potentialAction\":[{\"@type\":\"SearchAction\",\"target\":{\"@type\":\"EntryPoint\",\"urlTemplate\":\"https:\\\/\\\/idecesos.com\\\/seguros\\\/?s={search_term_string}\"},\"query-input\":{\"@type\":\"PropertyValueSpecification\",\"valueRequired\":true,\"valueName\":\"search_term_string\"}}],\"inLanguage\":\"es\"}]}<\/script>\n<!-- \/ Yoast SEO plugin. -->","yoast_head_json":{"title":"Oficinas DKV en Toledo | Tel\u00e9fonos, Horarios, Direcci\u00f3n","description":"Lista completa de Oficinas DKV en Toledo Horarios, \u2706 tel\u00e9fonos y direcciones actualizados en 2026 \u2714 Verificado por iDecesos.","robots":{"index":"index","follow":"follow","max-snippet":"max-snippet:-1","max-image-preview":"max-image-preview:large","max-video-preview":"max-video-preview:-1"},"canonical":"https:\/\/idecesos.com\/seguros\/companias\/dkv\/toledo\/","og_locale":"es_ES","og_type":"article","og_title":"Oficinas DKV en Toledo | Tel\u00e9fonos, Horarios, Direcci\u00f3n","og_description":"Lista completa de Oficinas DKV en Toledo Horarios, \u2706 tel\u00e9fonos y direcciones actualizados en 2026 \u2714 Verificado por iDecesos.","og_url":"https:\/\/idecesos.com\/seguros\/companias\/dkv\/toledo\/","article_modified_time":"2021-09-28T11:49:41+00:00","og_image":[{"url":"https:\/\/idecesos.com\/assets\/image\/decesos_dkv.jpg","type":"","width":"","height":""}],"twitter_card":"summary_large_image","twitter_misc":{"Tiempo de lectura":"39 minutos"},"schema":{"@context":"https:\/\/schema.org","@graph":[{"@type":"WebPage","@id":"https:\/\/idecesos.com\/seguros\/companias\/dkv\/toledo\/","url":"https:\/\/idecesos.com\/seguros\/companias\/dkv\/toledo\/","name":"Oficinas DKV en Toledo | Tel\u00e9fonos, Horarios, Direcci\u00f3n","isPartOf":{"@id":"https:\/\/idecesos.com\/seguros\/#website"},"primaryImageOfPage":{"@id":"https:\/\/idecesos.com\/seguros\/companias\/dkv\/toledo\/#primaryimage"},"image":{"@id":"https:\/\/idecesos.com\/seguros\/companias\/dkv\/toledo\/#primaryimage"},"thumbnailUrl":"https:\/\/idecesos.com\/assets\/image\/decesos_dkv.jpg","datePublished":"2021-09-27T21:59:21+00:00","dateModified":"2021-09-28T11:49:41+00:00","description":"Lista completa de Oficinas DKV en Toledo Horarios, \u2706 tel\u00e9fonos y direcciones actualizados en 2026 \u2714 Verificado por iDecesos.","breadcrumb":{"@id":"https:\/\/idecesos.com\/seguros\/companias\/dkv\/toledo\/#breadcrumb"},"inLanguage":"es","potentialAction":[{"@type":"ReadAction","target":["https:\/\/idecesos.com\/seguros\/companias\/dkv\/toledo\/"]}]},{"@type":"ImageObject","inLanguage":"es","@id":"https:\/\/idecesos.com\/seguros\/companias\/dkv\/toledo\/#primaryimage","url":"https:\/\/idecesos.com\/assets\/image\/decesos_dkv.jpg","contentUrl":"https:\/\/idecesos.com\/assets\/image\/decesos_dkv.jpg"},{"@type":"BreadcrumbList","@id":"https:\/\/idecesos.com\/seguros\/companias\/dkv\/toledo\/#breadcrumb","itemListElement":[{"@type":"ListItem","position":1,"name":"Portada","item":"https:\/\/idecesos.com\/seguros\/"},{"@type":"ListItem","position":2,"name":"Compa\u00f1\u00edas de Seguros de Decesos en Espa\u00f1a","item":"https:\/\/idecesos.com\/seguros\/companias\/"},{"@type":"ListItem","position":3,"name":"Seguro de Decesos DKV","item":"https:\/\/idecesos.com\/seguros\/companias\/dkv\/"},{"@type":"ListItem","position":4,"name":"Oficinas seguros de decesos DKV en Toledo"}]},{"@type":"WebSite","@id":"https:\/\/idecesos.com\/seguros\/#website","url":"https:\/\/idecesos.com\/seguros\/","name":"","description":"","potentialAction":[{"@type":"SearchAction","target":{"@type":"EntryPoint","urlTemplate":"https:\/\/idecesos.com\/seguros\/?s={search_term_string}"},"query-input":{"@type":"PropertyValueSpecification","valueRequired":true,"valueName":"search_term_string"}}],"inLanguage":"es"}]}},"_links":{"self":[{"href":"https:\/\/idecesos.com\/seguros\/wp-json\/wp\/v2\/pages\/8863","targetHints":{"allow":["GET"]}}],"collection":[{"href":"https:\/\/idecesos.com\/seguros\/wp-json\/wp\/v2\/pages"}],"about":[{"href":"https:\/\/idecesos.com\/seguros\/wp-json\/wp\/v2\/types\/page"}],"replies":[{"embeddable":true,"href":"https:\/\/idecesos.com\/seguros\/wp-json\/wp\/v2\/comments?post=8863"}],"version-history":[{"count":1,"href":"https:\/\/idecesos.com\/seguros\/wp-json\/wp\/v2\/pages\/8863\/revisions"}],"predecessor-version":[{"id":8925,"href":"https:\/\/idecesos.com\/seguros\/wp-json\/wp\/v2\/pages\/8863\/revisions\/8925"}],"up":[{"embeddable":true,"href":"https:\/\/idecesos.com\/seguros\/wp-json\/wp\/v2\/pages\/310"}],"wp:attachment":[{"href":"https:\/\/idecesos.com\/seguros\/wp-json\/wp\/v2\/media?parent=8863"}],"curies":[{"name":"wp","href":"https:\/\/api.w.org\/{rel}","templated":true}]}}