{"id":8868,"date":"2021-09-28T11:49:44","date_gmt":"2021-09-27T21:59:23","guid":{"rendered":"https:\/\/idecesos.com\/seguros\/companias\/dkv\/zaragoza\/"},"modified":"2021-09-28T11:49:44","modified_gmt":"2021-09-28T11:49:44","slug":"zaragoza","status":"publish","type":"page","link":"https:\/\/idecesos.com\/seguros\/companias\/dkv\/zaragoza\/","title":{"rendered":"Oficinas seguros de decesos DKV en Zaragoza"},"content":{"rendered":"<div id=\"ez-toc-container\" class=\"ez-toc-v2_0_82_2 ez-toc-wrap-center counter-hierarchy ez-toc-counter ez-toc-custom ez-toc-container-direction\">\n<div class=\"ez-toc-title-container\">\n<p class=\"ez-toc-title\" style=\"cursor:inherit\">Tabla de Contenido<\/p>\n<span class=\"ez-toc-title-toggle\"><a href=\"#\" class=\"ez-toc-pull-right ez-toc-btn ez-toc-btn-xs ez-toc-btn-default ez-toc-toggle\" aria-label=\"Alternar tabla de contenidos\"><span class=\"ez-toc-js-icon-con\"><span class=\"\"><span class=\"eztoc-hide\" style=\"display:none;\">Toggle<\/span><span class=\"ez-toc-icon-toggle-span\"><svg style=\"fill: #db6415;color:#db6415\" xmlns=\"http:\/\/www.w3.org\/2000\/svg\" class=\"list-377408\" width=\"20px\" height=\"20px\" viewBox=\"0 0 24 24\" fill=\"none\"><path d=\"M6 6H4v2h2V6zm14 0H8v2h12V6zM4 11h2v2H4v-2zm16 0H8v2h12v-2zM4 16h2v2H4v-2zm16 0H8v2h12v-2z\" fill=\"currentColor\"><\/path><\/svg><svg style=\"fill: #db6415;color:#db6415\" class=\"arrow-unsorted-368013\" xmlns=\"http:\/\/www.w3.org\/2000\/svg\" width=\"10px\" height=\"10px\" viewBox=\"0 0 24 24\" version=\"1.2\" baseProfile=\"tiny\"><path d=\"M18.2 9.3l-6.2-6.3-6.2 6.3c-.2.2-.3.4-.3.7s.1.5.3.7c.2.2.4.3.7.3h11c.3 0 .5-.1.7-.3.2-.2.3-.5.3-.7s-.1-.5-.3-.7zM5.8 14.7l6.2 6.3 6.2-6.3c.2-.2.3-.5.3-.7s-.1-.5-.3-.7c-.2-.2-.4-.3-.7-.3h-11c-.3 0-.5.1-.7.3-.2.2-.3.5-.3.7s.1.5.3.7z\"\/><\/svg><\/span><\/span><\/span><\/a><\/span><\/div>\n<nav><ul class='ez-toc-list ez-toc-list-level-1 ' ><li class='ez-toc-page-1 ez-toc-heading-level-2'><a class=\"ez-toc-link ez-toc-heading-1\" href=\"https:\/\/idecesos.com\/seguros\/companias\/dkv\/zaragoza\/#Seguro_de_decesos_DKV_en_Zaragoza\" >Seguro de decesos DKV en Zaragoza<\/a><\/li><li class='ez-toc-page-1 ez-toc-heading-level-2'><a class=\"ez-toc-link ez-toc-heading-2\" href=\"https:\/\/idecesos.com\/seguros\/companias\/dkv\/zaragoza\/#Mapa_de_oficinas_de_seguros_DKV_en_Zaragoza\" >Mapa de oficinas de seguros DKV en Zaragoza<\/a><\/li><li class='ez-toc-page-1 ez-toc-heading-level-2'><a class=\"ez-toc-link ez-toc-heading-3\" href=\"https:\/\/idecesos.com\/seguros\/companias\/dkv\/zaragoza\/#Listado_de_agencias_DKV_en_Zaragoza\" >Listado de agencias DKV en Zaragoza<\/a><\/li><li class='ez-toc-page-1 ez-toc-heading-level-2'><a class=\"ez-toc-link ez-toc-heading-4\" href=\"https:\/\/idecesos.com\/seguros\/companias\/dkv\/zaragoza\/#Sucursales_de_seguros_de_decesos_en_Zaragoza\" >Sucursales de seguros de decesos en Zaragoza<\/a><ul class='ez-toc-list-level-3' ><li class='ez-toc-heading-level-3'><a class=\"ez-toc-link ez-toc-heading-5\" href=\"https:\/\/idecesos.com\/seguros\/companias\/dkv\/zaragoza\/#Listado_de_sucursales_DKV_en_Espana\" >Listado de sucursales DKV en Espa\u00f1a<\/a><\/li><\/ul><\/li><\/ul><\/nav><\/div>\n\n<p><a href=\"https:\/\/idecesos.com\/seguros\/companias\/dkv\/\"><img decoding=\"async\" class=\" alignleft\" src=\"https:\/\/idecesos.com\/assets\/image\/decesos_dkv.jpg\" alt=\"Seguro de decesos DKV\" width=\"336\" height=\"103\" \/><\/a>Las sucursales de DKV est\u00e1n ubicadas en distintos lugares, ponemos a tu <strong>predisposici\u00f3n de DKV en Zaragoza<\/strong> donde las posibilidades son de las m\u00e1s convenientes y pertinentes para la gesti\u00f3n. La importancia de contar con personas con experiencia concida en campo, ayuda hacer el proceso m\u00e1s r\u00e1pido. Contar\u00e1s en todo momento de nuestro total servicio, sin inconvenientes a la hora de requerir de nosotros. Cada sucursal de DKV en Zaragoza vas a poder saber si est\u00e1 dentro de tus ubicaci\u00f3n, para asesorarte en todo instante. <\/p>\n<p><strong>Oficinas de DKV en Zaragoza<\/strong> es dif\u00edcil saber donde se encuentra ubicado cada uno de ellos, por eso te traemos en exclusiva los que puedes tener cerca de ti, para cuando m\u00e1s lo necesites, gestion\u00e1ndote los problemas que que han podido surgir con tu seguro contratado. Requiriendo este servicio de manera m\u00e1s eficiente y oportuna, siendo pertinente en cualquier circunstancia, sobre el transcurso de la compa\u00f1\u00eda, van a poder administrar la parte complicada sobre tu p\u00f3liza. <\/p>\n<p>Visita nuestra p\u00e1gina de <a href=\"https:\/\/idecesos.com\/seguros\/companias\/dkv\/\">seguros de decesos DKV<\/a> para m\u00e1s informaci\u00f3n.<br \/>\n<div class=\"colorf \"  ><div class=\"container clearfix\"><div class=\"col-md-7\"><\/p>\n<h2><span class=\"ez-toc-section\" id=\"Seguro_de_decesos_DKV_en_Zaragoza\"><\/span>Seguro de decesos DKV en Zaragoza<span class=\"ez-toc-section-end\"><\/span><\/h2>\n<p>\u00bfDeseas obtener en menos de 1 minuto tu presupuesto? te damos el beneficio que lo puedes tener al instante, contando con los diferentes <a href=\"https:\/\/idecesos.com\/seguros\/ciudades\/zaragoza\/\"><strong>seguro decesos de Zaragoza<\/strong><\/a>. Queremos que cuentes con la opci\u00f3n de poder conseguir tu presupuesto de seguro cuando lo desees y de forma f\u00e1cil como \u00fatil. No requiere de muchos pasos, en menos de 1 minuto vas a tener toda la informaci\u00f3n precisa y separada para que lo gestiones y lo eval\u00faes de una forma eficaz. <\/p>\n<p>Hemos querido facilitarte el proceso de buscar, por eso te damos este formulario donde recibir\u00e1s toda la informaci\u00f3n necesaria que necesite. Tambi\u00e9n cuenta con el beneficio de solicitar cita previa, para que pueda acudir a su sucursal de <strong>confianza de DKV en Zaragoza.<\/strong> Asegur\u00e1ndote la buena gesti\u00f3n de la informaci\u00f3n que precises, evitando que recibas publicidad. El formulario esta dise\u00f1ado a fin de que tenga la informaci\u00f3n necesaria y sin ning\u00fan inconveniente en el momento de adquirir su cita anterior. Donde sus datos quedar\u00e1n protegido en todo instante. <\/p>\n<p><\/div><\/div><\/div>\n\t\t<hr class=\"separador\">\n\t\t<div class=\"bloque-accion\">\n\t\t<p class=\"txt-accion\">Calcula el precio de tu seguro de decesos en menos de 1 minuto<\/p>\n\t\t<a class=\"btn-accion\" href=\"https:\/\/idecesos.com\/\">CALCULAR<\/a>\n\t\t<\/div>\n\t\t<hr class=\"separador\">\n\t\t<\/p>\n<h2><span class=\"ez-toc-section\" id=\"Mapa_de_oficinas_de_seguros_DKV_en_Zaragoza\"><\/span>Mapa de oficinas de seguros DKV en Zaragoza<span class=\"ez-toc-section-end\"><\/span><\/h2>\n<p>Halla de manera veloz y f\u00e1cil las oficinas de DKV en Zaragoza teniendo presente la ayuda de mapas por DKV en Zaragoza gestion\u00e1ndolo de forma pr\u00f3xima. Con el fin de que en el proceso dure lo menos posible, ahorr\u00e1ndote tiempo y asegur\u00e1ndote que tu tiempo quede invertido. Te ahorramos perder el tiempo, haci\u00e9ndolo m\u00e1s vers\u00e1til. Gracias al localizar te ahorra problemas en el momento de la busca. <\/p>\n<p><iframe class=\"page-generator-pro-map\" width=\"100%\" height=\"400\" frameborder=\"0\" style=\"border:0\" src=\"https:\/\/www.google.com\/maps\/embed\/v1\/place?q=Av.+de+C%C3%A9sar+Augusto%2C+33%2C+50004+Zaragoza%2C+Espa%C3%B1a&#038;zoom=14&#038;maptype=roadmap&#038;key=AIzaSyCNTEOso0tZG6YMSJFoaJEY5Th1stEWrJI\" allowfullscreen><\/iframe><\/p>\n<p>&nbsp;<br \/>\n<div class=\"colorf\"><div class=\"container clearfix\"><div class=\"col-md-7\"><div class=\"empresas\"><\/p>\n<h2><span class=\"ez-toc-section\" id=\"Listado_de_agencias_DKV_en_Zaragoza\"><\/span>Listado de agencias DKV en Zaragoza<span class=\"ez-toc-section-end\"><\/span><\/h2>\n<ul>\n<li><strong>DKV Seguros Zaragoza, Espa\u00f1a:<\/strong> Torre DKV, C. de Mar\u00eda Zambrano, 31, 50018 Zaragoza, Espa\u00f1a<\/li>\n<li><strong>DKV Seguros Tarazona Tarazona, Espa\u00f1a:<\/strong> C. Teresa Cajal, 4, 50500 Tarazona, Zaragoza, Espa\u00f1a<\/li>\n<li><strong>DKV Seguros Zaragoza Zaragoza, Espa\u00f1a:<\/strong> Av. de C\u00e9sar Augusto, 33, 50004 Zaragoza, Espa\u00f1a<\/li>\n<\/ul>\n<\/div><\/div><\/div><\/div>\n<h2><span class=\"ez-toc-section\" id=\"Sucursales_de_seguros_de_decesos_en_Zaragoza\"><\/span>Sucursales de seguros de decesos en Zaragoza<span class=\"ez-toc-section-end\"><\/span><\/h2>\n<p>Evit\u00e1ndote registros in\u00fatiles, hemos creado un cat\u00e1logo de cada aseguradora de decesos en Zaragoza facilit\u00e1ndote en todo instante a esta informaci\u00f3n, que dispondr\u00e1n en cualquier circunstancias, donde quedara actualizado. Toda la informaci\u00f3n aportada es para quede resuelto todas y cada una de las dudas que te puedan surgir a lo largo del proceso. <\/p>\n<!-- Shortcode [dkv] does not exist -->\n<div class=\"colorf\"><div class=\"container clearfix\"><div class=\"col-md-7\"><div class=\"empresas\">\n<h3><span class=\"ez-toc-section\" id=\"Listado_de_sucursales_DKV_en_Espana\"><\/span>Listado de sucursales DKV en Espa\u00f1a<span class=\"ez-toc-section-end\"><\/span><\/h3>\n<div class=\"enlazado\"><ul><li><a href=\"https:\/\/idecesos.com\/seguros\/companias\/dkv\/coberturas\/\"><span>Coberturas Seguro de Decesos DKV<\/span><\/a><\/li><li><a href=\"https:\/\/idecesos.com\/seguros\/companias\/dkv\/cantabria\/\"><span>Oficinas seguros de decesos DKV en Cantabria<\/span><\/a><\/li><li><a href=\"https:\/\/idecesos.com\/seguros\/companias\/dkv\/ceuta\/\"><span>Oficinas seguros de decesos DKV en Ceuta<\/span><\/a><\/li><li><a href=\"https:\/\/idecesos.com\/seguros\/companias\/dkv\/caceres\/\"><span>Oficinas seguros de decesos DKV en C\u00e1ceres<\/span><\/a><\/li><li><a href=\"https:\/\/idecesos.com\/seguros\/companias\/dkv\/granada\/\"><span>Oficinas seguros de decesos DKV en Granada<\/span><\/a><\/li><li><a href=\"https:\/\/idecesos.com\/seguros\/companias\/dkv\/guipuzcoa\/\"><span>Oficinas seguros de decesos DKV en Guip\u00fazcoa<\/span><\/a><\/li><li><a href=\"https:\/\/idecesos.com\/seguros\/companias\/dkv\/jaen\/\"><span>Oficinas seguros de decesos DKV en Ja\u00e9n<\/span><\/a><\/li><li><a href=\"https:\/\/idecesos.com\/seguros\/companias\/dkv\/las-palmas\/\"><span>Oficinas seguros de decesos DKV en Las palmas<\/span><\/a><\/li><li><a href=\"https:\/\/idecesos.com\/seguros\/companias\/dkv\/malaga\/\"><span>Oficinas seguros de decesos DKV en M\u00e1laga<\/span><\/a><\/li><li><a href=\"https:\/\/idecesos.com\/seguros\/companias\/dkv\/orense\/\"><span>Oficinas seguros de decesos DKV en Orense<\/span><\/a><\/li><li><a href=\"https:\/\/idecesos.com\/seguros\/companias\/dkv\/segovia\/\"><span>Oficinas seguros de decesos DKV en Segovia<\/span><\/a><\/li><li><a href=\"https:\/\/idecesos.com\/seguros\/companias\/dkv\/soria\/\"><span>Oficinas seguros de decesos DKV en Soria<\/span><\/a><\/li><li><a href=\"https:\/\/idecesos.com\/seguros\/companias\/dkv\/tarragona\/\"><span>Oficinas seguros de decesos DKV en Tarragona<\/span><\/a><\/li><li><a href=\"https:\/\/idecesos.com\/seguros\/companias\/dkv\/valladolid\/\"><span>Oficinas seguros de decesos DKV en Valladolid<\/span><\/a><\/li><li><a href=\"https:\/\/idecesos.com\/seguros\/companias\/dkv\/opiniones\/\"><span>Opiniones Seguro de decesos DKV<\/span><\/a><\/li><li><a href=\"https:\/\/idecesos.com\/seguros\/companias\/dkv\/prima-nivelada\/\"><span>Seguro de decesos DKV Prima Nivelada<\/span><\/a><\/li><\/ul><\/div>\n<\/div><\/div><\/div><\/div>\n","protected":false},"excerpt":{"rendered":"<p>Las sucursales de DKV est\u00e1n ubicadas en distintos lugares, ponemos a tu predisposici\u00f3n de DKV en Zaragoza donde las posibilidades son de las m\u00e1s convenientes y pertinentes para la gesti\u00f3n. La importancia de contar con personas con experiencia concida en campo, ayuda hacer el proceso m\u00e1s r\u00e1pido. Contar\u00e1s en todo momento de nuestro total servicio,&hellip; <\/p>\n","protected":false},"author":0,"featured_media":0,"parent":310,"menu_order":0,"comment_status":"closed","ping_status":"closed","template":"page-templates\/companies.php","meta":{"footnotes":""},"class_list":["post-8868","page","type-page","status-publish","hentry"],"yoast_head":"<!-- This site is optimized with the Yoast SEO plugin v27.3 - https:\/\/yoast.com\/product\/yoast-seo-wordpress\/ -->\n<title>Oficinas DKV en Zaragoza | Tel\u00e9fonos, Horarios, Direcci\u00f3n<\/title>\n<meta name=\"description\" content=\"Lista completa de Oficinas DKV en Zaragoza Horarios, \u2706 tel\u00e9fonos y direcciones actualizados en 2026 \u2714 Verificado por iDecesos.\" \/>\n<meta name=\"robots\" content=\"index, follow, max-snippet:-1, max-image-preview:large, max-video-preview:-1\" \/>\n<link rel=\"canonical\" href=\"https:\/\/idecesos.com\/seguros\/companias\/dkv\/zaragoza\/\" \/>\n<meta property=\"og:locale\" content=\"es_ES\" \/>\n<meta property=\"og:type\" content=\"article\" \/>\n<meta property=\"og:title\" content=\"Oficinas DKV en Zaragoza | Tel\u00e9fonos, Horarios, Direcci\u00f3n\" \/>\n<meta property=\"og:description\" content=\"Lista completa de Oficinas DKV en Zaragoza Horarios, \u2706 tel\u00e9fonos y direcciones actualizados en 2026 \u2714 Verificado por iDecesos.\" \/>\n<meta property=\"og:url\" content=\"https:\/\/idecesos.com\/seguros\/companias\/dkv\/zaragoza\/\" \/>\n<meta property=\"article:modified_time\" content=\"2021-09-28T11:49:44+00:00\" \/>\n<meta property=\"og:image\" content=\"https:\/\/idecesos.com\/assets\/image\/decesos_dkv.jpg\" \/>\n<meta name=\"twitter:card\" content=\"summary_large_image\" \/>\n<meta name=\"twitter:label1\" content=\"Tiempo de lectura\" \/>\n\t<meta name=\"twitter:data1\" content=\"39 minutos\" \/>\n<script type=\"application\/ld+json\" class=\"yoast-schema-graph\">{\"@context\":\"https:\\\/\\\/schema.org\",\"@graph\":[{\"@type\":\"WebPage\",\"@id\":\"https:\\\/\\\/idecesos.com\\\/seguros\\\/companias\\\/dkv\\\/zaragoza\\\/\",\"url\":\"https:\\\/\\\/idecesos.com\\\/seguros\\\/companias\\\/dkv\\\/zaragoza\\\/\",\"name\":\"Oficinas DKV en Zaragoza | Tel\u00e9fonos, Horarios, Direcci\u00f3n\",\"isPartOf\":{\"@id\":\"https:\\\/\\\/idecesos.com\\\/seguros\\\/#website\"},\"primaryImageOfPage\":{\"@id\":\"https:\\\/\\\/idecesos.com\\\/seguros\\\/companias\\\/dkv\\\/zaragoza\\\/#primaryimage\"},\"image\":{\"@id\":\"https:\\\/\\\/idecesos.com\\\/seguros\\\/companias\\\/dkv\\\/zaragoza\\\/#primaryimage\"},\"thumbnailUrl\":\"https:\\\/\\\/idecesos.com\\\/assets\\\/image\\\/decesos_dkv.jpg\",\"datePublished\":\"2021-09-27T21:59:23+00:00\",\"dateModified\":\"2021-09-28T11:49:44+00:00\",\"description\":\"Lista completa de Oficinas DKV en Zaragoza Horarios, \u2706 tel\u00e9fonos y direcciones actualizados en 2026 \u2714 Verificado por iDecesos.\",\"breadcrumb\":{\"@id\":\"https:\\\/\\\/idecesos.com\\\/seguros\\\/companias\\\/dkv\\\/zaragoza\\\/#breadcrumb\"},\"inLanguage\":\"es\",\"potentialAction\":[{\"@type\":\"ReadAction\",\"target\":[\"https:\\\/\\\/idecesos.com\\\/seguros\\\/companias\\\/dkv\\\/zaragoza\\\/\"]}]},{\"@type\":\"ImageObject\",\"inLanguage\":\"es\",\"@id\":\"https:\\\/\\\/idecesos.com\\\/seguros\\\/companias\\\/dkv\\\/zaragoza\\\/#primaryimage\",\"url\":\"https:\\\/\\\/idecesos.com\\\/assets\\\/image\\\/decesos_dkv.jpg\",\"contentUrl\":\"https:\\\/\\\/idecesos.com\\\/assets\\\/image\\\/decesos_dkv.jpg\"},{\"@type\":\"BreadcrumbList\",\"@id\":\"https:\\\/\\\/idecesos.com\\\/seguros\\\/companias\\\/dkv\\\/zaragoza\\\/#breadcrumb\",\"itemListElement\":[{\"@type\":\"ListItem\",\"position\":1,\"name\":\"Portada\",\"item\":\"https:\\\/\\\/idecesos.com\\\/seguros\\\/\"},{\"@type\":\"ListItem\",\"position\":2,\"name\":\"Compa\u00f1\u00edas de Seguros de Decesos en Espa\u00f1a\",\"item\":\"https:\\\/\\\/idecesos.com\\\/seguros\\\/companias\\\/\"},{\"@type\":\"ListItem\",\"position\":3,\"name\":\"Seguro de Decesos DKV\",\"item\":\"https:\\\/\\\/idecesos.com\\\/seguros\\\/companias\\\/dkv\\\/\"},{\"@type\":\"ListItem\",\"position\":4,\"name\":\"Oficinas seguros de decesos DKV en Zaragoza\"}]},{\"@type\":\"WebSite\",\"@id\":\"https:\\\/\\\/idecesos.com\\\/seguros\\\/#website\",\"url\":\"https:\\\/\\\/idecesos.com\\\/seguros\\\/\",\"name\":\"\",\"description\":\"\",\"potentialAction\":[{\"@type\":\"SearchAction\",\"target\":{\"@type\":\"EntryPoint\",\"urlTemplate\":\"https:\\\/\\\/idecesos.com\\\/seguros\\\/?s={search_term_string}\"},\"query-input\":{\"@type\":\"PropertyValueSpecification\",\"valueRequired\":true,\"valueName\":\"search_term_string\"}}],\"inLanguage\":\"es\"}]}<\/script>\n<!-- \/ Yoast SEO plugin. -->","yoast_head_json":{"title":"Oficinas DKV en Zaragoza | Tel\u00e9fonos, Horarios, Direcci\u00f3n","description":"Lista completa de Oficinas DKV en Zaragoza Horarios, \u2706 tel\u00e9fonos y direcciones actualizados en 2026 \u2714 Verificado por iDecesos.","robots":{"index":"index","follow":"follow","max-snippet":"max-snippet:-1","max-image-preview":"max-image-preview:large","max-video-preview":"max-video-preview:-1"},"canonical":"https:\/\/idecesos.com\/seguros\/companias\/dkv\/zaragoza\/","og_locale":"es_ES","og_type":"article","og_title":"Oficinas DKV en Zaragoza | Tel\u00e9fonos, Horarios, Direcci\u00f3n","og_description":"Lista completa de Oficinas DKV en Zaragoza Horarios, \u2706 tel\u00e9fonos y direcciones actualizados en 2026 \u2714 Verificado por iDecesos.","og_url":"https:\/\/idecesos.com\/seguros\/companias\/dkv\/zaragoza\/","article_modified_time":"2021-09-28T11:49:44+00:00","og_image":[{"url":"https:\/\/idecesos.com\/assets\/image\/decesos_dkv.jpg","type":"","width":"","height":""}],"twitter_card":"summary_large_image","twitter_misc":{"Tiempo de lectura":"39 minutos"},"schema":{"@context":"https:\/\/schema.org","@graph":[{"@type":"WebPage","@id":"https:\/\/idecesos.com\/seguros\/companias\/dkv\/zaragoza\/","url":"https:\/\/idecesos.com\/seguros\/companias\/dkv\/zaragoza\/","name":"Oficinas DKV en Zaragoza | Tel\u00e9fonos, Horarios, Direcci\u00f3n","isPartOf":{"@id":"https:\/\/idecesos.com\/seguros\/#website"},"primaryImageOfPage":{"@id":"https:\/\/idecesos.com\/seguros\/companias\/dkv\/zaragoza\/#primaryimage"},"image":{"@id":"https:\/\/idecesos.com\/seguros\/companias\/dkv\/zaragoza\/#primaryimage"},"thumbnailUrl":"https:\/\/idecesos.com\/assets\/image\/decesos_dkv.jpg","datePublished":"2021-09-27T21:59:23+00:00","dateModified":"2021-09-28T11:49:44+00:00","description":"Lista completa de Oficinas DKV en Zaragoza Horarios, \u2706 tel\u00e9fonos y direcciones actualizados en 2026 \u2714 Verificado por iDecesos.","breadcrumb":{"@id":"https:\/\/idecesos.com\/seguros\/companias\/dkv\/zaragoza\/#breadcrumb"},"inLanguage":"es","potentialAction":[{"@type":"ReadAction","target":["https:\/\/idecesos.com\/seguros\/companias\/dkv\/zaragoza\/"]}]},{"@type":"ImageObject","inLanguage":"es","@id":"https:\/\/idecesos.com\/seguros\/companias\/dkv\/zaragoza\/#primaryimage","url":"https:\/\/idecesos.com\/assets\/image\/decesos_dkv.jpg","contentUrl":"https:\/\/idecesos.com\/assets\/image\/decesos_dkv.jpg"},{"@type":"BreadcrumbList","@id":"https:\/\/idecesos.com\/seguros\/companias\/dkv\/zaragoza\/#breadcrumb","itemListElement":[{"@type":"ListItem","position":1,"name":"Portada","item":"https:\/\/idecesos.com\/seguros\/"},{"@type":"ListItem","position":2,"name":"Compa\u00f1\u00edas de Seguros de Decesos en Espa\u00f1a","item":"https:\/\/idecesos.com\/seguros\/companias\/"},{"@type":"ListItem","position":3,"name":"Seguro de Decesos DKV","item":"https:\/\/idecesos.com\/seguros\/companias\/dkv\/"},{"@type":"ListItem","position":4,"name":"Oficinas seguros de decesos DKV en Zaragoza"}]},{"@type":"WebSite","@id":"https:\/\/idecesos.com\/seguros\/#website","url":"https:\/\/idecesos.com\/seguros\/","name":"","description":"","potentialAction":[{"@type":"SearchAction","target":{"@type":"EntryPoint","urlTemplate":"https:\/\/idecesos.com\/seguros\/?s={search_term_string}"},"query-input":{"@type":"PropertyValueSpecification","valueRequired":true,"valueName":"search_term_string"}}],"inLanguage":"es"}]}},"_links":{"self":[{"href":"https:\/\/idecesos.com\/seguros\/wp-json\/wp\/v2\/pages\/8868","targetHints":{"allow":["GET"]}}],"collection":[{"href":"https:\/\/idecesos.com\/seguros\/wp-json\/wp\/v2\/pages"}],"about":[{"href":"https:\/\/idecesos.com\/seguros\/wp-json\/wp\/v2\/types\/page"}],"replies":[{"embeddable":true,"href":"https:\/\/idecesos.com\/seguros\/wp-json\/wp\/v2\/comments?post=8868"}],"version-history":[{"count":1,"href":"https:\/\/idecesos.com\/seguros\/wp-json\/wp\/v2\/pages\/8868\/revisions"}],"predecessor-version":[{"id":8930,"href":"https:\/\/idecesos.com\/seguros\/wp-json\/wp\/v2\/pages\/8868\/revisions\/8930"}],"up":[{"embeddable":true,"href":"https:\/\/idecesos.com\/seguros\/wp-json\/wp\/v2\/pages\/310"}],"wp:attachment":[{"href":"https:\/\/idecesos.com\/seguros\/wp-json\/wp\/v2\/media?parent=8868"}],"curies":[{"name":"wp","href":"https:\/\/api.w.org\/{rel}","templated":true}]}}