{"id":9078,"date":"2021-10-02T12:51:02","date_gmt":"2021-10-02T12:51:02","guid":{"rendered":"https:\/\/idecesos.com\/seguros\/ciudades\/sevilla\/alcala-de-guadaira\/"},"modified":"2022-01-03T12:31:52","modified_gmt":"2022-01-03T12:31:52","slug":"alcala-de-guadaira","status":"publish","type":"page","link":"https:\/\/idecesos.com\/seguros\/ciudades\/sevilla\/alcala-de-guadaira\/","title":{"rendered":"Seguro decesos Alcal\u00e1 de Guada\u00edra"},"content":{"rendered":"<div id=\"ez-toc-container\" class=\"ez-toc-v2_0_82_2 ez-toc-wrap-center counter-hierarchy ez-toc-counter ez-toc-custom ez-toc-container-direction\">\n<div class=\"ez-toc-title-container\">\n<p class=\"ez-toc-title\" style=\"cursor:inherit\">Tabla de Contenido<\/p>\n<span class=\"ez-toc-title-toggle\"><a href=\"#\" class=\"ez-toc-pull-right ez-toc-btn ez-toc-btn-xs ez-toc-btn-default ez-toc-toggle\" aria-label=\"Alternar tabla de contenidos\"><span class=\"ez-toc-js-icon-con\"><span class=\"\"><span class=\"eztoc-hide\" style=\"display:none;\">Toggle<\/span><span class=\"ez-toc-icon-toggle-span\"><svg style=\"fill: #db6415;color:#db6415\" xmlns=\"http:\/\/www.w3.org\/2000\/svg\" class=\"list-377408\" width=\"20px\" height=\"20px\" viewBox=\"0 0 24 24\" fill=\"none\"><path d=\"M6 6H4v2h2V6zm14 0H8v2h12V6zM4 11h2v2H4v-2zm16 0H8v2h12v-2zM4 16h2v2H4v-2zm16 0H8v2h12v-2z\" fill=\"currentColor\"><\/path><\/svg><svg style=\"fill: #db6415;color:#db6415\" class=\"arrow-unsorted-368013\" xmlns=\"http:\/\/www.w3.org\/2000\/svg\" width=\"10px\" height=\"10px\" viewBox=\"0 0 24 24\" version=\"1.2\" baseProfile=\"tiny\"><path d=\"M18.2 9.3l-6.2-6.3-6.2 6.3c-.2.2-.3.4-.3.7s.1.5.3.7c.2.2.4.3.7.3h11c.3 0 .5-.1.7-.3.2-.2.3-.5.3-.7s-.1-.5-.3-.7zM5.8 14.7l6.2 6.3 6.2-6.3c.2-.2.3-.5.3-.7s-.1-.5-.3-.7c-.2-.2-.4-.3-.7-.3h-11c-.3 0-.5.1-.7.3-.2.2-.3.5-.3.7s.1.5.3.7z\"\/><\/svg><\/span><\/span><\/span><\/a><\/span><\/div>\n<nav><ul class='ez-toc-list ez-toc-list-level-1 ' ><li class='ez-toc-page-1 ez-toc-heading-level-2'><a class=\"ez-toc-link ez-toc-heading-1\" href=\"https:\/\/idecesos.com\/seguros\/ciudades\/sevilla\/alcala-de-guadaira\/#Comparador_seguro_decesos_Alcala_de_Guadaira\" >Comparador seguro decesos Alcal\u00e1 de Guada\u00edra<\/a><ul class='ez-toc-list-level-3' ><li class='ez-toc-heading-level-3'><a class=\"ez-toc-link ez-toc-heading-2\" href=\"https:\/\/idecesos.com\/seguros\/ciudades\/sevilla\/alcala-de-guadaira\/#%C2%BFCuanto_cuesta_un_seguro_de_decesos_en_Alcala_de_Guadaira\" >\u00bfCu\u00e1nto cuesta un seguro de decesos en Alcal\u00e1 de Guada\u00edra?<\/a><\/li><\/ul><\/li><li class='ez-toc-page-1 ez-toc-heading-level-2'><a class=\"ez-toc-link ez-toc-heading-3\" href=\"https:\/\/idecesos.com\/seguros\/ciudades\/sevilla\/alcala-de-guadaira\/#Mejor_seguro_de_decesos_en_Alcala_de_Guadaira\" >Mejor seguro de decesos en Alcal\u00e1 de Guada\u00edra<\/a><\/li><li class='ez-toc-page-1 ez-toc-heading-level-2'><a class=\"ez-toc-link ez-toc-heading-4\" href=\"https:\/\/idecesos.com\/seguros\/ciudades\/sevilla\/alcala-de-guadaira\/#Mapa_seguros_de_decesos_Alcala_de_Guadaira\" >Mapa seguros de decesos Alcal\u00e1 de Guada\u00edra<\/a><ul class='ez-toc-list-level-3' ><li class='ez-toc-heading-level-3'><a class=\"ez-toc-link ez-toc-heading-5\" href=\"https:\/\/idecesos.com\/seguros\/ciudades\/sevilla\/alcala-de-guadaira\/#Otras_ciudades_cercanas_donde_trabajamos\" >Otras ciudades cercanas donde trabajamos<\/a><\/li><\/ul><\/li><\/ul><\/nav><\/div>\n\r\n<p>Alcal\u00e1 de Guada\u00edra es una de las provincias donde una enorme capilaridad del seguro de decesos, teniendo presente que aproximadamente en Espa\u00f1a el 50 por ciento de los habitantes tiene una p\u00f3liza. La localidad donde vaya a ser contratada la p\u00f3liza es esencial debido a que va a condicionar el precio de exactamente la misma, no costar\u00e1 <strong>lo mismo un sepelio en Alcal\u00e1 de Guada\u00edra<\/strong>, que en cualquier otra ciudad de Espa\u00f1a. Para poder saber cu\u00e1nto cuesta un entierro en cierta localidad, se podr\u00eda ir consultando en cada una de las empresas aseguradoras con seguro de decesos que nos interesase, o bien realizar una comparativa con empresas que se dedican a la comparaci\u00f3n de seguros, <strong>como es el caso de iDecesos.com<\/strong>. iDecesos est\u00e1 especializada en los decesos como su nombre se\u00f1ala, con lo que puede aportar una informaci\u00f3n clave a cualquier interesado en este g\u00e9nero de seguros.<\/p>\r\n<p>\r\n\r\n<\/p>\r\n<div class=\"colorf \"  ><div class=\"container clearfix\"><div class=\"col-md-7\"><h2 class=\"wp-block-heading\"><span class=\"ez-toc-section\" id=\"Comparador_seguro_decesos_Alcala_de_Guadaira\"><\/span>Comparador seguro decesos Alcal\u00e1 de Guada\u00edra<span class=\"ez-toc-section-end\"><\/span><\/h2>\r\n<p>\r\n\r\n<\/p>\r\n<p>Si necesitas contratar un seguro de decesos en Alcal\u00e1 de Guada\u00edra vas a deber rellenar el pr\u00f3ximo formulario con:<\/p>\r\n<p>\r\n\r\n<\/p>\r\n<ul>\r\n<li>tus datos personales.<\/li>\r\n<li>las edades de los asegurados.<\/li>\r\n<\/ul>\r\n<p>\r\n\r\n<\/p>\r\n<p>Y nosotros nos encargaremos de equiparar los precios de seguros de decesos de hasta 10 empresas aseguradoras en Alcal\u00e1 de Guada\u00edra.<\/p>\r\n<p>\r\n\r\n<\/p>\r\n<p>Conseguir\u00e1s costes de diferentes tipos de prima y cobertura para que puedas elegir el que mejor cubra tus necesidades.<\/p>\r\n<p>\r\n\r\n<\/p>\r\n<p>En el caso de que tengas dudas vas a poder contactar con nosotros y te ayudaremos en todo el proceso. De manera gratuita, un especialista en seguros de decesos de Alcal\u00e1 de Guada\u00edra te explicar\u00e1 las primordiales diferencias entre las distintas compa\u00f1\u00edas y los diferentes g\u00e9neros de prima.<\/p>\r\n<p><\/p>\r\n<p>\r\n\r\n<\/p>\r\n<h3 class=\"wp-block-heading\"><span class=\"ez-toc-section\" id=\"%C2%BFCuanto_cuesta_un_seguro_de_decesos_en_Alcala_de_Guadaira\"><\/span>\u00bfCu\u00e1nto cuesta un seguro de decesos en Alcal\u00e1 de Guada\u00edra?<span class=\"ez-toc-section-end\"><\/span><\/h3>\r\n<p>El precio del seguro de decesos en Alcal\u00e1 de Guada\u00edra es entorno a los 1,99\u20ac al mes si el asegurado est\u00e1 en perfecto estado de salud, es joven y contrata una oferta de iDecesos.<\/p>\r\n<\/div><\/div><\/div><h2><span class=\"ez-toc-section\" id=\"Mejor_seguro_de_decesos_en_Alcala_de_Guadaira\"><\/span>Mejor seguro de decesos en Alcal\u00e1 de Guada\u00edra<span class=\"ez-toc-section-end\"><\/span><\/h2>\r\n<p>\r\n\r\n<\/p>\r\n<p>Uno de los Grupos m\u00e1s destacados y tambi\u00e9n esenciales en el sector de seguro <strong>de decesos en Alcal\u00e1 de Guada\u00edra es Santaluc\u00eda<\/strong>, que ha ido variando su actividad en los \u00faltimos a\u00f1os, de tal manera que ha a\u00f1adido nuevos productos y ha apostado por negocios novedosos, como las residencias de ancianos, por servirnos de un ejemplo.<\/p>\r\n<p>\r\n\r\n<\/p>\r\n<p>Entre Santaluc\u00eda y el Grupo Ocaso controlan el cincuenta y cinco por cien del mercado de seguros de decesos, seg\u00fan los datos de ICEA, el servicio de estad\u00edsticas y estudio del campo seguros en Espa\u00f1a.<\/p>\r\n<p>\r\n\r\n<\/p>\r\n<p>Otras compa\u00f1\u00edas de gran \u00e9xito asimismo han ido ganando terreno como el caso de Adeslas o Mapfre. Si quieres contratar <strong>el mejor seguro de decesos en Alcal\u00e1 de Guada\u00edra<\/strong>, usa nuestro comparador de precios para tener mas informaci\u00f3n de cada uno de ellos de los seguros.<\/p>\r\n<p>\r\n\r\n<\/p>\r\n<div class=\"wp-block-columns is-layout-flex wp-container-core-columns-is-layout-9d6595d7 wp-block-columns-is-layout-flex\">\r\n<div class=\"wp-block-column is-layout-flow wp-block-column-is-layout-flow\" style=\"flex-basis: 33.33%;\">\r\n<div class=\"wp-block-image\">\r\n<figure class=\"aligncenter size-large\"><img decoding=\"async\" src=\"https:\/\/idecesos.com\/img\/decesos_helvetia_normal.png\" alt=\"\" \/><\/figure>\r\n<\/div>\r\n<\/div>\r\n\r\n\r\n\r\n<div class=\"wp-block-column is-layout-flow wp-block-column-is-layout-flow\" style=\"flex-basis: 66.66%;\">\r\n<p><strong>Seguro de decesos Helvetia Alcal\u00e1 de Guada\u00edra<\/strong>: es un seguro que cubre los costes de un entierro en el caso de fallecimiento: tanatorio, enterramiento o incineraci\u00f3n, preparaci\u00f3n del difunto\u2026 en definitiva todo lo necesario para dar el \u00faltimo adi\u00f3s a esa persona tan singular, sin desembolsar nada en un instante tan fr\u00e1gil. <a href=\"https:\/\/idecesos.com\/seguros\/companias\/helvetia\/\">Leer m\u00e1s sobre Seguros de decesos Helvetia.<\/a><\/p>\r\n<p><\/p>\r\n<\/div>\r\n<\/div>\r\n<p>\r\n\r\n<\/p>\r\n<div class=\"wp-block-columns is-layout-flex wp-container-core-columns-is-layout-9d6595d7 wp-block-columns-is-layout-flex\">\r\n<div class=\"wp-block-column is-layout-flow wp-block-column-is-layout-flow\" style=\"flex-basis: 33.33%;\">\r\n<div class=\"wp-block-image\">\r\n<figure class=\"aligncenter size-large\"><img decoding=\"async\" src=\"https:\/\/idecesos.com\/img\/decesos_caser.png\" alt=\"\" \/><\/figure>\r\n<\/div>\r\n<\/div>\r\n\r\n\r\n\r\n<div class=\"wp-block-column is-layout-flow wp-block-column-is-layout-flow\" style=\"flex-basis: 66.66%;\">\r\n<p><strong>Seguro de decesos Caser Alcal\u00e1 de Guada\u00edra:<\/strong> Los 2 seguros de decesos de Caser, Caser Decesos Familiar y Caser Decesos Creciente comparten coberturas, mas las primordiales diferencias es que en el segundo caso el importe de la p\u00f3liza medra progresivamente, de manera que pagar\u00e1s menos cuanto m\u00e1s joven seas. <a href=\"https:\/\/idecesos.com\/seguros\/companias\/caser\/\">Leer m\u00e1s sobre Seguros de decesos Caser.<\/a><\/p>\r\n<p>&nbsp;<\/p>\r\n<p><\/p>\r\n<\/div>\r\n<\/div>\r\n<p>\r\n\r\n<\/p>\r\n<div class=\"wp-block-columns is-layout-flex wp-container-core-columns-is-layout-9d6595d7 wp-block-columns-is-layout-flex\">\r\n<div class=\"wp-block-column is-layout-flow wp-block-column-is-layout-flow\" style=\"flex-basis: 33.33%;\">\r\n<div class=\"wp-block-image\">\r\n<figure class=\"aligncenter size-large\"><img decoding=\"async\" src=\"https:\/\/idecesos.com\/img\/decesos_adeslas.png\" alt=\"\" \/><\/figure>\r\n<\/div>\r\n<\/div>\r\n\r\n\r\n\r\n<div class=\"wp-block-column is-layout-flow wp-block-column-is-layout-flow\" style=\"flex-basis: 66.66%;\">\r\n<p><strong>Seguro de decesos Adeslas Alcal\u00e1 de Guada\u00edra:<\/strong> ofrece apoyo en todos y cada uno de los tr\u00e1mites, gestiones y servicios, como a los familiares en los aspectos emocionales. Para los momentos m\u00e1s dif\u00edciles. Si se contrata el Servicio Plus, se dispondr\u00e1 de un capital adicional de 1.000  euros destinados a elementos no incluidos en el servicio f\u00fanebre semejantes como: servicio musical, esquela, parking, l\u00e1pida, catering, etc.. <a href=\"https:\/\/idecesos.com\/seguros\/companias\/adeslas\/\">Leer m\u00e1s sobre Seguros de decesos Adeslas.<\/a><\/p>\r\n<p><\/p>\r\n<\/div>\r\n<\/div>\r\n<p>\r\n\r\n<\/p>\r\n<div class=\"wp-block-columns is-layout-flex wp-container-core-columns-is-layout-9d6595d7 wp-block-columns-is-layout-flex\">\r\n<div class=\"wp-block-column is-layout-flow wp-block-column-is-layout-flow\" style=\"flex-basis: 33.33%;\">\r\n<div class=\"wp-block-image\">\r\n<figure class=\"aligncenter size-large\"><img decoding=\"async\" src=\"https:\/\/idecesos.com\/img\/decesos_asisa.png\" alt=\"\" \/><\/figure>\r\n<\/div>\r\n<\/div>\r\n\r\n\r\n\r\n<div class=\"wp-block-column is-layout-flow wp-block-column-is-layout-flow\" style=\"flex-basis: 66.66%;\">\r\n<p><strong>Seguro de decesos ASISA Alcal\u00e1 de Guada\u00edra:<\/strong> ofrece calma de nuestras familias cuando ya no estemos. Si bien las coberturas primordiales son afines en todas las compa\u00f1\u00edas, conocer bien las ventajas auxiliares que nos ofrece esta aseguradora nos va a ayudar a tomar la mejor resoluci\u00f3n. <a href=\"https:\/\/idecesos.com\/seguros\/companias\/asisa\/\">Leer m\u00e1s sobre Seguros de decesos Asisa.<\/a><\/p>\r\n<p>&nbsp;<\/p>\r\n<p><\/p>\r\n<\/div>\r\n<\/div>\r\n<p>\r\n\r\n<\/p>\r\n<div class=\"wp-block-columns is-layout-flex wp-container-core-columns-is-layout-9d6595d7 wp-block-columns-is-layout-flex\">\r\n<div class=\"wp-block-column is-layout-flow wp-block-column-is-layout-flow\" style=\"flex-basis: 33.33%;\">\r\n<div class=\"wp-block-image\">\r\n<figure class=\"aligncenter size-large\"><img decoding=\"async\" src=\"https:\/\/idecesos.com\/img\/decesos_santalucia.png\" alt=\"\" \/><\/figure>\r\n<\/div>\r\n<\/div>\r\n\r\n\r\n\r\n<div class=\"wp-block-column is-layout-flow wp-block-column-is-layout-flow\" style=\"flex-basis: 66.66%;\">\r\n<p><strong>Seguro de decesos SANTA LUCIA Alcal\u00e1 de Guada\u00edra:<\/strong> Tiene unas coberturas muy completas que cubren el servicio f\u00fanebre, con la posibilidad de incineraci\u00f3n o bien inhumaci\u00f3n del fallecido la b\u00e1sica. <a href=\"https:\/\/idecesos.com\/seguros\/companias\/santa-lucia\/\">Leer m\u00e1s sobre Seguros de decesos Santa Lucia.<\/a><\/p>\r\n<p><\/p>\r\n<\/div>\r\n<\/div>\r\n<p>\r\n\r\n<\/p>\r\n<div class=\"wp-block-columns is-layout-flex wp-container-core-columns-is-layout-9d6595d7 wp-block-columns-is-layout-flex\">\r\n<div class=\"wp-block-column is-layout-flow wp-block-column-is-layout-flow\" style=\"flex-basis: 33.33%;\">\r\n<div class=\"wp-block-image\">\r\n<figure class=\"aligncenter size-large\"><img decoding=\"async\" src=\"https:\/\/idecesos.com\/img\/decesos_ocaso.png\" alt=\"\" \/><\/figure>\r\n<\/div>\r\n<\/div>\r\n\r\n\r\n\r\n<div class=\"wp-block-column is-layout-flow wp-block-column-is-layout-flow\" style=\"flex-basis: 66.66%;\">\r\n<p><strong>Seguro de decesos OCASO Alcal\u00e1 de Guada\u00edra:<\/strong> est\u00e1n concebidos para que no debas preocuparte ni de los gastos de sepelio ni de las gestiones administrativas tras el fallecimiento del titular de la p\u00f3liza. <a href=\"https:\/\/idecesos.com\/seguros\/companias\/ocaso\/\">Leer m\u00e1s sobre Seguros de decesos Ocaso.<\/a><\/p>\r\n<\/div>\r\n<\/div>\r\n<p>\r\n\r\n<\/p>\r\n<div class=\"wp-block-columns is-layout-flex wp-container-core-columns-is-layout-9d6595d7 wp-block-columns-is-layout-flex\">\r\n<div class=\"wp-block-column is-layout-flow wp-block-column-is-layout-flow\" style=\"flex-basis: 33.33%;\">\r\n<div class=\"wp-block-image\">\r\n<figure class=\"aligncenter size-large\"><img decoding=\"async\" src=\"https:\/\/idecesos.com\/img\/decesos_fiatc.png\" alt=\"\" \/><\/figure>\r\n<\/div>\r\n<\/div>\r\n\r\n\r\n\r\n<div class=\"wp-block-column is-layout-flow wp-block-column-is-layout-flow\" style=\"flex-basis: 66.66%;\">\r\n<p><strong>Seguro de decesos Fiatc Alcal\u00e1 de Guada\u00edra: <\/strong>Compa\u00f1\u00eda De Espa\u00f1a fundada en 1932, cuenta con m\u00e1s de un mill\u00f3n de asegurados, teniendo como rama principal los seguros de decesos, si bien asimismo cuenta con seguros de auto, moto, vida y hogar. <a href=\"https:\/\/idecesos.com\/seguros\/companias\/fiatc\/\">Leer m\u00e1s sobre Seguros de decesos Fiatc.<\/a><\/p>\r\n<\/div>\r\n<\/div>\r\n<p>\r\n\r\n<\/p>\r\n<div class=\"wp-block-columns is-layout-flex wp-container-core-columns-is-layout-9d6595d7 wp-block-columns-is-layout-flex\">\r\n<div class=\"wp-block-column is-layout-flow wp-block-column-is-layout-flow\" style=\"flex-basis: 33.33%;\">\r\n<div class=\"wp-block-image\">\r\n<figure class=\"aligncenter size-large\"><img decoding=\"async\" src=\"https:\/\/idecesos.com\/img\/decesos_dkv.jpg\" alt=\"\" \/><\/figure>\r\n<\/div>\r\n<\/div>\r\n\r\n\r\n\r\n<div class=\"wp-block-column is-layout-flow wp-block-column-is-layout-flow\" style=\"flex-basis: 66.66%;\">\r\n<p><strong>Seguro de decesos DKV Alcal\u00e1 de Guada\u00edra: <\/strong>Una compa\u00f1\u00eda con m\u00e1s de ciento treinta a\u00f1os de historia y que cuenta con un seguro de decesos muy completo llamado plan familiar, que no solo cubre en el caso de fallecimiento si no que adem\u00e1s de esto ofrece servicios a\u00f1adidos. <a href=\"https:\/\/idecesos.com\/seguros\/companias\/dkv\/\">Leer m\u00e1s sobre Seguros de decesos DKV.<\/a><\/p>\r\n<\/div>\r\n<\/div>\r\n<p>\r\n\r\n<\/p>\r\n<div class=\"colorf\"><div class=\"container clearfix\"><div class=\"col-md-7\"><h2 class=\"wp-block-heading\"><span class=\"ez-toc-section\" id=\"Mapa_seguros_de_decesos_Alcala_de_Guadaira\"><\/span>Mapa seguros de decesos Alcal\u00e1 de Guada\u00edra<span class=\"ez-toc-section-end\"><\/span><\/h2>\r\n<p><iframe class=\"page-generator-pro-map\" width=\"100%\" height=\"450\" frameborder=\"0\" style=\"border:0\" src=\"https:\/\/www.google.com\/maps\/embed\/v1\/place?q=Alcal%C3%A1+de+Guada%C3%ADra%2C+espa%C3%B1a&#038;zoom=12&#038;maptype=roadmap&#038;key=AIzaSyCNTEOso0tZG6YMSJFoaJEY5Th1stEWrJI\" allowfullscreen><\/iframe><br \/>\r\n\r\n<\/p>\r\n<\/div><\/div><\/div><div class=\"oficinas\"><h3 class=\"wp-block-heading\"><span class=\"ez-toc-section\" id=\"Otras_ciudades_cercanas_donde_trabajamos\"><\/span>Otras ciudades cercanas donde trabajamos<span class=\"ez-toc-section-end\"><\/span><\/h3>\r\n<p>\r\n\r\n<\/p>\r\n<div class=\"enlazado\"><ul><li><a href=\"https:\/\/idecesos.com\/seguros\/ciudades\/sevilla\/coria-del-rio\/\"><span>Seguro decesos Coria del R\u00edo<\/span><\/a><\/li><li><a href=\"https:\/\/idecesos.com\/seguros\/ciudades\/sevilla\/dos-hermanas\/\"><span>Seguro decesos Dos Hermanas<\/span><\/a><\/li><li><a href=\"https:\/\/idecesos.com\/seguros\/ciudades\/sevilla\/la-rinconada\/\"><span>Seguro decesos La Rinconada<\/span><\/a><\/li><li><a href=\"https:\/\/idecesos.com\/seguros\/ciudades\/sevilla\/los-palacios-y-villafranca\/\"><span>Seguro decesos Los Palacios y Villafranca<\/span><\/a><\/li><li><a href=\"https:\/\/idecesos.com\/seguros\/ciudades\/sevilla\/mairena-del-aljarafe\/\"><span>Seguro decesos Mairena del Aljarafe<\/span><\/a><\/li><li><a href=\"https:\/\/idecesos.com\/seguros\/ciudades\/sevilla\/utrera\/\"><span>Seguro decesos Utrera<\/span><\/a><\/li><li><a href=\"https:\/\/idecesos.com\/seguros\/ciudades\/sevilla\/ecija\/\"><span>Seguro decesos \u00c9cija<\/span><\/a><\/li><\/ul><\/div>\r\n<p><\/p><\/div>","protected":false},"excerpt":{"rendered":"<p>Alcal\u00e1 de Guada\u00edra es una de las provincias donde una enorme capilaridad del seguro de decesos, teniendo presente que aproximadamente en Espa\u00f1a el 50 por ciento de los habitantes tiene una p\u00f3liza. La localidad donde vaya a ser contratada la p\u00f3liza es esencial debido a que va a condicionar el precio de exactamente la misma,&hellip; <\/p>\n","protected":false},"author":3,"featured_media":0,"parent":151,"menu_order":0,"comment_status":"closed","ping_status":"closed","template":"single.php","meta":{"footnotes":""},"class_list":["post-9078","page","type-page","status-publish","hentry"],"yoast_head":"<!-- This site is optimized with the Yoast SEO plugin v27.3 - https:\/\/yoast.com\/product\/yoast-seo-wordpress\/ -->\n<title>N\u00ba1 Seguro Decesos Alcal\u00e1 de Guada\u00edra \u25b7Mejores Precios y Coberturas<\/title>\n<meta name=\"description\" content=\"Compara ahora\u3010Seguro decesos Alcal\u00e1 de Guada\u00edra\u2b50Coberturas, precios y descuentos para Madrid actualizadas en 2026.\" \/>\n<meta name=\"robots\" content=\"index, follow, max-snippet:-1, max-image-preview:large, max-video-preview:-1\" \/>\n<link rel=\"canonical\" href=\"https:\/\/idecesos.com\/seguros\/ciudades\/sevilla\/alcala-de-guadaira\/\" \/>\n<meta property=\"og:locale\" content=\"es_ES\" \/>\n<meta property=\"og:type\" content=\"article\" \/>\n<meta property=\"og:title\" content=\"N\u00ba1 Seguro Decesos Alcal\u00e1 de Guada\u00edra \u25b7Mejores Precios y Coberturas\" \/>\n<meta property=\"og:description\" content=\"Compara ahora\u3010Seguro decesos Alcal\u00e1 de Guada\u00edra\u2b50Coberturas, precios y descuentos para Madrid actualizadas en 2026.\" \/>\n<meta property=\"og:url\" content=\"https:\/\/idecesos.com\/seguros\/ciudades\/sevilla\/alcala-de-guadaira\/\" \/>\n<meta property=\"article:modified_time\" content=\"2022-01-03T12:31:52+00:00\" \/>\n<meta property=\"og:image\" content=\"https:\/\/idecesos.com\/img\/decesos_helvetia_normal.png\" \/>\n<meta name=\"twitter:card\" content=\"summary_large_image\" \/>\n<meta name=\"twitter:label1\" content=\"Tiempo de lectura\" \/>\n\t<meta name=\"twitter:data1\" content=\"21 minutos\" \/>\n<script type=\"application\/ld+json\" class=\"yoast-schema-graph\">{\"@context\":\"https:\\\/\\\/schema.org\",\"@graph\":[{\"@type\":\"WebPage\",\"@id\":\"https:\\\/\\\/idecesos.com\\\/seguros\\\/ciudades\\\/sevilla\\\/alcala-de-guadaira\\\/\",\"url\":\"https:\\\/\\\/idecesos.com\\\/seguros\\\/ciudades\\\/sevilla\\\/alcala-de-guadaira\\\/\",\"name\":\"N\u00ba1 Seguro Decesos Alcal\u00e1 de Guada\u00edra \u25b7Mejores Precios y Coberturas\",\"isPartOf\":{\"@id\":\"https:\\\/\\\/idecesos.com\\\/seguros\\\/#website\"},\"primaryImageOfPage\":{\"@id\":\"https:\\\/\\\/idecesos.com\\\/seguros\\\/ciudades\\\/sevilla\\\/alcala-de-guadaira\\\/#primaryimage\"},\"image\":{\"@id\":\"https:\\\/\\\/idecesos.com\\\/seguros\\\/ciudades\\\/sevilla\\\/alcala-de-guadaira\\\/#primaryimage\"},\"thumbnailUrl\":\"https:\\\/\\\/idecesos.com\\\/img\\\/decesos_helvetia_normal.png\",\"datePublished\":\"2021-10-02T12:51:02+00:00\",\"dateModified\":\"2022-01-03T12:31:52+00:00\",\"description\":\"Compara ahora\u3010Seguro decesos Alcal\u00e1 de Guada\u00edra\u2b50Coberturas, precios y descuentos para Madrid actualizadas en 2026.\",\"breadcrumb\":{\"@id\":\"https:\\\/\\\/idecesos.com\\\/seguros\\\/ciudades\\\/sevilla\\\/alcala-de-guadaira\\\/#breadcrumb\"},\"inLanguage\":\"es\",\"potentialAction\":[{\"@type\":\"ReadAction\",\"target\":[\"https:\\\/\\\/idecesos.com\\\/seguros\\\/ciudades\\\/sevilla\\\/alcala-de-guadaira\\\/\"]}]},{\"@type\":\"ImageObject\",\"inLanguage\":\"es\",\"@id\":\"https:\\\/\\\/idecesos.com\\\/seguros\\\/ciudades\\\/sevilla\\\/alcala-de-guadaira\\\/#primaryimage\",\"url\":\"https:\\\/\\\/idecesos.com\\\/img\\\/decesos_helvetia_normal.png\",\"contentUrl\":\"https:\\\/\\\/idecesos.com\\\/img\\\/decesos_helvetia_normal.png\"},{\"@type\":\"BreadcrumbList\",\"@id\":\"https:\\\/\\\/idecesos.com\\\/seguros\\\/ciudades\\\/sevilla\\\/alcala-de-guadaira\\\/#breadcrumb\",\"itemListElement\":[{\"@type\":\"ListItem\",\"position\":1,\"name\":\"Portada\",\"item\":\"https:\\\/\\\/idecesos.com\\\/seguros\\\/\"},{\"@type\":\"ListItem\",\"position\":2,\"name\":\"Seguro de Decesos Espa\u00f1a\",\"item\":\"https:\\\/\\\/idecesos.com\\\/seguros\\\/ciudades\\\/\"},{\"@type\":\"ListItem\",\"position\":3,\"name\":\"Seguro Decesos Sevilla\",\"item\":\"https:\\\/\\\/idecesos.com\\\/seguros\\\/ciudades\\\/sevilla\\\/\"},{\"@type\":\"ListItem\",\"position\":4,\"name\":\"Seguro decesos Alcal\u00e1 de Guada\u00edra\"}]},{\"@type\":\"WebSite\",\"@id\":\"https:\\\/\\\/idecesos.com\\\/seguros\\\/#website\",\"url\":\"https:\\\/\\\/idecesos.com\\\/seguros\\\/\",\"name\":\"\",\"description\":\"\",\"potentialAction\":[{\"@type\":\"SearchAction\",\"target\":{\"@type\":\"EntryPoint\",\"urlTemplate\":\"https:\\\/\\\/idecesos.com\\\/seguros\\\/?s={search_term_string}\"},\"query-input\":{\"@type\":\"PropertyValueSpecification\",\"valueRequired\":true,\"valueName\":\"search_term_string\"}}],\"inLanguage\":\"es\"}]}<\/script>\n<!-- \/ Yoast SEO plugin. -->","yoast_head_json":{"title":"N\u00ba1 Seguro Decesos Alcal\u00e1 de Guada\u00edra \u25b7Mejores Precios y Coberturas","description":"Compara ahora\u3010Seguro decesos Alcal\u00e1 de Guada\u00edra\u2b50Coberturas, precios y descuentos para Madrid actualizadas en 2026.","robots":{"index":"index","follow":"follow","max-snippet":"max-snippet:-1","max-image-preview":"max-image-preview:large","max-video-preview":"max-video-preview:-1"},"canonical":"https:\/\/idecesos.com\/seguros\/ciudades\/sevilla\/alcala-de-guadaira\/","og_locale":"es_ES","og_type":"article","og_title":"N\u00ba1 Seguro Decesos Alcal\u00e1 de Guada\u00edra \u25b7Mejores Precios y Coberturas","og_description":"Compara ahora\u3010Seguro decesos Alcal\u00e1 de Guada\u00edra\u2b50Coberturas, precios y descuentos para Madrid actualizadas en 2026.","og_url":"https:\/\/idecesos.com\/seguros\/ciudades\/sevilla\/alcala-de-guadaira\/","article_modified_time":"2022-01-03T12:31:52+00:00","og_image":[{"url":"https:\/\/idecesos.com\/img\/decesos_helvetia_normal.png","type":"","width":"","height":""}],"twitter_card":"summary_large_image","twitter_misc":{"Tiempo de lectura":"21 minutos"},"schema":{"@context":"https:\/\/schema.org","@graph":[{"@type":"WebPage","@id":"https:\/\/idecesos.com\/seguros\/ciudades\/sevilla\/alcala-de-guadaira\/","url":"https:\/\/idecesos.com\/seguros\/ciudades\/sevilla\/alcala-de-guadaira\/","name":"N\u00ba1 Seguro Decesos Alcal\u00e1 de Guada\u00edra \u25b7Mejores Precios y Coberturas","isPartOf":{"@id":"https:\/\/idecesos.com\/seguros\/#website"},"primaryImageOfPage":{"@id":"https:\/\/idecesos.com\/seguros\/ciudades\/sevilla\/alcala-de-guadaira\/#primaryimage"},"image":{"@id":"https:\/\/idecesos.com\/seguros\/ciudades\/sevilla\/alcala-de-guadaira\/#primaryimage"},"thumbnailUrl":"https:\/\/idecesos.com\/img\/decesos_helvetia_normal.png","datePublished":"2021-10-02T12:51:02+00:00","dateModified":"2022-01-03T12:31:52+00:00","description":"Compara ahora\u3010Seguro decesos Alcal\u00e1 de Guada\u00edra\u2b50Coberturas, precios y descuentos para Madrid actualizadas en 2026.","breadcrumb":{"@id":"https:\/\/idecesos.com\/seguros\/ciudades\/sevilla\/alcala-de-guadaira\/#breadcrumb"},"inLanguage":"es","potentialAction":[{"@type":"ReadAction","target":["https:\/\/idecesos.com\/seguros\/ciudades\/sevilla\/alcala-de-guadaira\/"]}]},{"@type":"ImageObject","inLanguage":"es","@id":"https:\/\/idecesos.com\/seguros\/ciudades\/sevilla\/alcala-de-guadaira\/#primaryimage","url":"https:\/\/idecesos.com\/img\/decesos_helvetia_normal.png","contentUrl":"https:\/\/idecesos.com\/img\/decesos_helvetia_normal.png"},{"@type":"BreadcrumbList","@id":"https:\/\/idecesos.com\/seguros\/ciudades\/sevilla\/alcala-de-guadaira\/#breadcrumb","itemListElement":[{"@type":"ListItem","position":1,"name":"Portada","item":"https:\/\/idecesos.com\/seguros\/"},{"@type":"ListItem","position":2,"name":"Seguro de Decesos Espa\u00f1a","item":"https:\/\/idecesos.com\/seguros\/ciudades\/"},{"@type":"ListItem","position":3,"name":"Seguro Decesos Sevilla","item":"https:\/\/idecesos.com\/seguros\/ciudades\/sevilla\/"},{"@type":"ListItem","position":4,"name":"Seguro decesos Alcal\u00e1 de Guada\u00edra"}]},{"@type":"WebSite","@id":"https:\/\/idecesos.com\/seguros\/#website","url":"https:\/\/idecesos.com\/seguros\/","name":"","description":"","potentialAction":[{"@type":"SearchAction","target":{"@type":"EntryPoint","urlTemplate":"https:\/\/idecesos.com\/seguros\/?s={search_term_string}"},"query-input":{"@type":"PropertyValueSpecification","valueRequired":true,"valueName":"search_term_string"}}],"inLanguage":"es"}]}},"_links":{"self":[{"href":"https:\/\/idecesos.com\/seguros\/wp-json\/wp\/v2\/pages\/9078","targetHints":{"allow":["GET"]}}],"collection":[{"href":"https:\/\/idecesos.com\/seguros\/wp-json\/wp\/v2\/pages"}],"about":[{"href":"https:\/\/idecesos.com\/seguros\/wp-json\/wp\/v2\/types\/page"}],"author":[{"embeddable":true,"href":"https:\/\/idecesos.com\/seguros\/wp-json\/wp\/v2\/users\/3"}],"replies":[{"embeddable":true,"href":"https:\/\/idecesos.com\/seguros\/wp-json\/wp\/v2\/comments?post=9078"}],"version-history":[{"count":1,"href":"https:\/\/idecesos.com\/seguros\/wp-json\/wp\/v2\/pages\/9078\/revisions"}],"predecessor-version":[{"id":18451,"href":"https:\/\/idecesos.com\/seguros\/wp-json\/wp\/v2\/pages\/9078\/revisions\/18451"}],"up":[{"embeddable":true,"href":"https:\/\/idecesos.com\/seguros\/wp-json\/wp\/v2\/pages\/151"}],"wp:attachment":[{"href":"https:\/\/idecesos.com\/seguros\/wp-json\/wp\/v2\/media?parent=9078"}],"curies":[{"name":"wp","href":"https:\/\/api.w.org\/{rel}","templated":true}]}}