{"id":9088,"date":"2021-10-02T12:51:07","date_gmt":"2021-10-02T12:51:07","guid":{"rendered":"https:\/\/idecesos.com\/seguros\/ciudades\/alicante\/benidorm\/"},"modified":"2022-01-03T12:31:56","modified_gmt":"2022-01-03T12:31:56","slug":"benidorm","status":"publish","type":"page","link":"https:\/\/idecesos.com\/seguros\/ciudades\/alicante\/benidorm\/","title":{"rendered":"Seguro decesos Benidorm"},"content":{"rendered":"<div id=\"ez-toc-container\" class=\"ez-toc-v2_0_83 ez-toc-wrap-center counter-hierarchy ez-toc-counter ez-toc-custom ez-toc-container-direction\">\n<div class=\"ez-toc-title-container\">\n<p class=\"ez-toc-title\" style=\"cursor:inherit\">Tabla de Contenido<\/p>\n<span class=\"ez-toc-title-toggle\"><a href=\"#\" class=\"ez-toc-pull-right ez-toc-btn ez-toc-btn-xs ez-toc-btn-default ez-toc-toggle\" aria-label=\"Alternar tabla de contenidos\"><span class=\"ez-toc-js-icon-con\"><span class=\"\"><span class=\"eztoc-hide\" style=\"display:none;\">Toggle<\/span><span class=\"ez-toc-icon-toggle-span\"><svg style=\"fill: #db6415;color:#db6415\" xmlns=\"http:\/\/www.w3.org\/2000\/svg\" class=\"list-377408\" width=\"20px\" height=\"20px\" viewBox=\"0 0 24 24\" fill=\"none\"><path d=\"M6 6H4v2h2V6zm14 0H8v2h12V6zM4 11h2v2H4v-2zm16 0H8v2h12v-2zM4 16h2v2H4v-2zm16 0H8v2h12v-2z\" fill=\"currentColor\"><\/path><\/svg><svg style=\"fill: #db6415;color:#db6415\" class=\"arrow-unsorted-368013\" xmlns=\"http:\/\/www.w3.org\/2000\/svg\" width=\"10px\" height=\"10px\" viewBox=\"0 0 24 24\" version=\"1.2\" baseProfile=\"tiny\"><path d=\"M18.2 9.3l-6.2-6.3-6.2 6.3c-.2.2-.3.4-.3.7s.1.5.3.7c.2.2.4.3.7.3h11c.3 0 .5-.1.7-.3.2-.2.3-.5.3-.7s-.1-.5-.3-.7zM5.8 14.7l6.2 6.3 6.2-6.3c.2-.2.3-.5.3-.7s-.1-.5-.3-.7c-.2-.2-.4-.3-.7-.3h-11c-.3 0-.5.1-.7.3-.2.2-.3.5-.3.7s.1.5.3.7z\"\/><\/svg><\/span><\/span><\/span><\/a><\/span><\/div>\n<nav><ul class='ez-toc-list ez-toc-list-level-1 ' ><li class='ez-toc-page-1 ez-toc-heading-level-2'><a class=\"ez-toc-link ez-toc-heading-1\" href=\"https:\/\/idecesos.com\/seguros\/ciudades\/alicante\/benidorm\/#Comparador_seguro_decesos_Benidorm\" >Comparador seguro decesos Benidorm<\/a><ul class='ez-toc-list-level-3' ><li class='ez-toc-heading-level-3'><a class=\"ez-toc-link ez-toc-heading-2\" href=\"https:\/\/idecesos.com\/seguros\/ciudades\/alicante\/benidorm\/#%C2%BFCuanto_cuesta_un_seguro_de_decesos_en_Benidorm\" >\u00bfCu\u00e1nto cuesta un seguro de decesos en Benidorm?<\/a><\/li><\/ul><\/li><li class='ez-toc-page-1 ez-toc-heading-level-2'><a class=\"ez-toc-link ez-toc-heading-3\" href=\"https:\/\/idecesos.com\/seguros\/ciudades\/alicante\/benidorm\/#Mejor_seguro_de_decesos_en_Benidorm\" >Mejor seguro de decesos en Benidorm<\/a><\/li><li class='ez-toc-page-1 ez-toc-heading-level-2'><a class=\"ez-toc-link ez-toc-heading-4\" href=\"https:\/\/idecesos.com\/seguros\/ciudades\/alicante\/benidorm\/#Mapa_seguros_de_decesos_Benidorm\" >Mapa seguros de decesos Benidorm<\/a><ul class='ez-toc-list-level-3' ><li class='ez-toc-heading-level-3'><a class=\"ez-toc-link ez-toc-heading-5\" href=\"https:\/\/idecesos.com\/seguros\/ciudades\/alicante\/benidorm\/#Otras_ciudades_cercanas_donde_trabajamos\" >Otras ciudades cercanas donde trabajamos<\/a><\/li><\/ul><\/li><\/ul><\/nav><\/div>\n\r\n<p>En Benidorm tenemos muchas opciones diferentes de seguros de decesos con diferentes g\u00e9neros de coberturas. Debemos tener en cuenta todas las posibles <strong>ofertas de seguros de decesos en Benidorm<\/strong> para cualquiera que desee contratar un buen seguro de decesos que nos aseguren asistencias funerarias de genial calidad a un coste adaptado a nuestras necesidades. En iDecesos nos adaptamos a las necesidades de cualquier clase de clientes del servicio para poder ofrecerle el mejor precio en Benidorm.<\/p>\r\n<p>\r\n\r\n<\/p>\r\n<div class=\"colorf \"  ><div class=\"container clearfix\"><div class=\"col-md-7\"><h2 class=\"wp-block-heading\"><span class=\"ez-toc-section\" id=\"Comparador_seguro_decesos_Benidorm\"><\/span>Comparador seguro decesos Benidorm<span class=\"ez-toc-section-end\"><\/span><\/h2>\r\n<p>\r\n\r\n<\/p>\r\n<p><strong>En iDecesos<\/strong> ofrecemos un servicio de comparaci\u00f3n de seguros de decesos con los mejores precios del mercado. Comparamos los precios de las primordiales empresas aseguradoras de Benidorm para que puedas conseguir el mejor precio m\u00e1s econ\u00f3mico para para tu seguro. Nuestro comparados es absolutamente gratuito y sin ning\u00fan compromiso, \u00fanicamente debes rellenar los datos a continuaci\u00f3n te daremos los precios al instante libres en nuestra p\u00e1gina web.<\/p>\r\n<p><\/p>\r\n<p>\r\n\r\n<\/p>\r\n<h3 class=\"wp-block-heading\"><span class=\"ez-toc-section\" id=\"%C2%BFCuanto_cuesta_un_seguro_de_decesos_en_Benidorm\"><\/span>\u00bfCu\u00e1nto cuesta un seguro de decesos en Benidorm?<span class=\"ez-toc-section-end\"><\/span><\/h3>\r\n<p>El precio del seguro de decesos en Benidorm es alrededor de los 1,99\u20ac por mes si la persona est\u00e1 en buen estado de salud, es joven y contrata una oferta de iDecesos.<\/p>\r\n<\/div><\/div><\/div><h2><span class=\"ez-toc-section\" id=\"Mejor_seguro_de_decesos_en_Benidorm\"><\/span>Mejor seguro de decesos en Benidorm<span class=\"ez-toc-section-end\"><\/span><\/h2>\r\n<p>\r\n\r\n<\/p>\r\n<p>Ya antes de contratar un seguro de decesos en Benidorm, deber\u00edamos resaltar los diferentes g\u00e9neros de seguros que existen ante el fallecimiento de una persona. Primero encontrar\u00edamos los populares seguros de vida y luego los seguros de decesos. Aunque encontramos una diferencia b\u00e1sica, el seguro de vida se va a encargar de cubrir el sepelio de forma econ\u00f3mica, o sea, no se va a encargar de los tr\u00e1mites ni las diligencias que acarrea un funeral. Trabajamos con muchas compa\u00f1\u00edas de decesos en Benidorm, ahora, tienes un breve resumen de cada una de ellas y si empleas nuestro comparadores conseguir\u00e1s el precio de cada una de ellas en menos de un minuto.<\/p>\r\n<p>\r\n\r\n<\/p>\r\n<div class=\"wp-block-columns is-layout-flex wp-container-core-columns-is-layout-9d6595d7 wp-block-columns-is-layout-flex\">\r\n<div class=\"wp-block-column is-layout-flow wp-block-column-is-layout-flow\" style=\"flex-basis: 33.33%;\">\r\n<div class=\"wp-block-image\">\r\n<figure class=\"aligncenter size-large\"><img decoding=\"async\" src=\"https:\/\/idecesos.com\/img\/decesos_helvetia_normal.png\" alt=\"\" \/><\/figure>\r\n<\/div>\r\n<\/div>\r\n\r\n\r\n\r\n<div class=\"wp-block-column is-layout-flow wp-block-column-is-layout-flow\" style=\"flex-basis: 66.66%;\">\r\n<p><strong>Seguro de decesos Helvetia Benidorm<\/strong>: deja que todos tus familiares y seres queridos disfruten de total protecci\u00f3n en el caso de invalidez, fallecimiento, accidentes\u2026 Este seguro incluye otros servicios que tambi\u00e9n garantizan, la salud y la asistencia en viajes, entre otras muchas cosas. <a href=\"https:\/\/idecesos.com\/seguros\/companias\/helvetia\/\">Leer m\u00e1s sobre Seguros de decesos Helvetia.<\/a><\/p>\r\n<p><\/p>\r\n<\/div>\r\n<\/div>\r\n<p>\r\n\r\n<\/p>\r\n<div class=\"wp-block-columns is-layout-flex wp-container-core-columns-is-layout-9d6595d7 wp-block-columns-is-layout-flex\">\r\n<div class=\"wp-block-column is-layout-flow wp-block-column-is-layout-flow\" style=\"flex-basis: 33.33%;\">\r\n<div class=\"wp-block-image\">\r\n<figure class=\"aligncenter size-large\"><img decoding=\"async\" src=\"https:\/\/idecesos.com\/img\/decesos_caser.png\" alt=\"\" \/><\/figure>\r\n<\/div>\r\n<\/div>\r\n\r\n\r\n\r\n<div class=\"wp-block-column is-layout-flow wp-block-column-is-layout-flow\" style=\"flex-basis: 66.66%;\">\r\n<p><strong>Seguro de decesos Caser Benidorm:<\/strong> evita de todo inconveniente a los familiares en el instante del fallecimiento de un ser querido. A trav\u00e9s de sus dos p\u00f3lizas, con coberturas extensas, garantizan un servicio f\u00fanebre completo y apoyo en la administraci\u00f3n de los tr\u00e1mites asociados a este duro instante. <a href=\"https:\/\/idecesos.com\/seguros\/companias\/caser\/\">Leer m\u00e1s sobre Seguros de decesos Caser.<\/a><\/p>\r\n<p>&nbsp;<\/p>\r\n<p><\/p>\r\n<\/div>\r\n<\/div>\r\n<p>\r\n\r\n<\/p>\r\n<div class=\"wp-block-columns is-layout-flex wp-container-core-columns-is-layout-9d6595d7 wp-block-columns-is-layout-flex\">\r\n<div class=\"wp-block-column is-layout-flow wp-block-column-is-layout-flow\" style=\"flex-basis: 33.33%;\">\r\n<div class=\"wp-block-image\">\r\n<figure class=\"aligncenter size-large\"><img decoding=\"async\" src=\"https:\/\/idecesos.com\/img\/decesos_adeslas.png\" alt=\"\" \/><\/figure>\r\n<\/div>\r\n<\/div>\r\n\r\n\r\n\r\n<div class=\"wp-block-column is-layout-flow wp-block-column-is-layout-flow\" style=\"flex-basis: 66.66%;\">\r\n<p><strong>Seguro de decesos Adeslas Benidorm:<\/strong> es un producto completo que ofrece las coberturas m\u00e1s esenciales y que, adem\u00e1s, ofrece servicios adicionales muy interesantes. <a href=\"https:\/\/idecesos.com\/seguros\/companias\/adeslas\/\">Leer m\u00e1s sobre Seguros de decesos Adeslas.<\/a><\/p>\r\n<p><\/p>\r\n<\/div>\r\n<\/div>\r\n<p>\r\n\r\n<\/p>\r\n<div class=\"wp-block-columns is-layout-flex wp-container-core-columns-is-layout-9d6595d7 wp-block-columns-is-layout-flex\">\r\n<div class=\"wp-block-column is-layout-flow wp-block-column-is-layout-flow\" style=\"flex-basis: 33.33%;\">\r\n<div class=\"wp-block-image\">\r\n<figure class=\"aligncenter size-large\"><img decoding=\"async\" src=\"https:\/\/idecesos.com\/img\/decesos_asisa.png\" alt=\"\" \/><\/figure>\r\n<\/div>\r\n<\/div>\r\n\r\n\r\n\r\n<div class=\"wp-block-column is-layout-flow wp-block-column-is-layout-flow\" style=\"flex-basis: 66.66%;\">\r\n<p><strong>Seguro de decesos ASISA Benidorm:<\/strong> Te va a ofrecer ayuda necesaria para realizar los tr\u00e1mites, gestiones y servicios que desencadenan del fallecimiento de un ser querido. En los momentos m\u00e1s bastante dif\u00edciles y fr\u00e1giles nos ocupamos de administrar todo cuanto un fallecimiento conlleva para que ni tu ni tu familia tengas que preocuparte por nada. <a href=\"https:\/\/idecesos.com\/seguros\/companias\/asisa\/\">Leer m\u00e1s sobre Seguros de decesos Asisa.<\/a><\/p>\r\n<p>&nbsp;<\/p>\r\n<p><\/p>\r\n<\/div>\r\n<\/div>\r\n<p>\r\n\r\n<\/p>\r\n<div class=\"wp-block-columns is-layout-flex wp-container-core-columns-is-layout-9d6595d7 wp-block-columns-is-layout-flex\">\r\n<div class=\"wp-block-column is-layout-flow wp-block-column-is-layout-flow\" style=\"flex-basis: 33.33%;\">\r\n<div class=\"wp-block-image\">\r\n<figure class=\"aligncenter size-large\"><img decoding=\"async\" src=\"https:\/\/idecesos.com\/img\/decesos_santalucia.png\" alt=\"\" \/><\/figure>\r\n<\/div>\r\n<\/div>\r\n\r\n\r\n\r\n<div class=\"wp-block-column is-layout-flow wp-block-column-is-layout-flow\" style=\"flex-basis: 66.66%;\">\r\n<p><strong>Seguro de decesos SANTA LUCIA Benidorm:<\/strong> conveniente a nuestras circunstancias es sencillo merced a la pluralidad de modalidades que ofrecen. A continuaci\u00f3n, vamos a analizar su oferta, las caracter\u00edsticas y qu\u00e9 g\u00e9nero de p\u00f3lizas se pueden contratar con cada uno de ellos. <a href=\"https:\/\/idecesos.com\/seguros\/companias\/santa-lucia\/\">Leer m\u00e1s sobre Seguros de decesos Santa Lucia.<\/a><\/p>\r\n<p><\/p>\r\n<\/div>\r\n<\/div>\r\n<p>\r\n\r\n<\/p>\r\n<div class=\"wp-block-columns is-layout-flex wp-container-core-columns-is-layout-9d6595d7 wp-block-columns-is-layout-flex\">\r\n<div class=\"wp-block-column is-layout-flow wp-block-column-is-layout-flow\" style=\"flex-basis: 33.33%;\">\r\n<div class=\"wp-block-image\">\r\n<figure class=\"aligncenter size-large\"><img decoding=\"async\" src=\"https:\/\/idecesos.com\/img\/decesos_ocaso.png\" alt=\"\" \/><\/figure>\r\n<\/div>\r\n<\/div>\r\n\r\n\r\n\r\n<div class=\"wp-block-column is-layout-flow wp-block-column-is-layout-flow\" style=\"flex-basis: 66.66%;\">\r\n<p><strong>Seguro de decesos OCASO Benidorm:<\/strong> son unos de los m\u00e1s completos entre todos y cada uno de los libres en el mercado asegurador de Espa\u00f1a. Tienen un buen n\u00famero de coberturas, todas ellas orientadas a administrar la tranquilidad y la seguridad que el usuario busca al contratar una p\u00f3liza de este g\u00e9nero. Sumado a ello, que hayan incluyendo un plan para mayores de 71 a\u00f1os deja hablar de una compa\u00f1\u00eda que procura satisfacer las necesidades de un gran fantasma de poblaci\u00f3n. <a href=\"https:\/\/idecesos.com\/seguros\/companias\/ocaso\/\">Leer m\u00e1s sobre Seguros de decesos Ocaso.<\/a><\/p>\r\n<\/div>\r\n<\/div>\r\n<p>\r\n\r\n<\/p>\r\n<div class=\"wp-block-columns is-layout-flex wp-container-core-columns-is-layout-9d6595d7 wp-block-columns-is-layout-flex\">\r\n<div class=\"wp-block-column is-layout-flow wp-block-column-is-layout-flow\" style=\"flex-basis: 33.33%;\">\r\n<div class=\"wp-block-image\">\r\n<figure class=\"aligncenter size-large\"><img decoding=\"async\" src=\"https:\/\/idecesos.com\/img\/decesos_fiatc.png\" alt=\"\" \/><\/figure>\r\n<\/div>\r\n<\/div>\r\n\r\n\r\n\r\n<div class=\"wp-block-column is-layout-flow wp-block-column-is-layout-flow\" style=\"flex-basis: 66.66%;\">\r\n<p><strong>Seguro de decesos Fiatc Benidorm: <\/strong>Compa\u00f1\u00eda con m\u00e1s de 70 a\u00f1os en el mercado nacional, Fiatc cuenta con un gran cat\u00e1logo de servicios asociados al seguro de decesos, cumplimentando en este, otros servicios a\u00f1adidos para el bienestar familiar. <a href=\"https:\/\/idecesos.com\/seguros\/companias\/fiatc\/\">Leer m\u00e1s sobre Seguros de decesos Fiatc.<\/a><\/p>\r\n<\/div>\r\n<\/div>\r\n<p>\r\n\r\n<\/p>\r\n<div class=\"wp-block-columns is-layout-flex wp-container-core-columns-is-layout-9d6595d7 wp-block-columns-is-layout-flex\">\r\n<div class=\"wp-block-column is-layout-flow wp-block-column-is-layout-flow\" style=\"flex-basis: 33.33%;\">\r\n<div class=\"wp-block-image\">\r\n<figure class=\"aligncenter size-large\"><img decoding=\"async\" src=\"https:\/\/idecesos.com\/img\/decesos_dkv.jpg\" alt=\"\" \/><\/figure>\r\n<\/div>\r\n<\/div>\r\n\r\n\r\n\r\n<div class=\"wp-block-column is-layout-flow wp-block-column-is-layout-flow\" style=\"flex-basis: 66.66%;\">\r\n<p><strong>Seguro de decesos DKV Benidorm: <\/strong>Empresa de seguros Alemana con presencia en Espa\u00f1a desde hace m\u00e1s de setenta a\u00f1os y que ofrece m\u00faltiples tipos de seguros, como seguro de decesos, de veh\u00edculo o vida, ofertando una asistencia integral a las familias aseguradas. <a href=\"https:\/\/idecesos.com\/seguros\/companias\/dkv\/\">Leer m\u00e1s sobre Seguros de decesos DKV.<\/a><\/p>\r\n<\/div>\r\n<\/div>\r\n<p>\r\n\r\n<\/p>\r\n<div class=\"colorf\"><div class=\"container clearfix\"><div class=\"col-md-7\"><h2 class=\"wp-block-heading\"><span class=\"ez-toc-section\" id=\"Mapa_seguros_de_decesos_Benidorm\"><\/span>Mapa seguros de decesos Benidorm<span class=\"ez-toc-section-end\"><\/span><\/h2>\r\n<p><iframe class=\"page-generator-pro-map\" width=\"100%\" height=\"450\" frameborder=\"0\" style=\"border:0\" src=\"https:\/\/www.google.com\/maps\/embed\/v1\/place?q=Benidorm%2C+espa%C3%B1a&#038;zoom=12&#038;maptype=roadmap&#038;key=AIzaSyCNTEOso0tZG6YMSJFoaJEY5Th1stEWrJI\" allowfullscreen><\/iframe><br \/>\r\n\r\n<\/p>\r\n<\/div><\/div><\/div><div class=\"oficinas\"><h3 class=\"wp-block-heading\"><span class=\"ez-toc-section\" id=\"Otras_ciudades_cercanas_donde_trabajamos\"><\/span>Otras ciudades cercanas donde trabajamos<span class=\"ez-toc-section-end\"><\/span><\/h3>\r\n<p>\r\n\r\n<\/p>\r\n<div class=\"enlazado\"><ul><li><a href=\"https:\/\/idecesos.com\/seguros\/ciudades\/alicante\/alcoy\/\"><span>Seguro decesos Alcoy<\/span><\/a><\/li><li><a href=\"https:\/\/idecesos.com\/seguros\/ciudades\/alicante\/denia\/\"><span>Seguro decesos D\u00e9nia<\/span><\/a><\/li><li><a href=\"https:\/\/idecesos.com\/seguros\/ciudades\/alicante\/elche\/\"><span>Seguro decesos Elche<\/span><\/a><\/li><li><a href=\"https:\/\/idecesos.com\/seguros\/ciudades\/alicante\/elda\/\"><span>Seguro decesos Elda<\/span><\/a><\/li><li><a href=\"https:\/\/idecesos.com\/seguros\/ciudades\/alicante\/la-villajoyosa\/\"><span>Seguro decesos La Villajoyosa<\/span><\/a><\/li><li><a href=\"https:\/\/idecesos.com\/seguros\/ciudades\/alicante\/orihuela\/\"><span>Seguro decesos Orihuela<\/span><\/a><\/li><li><a href=\"https:\/\/idecesos.com\/seguros\/ciudades\/alicante\/petrer\/\"><span>Seguro decesos Petrer<\/span><\/a><\/li><li><a href=\"https:\/\/idecesos.com\/seguros\/ciudades\/alicante\/san-vicente-del-raspeig\/\"><span>Seguro decesos San Vicente del Raspeig<\/span><\/a><\/li><li><a href=\"https:\/\/idecesos.com\/seguros\/ciudades\/alicante\/santa-pola\/\"><span>Seguro decesos Santa Pola<\/span><\/a><\/li><li><a href=\"https:\/\/idecesos.com\/seguros\/ciudades\/alicante\/torrevieja\/\"><span>Seguro decesos Torrevieja<\/span><\/a><\/li><li><a href=\"https:\/\/idecesos.com\/seguros\/ciudades\/alicante\/villena\/\"><span>Seguro decesos Villena<\/span><\/a><\/li><\/ul><\/div>\r\n<p><\/p><\/div>","protected":false},"excerpt":{"rendered":"<p>En Benidorm tenemos muchas opciones diferentes de seguros de decesos con diferentes g\u00e9neros de coberturas. Debemos tener en cuenta todas las posibles ofertas de seguros de decesos en Benidorm para cualquiera que desee contratar un buen seguro de decesos que nos aseguren asistencias funerarias de genial calidad a un coste adaptado a nuestras necesidades. En&hellip; <\/p>\n","protected":false},"author":3,"featured_media":0,"parent":104,"menu_order":0,"comment_status":"closed","ping_status":"closed","template":"single.php","meta":{"footnotes":""},"class_list":["post-9088","page","type-page","status-publish","hentry"],"yoast_head":"<!-- This site is optimized with the Yoast SEO plugin v27.6 - https:\/\/yoast.com\/product\/yoast-seo-wordpress\/ -->\n<title>N\u00ba1 Seguro Decesos Benidorm \u25b7Mejores Precios y Coberturas<\/title>\n<meta name=\"description\" content=\"Compara ahora\u3010Seguro decesos Benidorm\u2b50Coberturas, precios y descuentos para Madrid actualizadas en 2026.\" \/>\n<meta name=\"robots\" content=\"index, follow, max-snippet:-1, max-image-preview:large, max-video-preview:-1\" \/>\n<link rel=\"canonical\" href=\"https:\/\/idecesos.com\/seguros\/ciudades\/alicante\/benidorm\/\" \/>\n<meta property=\"og:locale\" content=\"es_ES\" \/>\n<meta property=\"og:type\" content=\"article\" \/>\n<meta property=\"og:title\" content=\"N\u00ba1 Seguro Decesos Benidorm \u25b7Mejores Precios y Coberturas\" \/>\n<meta property=\"og:description\" content=\"Compara ahora\u3010Seguro decesos Benidorm\u2b50Coberturas, precios y descuentos para Madrid actualizadas en 2026.\" \/>\n<meta property=\"og:url\" content=\"https:\/\/idecesos.com\/seguros\/ciudades\/alicante\/benidorm\/\" \/>\n<meta property=\"article:modified_time\" content=\"2022-01-03T12:31:56+00:00\" \/>\n<meta property=\"og:image\" content=\"https:\/\/idecesos.com\/img\/decesos_helvetia_normal.png\" \/>\n<meta name=\"twitter:card\" content=\"summary_large_image\" \/>\n<meta name=\"twitter:label1\" content=\"Tiempo de lectura\" \/>\n\t<meta name=\"twitter:data1\" content=\"21 minutos\" \/>\n<script type=\"application\/ld+json\" class=\"yoast-schema-graph\">{\"@context\":\"https:\\\/\\\/schema.org\",\"@graph\":[{\"@type\":\"WebPage\",\"@id\":\"https:\\\/\\\/idecesos.com\\\/seguros\\\/ciudades\\\/alicante\\\/benidorm\\\/\",\"url\":\"https:\\\/\\\/idecesos.com\\\/seguros\\\/ciudades\\\/alicante\\\/benidorm\\\/\",\"name\":\"N\u00ba1 Seguro Decesos Benidorm \u25b7Mejores Precios y Coberturas\",\"isPartOf\":{\"@id\":\"https:\\\/\\\/idecesos.com\\\/seguros\\\/#website\"},\"primaryImageOfPage\":{\"@id\":\"https:\\\/\\\/idecesos.com\\\/seguros\\\/ciudades\\\/alicante\\\/benidorm\\\/#primaryimage\"},\"image\":{\"@id\":\"https:\\\/\\\/idecesos.com\\\/seguros\\\/ciudades\\\/alicante\\\/benidorm\\\/#primaryimage\"},\"thumbnailUrl\":\"https:\\\/\\\/idecesos.com\\\/img\\\/decesos_helvetia_normal.png\",\"datePublished\":\"2021-10-02T12:51:07+00:00\",\"dateModified\":\"2022-01-03T12:31:56+00:00\",\"description\":\"Compara ahora\u3010Seguro decesos Benidorm\u2b50Coberturas, precios y descuentos para Madrid actualizadas en 2026.\",\"breadcrumb\":{\"@id\":\"https:\\\/\\\/idecesos.com\\\/seguros\\\/ciudades\\\/alicante\\\/benidorm\\\/#breadcrumb\"},\"inLanguage\":\"es\",\"potentialAction\":[{\"@type\":\"ReadAction\",\"target\":[\"https:\\\/\\\/idecesos.com\\\/seguros\\\/ciudades\\\/alicante\\\/benidorm\\\/\"]}]},{\"@type\":\"ImageObject\",\"inLanguage\":\"es\",\"@id\":\"https:\\\/\\\/idecesos.com\\\/seguros\\\/ciudades\\\/alicante\\\/benidorm\\\/#primaryimage\",\"url\":\"https:\\\/\\\/idecesos.com\\\/img\\\/decesos_helvetia_normal.png\",\"contentUrl\":\"https:\\\/\\\/idecesos.com\\\/img\\\/decesos_helvetia_normal.png\"},{\"@type\":\"BreadcrumbList\",\"@id\":\"https:\\\/\\\/idecesos.com\\\/seguros\\\/ciudades\\\/alicante\\\/benidorm\\\/#breadcrumb\",\"itemListElement\":[{\"@type\":\"ListItem\",\"position\":1,\"name\":\"Portada\",\"item\":\"https:\\\/\\\/idecesos.com\\\/seguros\\\/\"},{\"@type\":\"ListItem\",\"position\":2,\"name\":\"Seguro de Decesos Espa\u00f1a\",\"item\":\"https:\\\/\\\/idecesos.com\\\/seguros\\\/ciudades\\\/\"},{\"@type\":\"ListItem\",\"position\":3,\"name\":\"Seguro Decesos Alicante\",\"item\":\"https:\\\/\\\/idecesos.com\\\/seguros\\\/ciudades\\\/alicante\\\/\"},{\"@type\":\"ListItem\",\"position\":4,\"name\":\"Seguro decesos Benidorm\"}]},{\"@type\":\"WebSite\",\"@id\":\"https:\\\/\\\/idecesos.com\\\/seguros\\\/#website\",\"url\":\"https:\\\/\\\/idecesos.com\\\/seguros\\\/\",\"name\":\"\",\"description\":\"\",\"potentialAction\":[{\"@type\":\"SearchAction\",\"target\":{\"@type\":\"EntryPoint\",\"urlTemplate\":\"https:\\\/\\\/idecesos.com\\\/seguros\\\/?s={search_term_string}\"},\"query-input\":{\"@type\":\"PropertyValueSpecification\",\"valueRequired\":true,\"valueName\":\"search_term_string\"}}],\"inLanguage\":\"es\"}]}<\/script>\n<!-- \/ Yoast SEO plugin. -->","yoast_head_json":{"title":"N\u00ba1 Seguro Decesos Benidorm \u25b7Mejores Precios y Coberturas","description":"Compara ahora\u3010Seguro decesos Benidorm\u2b50Coberturas, precios y descuentos para Madrid actualizadas en 2026.","robots":{"index":"index","follow":"follow","max-snippet":"max-snippet:-1","max-image-preview":"max-image-preview:large","max-video-preview":"max-video-preview:-1"},"canonical":"https:\/\/idecesos.com\/seguros\/ciudades\/alicante\/benidorm\/","og_locale":"es_ES","og_type":"article","og_title":"N\u00ba1 Seguro Decesos Benidorm \u25b7Mejores Precios y Coberturas","og_description":"Compara ahora\u3010Seguro decesos Benidorm\u2b50Coberturas, precios y descuentos para Madrid actualizadas en 2026.","og_url":"https:\/\/idecesos.com\/seguros\/ciudades\/alicante\/benidorm\/","article_modified_time":"2022-01-03T12:31:56+00:00","og_image":[{"url":"https:\/\/idecesos.com\/img\/decesos_helvetia_normal.png","type":"","width":"","height":""}],"twitter_card":"summary_large_image","twitter_misc":{"Tiempo de lectura":"21 minutos"},"schema":{"@context":"https:\/\/schema.org","@graph":[{"@type":"WebPage","@id":"https:\/\/idecesos.com\/seguros\/ciudades\/alicante\/benidorm\/","url":"https:\/\/idecesos.com\/seguros\/ciudades\/alicante\/benidorm\/","name":"N\u00ba1 Seguro Decesos Benidorm \u25b7Mejores Precios y Coberturas","isPartOf":{"@id":"https:\/\/idecesos.com\/seguros\/#website"},"primaryImageOfPage":{"@id":"https:\/\/idecesos.com\/seguros\/ciudades\/alicante\/benidorm\/#primaryimage"},"image":{"@id":"https:\/\/idecesos.com\/seguros\/ciudades\/alicante\/benidorm\/#primaryimage"},"thumbnailUrl":"https:\/\/idecesos.com\/img\/decesos_helvetia_normal.png","datePublished":"2021-10-02T12:51:07+00:00","dateModified":"2022-01-03T12:31:56+00:00","description":"Compara ahora\u3010Seguro decesos Benidorm\u2b50Coberturas, precios y descuentos para Madrid actualizadas en 2026.","breadcrumb":{"@id":"https:\/\/idecesos.com\/seguros\/ciudades\/alicante\/benidorm\/#breadcrumb"},"inLanguage":"es","potentialAction":[{"@type":"ReadAction","target":["https:\/\/idecesos.com\/seguros\/ciudades\/alicante\/benidorm\/"]}]},{"@type":"ImageObject","inLanguage":"es","@id":"https:\/\/idecesos.com\/seguros\/ciudades\/alicante\/benidorm\/#primaryimage","url":"https:\/\/idecesos.com\/img\/decesos_helvetia_normal.png","contentUrl":"https:\/\/idecesos.com\/img\/decesos_helvetia_normal.png"},{"@type":"BreadcrumbList","@id":"https:\/\/idecesos.com\/seguros\/ciudades\/alicante\/benidorm\/#breadcrumb","itemListElement":[{"@type":"ListItem","position":1,"name":"Portada","item":"https:\/\/idecesos.com\/seguros\/"},{"@type":"ListItem","position":2,"name":"Seguro de Decesos Espa\u00f1a","item":"https:\/\/idecesos.com\/seguros\/ciudades\/"},{"@type":"ListItem","position":3,"name":"Seguro Decesos Alicante","item":"https:\/\/idecesos.com\/seguros\/ciudades\/alicante\/"},{"@type":"ListItem","position":4,"name":"Seguro decesos Benidorm"}]},{"@type":"WebSite","@id":"https:\/\/idecesos.com\/seguros\/#website","url":"https:\/\/idecesos.com\/seguros\/","name":"","description":"","potentialAction":[{"@type":"SearchAction","target":{"@type":"EntryPoint","urlTemplate":"https:\/\/idecesos.com\/seguros\/?s={search_term_string}"},"query-input":{"@type":"PropertyValueSpecification","valueRequired":true,"valueName":"search_term_string"}}],"inLanguage":"es"}]}},"_links":{"self":[{"href":"https:\/\/idecesos.com\/seguros\/wp-json\/wp\/v2\/pages\/9088","targetHints":{"allow":["GET"]}}],"collection":[{"href":"https:\/\/idecesos.com\/seguros\/wp-json\/wp\/v2\/pages"}],"about":[{"href":"https:\/\/idecesos.com\/seguros\/wp-json\/wp\/v2\/types\/page"}],"author":[{"embeddable":true,"href":"https:\/\/idecesos.com\/seguros\/wp-json\/wp\/v2\/users\/3"}],"replies":[{"embeddable":true,"href":"https:\/\/idecesos.com\/seguros\/wp-json\/wp\/v2\/comments?post=9088"}],"version-history":[{"count":1,"href":"https:\/\/idecesos.com\/seguros\/wp-json\/wp\/v2\/pages\/9088\/revisions"}],"predecessor-version":[{"id":18478,"href":"https:\/\/idecesos.com\/seguros\/wp-json\/wp\/v2\/pages\/9088\/revisions\/18478"}],"up":[{"embeddable":true,"href":"https:\/\/idecesos.com\/seguros\/wp-json\/wp\/v2\/pages\/104"}],"wp:attachment":[{"href":"https:\/\/idecesos.com\/seguros\/wp-json\/wp\/v2\/media?parent=9088"}],"curies":[{"name":"wp","href":"https:\/\/api.w.org\/{rel}","templated":true}]}}